{"id":10265,"date":"2020-04-27T13:06:37","date_gmt":"2020-04-27T11:06:37","guid":{"rendered":"https:\/\/www.leclanche.com\/ueber-uns\/"},"modified":"2021-09-10T10:59:45","modified_gmt":"2021-09-10T08:59:45","slug":"ueber-uns","status":"publish","type":"page","link":"https:\/\/www.leclanche.com\/de\/ueber-uns\/","title":{"rendered":"\u00dcber uns"},"content":{"rendered":"&#13;\n<ul class=\"wp-block-list\"><li>Mit unseren integrierten L\u00f6sungen beschleunigen wir die Elektrifizierung der Verkehrssysteme. Unsere integrierten Batteriepacks f\u00fcr Elektrofahrzeuge aller Gr\u00f6\u00dfen sind mit intelligenten Schnittstellen zur Ladeinfrastruktur ausger\u00fcstet.<\/li>&#13;\n<li>Die Energiespeichersysteme von Leclanch\u00e9 sorgen f\u00fcr eine bessere Integration von erneuerbaren Energien und f\u00fcgen intermittierende Solar- und Windenergie zuverl\u00e4ssig und bedarfsgerecht als regelbare Leistung in das Stromnetz ein.<\/li>&#13;\n<li>In einer Welt, in der Automatisierung und k\u00fcnstliche Intelligenz eine immer wichtigere Rolle spielen, entwickeln und bauen wir ma\u00dfgeschneiderte Batteriel\u00f6sungen f\u00fcr Robotik und fahrerlose Transportsysteme.<\/li>&#13;\n<\/ul>&#13;\n<p>Unsere L\u00f6sungen beruhen auf weltweit f\u00fchrenden firmeneigenen Technologien. Wir sind vertikal integriert und kontrollieren den Prozess von der Elektrochemie bis zur Energiemanagement-Software. Wir entwickeln unsere eigenen Lithium-Zellen, Batteriemodule, Racks und Batteriepacks sowie das Batterie-Management-System und die Energie-Management-Software.<\/p>&#13;\n","protected":false},"excerpt":{"rendered":"<p>&#13; Mit unseren integrierten L\u00f6sungen beschleunigen wir die Elektrifizierung der Verkehrssysteme. Unsere integrierten Batteriepacks f\u00fcr Elektrofahrzeuge aller Gr\u00f6\u00dfen sind mit intelligenten Schnittstellen zur Ladeinfrastruktur ausger\u00fcstet. &#13; Die Energiespeichersysteme von Leclanch\u00e9 sorgen f\u00fcr eine bessere Integration von erneuerbaren Energien und f\u00fcgen intermittierende Solar- und Windenergie zuverl\u00e4ssig und bedarfsgerecht als regelbare Leistung in das Stromnetz ein. &#13; [&hellip;]<\/p>\n","protected":false},"author":1,"featured_media":0,"parent":0,"menu_order":0,"comment_status":"closed","ping_status":"closed","template":"","meta":{"footnotes":""},"class_list":["post-10265","page","type-page","status-publish","hentry"],"yoast_head":"<!-- This site is optimized with the Yoast SEO plugin v26.4 - https:\/\/yoast.com\/wordpress\/plugins\/seo\/ -->\n<title>\u00dcber uns - Leclanch\u00e9<\/title>\n<meta name=\"description\" content=\"Leclanch\u00e9 SA ist ein weltweit f\u00fchrender Anbieter von hochwertigen Energiespeicherl\u00f6sungen, die auf Lithium-Ionen-Zellen-Technologie aufbauen und dazu beitragen, unsere Fortschritte f\u00fcr eine Zukunft mit sauberen Energien zu beschleunigen. Unser Unternehmen blickt auf \u00fcber 100 Jahre Innovation im Bereich Batterien und Energiespeicher zur\u00fcck \u2013 angetrieben von deutscher Ingenieurskunst und Schweizer Qualit\u00e4t.   Leclanch\u00e9 ist der einzige b\u00f6rsennotierte reine Energiespeicherhersteller weltweit. Die Gesellschaft ist an der Schweizer B\u00f6rse zugelassen.\" \/>\n<meta name=\"robots\" content=\"index, follow, max-snippet:-1, max-image-preview:large, max-video-preview:-1\" \/>\n<link rel=\"canonical\" href=\"https:\/\/www.leclanche.com\/de\/ueber-uns\/\" \/>\n<meta property=\"og:locale\" content=\"de_DE\" \/>\n<meta property=\"og:type\" content=\"article\" \/>\n<meta property=\"og:title\" content=\"\u00dcber uns - Leclanch\u00e9\" \/>\n<meta property=\"og:description\" content=\"Leclanch\u00e9 SA ist ein weltweit f\u00fchrender Anbieter von hochwertigen Energiespeicherl\u00f6sungen, die auf Lithium-Ionen-Zellen-Technologie aufbauen und dazu beitragen, unsere Fortschritte f\u00fcr eine Zukunft mit sauberen Energien zu beschleunigen. Unser Unternehmen blickt auf \u00fcber 100 Jahre Innovation im Bereich Batterien und Energiespeicher zur\u00fcck \u2013 angetrieben von deutscher Ingenieurskunst und Schweizer Qualit\u00e4t.   Leclanch\u00e9 ist der einzige b\u00f6rsennotierte reine Energiespeicherhersteller weltweit. Die Gesellschaft ist an der Schweizer B\u00f6rse zugelassen.\" \/>\n<meta property=\"og:url\" content=\"https:\/\/www.leclanche.com\/de\/ueber-uns\/\" \/>\n<meta property=\"og:site_name\" content=\"Leclanch\u00e9\" \/>\n<meta property=\"article:modified_time\" content=\"2021-09-10T08:59:45+00:00\" \/>\n<meta name=\"twitter:card\" content=\"summary_large_image\" \/>\n<meta name=\"twitter:label1\" content=\"Gesch\u00e4tzte Lesezeit\" \/>\n\t<meta name=\"twitter:data1\" content=\"1\u00a0Minute\" \/>\n<script type=\"application\/ld+json\" class=\"yoast-schema-graph\">{\"@context\":\"https:\/\/schema.org\",\"@graph\":[{\"@type\":\"WebPage\",\"@id\":\"https:\/\/www.leclanche.com\/de\/ueber-uns\/\",\"url\":\"https:\/\/www.leclanche.com\/de\/ueber-uns\/\",\"name\":\"\u00dcber uns - Leclanch\u00e9\",\"isPartOf\":{\"@id\":\"https:\/\/www.leclanche.com\/de\/#website\"},\"datePublished\":\"2020-04-27T11:06:37+00:00\",\"dateModified\":\"2021-09-10T08:59:45+00:00\",\"description\":\"Leclanch\u00e9 SA ist ein weltweit f\u00fchrender Anbieter von hochwertigen Energiespeicherl\u00f6sungen, die auf Lithium-Ionen-Zellen-Technologie aufbauen und dazu beitragen, unsere Fortschritte f\u00fcr eine Zukunft mit sauberen Energien zu beschleunigen. Unser Unternehmen blickt auf \u00fcber 100 Jahre Innovation im Bereich Batterien und Energiespeicher zur\u00fcck \u2013 angetrieben von deutscher Ingenieurskunst und Schweizer Qualit\u00e4t. Leclanch\u00e9 ist der einzige b\u00f6rsennotierte reine Energiespeicherhersteller weltweit. Die Gesellschaft ist an der Schweizer B\u00f6rse zugelassen.\",\"breadcrumb\":{\"@id\":\"https:\/\/www.leclanche.com\/de\/ueber-uns\/#breadcrumb\"},\"inLanguage\":\"de\",\"potentialAction\":[{\"@type\":\"ReadAction\",\"target\":[\"https:\/\/www.leclanche.com\/de\/ueber-uns\/\"]}]},{\"@type\":\"BreadcrumbList\",\"@id\":\"https:\/\/www.leclanche.com\/de\/ueber-uns\/#breadcrumb\",\"itemListElement\":[{\"@type\":\"ListItem\",\"position\":1,\"name\":\"Accueil\",\"item\":\"https:\/\/www.leclanche.com\/de\/\"},{\"@type\":\"ListItem\",\"position\":2,\"name\":\"\u00dcber uns\"}]},{\"@type\":\"WebSite\",\"@id\":\"https:\/\/www.leclanche.com\/de\/#website\",\"url\":\"https:\/\/www.leclanche.com\/de\/\",\"name\":\"Leclanch\u00e9\",\"description\":\"Energy Storage Solutions\",\"potentialAction\":[{\"@type\":\"SearchAction\",\"target\":{\"@type\":\"EntryPoint\",\"urlTemplate\":\"https:\/\/www.leclanche.com\/de\/?s={search_term_string}\"},\"query-input\":{\"@type\":\"PropertyValueSpecification\",\"valueRequired\":true,\"valueName\":\"search_term_string\"}}],\"inLanguage\":\"de\"}]}<\/script>\n<!-- \/ Yoast SEO plugin. -->","yoast_head_json":{"title":"\u00dcber uns - Leclanch\u00e9","description":"Leclanch\u00e9 SA ist ein weltweit f\u00fchrender Anbieter von hochwertigen Energiespeicherl\u00f6sungen, die auf Lithium-Ionen-Zellen-Technologie aufbauen und dazu beitragen, unsere Fortschritte f\u00fcr eine Zukunft mit sauberen Energien zu beschleunigen. Unser Unternehmen blickt auf \u00fcber 100 Jahre Innovation im Bereich Batterien und Energiespeicher zur\u00fcck \u2013 angetrieben von deutscher Ingenieurskunst und Schweizer Qualit\u00e4t.   Leclanch\u00e9 ist der einzige b\u00f6rsennotierte reine Energiespeicherhersteller weltweit. Die Gesellschaft ist an der Schweizer B\u00f6rse zugelassen.","robots":{"index":"index","follow":"follow","max-snippet":"max-snippet:-1","max-image-preview":"max-image-preview:large","max-video-preview":"max-video-preview:-1"},"canonical":"https:\/\/www.leclanche.com\/de\/ueber-uns\/","og_locale":"de_DE","og_type":"article","og_title":"\u00dcber uns - Leclanch\u00e9","og_description":"Leclanch\u00e9 SA ist ein weltweit f\u00fchrender Anbieter von hochwertigen Energiespeicherl\u00f6sungen, die auf Lithium-Ionen-Zellen-Technologie aufbauen und dazu beitragen, unsere Fortschritte f\u00fcr eine Zukunft mit sauberen Energien zu beschleunigen. Unser Unternehmen blickt auf \u00fcber 100 Jahre Innovation im Bereich Batterien und Energiespeicher zur\u00fcck \u2013 angetrieben von deutscher Ingenieurskunst und Schweizer Qualit\u00e4t.   Leclanch\u00e9 ist der einzige b\u00f6rsennotierte reine Energiespeicherhersteller weltweit. Die Gesellschaft ist an der Schweizer B\u00f6rse zugelassen.","og_url":"https:\/\/www.leclanche.com\/de\/ueber-uns\/","og_site_name":"Leclanch\u00e9","article_modified_time":"2021-09-10T08:59:45+00:00","twitter_card":"summary_large_image","twitter_misc":{"Gesch\u00e4tzte Lesezeit":"1\u00a0Minute"},"schema":{"@context":"https:\/\/schema.org","@graph":[{"@type":"WebPage","@id":"https:\/\/www.leclanche.com\/de\/ueber-uns\/","url":"https:\/\/www.leclanche.com\/de\/ueber-uns\/","name":"\u00dcber uns - Leclanch\u00e9","isPartOf":{"@id":"https:\/\/www.leclanche.com\/de\/#website"},"datePublished":"2020-04-27T11:06:37+00:00","dateModified":"2021-09-10T08:59:45+00:00","description":"Leclanch\u00e9 SA ist ein weltweit f\u00fchrender Anbieter von hochwertigen Energiespeicherl\u00f6sungen, die auf Lithium-Ionen-Zellen-Technologie aufbauen und dazu beitragen, unsere Fortschritte f\u00fcr eine Zukunft mit sauberen Energien zu beschleunigen. Unser Unternehmen blickt auf \u00fcber 100 Jahre Innovation im Bereich Batterien und Energiespeicher zur\u00fcck \u2013 angetrieben von deutscher Ingenieurskunst und Schweizer Qualit\u00e4t. Leclanch\u00e9 ist der einzige b\u00f6rsennotierte reine Energiespeicherhersteller weltweit. Die Gesellschaft ist an der Schweizer B\u00f6rse zugelassen.","breadcrumb":{"@id":"https:\/\/www.leclanche.com\/de\/ueber-uns\/#breadcrumb"},"inLanguage":"de","potentialAction":[{"@type":"ReadAction","target":["https:\/\/www.leclanche.com\/de\/ueber-uns\/"]}]},{"@type":"BreadcrumbList","@id":"https:\/\/www.leclanche.com\/de\/ueber-uns\/#breadcrumb","itemListElement":[{"@type":"ListItem","position":1,"name":"Accueil","item":"https:\/\/www.leclanche.com\/de\/"},{"@type":"ListItem","position":2,"name":"\u00dcber uns"}]},{"@type":"WebSite","@id":"https:\/\/www.leclanche.com\/de\/#website","url":"https:\/\/www.leclanche.com\/de\/","name":"Leclanch\u00e9","description":"Energy Storage Solutions","potentialAction":[{"@type":"SearchAction","target":{"@type":"EntryPoint","urlTemplate":"https:\/\/www.leclanche.com\/de\/?s={search_term_string}"},"query-input":{"@type":"PropertyValueSpecification","valueRequired":true,"valueName":"search_term_string"}}],"inLanguage":"de"}]}},"_links":{"self":[{"href":"https:\/\/www.leclanche.com\/de\/wp-json\/wp\/v2\/pages\/10265","targetHints":{"allow":["GET"]}}],"collection":[{"href":"https:\/\/www.leclanche.com\/de\/wp-json\/wp\/v2\/pages"}],"about":[{"href":"https:\/\/www.leclanche.com\/de\/wp-json\/wp\/v2\/types\/page"}],"author":[{"embeddable":true,"href":"https:\/\/www.leclanche.com\/de\/wp-json\/wp\/v2\/users\/1"}],"replies":[{"embeddable":true,"href":"https:\/\/www.leclanche.com\/de\/wp-json\/wp\/v2\/comments?post=10265"}],"version-history":[{"count":1,"href":"https:\/\/www.leclanche.com\/de\/wp-json\/wp\/v2\/pages\/10265\/revisions"}],"predecessor-version":[{"id":10266,"href":"https:\/\/www.leclanche.com\/de\/wp-json\/wp\/v2\/pages\/10265\/revisions\/10266"}],"wp:attachment":[{"href":"https:\/\/www.leclanche.com\/de\/wp-json\/wp\/v2\/media?parent=10265"}],"curies":[{"name":"wp","href":"https:\/\/api.w.org\/{rel}","templated":true}]}}