{"id":10267,"date":"2020-04-27T16:55:08","date_gmt":"2020-04-27T14:55:08","guid":{"rendered":"https:\/\/www.leclanche.com\/module\/"},"modified":"2024-11-19T11:41:40","modified_gmt":"2024-11-19T10:41:40","slug":"module","status":"publish","type":"page","link":"https:\/\/www.leclanche.com\/de\/unsere-technologien\/module\/","title":{"rendered":"Module"},"content":{"rendered":"<p>Die Geh\u00e4use sind so konzipiert und gebaut, dass sie Vibrationen, St\u00f6\u00dfen, thermischer Beanspruchung und unterschiedlichen Leistungsanforderungen standhalten. Das urspr\u00fcngliche Modul-Design deckt einen breiten Spannungs-, Kapazit\u00e4ts- und Gr\u00f6\u00dfen-Bereich ab. Der Zellenschutz sowie die Sicherheits- und \u00dcberwachungsvorrichtungen werden speziell f\u00fcr jede Anwendung entwickelt.<\/p>\n<p>Unsere Batteriemodule nutzen unser integriertes Batterie-Management-System (BMS), das jede einzelne Zelle im Modul \u00fcberwacht und den Ausgleich der Zellen sicherstellt.<\/p>\n<p><strong>M3-Module<\/strong><\/p>\n<p>Das M3-Modul wird in einer v\u00f6llig neuen automatisierten Produktions- und Testanlage in der Schweiz zusammengebaut, die nach den Standards der Automobilindustrie konzipiert ist. Diese Produktionslinie kann 11-mal mehr Module als bisher produzieren, mit einer Kapazit\u00e4t von mehr als 250 MWh pro Jahr. M3-Module umfassen ein Batteriemanagementsystem (BMS) mit funktionssicheren Slave-Einheiten, die bis zu 24 Zellmessungen vornehmen k\u00f6nnen. Die Slave-Einheiten f\u00fchren die Diagnose durch und kommunizieren mit dem Master-BMS, um optimale Sicherheit und umfassende \u00dcberwachung zu gew\u00e4hrleisten.<\/p>\n<p>Lesen Sie mehr \u00fcber unser<strong><a href=\"https:\/\/www.leclanche.com\/wp-content\/uploads\/2022\/05\/M3-ENERGY-MODULE-GNMC-60.pdf\"> M3 Energiemodul (GNMC, 60Ah)<\/a> und\u00a0 <a href=\"https:\/\/www.leclanche.com\/wp-content\/uploads\/2022\/05\/M3-ENERGY-MODULE-GNMC-65.pdf\">M3 Energiemodul (GNMC, 65Ah)<\/a><\/strong><\/p>\n<p><img loading=\"lazy\" decoding=\"async\" class=\"alignnone size-medium wp-image-10059\" src=\"https:\/\/www.leclanche.com\/wp-content\/uploads\/2021\/06\/M3-Module-GNMC-16S2P-11-300x169.png\" alt=\"Leclanch\u00e9 M3 Module\" width=\"300\" height=\"169\" srcset=\"https:\/\/www.leclanche.com\/wp-content\/uploads\/2021\/06\/M3-Module-GNMC-16S2P-11-300x169.png 300w, https:\/\/www.leclanche.com\/wp-content\/uploads\/2021\/06\/M3-Module-GNMC-16S2P-11-1024x576.png 1024w, https:\/\/www.leclanche.com\/wp-content\/uploads\/2021\/06\/M3-Module-GNMC-16S2P-11-768x432.png 768w, https:\/\/www.leclanche.com\/wp-content\/uploads\/2021\/06\/M3-Module-GNMC-16S2P-11-1536x864.png 1536w, https:\/\/www.leclanche.com\/wp-content\/uploads\/2021\/06\/M3-Module-GNMC-16S2P-11-2048x1152.png 2048w\" sizes=\"auto, (max-width: 300px) 100vw, 300px\" \/><\/p>\n<p>Mehr erfahren \u00fcber unsere <strong><a href=\"https:\/\/www.leclanche.com\/wp-content\/uploads\/2020\/10\/LECLANCHE-plaquette-G-NMC-KMWEB.pdf\" target=\"_blank\" rel=\"noopener noreferrer\">G \u2013 NMC Energy M2-Module<\/a><\/strong><\/p>\n<p>&nbsp;<\/p>\n<p><img loading=\"lazy\" decoding=\"async\" class=\"alignnone size-medium wp-image-7074\" src=\"https:\/\/www.leclanche.com\/wp-content\/uploads\/2020\/11\/M2-Module-Range-300x235.jpg\" alt=\"\" width=\"300\" height=\"235\" srcset=\"https:\/\/www.leclanche.com\/wp-content\/uploads\/2020\/11\/M2-Module-Range-300x235.jpg 300w, https:\/\/www.leclanche.com\/wp-content\/uploads\/2020\/11\/M2-Module-Range-1024x803.jpg 1024w, https:\/\/www.leclanche.com\/wp-content\/uploads\/2020\/11\/M2-Module-Range-768x603.jpg 768w, https:\/\/www.leclanche.com\/wp-content\/uploads\/2020\/11\/M2-Module-Range-1536x1205.jpg 1536w, https:\/\/www.leclanche.com\/wp-content\/uploads\/2020\/11\/M2-Module-Range-2048x1607.jpg 2048w\" sizes=\"auto, (max-width: 300px) 100vw, 300px\" \/><\/p>\n","protected":false},"excerpt":{"rendered":"<p>Die Geh\u00e4use sind so konzipiert und gebaut, dass sie Vibrationen, St\u00f6\u00dfen, thermischer Beanspruchung und unterschiedlichen Leistungsanforderungen standhalten. Das urspr\u00fcngliche Modul-Design deckt einen breiten Spannungs-, Kapazit\u00e4ts- und Gr\u00f6\u00dfen-Bereich ab. Der Zellenschutz sowie die Sicherheits- und \u00dcberwachungsvorrichtungen werden speziell f\u00fcr jede Anwendung entwickelt. Unsere Batteriemodule nutzen unser integriertes Batterie-Management-System (BMS), das jede einzelne Zelle im Modul \u00fcberwacht [&hellip;]<\/p>\n","protected":false},"author":1,"featured_media":0,"parent":10293,"menu_order":0,"comment_status":"closed","ping_status":"closed","template":"","meta":{"footnotes":""},"class_list":["post-10267","page","type-page","status-publish","hentry"],"yoast_head":"<!-- This site is optimized with the Yoast SEO plugin v26.4 - https:\/\/yoast.com\/wordpress\/plugins\/seo\/ -->\n<title>Module - Leclanch\u00e9<\/title>\n<meta name=\"description\" content=\"Die Geh\u00e4use, die unsere Zellen und Elektronik aufnehmen und sicher sch\u00fctzen, werden an die Kundenvorgaben angepasst, unter anderem im Bereich der mechanischen Festigkeit und Temperaturbelastung.\" \/>\n<meta name=\"robots\" content=\"index, follow, max-snippet:-1, max-image-preview:large, max-video-preview:-1\" \/>\n<link rel=\"canonical\" href=\"https:\/\/www.leclanche.com\/de\/unsere-technologien\/module\/\" \/>\n<meta property=\"og:locale\" content=\"de_DE\" \/>\n<meta property=\"og:type\" content=\"article\" \/>\n<meta property=\"og:title\" content=\"Module - Leclanch\u00e9\" \/>\n<meta property=\"og:description\" content=\"Die Geh\u00e4use, die unsere Zellen und Elektronik aufnehmen und sicher sch\u00fctzen, werden an die Kundenvorgaben angepasst, unter anderem im Bereich der mechanischen Festigkeit und Temperaturbelastung.\" \/>\n<meta property=\"og:url\" content=\"https:\/\/www.leclanche.com\/de\/unsere-technologien\/module\/\" \/>\n<meta property=\"og:site_name\" content=\"Leclanch\u00e9\" \/>\n<meta property=\"article:modified_time\" content=\"2024-11-19T10:41:40+00:00\" \/>\n<meta property=\"og:image\" content=\"https:\/\/www.leclanche.com\/wp-content\/uploads\/2021\/06\/M3-Module-GNMC-16S2P-11-300x169.png\" \/>\n<meta name=\"twitter:card\" content=\"summary_large_image\" \/>\n<meta name=\"twitter:label1\" content=\"Gesch\u00e4tzte Lesezeit\" \/>\n\t<meta name=\"twitter:data1\" content=\"1\u00a0Minute\" \/>\n<script type=\"application\/ld+json\" class=\"yoast-schema-graph\">{\"@context\":\"https:\/\/schema.org\",\"@graph\":[{\"@type\":\"WebPage\",\"@id\":\"https:\/\/www.leclanche.com\/de\/unsere-technologien\/module\/\",\"url\":\"https:\/\/www.leclanche.com\/de\/unsere-technologien\/module\/\",\"name\":\"Module - Leclanch\u00e9\",\"isPartOf\":{\"@id\":\"https:\/\/www.leclanche.com\/de\/#website\"},\"primaryImageOfPage\":{\"@id\":\"https:\/\/www.leclanche.com\/de\/unsere-technologien\/module\/#primaryimage\"},\"image\":{\"@id\":\"https:\/\/www.leclanche.com\/de\/unsere-technologien\/module\/#primaryimage\"},\"thumbnailUrl\":\"https:\/\/www.leclanche.com\/wp-content\/uploads\/2021\/06\/M3-Module-GNMC-16S2P-11-300x169.png\",\"datePublished\":\"2020-04-27T14:55:08+00:00\",\"dateModified\":\"2024-11-19T10:41:40+00:00\",\"description\":\"Die Geh\u00e4use, die unsere Zellen und Elektronik aufnehmen und sicher sch\u00fctzen, werden an die Kundenvorgaben angepasst, unter anderem im Bereich der mechanischen Festigkeit und Temperaturbelastung.\",\"breadcrumb\":{\"@id\":\"https:\/\/www.leclanche.com\/de\/unsere-technologien\/module\/#breadcrumb\"},\"inLanguage\":\"de\",\"potentialAction\":[{\"@type\":\"ReadAction\",\"target\":[\"https:\/\/www.leclanche.com\/de\/unsere-technologien\/module\/\"]}]},{\"@type\":\"ImageObject\",\"inLanguage\":\"de\",\"@id\":\"https:\/\/www.leclanche.com\/de\/unsere-technologien\/module\/#primaryimage\",\"url\":\"https:\/\/www.leclanche.com\/wp-content\/uploads\/2021\/06\/M3-Module-GNMC-16S2P-11-300x169.png\",\"contentUrl\":\"https:\/\/www.leclanche.com\/wp-content\/uploads\/2021\/06\/M3-Module-GNMC-16S2P-11-300x169.png\"},{\"@type\":\"BreadcrumbList\",\"@id\":\"https:\/\/www.leclanche.com\/de\/unsere-technologien\/module\/#breadcrumb\",\"itemListElement\":[{\"@type\":\"ListItem\",\"position\":1,\"name\":\"Accueil\",\"item\":\"https:\/\/www.leclanche.com\/de\/\"},{\"@type\":\"ListItem\",\"position\":2,\"name\":\"Unsere Technologien\",\"item\":\"https:\/\/www.leclanche.com\/de\/our-technologies\/\"},{\"@type\":\"ListItem\",\"position\":3,\"name\":\"Module\"}]},{\"@type\":\"WebSite\",\"@id\":\"https:\/\/www.leclanche.com\/de\/#website\",\"url\":\"https:\/\/www.leclanche.com\/de\/\",\"name\":\"Leclanch\u00e9\",\"description\":\"Energy Storage Solutions\",\"potentialAction\":[{\"@type\":\"SearchAction\",\"target\":{\"@type\":\"EntryPoint\",\"urlTemplate\":\"https:\/\/www.leclanche.com\/de\/?s={search_term_string}\"},\"query-input\":{\"@type\":\"PropertyValueSpecification\",\"valueRequired\":true,\"valueName\":\"search_term_string\"}}],\"inLanguage\":\"de\"}]}<\/script>\n<!-- \/ Yoast SEO plugin. -->","yoast_head_json":{"title":"Module - Leclanch\u00e9","description":"Die Geh\u00e4use, die unsere Zellen und Elektronik aufnehmen und sicher sch\u00fctzen, werden an die Kundenvorgaben angepasst, unter anderem im Bereich der mechanischen Festigkeit und Temperaturbelastung.","robots":{"index":"index","follow":"follow","max-snippet":"max-snippet:-1","max-image-preview":"max-image-preview:large","max-video-preview":"max-video-preview:-1"},"canonical":"https:\/\/www.leclanche.com\/de\/unsere-technologien\/module\/","og_locale":"de_DE","og_type":"article","og_title":"Module - Leclanch\u00e9","og_description":"Die Geh\u00e4use, die unsere Zellen und Elektronik aufnehmen und sicher sch\u00fctzen, werden an die Kundenvorgaben angepasst, unter anderem im Bereich der mechanischen Festigkeit und Temperaturbelastung.","og_url":"https:\/\/www.leclanche.com\/de\/unsere-technologien\/module\/","og_site_name":"Leclanch\u00e9","article_modified_time":"2024-11-19T10:41:40+00:00","og_image":[{"url":"https:\/\/www.leclanche.com\/wp-content\/uploads\/2021\/06\/M3-Module-GNMC-16S2P-11-300x169.png","type":"","width":"","height":""}],"twitter_card":"summary_large_image","twitter_misc":{"Gesch\u00e4tzte Lesezeit":"1\u00a0Minute"},"schema":{"@context":"https:\/\/schema.org","@graph":[{"@type":"WebPage","@id":"https:\/\/www.leclanche.com\/de\/unsere-technologien\/module\/","url":"https:\/\/www.leclanche.com\/de\/unsere-technologien\/module\/","name":"Module - Leclanch\u00e9","isPartOf":{"@id":"https:\/\/www.leclanche.com\/de\/#website"},"primaryImageOfPage":{"@id":"https:\/\/www.leclanche.com\/de\/unsere-technologien\/module\/#primaryimage"},"image":{"@id":"https:\/\/www.leclanche.com\/de\/unsere-technologien\/module\/#primaryimage"},"thumbnailUrl":"https:\/\/www.leclanche.com\/wp-content\/uploads\/2021\/06\/M3-Module-GNMC-16S2P-11-300x169.png","datePublished":"2020-04-27T14:55:08+00:00","dateModified":"2024-11-19T10:41:40+00:00","description":"Die Geh\u00e4use, die unsere Zellen und Elektronik aufnehmen und sicher sch\u00fctzen, werden an die Kundenvorgaben angepasst, unter anderem im Bereich der mechanischen Festigkeit und Temperaturbelastung.","breadcrumb":{"@id":"https:\/\/www.leclanche.com\/de\/unsere-technologien\/module\/#breadcrumb"},"inLanguage":"de","potentialAction":[{"@type":"ReadAction","target":["https:\/\/www.leclanche.com\/de\/unsere-technologien\/module\/"]}]},{"@type":"ImageObject","inLanguage":"de","@id":"https:\/\/www.leclanche.com\/de\/unsere-technologien\/module\/#primaryimage","url":"https:\/\/www.leclanche.com\/wp-content\/uploads\/2021\/06\/M3-Module-GNMC-16S2P-11-300x169.png","contentUrl":"https:\/\/www.leclanche.com\/wp-content\/uploads\/2021\/06\/M3-Module-GNMC-16S2P-11-300x169.png"},{"@type":"BreadcrumbList","@id":"https:\/\/www.leclanche.com\/de\/unsere-technologien\/module\/#breadcrumb","itemListElement":[{"@type":"ListItem","position":1,"name":"Accueil","item":"https:\/\/www.leclanche.com\/de\/"},{"@type":"ListItem","position":2,"name":"Unsere Technologien","item":"https:\/\/www.leclanche.com\/de\/our-technologies\/"},{"@type":"ListItem","position":3,"name":"Module"}]},{"@type":"WebSite","@id":"https:\/\/www.leclanche.com\/de\/#website","url":"https:\/\/www.leclanche.com\/de\/","name":"Leclanch\u00e9","description":"Energy Storage Solutions","potentialAction":[{"@type":"SearchAction","target":{"@type":"EntryPoint","urlTemplate":"https:\/\/www.leclanche.com\/de\/?s={search_term_string}"},"query-input":{"@type":"PropertyValueSpecification","valueRequired":true,"valueName":"search_term_string"}}],"inLanguage":"de"}]}},"_links":{"self":[{"href":"https:\/\/www.leclanche.com\/de\/wp-json\/wp\/v2\/pages\/10267","targetHints":{"allow":["GET"]}}],"collection":[{"href":"https:\/\/www.leclanche.com\/de\/wp-json\/wp\/v2\/pages"}],"about":[{"href":"https:\/\/www.leclanche.com\/de\/wp-json\/wp\/v2\/types\/page"}],"author":[{"embeddable":true,"href":"https:\/\/www.leclanche.com\/de\/wp-json\/wp\/v2\/users\/1"}],"replies":[{"embeddable":true,"href":"https:\/\/www.leclanche.com\/de\/wp-json\/wp\/v2\/comments?post=10267"}],"version-history":[{"count":6,"href":"https:\/\/www.leclanche.com\/de\/wp-json\/wp\/v2\/pages\/10267\/revisions"}],"predecessor-version":[{"id":14451,"href":"https:\/\/www.leclanche.com\/de\/wp-json\/wp\/v2\/pages\/10267\/revisions\/14451"}],"up":[{"embeddable":true,"href":"https:\/\/www.leclanche.com\/de\/wp-json\/wp\/v2\/pages\/10293"}],"wp:attachment":[{"href":"https:\/\/www.leclanche.com\/de\/wp-json\/wp\/v2\/media?parent=10267"}],"curies":[{"name":"wp","href":"https:\/\/api.w.org\/{rel}","templated":true}]}}