{"id":10271,"date":"2020-04-29T16:17:18","date_gmt":"2020-04-29T14:17:18","guid":{"rendered":"https:\/\/www.leclanche.com\/impressum\/"},"modified":"2020-04-29T16:17:18","modified_gmt":"2020-04-29T14:17:18","slug":"impressum","status":"publish","type":"page","link":"https:\/\/www.leclanche.com\/de\/impressum\/","title":{"rendered":"Impressum"},"content":{"rendered":"<h2>1. Inhalt des Internetauftritts<\/h2>\n<p>Leclanch\u00e9 \u00fcbernimmt keine Verantwortung f\u00fcr die Aktualisierung, Richtigkeit, Vollst\u00e4ndigkeit oder Qualit\u00e4t der bereitgestellten Informationen. Haftungsanspr\u00fcche gegen Leclanch\u00e9, welche sich auf materielle oder immaterielle Sch\u00e4den beziehen, die durch die Nutzung oder Nichtnutzung der angebotenen Informationen bzw. durch die Nutzung fehlerhafter und unvollst\u00e4ndiger Informationen verursacht wurden, sind grunds\u00e4tzlich ausgeschlossen, sofern seitens Leclanch\u00e9 kein nachweislich vors\u00e4tzliches oder fahrl\u00e4ssiges Verschulden vorliegt. Alle Angebote sind unverbindlich und k\u00f6nnen unangek\u00fcndigt ge\u00e4ndert werden.<\/p>\n<p>Leclanch\u00e9 beh\u00e4lt sich ausdr\u00fccklich das Recht vor, die Website ganz oder teilweise ohne gesonderte Ank\u00fcndigung zu ver\u00e4ndern, zu erg\u00e4nzen, zu l\u00f6schen oder die Ver\u00f6ffentlichung zeitweise oder endg\u00fcltig einzustellen.<\/p>\n<h2>2. Querverweise und Links<\/h2>\n<p>Bei direkten oder indirekten Verlinkungen mit externen Websites, die au\u00dferhalb des Verantwortungsbereichs von Leclanch\u00e9 liegen, w\u00fcrde eine Haftungsverpflichtung ausschlie\u00dflich in dem Fall in Kraft treten, in dem Leclanch\u00e9 von den Inhalten Kenntnis hat und es Leclanch\u00e9 technisch m\u00f6glich und zumutbar w\u00e4re, die Nutzung im Falle rechtswidriger Inhalte zu verhindern. Leclanch\u00e9 erkl\u00e4rt hiermit ausdr\u00fccklich, dass zum Zeitpunkt der Linksetzung keine illegalen Inhalte auf den zu verlinkenden Seiten erkennbar waren. Auf die aktuelle und zuk\u00fcnftige Gestaltung, die Inhalte oder die Urheberschaft der verlinkten Seiten hat Leclanch\u00e9 keinerlei Einfluss. Daher distanziert sich Leclanch\u00e9 hiermit ausdr\u00fccklich von allen Inhalten aller verlinkten Seiten, die nach der Linksetzung ver\u00e4ndert wurden. Diese Erkl\u00e4rung gilt f\u00fcr alle innerhalb des eigenen Internetangebotes gesetzten Links und Verweise sowie f\u00fcr Fremdbeitr\u00e4ge in von Leclanch\u00e9 eventuell bereitgestellten G\u00e4steb\u00fcchern, Diskussionsforen und Mailinglisten. F\u00fcr illegale, fehlerhafte oder unvollst\u00e4ndige Inhalte und insbesondere f\u00fcr Sch\u00e4den, die aus der Nutzung oder Nichtnutzung der betreffenden Informationen entstehen, haftet allein der Anbieter der Seite, auf welche verwiesen wurde, nicht aber derjenige, der \u00fcber Links auf die jeweilige Ver\u00f6ffentlichung lediglich verweist.<\/p>\n<h2>3. Datenschutz<\/h2>\n<p>Leclanch\u00e9 nimmt den Schutz Ihrer Pers\u00f6nlichkeitsrechte sehr ernst. An Leclanch\u00e9 \u00fcbermittelte Daten werden im Rahmen der gesetzlichen Bestimmungen erhoben, verarbeitet und genutzt. Personenbezogene Daten im Sinne des Bundesdatenschutzgesetzes (BDSG) sind Einzelangaben \u00fcber pers\u00f6nliche und sachliche Verh\u00e4ltnisse einer bestimmten oder bestimmbaren nat\u00fcrlichen Person. Dies k\u00f6nnen neben Name, Anschrift, Geburtsdatum, Beruf und Bankverbindung einer Person auch besondere Daten wie z.B. Einkommensverh\u00e4ltnisse oder medizinische Daten sein. Alle diese Daten unterliegen gem\u00e4\u00df BDSG einem besonderen Schutz, den Leclanch\u00e9 durch entsprechende technische und administrative Ma\u00dfnahmen gew\u00e4hrleistet. Die Daten werden auf speziell gesch\u00fctzten Rechnern gespeichert. Die Daten werden nur zu dem Zweck gelesen und verarbeitet, zu dem der Nutzer die Daten an Leclanch\u00e9 \u00fcbermittelt hat. Nutzer haben gem\u00e4\u00df \u00a7 34 und \u00a7 6b BDSG das Recht, ihre bei Leclanch\u00e9 gespeicherten personenbezogenen Daten unentgeltlich einzusehen. Gem\u00e4\u00df \u00a7 35 BDSG haben sie das Recht auf L\u00f6schung oder Sperrung unzul\u00e4ssiger Daten oder auf Berichtigung ungenauer Daten. In allen diesen F\u00e4llen sind die Nutzer gebeten, sich direkt an Leclanch\u00e9 zu wenden. Sofern innerhalb des Internetangebots die M\u00f6glichkeit zur Eingabe pers\u00f6nlicher oder gesch\u00e4ftlicher Daten (E-Mail-Adressen, Namen, Anschriften) besteht, erfolgt die Preisgabe dieser Daten seitens des Nutzers ausdr\u00fccklich auf freiwilliger Basis. Die Inanspruchnahme und Bezahlung aller angebotenen Dienste ist \u2013 soweit technisch m\u00f6glich und zumutbar \u2013 auch ohne Angabe solcher Daten bzw. unter Angabe anonymisierter Daten oder eines Pseudonyms gestattet. Diese Datenschutzerkl\u00e4rung gilt nur f\u00fcr diese Website. Sie gilt nicht f\u00fcr Websites, auf die diese Website verlinkt.<\/p>\n<h2>4. Rechtswirksamkeit dieses Haftungsausschlusses<\/h2>\n<p>Dieser Haftungsausschluss ist als Teil des Internetangebotes zu betrachten, von dem aus auf diese Seite verwiesen wurde. Sollten Teile oder einzelne Formulierungen dieses Textes der geltenden Rechtslage nicht, nicht mehr oder nicht vollst\u00e4ndig entsprechen, so bleiben die \u00fcbrigen Teile des Dokuments in ihrem Inhalt und ihrer G\u00fcltigkeit davon unber\u00fchrt.<\/p>\n<h2>5. Zukunftsgerichtete Aussagen<\/h2>\n<p>Diese Website kann bestimmte in die Zukunft gerichtete Aussagen enthalten. Solche in die Zukunft gerichteten Aussagen unterliegen bekannten und unbekannten Risiken, Ungewissheiten und anderen wissenschaftlichen, sozialen, wirtschaftlichen und finanziellen Faktoren, die dazu f\u00fchren k\u00f6nnen, dass die tats\u00e4chlichen Ergebnisse, die Finanzlage, die Entwicklung oder die Performance des Unternehmens wesentlich von denjenigen abweichen, die in diesen Aussagen ausdr\u00fccklich oder implizit angenommen werden.<\/p>\n","protected":false},"excerpt":{"rendered":"<p>1. Inhalt des Internetauftritts Leclanch\u00e9 \u00fcbernimmt keine Verantwortung f\u00fcr die Aktualisierung, Richtigkeit, Vollst\u00e4ndigkeit oder Qualit\u00e4t der bereitgestellten Informationen. Haftungsanspr\u00fcche gegen Leclanch\u00e9, welche sich auf materielle oder immaterielle Sch\u00e4den beziehen, die durch die Nutzung oder Nichtnutzung der angebotenen Informationen bzw. durch die Nutzung fehlerhafter und unvollst\u00e4ndiger Informationen verursacht wurden, sind grunds\u00e4tzlich ausgeschlossen, sofern seitens Leclanch\u00e9 kein [&hellip;]<\/p>\n","protected":false},"author":1,"featured_media":0,"parent":0,"menu_order":0,"comment_status":"closed","ping_status":"closed","template":"","meta":{"footnotes":""},"class_list":["post-10271","page","type-page","status-publish","hentry"],"yoast_head":"<!-- This site is optimized with the Yoast SEO plugin v26.4 - https:\/\/yoast.com\/wordpress\/plugins\/seo\/ -->\n<title>Impressum - Leclanch\u00e9<\/title>\n<meta name=\"description\" content=\"Rechtliche Hinweise\" \/>\n<meta name=\"robots\" content=\"index, follow, max-snippet:-1, max-image-preview:large, max-video-preview:-1\" \/>\n<link rel=\"canonical\" href=\"https:\/\/www.leclanche.com\/de\/impressum\/\" \/>\n<meta property=\"og:locale\" content=\"de_DE\" \/>\n<meta property=\"og:type\" content=\"article\" \/>\n<meta property=\"og:title\" content=\"Impressum - Leclanch\u00e9\" \/>\n<meta property=\"og:description\" content=\"Rechtliche Hinweise\" \/>\n<meta property=\"og:url\" content=\"https:\/\/www.leclanche.com\/de\/impressum\/\" \/>\n<meta property=\"og:site_name\" content=\"Leclanch\u00e9\" \/>\n<meta name=\"twitter:card\" content=\"summary_large_image\" \/>\n<meta name=\"twitter:label1\" content=\"Gesch\u00e4tzte Lesezeit\" \/>\n\t<meta name=\"twitter:data1\" content=\"3\u00a0Minuten\" \/>\n<script type=\"application\/ld+json\" class=\"yoast-schema-graph\">{\"@context\":\"https:\/\/schema.org\",\"@graph\":[{\"@type\":\"WebPage\",\"@id\":\"https:\/\/www.leclanche.com\/de\/impressum\/\",\"url\":\"https:\/\/www.leclanche.com\/de\/impressum\/\",\"name\":\"Impressum - Leclanch\u00e9\",\"isPartOf\":{\"@id\":\"https:\/\/www.leclanche.com\/de\/#website\"},\"datePublished\":\"2020-04-29T14:17:18+00:00\",\"description\":\"Rechtliche Hinweise\",\"breadcrumb\":{\"@id\":\"https:\/\/www.leclanche.com\/de\/impressum\/#breadcrumb\"},\"inLanguage\":\"de\",\"potentialAction\":[{\"@type\":\"ReadAction\",\"target\":[\"https:\/\/www.leclanche.com\/de\/impressum\/\"]}]},{\"@type\":\"BreadcrumbList\",\"@id\":\"https:\/\/www.leclanche.com\/de\/impressum\/#breadcrumb\",\"itemListElement\":[{\"@type\":\"ListItem\",\"position\":1,\"name\":\"Accueil\",\"item\":\"https:\/\/www.leclanche.com\/de\/\"},{\"@type\":\"ListItem\",\"position\":2,\"name\":\"Impressum\"}]},{\"@type\":\"WebSite\",\"@id\":\"https:\/\/www.leclanche.com\/de\/#website\",\"url\":\"https:\/\/www.leclanche.com\/de\/\",\"name\":\"Leclanch\u00e9\",\"description\":\"Energy Storage Solutions\",\"potentialAction\":[{\"@type\":\"SearchAction\",\"target\":{\"@type\":\"EntryPoint\",\"urlTemplate\":\"https:\/\/www.leclanche.com\/de\/?s={search_term_string}\"},\"query-input\":{\"@type\":\"PropertyValueSpecification\",\"valueRequired\":true,\"valueName\":\"search_term_string\"}}],\"inLanguage\":\"de\"}]}<\/script>\n<!-- \/ Yoast SEO plugin. -->","yoast_head_json":{"title":"Impressum - Leclanch\u00e9","description":"Rechtliche Hinweise","robots":{"index":"index","follow":"follow","max-snippet":"max-snippet:-1","max-image-preview":"max-image-preview:large","max-video-preview":"max-video-preview:-1"},"canonical":"https:\/\/www.leclanche.com\/de\/impressum\/","og_locale":"de_DE","og_type":"article","og_title":"Impressum - Leclanch\u00e9","og_description":"Rechtliche Hinweise","og_url":"https:\/\/www.leclanche.com\/de\/impressum\/","og_site_name":"Leclanch\u00e9","twitter_card":"summary_large_image","twitter_misc":{"Gesch\u00e4tzte Lesezeit":"3\u00a0Minuten"},"schema":{"@context":"https:\/\/schema.org","@graph":[{"@type":"WebPage","@id":"https:\/\/www.leclanche.com\/de\/impressum\/","url":"https:\/\/www.leclanche.com\/de\/impressum\/","name":"Impressum - Leclanch\u00e9","isPartOf":{"@id":"https:\/\/www.leclanche.com\/de\/#website"},"datePublished":"2020-04-29T14:17:18+00:00","description":"Rechtliche Hinweise","breadcrumb":{"@id":"https:\/\/www.leclanche.com\/de\/impressum\/#breadcrumb"},"inLanguage":"de","potentialAction":[{"@type":"ReadAction","target":["https:\/\/www.leclanche.com\/de\/impressum\/"]}]},{"@type":"BreadcrumbList","@id":"https:\/\/www.leclanche.com\/de\/impressum\/#breadcrumb","itemListElement":[{"@type":"ListItem","position":1,"name":"Accueil","item":"https:\/\/www.leclanche.com\/de\/"},{"@type":"ListItem","position":2,"name":"Impressum"}]},{"@type":"WebSite","@id":"https:\/\/www.leclanche.com\/de\/#website","url":"https:\/\/www.leclanche.com\/de\/","name":"Leclanch\u00e9","description":"Energy Storage Solutions","potentialAction":[{"@type":"SearchAction","target":{"@type":"EntryPoint","urlTemplate":"https:\/\/www.leclanche.com\/de\/?s={search_term_string}"},"query-input":{"@type":"PropertyValueSpecification","valueRequired":true,"valueName":"search_term_string"}}],"inLanguage":"de"}]}},"_links":{"self":[{"href":"https:\/\/www.leclanche.com\/de\/wp-json\/wp\/v2\/pages\/10271","targetHints":{"allow":["GET"]}}],"collection":[{"href":"https:\/\/www.leclanche.com\/de\/wp-json\/wp\/v2\/pages"}],"about":[{"href":"https:\/\/www.leclanche.com\/de\/wp-json\/wp\/v2\/types\/page"}],"author":[{"embeddable":true,"href":"https:\/\/www.leclanche.com\/de\/wp-json\/wp\/v2\/users\/1"}],"replies":[{"embeddable":true,"href":"https:\/\/www.leclanche.com\/de\/wp-json\/wp\/v2\/comments?post=10271"}],"version-history":[{"count":0,"href":"https:\/\/www.leclanche.com\/de\/wp-json\/wp\/v2\/pages\/10271\/revisions"}],"wp:attachment":[{"href":"https:\/\/www.leclanche.com\/de\/wp-json\/wp\/v2\/media?parent=10271"}],"curies":[{"name":"wp","href":"https:\/\/api.w.org\/{rel}","templated":true}]}}