{"id":10272,"date":"2020-04-29T16:19:08","date_gmt":"2020-04-29T14:19:08","guid":{"rendered":"https:\/\/www.leclanche.com\/impressum-2\/"},"modified":"2021-07-13T11:03:59","modified_gmt":"2021-07-13T09:03:59","slug":"impressum-2","status":"publish","type":"page","link":"https:\/\/www.leclanche.com\/de\/impressum-2\/","title":{"rendered":"Verantwortlich"},"content":{"rendered":"<p>Leclanch\u00e9 SA<br \/>\nAvenue des Sports 42<br \/>\n1400 Yverdon-les-Bains<br \/>\nTel.: +41 (24) 424 65-00<br \/>\nFax: +41 (24) 424 65-20<br \/>\nE-Mail:\u00a0<a href=\"mailto:webmaster@leclanche.ch\">webmaster@leclanche.ch<\/a><\/p>\n<p>Handelsregister: Kanton Waadt, Schweiz<br \/>\nHandelsregisternummer: CH-550-0085092-7<br \/>\nUID: CHE-105.950.820 <\/p>\n<p>Trotz sorgf\u00e4ltiger Kontrolle \u00fcbernehmen wir keine Haftung f\u00fcr die Inhalte externer Links. F\u00fcr den Inhalt der verlinkten Seiten sind ausschlie\u00dflich deren Betreiber verantwortlich. Alle Fotos, Texte, Grafiken und Videodaten sind urheberrechtlich gesch\u00fctzt und d\u00fcrfen \u2013\u00a0auch auszugsweise\u00a0\u2013 nur mit schriftlicher Genehmigung vervielf\u00e4ltigt oder anderweitig ver\u00f6ffentlicht werden. Alle auf dieser Website gezeigten Logos der Leclanch\u00e9 SA oder von Drittfirmen sind (als eingetragene Marken) gesch\u00fctzt. <\/p>\n<p>Wir \u00fcbernehmen keine Haftung f\u00fcr die Richtigkeit der \u00fcbermittelten Daten.<\/p>\n","protected":false},"excerpt":{"rendered":"<p>Leclanch\u00e9 SA Avenue des Sports 42 1400 Yverdon-les-Bains Tel.: +41 (24) 424 65-00 Fax: +41 (24) 424 65-20 E-Mail:\u00a0webmaster@leclanche.ch Handelsregister: Kanton Waadt, Schweiz Handelsregisternummer: CH-550-0085092-7 UID: CHE-105.950.820 Trotz sorgf\u00e4ltiger Kontrolle \u00fcbernehmen wir keine Haftung f\u00fcr die Inhalte externer Links. F\u00fcr den Inhalt der verlinkten Seiten sind ausschlie\u00dflich deren Betreiber verantwortlich. Alle Fotos, Texte, Grafiken und [&hellip;]<\/p>\n","protected":false},"author":1,"featured_media":0,"parent":0,"menu_order":0,"comment_status":"closed","ping_status":"closed","template":"","meta":{"footnotes":""},"class_list":["post-10272","page","type-page","status-publish","hentry"],"yoast_head":"<!-- This site is optimized with the Yoast SEO plugin v26.4 - https:\/\/yoast.com\/wordpress\/plugins\/seo\/ -->\n<title>Verantwortlich - Leclanch\u00e9<\/title>\n<meta name=\"description\" content=\"Verantwortlich f\u00fcr den Inhalt dieser Website:\" \/>\n<meta name=\"robots\" content=\"index, follow, max-snippet:-1, max-image-preview:large, max-video-preview:-1\" \/>\n<link rel=\"canonical\" href=\"https:\/\/www.leclanche.com\/de\/impressum-2\/\" \/>\n<meta property=\"og:locale\" content=\"de_DE\" \/>\n<meta property=\"og:type\" content=\"article\" \/>\n<meta property=\"og:title\" content=\"Verantwortlich - Leclanch\u00e9\" \/>\n<meta property=\"og:description\" content=\"Verantwortlich f\u00fcr den Inhalt dieser Website:\" \/>\n<meta property=\"og:url\" content=\"https:\/\/www.leclanche.com\/de\/impressum-2\/\" \/>\n<meta property=\"og:site_name\" content=\"Leclanch\u00e9\" \/>\n<meta property=\"article:modified_time\" content=\"2021-07-13T09:03:59+00:00\" \/>\n<meta name=\"twitter:card\" content=\"summary_large_image\" \/>\n<meta name=\"twitter:label1\" content=\"Gesch\u00e4tzte Lesezeit\" \/>\n\t<meta name=\"twitter:data1\" content=\"1\u00a0Minute\" \/>\n<script type=\"application\/ld+json\" class=\"yoast-schema-graph\">{\"@context\":\"https:\/\/schema.org\",\"@graph\":[{\"@type\":\"WebPage\",\"@id\":\"https:\/\/www.leclanche.com\/de\/impressum-2\/\",\"url\":\"https:\/\/www.leclanche.com\/de\/impressum-2\/\",\"name\":\"Verantwortlich - Leclanch\u00e9\",\"isPartOf\":{\"@id\":\"https:\/\/www.leclanche.com\/de\/#website\"},\"datePublished\":\"2020-04-29T14:19:08+00:00\",\"dateModified\":\"2021-07-13T09:03:59+00:00\",\"description\":\"Verantwortlich f\u00fcr den Inhalt dieser Website:\",\"breadcrumb\":{\"@id\":\"https:\/\/www.leclanche.com\/de\/impressum-2\/#breadcrumb\"},\"inLanguage\":\"de\",\"potentialAction\":[{\"@type\":\"ReadAction\",\"target\":[\"https:\/\/www.leclanche.com\/de\/impressum-2\/\"]}]},{\"@type\":\"BreadcrumbList\",\"@id\":\"https:\/\/www.leclanche.com\/de\/impressum-2\/#breadcrumb\",\"itemListElement\":[{\"@type\":\"ListItem\",\"position\":1,\"name\":\"Accueil\",\"item\":\"https:\/\/www.leclanche.com\/de\/\"},{\"@type\":\"ListItem\",\"position\":2,\"name\":\"Verantwortlich\"}]},{\"@type\":\"WebSite\",\"@id\":\"https:\/\/www.leclanche.com\/de\/#website\",\"url\":\"https:\/\/www.leclanche.com\/de\/\",\"name\":\"Leclanch\u00e9\",\"description\":\"Energy Storage Solutions\",\"potentialAction\":[{\"@type\":\"SearchAction\",\"target\":{\"@type\":\"EntryPoint\",\"urlTemplate\":\"https:\/\/www.leclanche.com\/de\/?s={search_term_string}\"},\"query-input\":{\"@type\":\"PropertyValueSpecification\",\"valueRequired\":true,\"valueName\":\"search_term_string\"}}],\"inLanguage\":\"de\"}]}<\/script>\n<!-- \/ Yoast SEO plugin. -->","yoast_head_json":{"title":"Verantwortlich - Leclanch\u00e9","description":"Verantwortlich f\u00fcr den Inhalt dieser Website:","robots":{"index":"index","follow":"follow","max-snippet":"max-snippet:-1","max-image-preview":"max-image-preview:large","max-video-preview":"max-video-preview:-1"},"canonical":"https:\/\/www.leclanche.com\/de\/impressum-2\/","og_locale":"de_DE","og_type":"article","og_title":"Verantwortlich - Leclanch\u00e9","og_description":"Verantwortlich f\u00fcr den Inhalt dieser Website:","og_url":"https:\/\/www.leclanche.com\/de\/impressum-2\/","og_site_name":"Leclanch\u00e9","article_modified_time":"2021-07-13T09:03:59+00:00","twitter_card":"summary_large_image","twitter_misc":{"Gesch\u00e4tzte Lesezeit":"1\u00a0Minute"},"schema":{"@context":"https:\/\/schema.org","@graph":[{"@type":"WebPage","@id":"https:\/\/www.leclanche.com\/de\/impressum-2\/","url":"https:\/\/www.leclanche.com\/de\/impressum-2\/","name":"Verantwortlich - Leclanch\u00e9","isPartOf":{"@id":"https:\/\/www.leclanche.com\/de\/#website"},"datePublished":"2020-04-29T14:19:08+00:00","dateModified":"2021-07-13T09:03:59+00:00","description":"Verantwortlich f\u00fcr den Inhalt dieser Website:","breadcrumb":{"@id":"https:\/\/www.leclanche.com\/de\/impressum-2\/#breadcrumb"},"inLanguage":"de","potentialAction":[{"@type":"ReadAction","target":["https:\/\/www.leclanche.com\/de\/impressum-2\/"]}]},{"@type":"BreadcrumbList","@id":"https:\/\/www.leclanche.com\/de\/impressum-2\/#breadcrumb","itemListElement":[{"@type":"ListItem","position":1,"name":"Accueil","item":"https:\/\/www.leclanche.com\/de\/"},{"@type":"ListItem","position":2,"name":"Verantwortlich"}]},{"@type":"WebSite","@id":"https:\/\/www.leclanche.com\/de\/#website","url":"https:\/\/www.leclanche.com\/de\/","name":"Leclanch\u00e9","description":"Energy Storage Solutions","potentialAction":[{"@type":"SearchAction","target":{"@type":"EntryPoint","urlTemplate":"https:\/\/www.leclanche.com\/de\/?s={search_term_string}"},"query-input":{"@type":"PropertyValueSpecification","valueRequired":true,"valueName":"search_term_string"}}],"inLanguage":"de"}]}},"_links":{"self":[{"href":"https:\/\/www.leclanche.com\/de\/wp-json\/wp\/v2\/pages\/10272","targetHints":{"allow":["GET"]}}],"collection":[{"href":"https:\/\/www.leclanche.com\/de\/wp-json\/wp\/v2\/pages"}],"about":[{"href":"https:\/\/www.leclanche.com\/de\/wp-json\/wp\/v2\/types\/page"}],"author":[{"embeddable":true,"href":"https:\/\/www.leclanche.com\/de\/wp-json\/wp\/v2\/users\/1"}],"replies":[{"embeddable":true,"href":"https:\/\/www.leclanche.com\/de\/wp-json\/wp\/v2\/comments?post=10272"}],"version-history":[{"count":1,"href":"https:\/\/www.leclanche.com\/de\/wp-json\/wp\/v2\/pages\/10272\/revisions"}],"predecessor-version":[{"id":10339,"href":"https:\/\/www.leclanche.com\/de\/wp-json\/wp\/v2\/pages\/10272\/revisions\/10339"}],"wp:attachment":[{"href":"https:\/\/www.leclanche.com\/de\/wp-json\/wp\/v2\/media?parent=10272"}],"curies":[{"name":"wp","href":"https:\/\/api.w.org\/{rel}","templated":true}]}}