{"id":10273,"date":"2023-10-31T06:54:18","date_gmt":"2023-10-31T05:54:18","guid":{"rendered":"https:\/\/www.leclanche.com\/unternehmenspraesentationen-und-finanzberichte\/"},"modified":"2025-09-30T18:38:19","modified_gmt":"2025-09-30T16:38:19","slug":"unternehmenspraesentationen-und-finanzberichte","status":"publish","type":"page","link":"https:\/\/www.leclanche.com\/de\/unternehmenspraesentationen-und-finanzberichte\/","title":{"rendered":"Unternehmenspr\u00e4sentationen und Finanzberichte"},"content":{"rendered":"<h2>Unternehmenspr\u00e4sentationen<\/h2>\n<ul>\n<li><a href=\"https:\/\/www.leclanche.com\/wp-content\/uploads\/2023\/10\/Leclanche-Corporate-Presentation-1.pdf\">Unternehmenspr\u00e4sentation<\/a><\/li>\n<\/ul>\n<h2>Jahresberichte (auf Englisch)<\/h2>\n<ul>\n<li><a href=\"https:\/\/www.leclanche.com\/wp-content\/uploads\/2025\/06\/2025-06-30-Leclanche-2024-Consolidated-Annual-Report.pdf\">Jahresbericht 2024<\/a><\/li>\n<li><a href=\"https:\/\/www.leclanche.com\/wp-content\/uploads\/2024\/05\/2023_Consolidated-Annual-Report_Leclanche.pdf\">Jahresbericht<\/a><a href=\"https:\/\/www.leclanche.com\/wp-content\/uploads\/2023\/06\/2022-Management-Report-1.pdf\"> 2023<\/a><\/li>\n<li><a href=\"https:\/\/www.leclanche.com\/wp-content\/uploads\/2023\/05\/2022_Consolidated-Annual-Report_Leclanche_VF-published.pdf\">Jahresbericht<\/a><a href=\"https:\/\/www.leclanche.com\/wp-content\/uploads\/2023\/06\/2022-Management-Report-1.pdf\"> 2022<\/a><\/li>\n<li><a href=\"https:\/\/www.leclanche.com\/wp-content\/uploads\/2022\/07\/2021_Consolidated-Annual-Report_Leclanche_vfinal.pdf\">Jahresbericht 2021<\/a><\/li>\n<li><a href=\"https:\/\/www.leclanche.com\/wp-content\/uploads\/2021\/06\/2020_Consolidated-Annual-Report_Leclanche_vf.pdf\">Jahresbericht 2020<\/a><\/li>\n<li><a href=\"https:\/\/www.leclanche.com\/wp-content\/uploads\/2020\/11\/2019_Consolidated-Annual-Report_Leclanche_vf.pdf\">Jahresbericht 2019<\/a><\/li>\n<li><a href=\"https:\/\/www.leclanche.com\/wp-content\/uploads\/2020\/06\/annual_report_2018_.pdf\">Jahresbericht 2018<\/a><\/li>\n<li><a href=\"https:\/\/www.leclanche.com\/wp-content\/uploads\/2020\/06\/annual_report_2017_.pdf\">Jahresbericht 2017<\/a><\/li>\n<li><a href=\"https:\/\/www.leclanche.com\/wp-content\/uploads\/2020\/06\/annual_report_2016.pdf\">Jahresbericht 2016<\/a><\/li>\n<li><a href=\"https:\/\/www.leclanche.com\/wp-content\/uploads\/2020\/06\/annual_report_2015.pdf\">Jahresbericht 2015<\/a><\/li>\n<li><a href=\"https:\/\/www.leclanche.com\/wp-content\/uploads\/2020\/06\/annual_report_2014.pdf\">Jahresbericht 2014<\/a><\/li>\n<li><a href=\"https:\/\/www.leclanche.com\/wp-content\/uploads\/2020\/06\/annual_report_2013.pdf\">Jahresbericht 2013<\/a><\/li>\n<\/ul>\n<h2>Zwischenberichte (auf Englisch)<\/h2>\n<ul>\n<li><a href=\"https:\/\/www.leclanche.com\/wp-content\/uploads\/2025\/09\/2025-06-30-Consolidated-H1-Report_Leclanche_Final.pdf\">Zwischenbericht 2025<\/a><\/li>\n<li><a href=\"https:\/\/www.leclanche.com\/wp-content\/uploads\/2024\/10\/2024-06-30-Consolidated-H1-Report_Leclanche_V-Final.pdf\">Zwischenbericht 2024<\/a><\/li>\n<li><a href=\"https:\/\/www.leclanche.com\/wp-content\/uploads\/2023\/10\/2023-6-30-Consolidated-Mid-Year-Report_Leclanche_VF.pdf\">Zwischenbericht 2023<\/a><\/li>\n<li><a href=\"https:\/\/www.leclanche.com\/wp-content\/uploads\/2022\/11\/2022-11-17-Consolidated-Mid-Year-Report_Leclanche_Vfinal.pdf\">Zwischenbericht 2022<\/a><\/li>\n<li><a href=\"https:\/\/www.leclanche.com\/wp-content\/uploads\/2021\/09\/2021_Consolidated-Mid-Year-Report_Leclanche_VFINAL.pdf\">Zwischenbericht 2021<\/a><\/li>\n<li><a href=\"https:\/\/www.leclanche.com\/wp-content\/uploads\/2020\/11\/2020_Consolidated-Mid-Year-Report_Leclanch\u00e9_VF.pdf\">Zwischenbericht 2020<\/a><\/li>\n<li><a href=\"https:\/\/www.leclanche.com\/wp-content\/uploads\/2020\/06\/interim_report_2019.pdf\">Zwischenbericht 2019<\/a><\/li>\n<li><a href=\"https:\/\/www.leclanche.com\/wp-content\/uploads\/2020\/06\/interim_report_2018.pdf\">Zwischenbericht 2018<\/a><\/li>\n<li><a href=\"https:\/\/www.leclanche.com\/wp-content\/uploads\/2020\/06\/interim_report_2017.pdf\">Zwischenbericht 2017<\/a><\/li>\n<li><a href=\"https:\/\/www.leclanche.com\/wp-content\/uploads\/2020\/06\/interim_report_2016.pdf\">Zwischenbericht 2016<\/a><\/li>\n<li><a href=\"https:\/\/www.leclanche.com\/wp-content\/uploads\/2020\/06\/interim_report_2015.pdf\">Zwischenbericht 2015<\/a><\/li>\n<li><a href=\"https:\/\/www.leclanche.com\/wp-content\/uploads\/2020\/06\/interim_report_2014.pdf\">Zwischenbericht 2014<\/a><\/li>\n<li><a href=\"https:\/\/www.leclanche.com\/wp-content\/uploads\/2020\/06\/interim_report_2013.pdf\">Zwischenbericht 2013<\/a><\/li>\n<\/ul>\n<h2>Bericht zur Nachhaltigkeit (auf Englisch)<\/h2>\n<ul>\n<li><a href=\"https:\/\/www.leclanche.com\/wp-content\/uploads\/2025\/06\/Sustainability-Report-2024.pdf\">Bericht zur Nachhaltigkeit 2024<\/a><\/li>\n<li><a href=\"https:\/\/www.leclanche.com\/wp-content\/uploads\/2023\/10\/Leclanche-Sustainability-Report-2023.pdf\">Bericht zur Nachhaltigkeit 2023<\/a><\/li>\n<\/ul>\n<h2>Jahreshauptversammlung\/ Au\u00dferordentliche Hauptversammlung (auf Englisch)<\/h2>\n<h3>2025<\/h3>\n<ul>\n<li><a href=\"https:\/\/www.leclanche.com\/wp-content\/uploads\/2025\/08\/Leclanche-AGM-2025-VHA.pdf\">2025-08-05 &#8211; Leclanch\u00e9 AGM Management Presentation 2025<\/a><\/li>\n<li><a href=\"https:\/\/www.leclanche.com\/wp-content\/uploads\/2025\/08\/LECLANCHE-SA_results-AGM-2025.pdf\">2025-08-05 &#8211; AGM Results<\/a><\/li>\n<li><a href=\"https:\/\/www.leclanche.com\/wp-content\/uploads\/2025\/08\/LECN213_20250811_Leclanche-Minutes-AGM_Executed.pdf\">2025-08-05 &#8211; AGM Minutes<\/a><\/li>\n<\/ul>\n<h3>2024<\/h3>\n<ul>\n<li><a href=\"https:\/\/www.leclanche.com\/wp-content\/uploads\/2023\/10\/Leclanche-AGM-June-2024.pdf\">2024-06-27 &#8211; Leclanch\u00e9 AGM Management Presentation 2024<\/a><\/li>\n<li><a href=\"https:\/\/www.leclanche.com\/wp-content\/uploads\/2024\/07\/LECLANCHE_results_AGM2024.pdf\">2024-06-27 &#8211; Leclanch\u00e9 AGM Results<\/a><\/li>\n<li><a href=\"https:\/\/www.leclanche.com\/wp-content\/uploads\/2024\/07\/LECN213_20240705_Leclanche-Minutes-AGM_Executed_With-Signature.pdf\">2024-06-27 &#8211; Leclanch\u00e9 AGM Minutes 2024<\/a><\/li>\n<li><a href=\"https:\/\/www.leclanche.com\/wp-content\/uploads\/2024\/01\/LECLANCHE_EGM2024_Results.pdf\">2024-01-12 \u2013 Leclanch\u00e9 EGM Results<\/a><\/li>\n<li><a href=\"https:\/\/www.leclanche.com\/wp-content\/uploads\/2024\/01\/LECN213_20240122_EGM-Minutes.pdf\">2024-01-12 &#8211; Leclanch\u00e9 EGM Minutes 2024<\/a><\/li>\n<\/ul>\n<h3>2023<\/h3>\n<ul>\n<li><a href=\"https:\/\/www.leclanche.com\/wp-content\/uploads\/2023\/06\/2022-Management-Report-1.pdf\">2022-06-19 \u2013 2022 Management Report<\/a><\/li>\n<li><a href=\"https:\/\/www.leclanche.com\/wp-content\/uploads\/2023\/06\/Leclanche-AGM-June-26-2023-FINAL-.pdf\">2023-06-26 &#8211; Leclanch\u00e9 AGM Management Presentation 2023<\/a><\/li>\n<li><a href=\"https:\/\/www.leclanche.com\/wp-content\/uploads\/2023\/07\/LECLANCHE_Results_AGM2023.pdf\">2023-06-26 &#8211; Leclanch\u00e9 AGM Results<\/a><\/li>\n<li><a href=\"https:\/\/www.leclanche.com\/wp-content\/uploads\/2023\/07\/2023.06.26-Leclanche-SA-AGM-Minutes-signed.pdf\">2023-06-26 &#8211; Leclanch\u00e9 AGM Minutes 2023<\/a><\/li>\n<\/ul>\n<h3>2022<\/h3>\n<ul>\n<li><a href=\"https:\/\/www.leclanche.com\/wp-content\/uploads\/2022\/10\/Management-Presentation-AGM-30-September-2022-VFinal-1.pdf\">2022-09-30 <\/a><a href=\"https:\/\/www.leclanche.com\/wp-content\/uploads\/2021\/06\/Management-Presentation-AGM-30-June-2021-2.pdf\">\u2013<\/a><a href=\"https:\/\/www.leclanche.com\/wp-content\/uploads\/2022\/10\/Management-Presentation-AGM-30-September-2022-VFinal-1.pdf\"> Leclanch\u00e9 Hauptversammlung 2022 Management Presentation 2022<\/a><\/li>\n<li><a href=\"https:\/\/www.leclanche.com\/wp-content\/uploads\/2022\/10\/2022-09-30-Leclanche-SA-AGM-Minutes-Signed.pdf\">2022-09-30 &#8211; Leclanch\u00e9 Hauptversammlung Minutes 2022<\/a><\/li>\n<\/ul>\n<h3>2021<\/h3>\n<ul>\n<li><a href=\"https:\/\/www.leclanche.com\/wp-content\/uploads\/2021\/06\/Management-Presentation-AGM-30-June-2021-2.pdf\">2021-06-30 \u2013 Leclanch\u00e9 Hauptversammlung Management Pr\u00e4sentation 2021<\/a><\/li>\n<li><a href=\"https:\/\/www.leclanche.com\/wp-content\/uploads\/2021\/07\/Leclanche-Minutes-AGM_30.06.2021_VF_SIGNED.pdf\">2021-06-30 &#8211; Leclanch\u00e9 Hauptversammlung Minutes 2021<\/a><\/li>\n<\/ul>\n<h3>2020<\/h3>\n<ul>\n<li><a href=\"https:\/\/www.leclanche.com\/wp-content\/uploads\/2020\/10\/2020-06-30.AGM-Management-Presentation_Business-update.pdf\">Hauptversammlung 2020 \u2013 Management-Pr\u00e4sentation &#8211; Business Update<\/a><\/li>\n<li><a href=\"https:\/\/www.leclanche.com\/wp-content\/uploads\/2020\/10\/2020-06-30.AGM-Management-Presentation_2019-Financial-Summary.pdf\">Hauptversammlung 2020 &#8211; Management-Pr\u00e4sentation &#8211; Finanz\u00fcbersicht 2019<\/a><\/li>\n<li><a href=\"https:\/\/www.leclanche.com\/wp-content\/uploads\/2021\/07\/2020-06-30-Leclanche-AGM-Minutes-2020-.pdf\">2020-06-30 &#8211; Leclanch\u00e9 Haupversammlung &#8211; Minutes 2020<\/a><\/li>\n<\/ul>\n<h3>2019<\/h3>\n<ul>\n<li><a href=\"https:\/\/www.leclanche.com\/wp-content\/uploads\/2020\/06\/2019-10-24-Leclanch\u00e9-EGM-Minutes-2019.pdf\">2019-10-24 \u2013 Protokoll der au\u00dferordentlichen Leclanch\u00e9-Hauptversammlung 2019<\/a><\/li>\n<li><a href=\"https:\/\/www.leclanche.com\/wp-content\/uploads\/2020\/06\/2019-05-09-Leclanch\u00e9-AGM-Minutes-SIGNED.pdf\">2019-05-09 \u2013 Protokoll der Leclanch\u00e9-Jahreshauptversammlung 2019<\/a><\/li>\n<li><a href=\"https:\/\/www.leclanche.com\/wp-content\/uploads\/2020\/06\/Final-AGM-2019-Website-08-May-19.pdf\">2019-05-09 \u2013 Leclanch\u00e9-Jahreshauptversammlung, Pr\u00e4sentation des CEO 2019<\/a><\/li>\n<\/ul>\n<h3>2018<\/h3>\n<ul>\n<li><a href=\"https:\/\/www.leclanche.com\/wp-content\/uploads\/2020\/06\/2018-12-11-Leclanch\u00e9-EGM-Minutes-SIGNED.pdf\">2018-12-11 \u2013 Protokoll der au\u00dferordentlichen Leclanch\u00e9-Hauptversammlung 2018<\/a><\/li>\n<li><a href=\"https:\/\/www.leclanche.com\/wp-content\/uploads\/2020\/06\/leclanche_egm_ceo_presentation_2018.pdf\">2018-12-11 \u2013 Au\u00dferordentliche Leclanch\u00e9-Hauptversammlung, Pr\u00e4sentation des CEO 2018<\/a><\/li>\n<li><a href=\"https:\/\/www.leclanche.com\/wp-content\/uploads\/2020\/06\/Leclanch\u00e9-Minutes-AGM_06062018_SIGNED.pdf\">2018-06-06 \u2013 Protokoll der Leclanch\u00e9-Jahreshauptversammlung 2018<\/a><\/li>\n<li><a href=\"https:\/\/www.leclanche.com\/wp-content\/uploads\/2019\/01\/leclanche_agm_ceo_presentation_2018.pdf\">2018-06-06 \u2013 Leclanch\u00e9-Jahreshauptversammlung, Pr\u00e4sentation des CEO 2018<\/a><\/li>\n<\/ul>\n<h3>2017<\/h3>\n<ul>\n<li><a href=\"https:\/\/www.leclanche.com\/wp-content\/uploads\/2020\/06\/Leclanch\u00e9-Minutes-AGM-AGM-26-07-2017-signed-version.pdf\">2017-07-26 \u2013 Protokoll der Leclanch\u00e9-Jahreshauptversammlung (AGM) 2017<\/a><\/li>\n<li><a href=\"https:\/\/www.leclanche.com\/wp-content\/uploads\/2019\/06\/leclanche-agm-ceo-presentation-26-07-17.pdf\">2017-07-26 \u2013 Leclanch\u00e9-Jahreshauptversammlung, Pr\u00e4sentation des CEO 2017<\/a><\/li>\n<\/ul>\n<h3>2016<\/h3>\n<ul>\n<li><a href=\"https:\/\/www.leclanche.com\/wp-content\/uploads\/2020\/06\/leclanche_1h2016_ceo_presentation_07-sep-16-final.pdf\">2016-09-07 \u2013 Pr\u00e4sentation des Investoren- und Analystenaufrufs \u2013 Zwischenbericht 2016<\/a><\/li>\n<li><a href=\"https:\/\/www.leclanche.com\/wp-content\/uploads\/2020\/06\/2016-05-04-agm-minutes-signed.pdf\">2016-05-04 \u2013 Protokoll der Leclanch\u00e9-Jahreshauptversammlung (AGM) 2016<\/a><\/li>\n<li><a href=\"https:\/\/www.leclanche.com\/wp-content\/uploads\/2020\/06\/leclanche_agm_-_ceo_presentation.pdf\">2016-05-04 \u2013 Leclanch\u00e9-Jahreshauptversammlung, Pr\u00e4sentation des CEO 2016<\/a><\/li>\n<li><a href=\"https:\/\/www.leclanche.com\/wp-content\/uploads\/2020\/06\/2016-01-27-egm-minutes-signed.pdf\">2016-01-27 \u2013 Protokoll der au\u00dferordentlichen Leclanch\u00e9-Hauptversammlung (EGM) 2016<\/a><\/li>\n<li><a href=\"https:\/\/www.leclanche.com\/wp-content\/uploads\/2020\/06\/leclanche_egm_21jan2016__public_presentation.pdf\">2016-01-27 \u2013 Au\u00dferordentliche Leclanch\u00e9-Hauptversammlung, Pr\u00e4sentation des CEO 2016<\/a><\/li>\n<\/ul>\n<h2>Webcasts<\/h2>\n<ul>\n<li><a href=\"https:\/\/www.leclanche.com\/wp-content\/uploads\/2020\/06\/LECLANCHE-Interim-Results-Webcast-Deck-26-Sep-19.pdf\">Zwischenergebnisse 2019: Pr\u00e4sentation<\/a><\/li>\n<li><a href=\"https:\/\/www.leclanche.com\/wp-content\/uploads\/2020\/06\/20190926-Recording-Webcast-Leclanch\u00e9-SA.mp3\">Zwischenergebnisse 2019: Aufzeichnung<\/a><\/li>\n<\/ul>\n<p><script id=\"klewel-embed\" type=\"text\/javascript\" src=\"https:\/\/portal.klewel.com\/static\/widgets\/klewel-embed.js\"><\/script><\/p>\n<div id=\"search-Qzs5jR4LhTanmzzpz8UhuE\" data-klewel-widget=\"search\" data-klewel-notify=\"[\" data-klewel-conf-shortuuid=\"UAstgXe7A4qDDEG7APUa2D\"><\/div>\n<div id=\"player-uhepE9VVdRz3XdERGZAQwe\" data-klewel-widget=\"player\" data-klewel-conf-shortuuid=\"UAstgXe7A4qDDEG7APUa2D\" data-klewel-talk-shortuuid=\"tAa8pcoShqsGwQqHKkciaV\" data-klewel-talk-seek=\"0\" data-klewel-talk-popup=\"true\"><\/div>\n<div id=\"search-JUXoL6tkfY3WW9awgCUJUH\" data-klewel-widget=\"search\" data-klewel-notify=\"[\" data-klewel-conf-shortuuid=\"NrtjuXg6htq8oqP4ngG5L8\"><\/div>\n<div id=\"player-PamLR6HwYfPab4CJ4chRL9\" data-klewel-widget=\"player\" data-klewel-conf-shortuuid=\"NrtjuXg6htq8oqP4ngG5L8\" data-klewel-talk-shortuuid=\"reFyi9K75HAwcinyKCExaP\" data-klewel-talk-seek=\"0\" data-klewel-talk-popup=\"false\"><\/div>\n<div id=\"programme-pF9ykHxUCHtQE6hUDpfBD6\" data-klewel-widget=\"programme\" data-klewel-conf-shortuuid=\"NrtjuXg6htq8oqP4ngG5L8\" data-klewel-notify=\"player-PamLR6HwYfPab4CJ4chRL9\"><\/div>\n","protected":false},"excerpt":{"rendered":"<p>Unternehmenspr\u00e4sentationen Unternehmenspr\u00e4sentation Jahresberichte (auf Englisch) Jahresbericht 2024 Jahresbericht 2023 Jahresbericht 2022 Jahresbericht 2021 Jahresbericht 2020 Jahresbericht 2019 Jahresbericht 2018 Jahresbericht 2017 Jahresbericht 2016 Jahresbericht 2015 Jahresbericht 2014 Jahresbericht 2013 Zwischenberichte (auf Englisch) Zwischenbericht 2025 Zwischenbericht 2024 Zwischenbericht 2023 Zwischenbericht 2022 Zwischenbericht 2021 Zwischenbericht 2020 Zwischenbericht 2019 Zwischenbericht 2018 Zwischenbericht 2017 Zwischenbericht 2016 Zwischenbericht 2015 Zwischenbericht [&hellip;]<\/p>\n","protected":false},"author":1,"featured_media":0,"parent":0,"menu_order":0,"comment_status":"closed","ping_status":"closed","template":"","meta":{"footnotes":""},"class_list":["post-10273","page","type-page","status-publish","hentry"],"yoast_head":"<!-- This site is optimized with the Yoast SEO plugin v26.4 - https:\/\/yoast.com\/wordpress\/plugins\/seo\/ -->\n<title>Unternehmenspr\u00e4sentationen und Finanzberichte - Leclanch\u00e9<\/title>\n<meta name=\"description\" content=\"Diese Seite enth\u00e4lt Einzelheiten zu den Unternehmenspr\u00e4sentationen, Gesch\u00e4fts- und Zwischenberichten sowie den AGM\/EGM-Protokollen von Leclanch\u00e9.\" \/>\n<meta name=\"robots\" content=\"index, follow, max-snippet:-1, max-image-preview:large, max-video-preview:-1\" \/>\n<link rel=\"canonical\" href=\"https:\/\/www.leclanche.com\/de\/unternehmenspraesentationen-und-finanzberichte\/\" \/>\n<meta property=\"og:locale\" content=\"de_DE\" \/>\n<meta property=\"og:type\" content=\"article\" \/>\n<meta property=\"og:title\" content=\"Unternehmenspr\u00e4sentationen und Finanzberichte - Leclanch\u00e9\" \/>\n<meta property=\"og:description\" content=\"Diese Seite enth\u00e4lt Einzelheiten zu den Unternehmenspr\u00e4sentationen, Gesch\u00e4fts- und Zwischenberichten sowie den AGM\/EGM-Protokollen von Leclanch\u00e9.\" \/>\n<meta property=\"og:url\" content=\"https:\/\/www.leclanche.com\/de\/unternehmenspraesentationen-und-finanzberichte\/\" \/>\n<meta property=\"og:site_name\" content=\"Leclanch\u00e9\" \/>\n<meta property=\"article:modified_time\" content=\"2025-09-30T16:38:19+00:00\" \/>\n<meta name=\"twitter:card\" content=\"summary_large_image\" \/>\n<meta name=\"twitter:label1\" content=\"Gesch\u00e4tzte Lesezeit\" \/>\n\t<meta name=\"twitter:data1\" content=\"1\u00a0Minute\" \/>\n<script type=\"application\/ld+json\" class=\"yoast-schema-graph\">{\"@context\":\"https:\/\/schema.org\",\"@graph\":[{\"@type\":\"WebPage\",\"@id\":\"https:\/\/www.leclanche.com\/de\/unternehmenspraesentationen-und-finanzberichte\/\",\"url\":\"https:\/\/www.leclanche.com\/de\/unternehmenspraesentationen-und-finanzberichte\/\",\"name\":\"Unternehmenspr\u00e4sentationen und Finanzberichte - Leclanch\u00e9\",\"isPartOf\":{\"@id\":\"https:\/\/www.leclanche.com\/de\/#website\"},\"datePublished\":\"2023-10-31T05:54:18+00:00\",\"dateModified\":\"2025-09-30T16:38:19+00:00\",\"description\":\"Diese Seite enth\u00e4lt Einzelheiten zu den Unternehmenspr\u00e4sentationen, Gesch\u00e4fts- und Zwischenberichten sowie den AGM\/EGM-Protokollen von Leclanch\u00e9.\",\"breadcrumb\":{\"@id\":\"https:\/\/www.leclanche.com\/de\/unternehmenspraesentationen-und-finanzberichte\/#breadcrumb\"},\"inLanguage\":\"de\",\"potentialAction\":[{\"@type\":\"ReadAction\",\"target\":[\"https:\/\/www.leclanche.com\/de\/unternehmenspraesentationen-und-finanzberichte\/\"]}]},{\"@type\":\"BreadcrumbList\",\"@id\":\"https:\/\/www.leclanche.com\/de\/unternehmenspraesentationen-und-finanzberichte\/#breadcrumb\",\"itemListElement\":[{\"@type\":\"ListItem\",\"position\":1,\"name\":\"Accueil\",\"item\":\"https:\/\/www.leclanche.com\/de\/\"},{\"@type\":\"ListItem\",\"position\":2,\"name\":\"Unternehmenspr\u00e4sentationen und Finanzberichte\"}]},{\"@type\":\"WebSite\",\"@id\":\"https:\/\/www.leclanche.com\/de\/#website\",\"url\":\"https:\/\/www.leclanche.com\/de\/\",\"name\":\"Leclanch\u00e9\",\"description\":\"Energy Storage Solutions\",\"potentialAction\":[{\"@type\":\"SearchAction\",\"target\":{\"@type\":\"EntryPoint\",\"urlTemplate\":\"https:\/\/www.leclanche.com\/de\/?s={search_term_string}\"},\"query-input\":{\"@type\":\"PropertyValueSpecification\",\"valueRequired\":true,\"valueName\":\"search_term_string\"}}],\"inLanguage\":\"de\"}]}<\/script>\n<!-- \/ Yoast SEO plugin. -->","yoast_head_json":{"title":"Unternehmenspr\u00e4sentationen und Finanzberichte - Leclanch\u00e9","description":"Diese Seite enth\u00e4lt Einzelheiten zu den Unternehmenspr\u00e4sentationen, Gesch\u00e4fts- und Zwischenberichten sowie den AGM\/EGM-Protokollen von Leclanch\u00e9.","robots":{"index":"index","follow":"follow","max-snippet":"max-snippet:-1","max-image-preview":"max-image-preview:large","max-video-preview":"max-video-preview:-1"},"canonical":"https:\/\/www.leclanche.com\/de\/unternehmenspraesentationen-und-finanzberichte\/","og_locale":"de_DE","og_type":"article","og_title":"Unternehmenspr\u00e4sentationen und Finanzberichte - Leclanch\u00e9","og_description":"Diese Seite enth\u00e4lt Einzelheiten zu den Unternehmenspr\u00e4sentationen, Gesch\u00e4fts- und Zwischenberichten sowie den AGM\/EGM-Protokollen von Leclanch\u00e9.","og_url":"https:\/\/www.leclanche.com\/de\/unternehmenspraesentationen-und-finanzberichte\/","og_site_name":"Leclanch\u00e9","article_modified_time":"2025-09-30T16:38:19+00:00","twitter_card":"summary_large_image","twitter_misc":{"Gesch\u00e4tzte Lesezeit":"1\u00a0Minute"},"schema":{"@context":"https:\/\/schema.org","@graph":[{"@type":"WebPage","@id":"https:\/\/www.leclanche.com\/de\/unternehmenspraesentationen-und-finanzberichte\/","url":"https:\/\/www.leclanche.com\/de\/unternehmenspraesentationen-und-finanzberichte\/","name":"Unternehmenspr\u00e4sentationen und Finanzberichte - Leclanch\u00e9","isPartOf":{"@id":"https:\/\/www.leclanche.com\/de\/#website"},"datePublished":"2023-10-31T05:54:18+00:00","dateModified":"2025-09-30T16:38:19+00:00","description":"Diese Seite enth\u00e4lt Einzelheiten zu den Unternehmenspr\u00e4sentationen, Gesch\u00e4fts- und Zwischenberichten sowie den AGM\/EGM-Protokollen von Leclanch\u00e9.","breadcrumb":{"@id":"https:\/\/www.leclanche.com\/de\/unternehmenspraesentationen-und-finanzberichte\/#breadcrumb"},"inLanguage":"de","potentialAction":[{"@type":"ReadAction","target":["https:\/\/www.leclanche.com\/de\/unternehmenspraesentationen-und-finanzberichte\/"]}]},{"@type":"BreadcrumbList","@id":"https:\/\/www.leclanche.com\/de\/unternehmenspraesentationen-und-finanzberichte\/#breadcrumb","itemListElement":[{"@type":"ListItem","position":1,"name":"Accueil","item":"https:\/\/www.leclanche.com\/de\/"},{"@type":"ListItem","position":2,"name":"Unternehmenspr\u00e4sentationen und Finanzberichte"}]},{"@type":"WebSite","@id":"https:\/\/www.leclanche.com\/de\/#website","url":"https:\/\/www.leclanche.com\/de\/","name":"Leclanch\u00e9","description":"Energy Storage Solutions","potentialAction":[{"@type":"SearchAction","target":{"@type":"EntryPoint","urlTemplate":"https:\/\/www.leclanche.com\/de\/?s={search_term_string}"},"query-input":{"@type":"PropertyValueSpecification","valueRequired":true,"valueName":"search_term_string"}}],"inLanguage":"de"}]}},"_links":{"self":[{"href":"https:\/\/www.leclanche.com\/de\/wp-json\/wp\/v2\/pages\/10273","targetHints":{"allow":["GET"]}}],"collection":[{"href":"https:\/\/www.leclanche.com\/de\/wp-json\/wp\/v2\/pages"}],"about":[{"href":"https:\/\/www.leclanche.com\/de\/wp-json\/wp\/v2\/types\/page"}],"author":[{"embeddable":true,"href":"https:\/\/www.leclanche.com\/de\/wp-json\/wp\/v2\/users\/1"}],"replies":[{"embeddable":true,"href":"https:\/\/www.leclanche.com\/de\/wp-json\/wp\/v2\/comments?post=10273"}],"version-history":[{"count":54,"href":"https:\/\/www.leclanche.com\/de\/wp-json\/wp\/v2\/pages\/10273\/revisions"}],"predecessor-version":[{"id":15143,"href":"https:\/\/www.leclanche.com\/de\/wp-json\/wp\/v2\/pages\/10273\/revisions\/15143"}],"wp:attachment":[{"href":"https:\/\/www.leclanche.com\/de\/wp-json\/wp\/v2\/media?parent=10273"}],"curies":[{"name":"wp","href":"https:\/\/api.w.org\/{rel}","templated":true}]}}