{"id":10274,"date":"2020-04-30T09:47:03","date_gmt":"2020-04-30T07:47:03","guid":{"rendered":"https:\/\/www.leclanche.com\/unternehmensfuehrung\/"},"modified":"2020-04-30T09:47:03","modified_gmt":"2020-04-30T07:47:03","slug":"unternehmensfuehrung","status":"publish","type":"page","link":"https:\/\/www.leclanche.com\/de\/unternehmensfuehrung\/","title":{"rendered":"Unternehmensf\u00fchrung"},"content":{"rendered":"<h2>Verwaltungsrat<\/h2>\n<p>Der Verwaltungsrat hat regulierende Aufgaben und ist verantwortlich f\u00fcr die \u00dcberwachung der Gesch\u00e4ftsleitung von Leclanch\u00e9. Er ber\u00e4t den Vorstand, indem er ihn bei wichtigen Entscheidungen unterst\u00fctzt und diese genehmigt. \u00dcber zwei Unteraussch\u00fcsse des Verwaltungsrats \u2013\u00a0den Ernennungs- und Verg\u00fctungsausschuss sowie den Pr\u00fcfungs- und Risikomanagementausschuss\u00a0\u2013 \u00fcbt der Verwaltungsrat eine direkte Kontrolle \u00fcber bestimmte Personal- und Rechnungslegungsfunktionen aus.<\/p>\n<p>Der Vorstand ist f\u00fcr die Umsetzung der Strategie von Leclanch\u00e9 sowie die Ausf\u00fchrung und \u00dcberwachung aller Unternehmensaktivit\u00e4ten verantwortlich.<\/p>\n<p>Einzelheiten \u00fcber den Verwaltungsrat erfahren Sie auf der Seite  <a href=\" https:\/\/www.leclanche.com\/our-leadership-team#board-of-directors\">Unser F\u00fchrungsteam<\/a>.<\/p>\n<h2>Gesch\u00e4ftsleitung<\/h2>\n<p>Einzelheiten \u00fcber die Gesch\u00e4ftsleitung erfahren Sie auf der Seite <a href=\"https:\/\/www.leclanche.com\/our-leadership-team#executive-management\">Unser F\u00fchrungsteam<\/a>.<\/p>\n<h2>Transaktionen des Managements<\/h2>\n<h3>Leclanch\u00e9 ist verpflichtet, SIX Swiss Exchange alle Transaktionen in Leclanch\u00e9-Aktien und -Optionen zu melden, die vom Verwaltungsrat und der Gesch\u00e4ftsleitung der Gruppe get\u00e4tigt werden.<\/h3>\n<p>Durch die Offenlegung von Transaktionen des Managements soll die Unterrichtung der Investoren erleichtert werden. Diese Informationen geben Investoren zus\u00e4tzliche qualitative Einblicke in ihre Investitionsentscheidung.<\/p>\n<p>Informationen \u00fcber Transaktionen des Managements sind auf der Website von \u00a0<a class=\"external-link-new-window\" title=\"Opens external link in new window\" href=\"https:\/\/www.six-group.com\/exchanges\/shares\/security_info_en.html?id=CH0110303119CHF4\" target=\"_blank\" rel=\"noopener noreferrer\">SIX Swiss Exchange<\/a> zu finden. Bitte geben Sie dort \u201eLeclanch\u00e9\u201c als Suchbegriff in das Suchfeld \u201eUnternehmen\u201c ein.<\/p>\n<h2>Offenlegung<\/h2>\n<p>Aktion\u00e4re, die Aktien einer Gesellschaft mit Sitz in der Schweiz halten, deren Beteiligungspapiere in der Schweiz kotiert sind, sind bei Erreichen, \u00dcber- oder Unterschreiten bestimmter Schwellenwerte (3, 5, 10, 15, 20, 25, 33 1\/3, 50 und 66 2\/3 % der Stimmrechte) zur Offenlegung verpflichtet.<\/p>\n<p>Seit dem 1. Dezember 2008 werden alle relevanten Beteiligungsmeldungen direkt \u00fcber die Plattform der Schweizer B\u00f6rse (SIX) abgewickelt.<\/p>\n<p>Informationen zur Offenlegung von Beteiligungen sind auf der Website der <a href=\"https:\/\/www.six-group.com\/exchanges\/index_de.html\">SIX Swiss Exchange<\/a> zu finden. Bitte geben Sie dort \u201eLeclanch\u00e9\u201c als Suchbegriff in das Suchfeld \u201eUnternehmen\u201c ein.<\/p>\n","protected":false},"excerpt":{"rendered":"<p>Verwaltungsrat Der Verwaltungsrat hat regulierende Aufgaben und ist verantwortlich f\u00fcr die \u00dcberwachung der Gesch\u00e4ftsleitung von Leclanch\u00e9. Er ber\u00e4t den Vorstand, indem er ihn bei wichtigen Entscheidungen unterst\u00fctzt und diese genehmigt. \u00dcber zwei Unteraussch\u00fcsse des Verwaltungsrats \u2013\u00a0den Ernennungs- und Verg\u00fctungsausschuss sowie den Pr\u00fcfungs- und Risikomanagementausschuss\u00a0\u2013 \u00fcbt der Verwaltungsrat eine direkte Kontrolle \u00fcber bestimmte Personal- und Rechnungslegungsfunktionen [&hellip;]<\/p>\n","protected":false},"author":1,"featured_media":0,"parent":0,"menu_order":0,"comment_status":"closed","ping_status":"closed","template":"","meta":{"footnotes":""},"class_list":["post-10274","page","type-page","status-publish","hentry"],"yoast_head":"<!-- This site is optimized with the Yoast SEO plugin v26.4 - https:\/\/yoast.com\/wordpress\/plugins\/seo\/ -->\n<title>Unternehmensf\u00fchrung - Leclanch\u00e9<\/title>\n<meta name=\"description\" content=\"Leclanch\u00e9 verf\u00fcgt \u00fcber einen Verwaltungsrat und einen Vorstand.\" \/>\n<meta name=\"robots\" content=\"index, follow, max-snippet:-1, max-image-preview:large, max-video-preview:-1\" \/>\n<link rel=\"canonical\" href=\"https:\/\/www.leclanche.com\/de\/unternehmensfuehrung\/\" \/>\n<meta property=\"og:locale\" content=\"de_DE\" \/>\n<meta property=\"og:type\" content=\"article\" \/>\n<meta property=\"og:title\" content=\"Unternehmensf\u00fchrung - Leclanch\u00e9\" \/>\n<meta property=\"og:description\" content=\"Leclanch\u00e9 verf\u00fcgt \u00fcber einen Verwaltungsrat und einen Vorstand.\" \/>\n<meta property=\"og:url\" content=\"https:\/\/www.leclanche.com\/de\/unternehmensfuehrung\/\" \/>\n<meta property=\"og:site_name\" content=\"Leclanch\u00e9\" \/>\n<meta name=\"twitter:card\" content=\"summary_large_image\" \/>\n<meta name=\"twitter:label1\" content=\"Gesch\u00e4tzte Lesezeit\" \/>\n\t<meta name=\"twitter:data1\" content=\"1\u00a0Minute\" \/>\n<script type=\"application\/ld+json\" class=\"yoast-schema-graph\">{\"@context\":\"https:\/\/schema.org\",\"@graph\":[{\"@type\":\"WebPage\",\"@id\":\"https:\/\/www.leclanche.com\/de\/unternehmensfuehrung\/\",\"url\":\"https:\/\/www.leclanche.com\/de\/unternehmensfuehrung\/\",\"name\":\"Unternehmensf\u00fchrung - Leclanch\u00e9\",\"isPartOf\":{\"@id\":\"https:\/\/www.leclanche.com\/de\/#website\"},\"datePublished\":\"2020-04-30T07:47:03+00:00\",\"description\":\"Leclanch\u00e9 verf\u00fcgt \u00fcber einen Verwaltungsrat und einen Vorstand.\",\"breadcrumb\":{\"@id\":\"https:\/\/www.leclanche.com\/de\/unternehmensfuehrung\/#breadcrumb\"},\"inLanguage\":\"de\",\"potentialAction\":[{\"@type\":\"ReadAction\",\"target\":[\"https:\/\/www.leclanche.com\/de\/unternehmensfuehrung\/\"]}]},{\"@type\":\"BreadcrumbList\",\"@id\":\"https:\/\/www.leclanche.com\/de\/unternehmensfuehrung\/#breadcrumb\",\"itemListElement\":[{\"@type\":\"ListItem\",\"position\":1,\"name\":\"Accueil\",\"item\":\"https:\/\/www.leclanche.com\/de\/\"},{\"@type\":\"ListItem\",\"position\":2,\"name\":\"Unternehmensf\u00fchrung\"}]},{\"@type\":\"WebSite\",\"@id\":\"https:\/\/www.leclanche.com\/de\/#website\",\"url\":\"https:\/\/www.leclanche.com\/de\/\",\"name\":\"Leclanch\u00e9\",\"description\":\"Energy Storage Solutions\",\"potentialAction\":[{\"@type\":\"SearchAction\",\"target\":{\"@type\":\"EntryPoint\",\"urlTemplate\":\"https:\/\/www.leclanche.com\/de\/?s={search_term_string}\"},\"query-input\":{\"@type\":\"PropertyValueSpecification\",\"valueRequired\":true,\"valueName\":\"search_term_string\"}}],\"inLanguage\":\"de\"}]}<\/script>\n<!-- \/ Yoast SEO plugin. -->","yoast_head_json":{"title":"Unternehmensf\u00fchrung - Leclanch\u00e9","description":"Leclanch\u00e9 verf\u00fcgt \u00fcber einen Verwaltungsrat und einen Vorstand.","robots":{"index":"index","follow":"follow","max-snippet":"max-snippet:-1","max-image-preview":"max-image-preview:large","max-video-preview":"max-video-preview:-1"},"canonical":"https:\/\/www.leclanche.com\/de\/unternehmensfuehrung\/","og_locale":"de_DE","og_type":"article","og_title":"Unternehmensf\u00fchrung - Leclanch\u00e9","og_description":"Leclanch\u00e9 verf\u00fcgt \u00fcber einen Verwaltungsrat und einen Vorstand.","og_url":"https:\/\/www.leclanche.com\/de\/unternehmensfuehrung\/","og_site_name":"Leclanch\u00e9","twitter_card":"summary_large_image","twitter_misc":{"Gesch\u00e4tzte Lesezeit":"1\u00a0Minute"},"schema":{"@context":"https:\/\/schema.org","@graph":[{"@type":"WebPage","@id":"https:\/\/www.leclanche.com\/de\/unternehmensfuehrung\/","url":"https:\/\/www.leclanche.com\/de\/unternehmensfuehrung\/","name":"Unternehmensf\u00fchrung - Leclanch\u00e9","isPartOf":{"@id":"https:\/\/www.leclanche.com\/de\/#website"},"datePublished":"2020-04-30T07:47:03+00:00","description":"Leclanch\u00e9 verf\u00fcgt \u00fcber einen Verwaltungsrat und einen Vorstand.","breadcrumb":{"@id":"https:\/\/www.leclanche.com\/de\/unternehmensfuehrung\/#breadcrumb"},"inLanguage":"de","potentialAction":[{"@type":"ReadAction","target":["https:\/\/www.leclanche.com\/de\/unternehmensfuehrung\/"]}]},{"@type":"BreadcrumbList","@id":"https:\/\/www.leclanche.com\/de\/unternehmensfuehrung\/#breadcrumb","itemListElement":[{"@type":"ListItem","position":1,"name":"Accueil","item":"https:\/\/www.leclanche.com\/de\/"},{"@type":"ListItem","position":2,"name":"Unternehmensf\u00fchrung"}]},{"@type":"WebSite","@id":"https:\/\/www.leclanche.com\/de\/#website","url":"https:\/\/www.leclanche.com\/de\/","name":"Leclanch\u00e9","description":"Energy Storage Solutions","potentialAction":[{"@type":"SearchAction","target":{"@type":"EntryPoint","urlTemplate":"https:\/\/www.leclanche.com\/de\/?s={search_term_string}"},"query-input":{"@type":"PropertyValueSpecification","valueRequired":true,"valueName":"search_term_string"}}],"inLanguage":"de"}]}},"_links":{"self":[{"href":"https:\/\/www.leclanche.com\/de\/wp-json\/wp\/v2\/pages\/10274","targetHints":{"allow":["GET"]}}],"collection":[{"href":"https:\/\/www.leclanche.com\/de\/wp-json\/wp\/v2\/pages"}],"about":[{"href":"https:\/\/www.leclanche.com\/de\/wp-json\/wp\/v2\/types\/page"}],"author":[{"embeddable":true,"href":"https:\/\/www.leclanche.com\/de\/wp-json\/wp\/v2\/users\/1"}],"replies":[{"embeddable":true,"href":"https:\/\/www.leclanche.com\/de\/wp-json\/wp\/v2\/comments?post=10274"}],"version-history":[{"count":0,"href":"https:\/\/www.leclanche.com\/de\/wp-json\/wp\/v2\/pages\/10274\/revisions"}],"wp:attachment":[{"href":"https:\/\/www.leclanche.com\/de\/wp-json\/wp\/v2\/media?parent=10274"}],"curies":[{"name":"wp","href":"https:\/\/api.w.org\/{rel}","templated":true}]}}