{"id":10279,"date":"2020-06-24T10:31:36","date_gmt":"2020-06-24T08:31:36","guid":{"rendered":"https:\/\/www.leclanche.com\/anlegerbeziehungen\/"},"modified":"2020-06-24T10:31:36","modified_gmt":"2020-06-24T08:31:36","slug":"anlegerbeziehungen","status":"publish","type":"page","link":"https:\/\/www.leclanche.com\/de\/anlegerbeziehungen\/","title":{"rendered":"Anlegerbeziehungen"},"content":{"rendered":"","protected":false},"excerpt":{"rendered":"","protected":false},"author":1,"featured_media":0,"parent":0,"menu_order":0,"comment_status":"closed","ping_status":"closed","template":"page-investor-relations.php","meta":{"footnotes":""},"class_list":["post-10279","page","type-page","status-publish","hentry"],"yoast_head":"<!-- This site is optimized with the Yoast SEO plugin v26.4 - https:\/\/yoast.com\/wordpress\/plugins\/seo\/ -->\n<title>Anlegerbeziehungen - Leclanch\u00e9<\/title>\n<meta name=\"description\" content=\"Diese Seite enth\u00e4lt Informationen f\u00fcr Leclanch\u00e9-Aktion\u00e4re, einschlie\u00dflich des Finanzkalenders, des Aktienkurses und der Aktienanalyse des Unternehmens.\" \/>\n<meta name=\"robots\" content=\"index, follow, max-snippet:-1, max-image-preview:large, max-video-preview:-1\" \/>\n<link rel=\"canonical\" href=\"https:\/\/www.leclanche.com\/de\/anlegerbeziehungen\/\" \/>\n<meta property=\"og:locale\" content=\"de_DE\" \/>\n<meta property=\"og:type\" content=\"article\" \/>\n<meta property=\"og:title\" content=\"Anlegerbeziehungen - Leclanch\u00e9\" \/>\n<meta property=\"og:description\" content=\"Diese Seite enth\u00e4lt Informationen f\u00fcr Leclanch\u00e9-Aktion\u00e4re, einschlie\u00dflich des Finanzkalenders, des Aktienkurses und der Aktienanalyse des Unternehmens.\" \/>\n<meta property=\"og:url\" content=\"https:\/\/www.leclanche.com\/de\/anlegerbeziehungen\/\" \/>\n<meta property=\"og:site_name\" content=\"Leclanch\u00e9\" \/>\n<meta name=\"twitter:card\" content=\"summary_large_image\" \/>\n<script type=\"application\/ld+json\" class=\"yoast-schema-graph\">{\"@context\":\"https:\/\/schema.org\",\"@graph\":[{\"@type\":\"WebPage\",\"@id\":\"https:\/\/www.leclanche.com\/de\/anlegerbeziehungen\/\",\"url\":\"https:\/\/www.leclanche.com\/de\/anlegerbeziehungen\/\",\"name\":\"Anlegerbeziehungen - Leclanch\u00e9\",\"isPartOf\":{\"@id\":\"https:\/\/www.leclanche.com\/de\/#website\"},\"datePublished\":\"2020-06-24T08:31:36+00:00\",\"description\":\"Diese Seite enth\u00e4lt Informationen f\u00fcr Leclanch\u00e9-Aktion\u00e4re, einschlie\u00dflich des Finanzkalenders, des Aktienkurses und der Aktienanalyse des Unternehmens.\",\"breadcrumb\":{\"@id\":\"https:\/\/www.leclanche.com\/de\/anlegerbeziehungen\/#breadcrumb\"},\"inLanguage\":\"de\",\"potentialAction\":[{\"@type\":\"ReadAction\",\"target\":[\"https:\/\/www.leclanche.com\/de\/anlegerbeziehungen\/\"]}]},{\"@type\":\"BreadcrumbList\",\"@id\":\"https:\/\/www.leclanche.com\/de\/anlegerbeziehungen\/#breadcrumb\",\"itemListElement\":[{\"@type\":\"ListItem\",\"position\":1,\"name\":\"Accueil\",\"item\":\"https:\/\/www.leclanche.com\/de\/\"},{\"@type\":\"ListItem\",\"position\":2,\"name\":\"Anlegerbeziehungen\"}]},{\"@type\":\"WebSite\",\"@id\":\"https:\/\/www.leclanche.com\/de\/#website\",\"url\":\"https:\/\/www.leclanche.com\/de\/\",\"name\":\"Leclanch\u00e9\",\"description\":\"Energy Storage Solutions\",\"potentialAction\":[{\"@type\":\"SearchAction\",\"target\":{\"@type\":\"EntryPoint\",\"urlTemplate\":\"https:\/\/www.leclanche.com\/de\/?s={search_term_string}\"},\"query-input\":{\"@type\":\"PropertyValueSpecification\",\"valueRequired\":true,\"valueName\":\"search_term_string\"}}],\"inLanguage\":\"de\"}]}<\/script>\n<!-- \/ Yoast SEO plugin. -->","yoast_head_json":{"title":"Anlegerbeziehungen - Leclanch\u00e9","description":"Diese Seite enth\u00e4lt Informationen f\u00fcr Leclanch\u00e9-Aktion\u00e4re, einschlie\u00dflich des Finanzkalenders, des Aktienkurses und der Aktienanalyse des Unternehmens.","robots":{"index":"index","follow":"follow","max-snippet":"max-snippet:-1","max-image-preview":"max-image-preview:large","max-video-preview":"max-video-preview:-1"},"canonical":"https:\/\/www.leclanche.com\/de\/anlegerbeziehungen\/","og_locale":"de_DE","og_type":"article","og_title":"Anlegerbeziehungen - Leclanch\u00e9","og_description":"Diese Seite enth\u00e4lt Informationen f\u00fcr Leclanch\u00e9-Aktion\u00e4re, einschlie\u00dflich des Finanzkalenders, des Aktienkurses und der Aktienanalyse des Unternehmens.","og_url":"https:\/\/www.leclanche.com\/de\/anlegerbeziehungen\/","og_site_name":"Leclanch\u00e9","twitter_card":"summary_large_image","schema":{"@context":"https:\/\/schema.org","@graph":[{"@type":"WebPage","@id":"https:\/\/www.leclanche.com\/de\/anlegerbeziehungen\/","url":"https:\/\/www.leclanche.com\/de\/anlegerbeziehungen\/","name":"Anlegerbeziehungen - Leclanch\u00e9","isPartOf":{"@id":"https:\/\/www.leclanche.com\/de\/#website"},"datePublished":"2020-06-24T08:31:36+00:00","description":"Diese Seite enth\u00e4lt Informationen f\u00fcr Leclanch\u00e9-Aktion\u00e4re, einschlie\u00dflich des Finanzkalenders, des Aktienkurses und der Aktienanalyse des Unternehmens.","breadcrumb":{"@id":"https:\/\/www.leclanche.com\/de\/anlegerbeziehungen\/#breadcrumb"},"inLanguage":"de","potentialAction":[{"@type":"ReadAction","target":["https:\/\/www.leclanche.com\/de\/anlegerbeziehungen\/"]}]},{"@type":"BreadcrumbList","@id":"https:\/\/www.leclanche.com\/de\/anlegerbeziehungen\/#breadcrumb","itemListElement":[{"@type":"ListItem","position":1,"name":"Accueil","item":"https:\/\/www.leclanche.com\/de\/"},{"@type":"ListItem","position":2,"name":"Anlegerbeziehungen"}]},{"@type":"WebSite","@id":"https:\/\/www.leclanche.com\/de\/#website","url":"https:\/\/www.leclanche.com\/de\/","name":"Leclanch\u00e9","description":"Energy Storage Solutions","potentialAction":[{"@type":"SearchAction","target":{"@type":"EntryPoint","urlTemplate":"https:\/\/www.leclanche.com\/de\/?s={search_term_string}"},"query-input":{"@type":"PropertyValueSpecification","valueRequired":true,"valueName":"search_term_string"}}],"inLanguage":"de"}]}},"_links":{"self":[{"href":"https:\/\/www.leclanche.com\/de\/wp-json\/wp\/v2\/pages\/10279","targetHints":{"allow":["GET"]}}],"collection":[{"href":"https:\/\/www.leclanche.com\/de\/wp-json\/wp\/v2\/pages"}],"about":[{"href":"https:\/\/www.leclanche.com\/de\/wp-json\/wp\/v2\/types\/page"}],"author":[{"embeddable":true,"href":"https:\/\/www.leclanche.com\/de\/wp-json\/wp\/v2\/users\/1"}],"replies":[{"embeddable":true,"href":"https:\/\/www.leclanche.com\/de\/wp-json\/wp\/v2\/comments?post=10279"}],"version-history":[{"count":0,"href":"https:\/\/www.leclanche.com\/de\/wp-json\/wp\/v2\/pages\/10279\/revisions"}],"wp:attachment":[{"href":"https:\/\/www.leclanche.com\/de\/wp-json\/wp\/v2\/media?parent=10279"}],"curies":[{"name":"wp","href":"https:\/\/api.w.org\/{rel}","templated":true}]}}