{"id":10280,"date":"2020-10-15T16:22:39","date_gmt":"2020-10-15T14:22:39","guid":{"rendered":"https:\/\/www.leclanche.com\/downloads\/"},"modified":"2026-04-10T16:42:46","modified_gmt":"2026-04-10T14:42:46","slug":"downloads","status":"publish","type":"page","link":"https:\/\/www.leclanche.com\/de\/downloads\/","title":{"rendered":"Downloads"},"content":{"rendered":"<style>\n  .download-list {\n    margin: 0 0 20px 0;\n    padding: 0;\n  }<\/p>\n<p>  .download-list a {\n    display: block;\n    margin-bottom: 6px;\n    text-decoration: none;\n  }<\/p>\n<p>  .download-list a i {\n    margin-right: 6px;\n  }\n<\/style>\n<h5>Unternehmen (auf Englisch):<\/h5>\n<div class=\"download-list\">\n  <a href=\"https:\/\/www.leclanche.com\/wp-content\/uploads\/2025\/02\/Quality-Policy-2025.pdf\"><i class=\"fas fa-download\"><\/i> Quality Policy<\/a><br \/>\n  <a href=\"https:\/\/www.leclanche.com\/wp-content\/uploads\/2023\/10\/Leclanche-Corporate-Presentation-1.pdf\"><i class=\"fas fa-download\"><\/i> Corporate Presentation<\/a><br \/>\n  <a href=\"https:\/\/www.leclanche.com\/wp-content\/uploads\/2020\/10\/FINAL_LECLANCHE-ESSWEB.pdf\"><i class=\"fas fa-download\"><\/i> Schl\u00fcsselfertige Energiespeicherl\u00f6sungen<\/a>\n<\/div>\n<h5>Produkte (auf Englisch):<\/h5>\n<div class=\"download-list\">\n  <a href=\"https:\/\/www.leclanche.com\/wp-content\/uploads\/2023\/10\/Rail-Traction-Battery-Systems.pdf\"><i class=\"fas fa-download\"><\/i> Rail Traction Battery Systems<\/a><br \/>\n  <a href=\"https:\/\/www.leclanche.com\/wp-content\/uploads\/2023\/10\/NAVIUS-MRS3.pdf\"><i class=\"fas fa-download\"><\/i> Batteriesysteme f\u00fcr die Schifffahrt<\/a><br \/>\n  <a href=\"https:\/\/www.leclanche.com\/wp-content\/uploads\/2022\/05\/LECLANCHE-cell-datasheet-GL60-GNMC-60Ah.pdf\"><i class=\"fas fa-download\"><\/i> GL60 Energy Cell 60 Ah<\/a><br \/>\n  <a href=\"https:\/\/www.leclanche.com\/wp-content\/uploads\/2022\/05\/LECLANCHE-cell-datasheet-GL65-GNMC-65Ah.pdf\"><i class=\"fas fa-download\"><\/i> GL65 Energy Cell 65 Ah<\/a><br \/>\n  <a href=\"https:\/\/www.leclanche.com\/wp-content\/uploads\/2021\/02\/LECLANCHE-M2-module-GL60-GNMC-60Ah.pdf\"><i class=\"fas fa-download\"><\/i> M2 Energy Module (G\/NMC, 60 Ah)<\/a><br \/>\n  <a href=\"https:\/\/www.leclanche.com\/wp-content\/uploads\/2022\/05\/M3-ENERGY-MODULE-GNMC-60.pdf\"><i class=\"fas fa-download\"><\/i> M3 Energy Module (G\/NMC 60 Ah)<\/a><br \/>\n  <a href=\"https:\/\/www.leclanche.com\/wp-content\/uploads\/2022\/05\/M3-ENERGY-MODULE-GNMC-65.pdf\"><i class=\"fas fa-download\"><\/i> M3 Energy Module (G\/NMC 65 Ah)<\/a><br \/>\n  <a href=\"https:\/\/www.leclanche.com\/wp-content\/uploads\/2023\/10\/LECLANCHE-Fortius-145.pdf\"><i class=\"fas fa-download\"><\/i> Fortius-145<\/a><br \/>\n  <a href=\"https:\/\/www.leclanche.com\/wp-content\/uploads\/2021\/04\/LeBlock_Depliant_V2.1.pdf\"><i class=\"fas fa-download\"><\/i> LeBlock<\/a>\n<\/div>\n<h5>Spezialgebiete (auf Englisch):<\/h5>\n<div class=\"download-list\">\n  <a href=\"https:\/\/www.leclanche.com\/wp-content\/uploads\/2020\/10\/LECLANCHE-AGV.pdf\"><i class=\"fas fa-download\"><\/i> Fahrerlose Transportfahrzeuge<\/a>\n<\/div>\n<h5>Fallstudien (auf Englisch):<\/h5>\n<p><strong>E-Mobility<\/strong><\/p>\n<div class=\"download-list\">\n  <a href=\"https:\/\/www.leclanche.com\/wp-content\/uploads\/2022\/05\/Zero-Emission-Ferry-and-Onshore-Battery-Energy-Storage-System.pdf\"><i class=\"fas fa-download\"><\/i> Emissionsfreies F\u00e4hr- und Onshore-Batteriespeichersystem<\/a><br \/>\n  <a href=\"https:\/\/www.leclanche.com\/wp-content\/uploads\/2022\/04\/Leclanche-Yara-Birkelend-Autonomous-Container-Feeder-Vessel.pdf\"><i class=\"fas fa-download\"><\/i> Yara Birkeland \u2013 autonomes Container-Zubringerschiff<\/a><br \/>\n  <a href=\"https:\/\/www.leclanche.com\/wp-content\/uploads\/2022\/04\/Leclanche-Jungfrau-Lake-Passenger-Vessel.pdf\"><i class=\"fas fa-download\"><\/i> Jungfrau-Passagierschiff<\/a><br \/>\n  <a href=\"https:\/\/www.leclanche.com\/wp-content\/uploads\/2020\/06\/LECLANCHE-FERRYweb.pdf\"><i class=\"fas fa-download\"><\/i> E-Ferry \u2013 die weltweit gr\u00f6\u00dfte* vollelektrische F\u00e4hre<\/a>\n<\/div>\n<p><strong>Stationary<\/strong><\/p>\n<div class=\"download-list\">\n  <a href=\"https:\/\/www.leclanche.com\/wp-content\/uploads\/2020\/10\/LECLANCHE-FAB-web.pdf\"><i class=\"fas fa-download\"><\/i> Station\u00e4re L\u00f6sungen<\/a><br \/>\n  <a href=\"https:\/\/www.leclanche.com\/wp-content\/uploads\/2021\/01\/ST-KITTS-EUR-1.2021.pdf\"><i class=\"fas fa-download\"><\/i> Solar + Speicher, St. Kitts &amp; Nevis \u2013 Microgrid<\/a><br \/>\n  <a href=\"https:\/\/www.leclanche.com\/wp-content\/uploads\/2024\/08\/LECLANCHE-LeviceEUR13.8.24WEB.pdf\"><i class=\"fas fa-download\"><\/i> Versorger, Slowakei \u2013 Levice<\/a><br \/>\n  <a href=\"https:\/\/www.leclanche.com\/wp-content\/uploads\/2024\/08\/LECLANCHE-Noord-HollandEUR13.08.24web.pdf\"><i class=\"fas fa-download\"><\/i> Versorger, Niederlande \u2013 Heerhugowaard<\/a><br \/>\n  <a href=\"https:\/\/www.leclanche.com\/wp-content\/uploads\/2024\/08\/LECLANCHE-Souda-BayEUR13.08.24WEB.pdf\"><i class=\"fas fa-download\"><\/i> Versorger, Griechenland \u2013 Souda Bay<\/a><br \/>\n  <a href=\"https:\/\/www.leclanche.com\/wp-content\/uploads\/2021\/01\/ROMANDE-ENERGIE-EUR12-2020.pdf\"><i class=\"fas fa-download\"><\/i> Versorger, Schweiz \u2013 Aigle<\/a><br \/>\n  <a href=\"https:\/\/www.leclanche.com\/wp-content\/uploads\/2020\/10\/LECLANCHE-ALMELOEUR5.2.21.pdf\"><i class=\"fas fa-download\"><\/i> Versorger, Niederlande \u2013 Almelo (Hybrid BESS &amp; Schwungrad)<\/a><br \/>\n  <a href=\"https:\/\/www.leclanche.com\/wp-content\/uploads\/2020\/10\/MARENGO-EUR-4.2.21.pdf\"><i class=\"fas fa-download\"><\/i> Versorger, USA \u2013 Marengo FCR<\/a><br \/>\n  <a href=\"https:\/\/www.leclanche.com\/wp-content\/uploads\/2020\/10\/EPFLEUR-web-5.2.21.pdf\"><i class=\"fas fa-download\"><\/i> Versorger, Schweiz \u2013 EPFL<\/a><br \/>\n  <a href=\"https:\/\/www.leclanche.com\/wp-content\/uploads\/2020\/10\/OAKVILLE-EUR-4.2.21.pdf\"><i class=\"fas fa-download\"><\/i> C&amp;I, Kanada \u2013 Oakville<\/a><br \/>\n  <a href=\"https:\/\/www.leclanche.com\/wp-content\/uploads\/2020\/10\/BASIN-EUR-5.2.21.pdf\"><i class=\"fas fa-download\"><\/i> Versorger, Kanada \u2013 Basin Ancillary Services<\/a><br \/>\n  <a href=\"https:\/\/www.leclanche.com\/wp-content\/uploads\/2020\/06\/GRACIOSA-EUR-5.2.21.pdf\"><i class=\"fas fa-download\"><\/i> Microgrid \u2013 Graciosa Island<\/a><br \/>\n  <a href=\"https:\/\/www.leclanche.com\/wp-content\/uploads\/2020\/06\/LECLANCHE-CREMZOWEUR5.2.21.pdf\"><i class=\"fas fa-download\"><\/i> Versorger, Deutschland \u2013 Cremzow FCR<\/a><br \/>\n  <a href=\"https:\/\/www.leclanche.com\/wp-content\/uploads\/2020\/10\/leclanche-depliant-v6-a4.pdf\"><i class=\"fas fa-download\"><\/i> Schnellladen wirtschaftlich realisieren<\/a><br \/>\n  <a href=\"https:\/\/www.leclanche.com\/wp-content\/uploads\/2020\/10\/LECLANCHE-ISLAND-ENERGY_1905_NA.pdf\"><i class=\"fas fa-download\"><\/i> Island Energy<\/a>\n<\/div>\n<h5>Qualit\u00e4tszertifikate (auf Englisch):<\/h5>\n<div class=\"download-list\">\n  <a href=\"https:\/\/www.leclanche.com\/wp-content\/uploads\/2023\/10\/IRIS-Certificate-19.05.2025-to-18.05.2028.pdf\"><i class=\"fas fa-download\"><\/i> IRIS-Zertifizierung<\/a><br \/>\n  <a href=\"https:\/\/www.leclanche.com\/wp-content\/uploads\/2025\/01\/ISO_100652_de_H10468.pdf\"><i class=\"fas fa-download\"><\/i> ISO 9001 \/ 45001 \/ 14001<\/a><br \/>\n  <a href=\"https:\/\/www.leclanche.com\/wp-content\/uploads\/2022\/07\/100652_iq_H10468.pdf\"><i class=\"fas fa-download\"><\/i> SQS IQNet Zertifikat<\/a>\n<\/div>\n<h5>e-Marine-Zertifikate (auf Englisch):<\/h5>\n<div class=\"download-list\">\n  <a href=\"https:\/\/www.leclanche.com\/wp-content\/uploads\/2022\/03\/RINA_ELE046121XP.pdf\"><i class=\"fas fa-download\"><\/i> RINA-Zertifikat<\/a><br \/>\n  <a href=\"https:\/\/www.leclanche.com\/wp-content\/uploads\/2022\/03\/BV_60987A1BV.pdf\"><i class=\"fas fa-download\"><\/i> Bureau Veritas Zertifikat<\/a><br \/>\n  <a href=\"https:\/\/www.leclanche.com\/wp-content\/uploads\/2022\/03\/LR_LR21265300TA.pdf\"><i class=\"fas fa-download\"><\/i> Lloyd\u2019s Register Zertifikat<\/a>\n<\/div>\n<h5>Verhaltenskodex (auf Englisch):<\/h5>\n<div class=\"download-list\">\n  <a href=\"https:\/\/www.leclanche.com\/wp-content\/uploads\/2021\/01\/DOT-G-225-2.pdf\"><i class=\"fas fa-download\"><\/i> Verhaltenskodex<\/a>\n<\/div>\n","protected":false},"excerpt":{"rendered":"<p>Unternehmen (auf Englisch): Quality Policy Corporate Presentation Schl\u00fcsselfertige Energiespeicherl\u00f6sungen Produkte (auf Englisch): Rail Traction Battery Systems Batteriesysteme f\u00fcr die Schifffahrt GL60 Energy Cell 60 Ah GL65 Energy Cell 65 Ah M2 Energy Module (G\/NMC, 60 Ah) M3 Energy Module (G\/NMC 60 Ah) M3 Energy Module (G\/NMC 65 Ah) Fortius-145 LeBlock Spezialgebiete (auf Englisch): Fahrerlose Transportfahrzeuge [&hellip;]<\/p>\n","protected":false},"author":1,"featured_media":0,"parent":0,"menu_order":0,"comment_status":"closed","ping_status":"closed","template":"","meta":{"footnotes":""},"class_list":["post-10280","page","type-page","status-publish","hentry"],"yoast_head":"<!-- This site is optimized with the Yoast SEO plugin v26.4 - https:\/\/yoast.com\/wordpress\/plugins\/seo\/ -->\n<title>Downloads - Leclanch\u00e9<\/title>\n<meta name=\"description\" content=\"Unsere Dokumente stehen unten zum Download zur Verf\u00fcgung.\" \/>\n<meta name=\"robots\" content=\"index, follow, max-snippet:-1, max-image-preview:large, max-video-preview:-1\" \/>\n<link rel=\"canonical\" href=\"https:\/\/www.leclanche.com\/de\/downloads\/\" \/>\n<meta property=\"og:locale\" content=\"de_DE\" \/>\n<meta property=\"og:type\" content=\"article\" \/>\n<meta property=\"og:title\" content=\"Downloads - Leclanch\u00e9\" \/>\n<meta property=\"og:description\" content=\"Unsere Dokumente stehen unten zum Download zur Verf\u00fcgung.\" \/>\n<meta property=\"og:url\" content=\"https:\/\/www.leclanche.com\/de\/downloads\/\" \/>\n<meta property=\"og:site_name\" content=\"Leclanch\u00e9\" \/>\n<meta property=\"article:modified_time\" content=\"2026-04-10T14:42:46+00:00\" \/>\n<meta name=\"twitter:card\" content=\"summary_large_image\" \/>\n<meta name=\"twitter:label1\" content=\"Gesch\u00e4tzte Lesezeit\" \/>\n\t<meta name=\"twitter:data1\" content=\"1\u00a0Minute\" \/>\n<script type=\"application\/ld+json\" class=\"yoast-schema-graph\">{\"@context\":\"https:\/\/schema.org\",\"@graph\":[{\"@type\":\"WebPage\",\"@id\":\"https:\/\/www.leclanche.com\/de\/downloads\/\",\"url\":\"https:\/\/www.leclanche.com\/de\/downloads\/\",\"name\":\"Downloads - Leclanch\u00e9\",\"isPartOf\":{\"@id\":\"https:\/\/www.leclanche.com\/de\/#website\"},\"datePublished\":\"2020-10-15T14:22:39+00:00\",\"dateModified\":\"2026-04-10T14:42:46+00:00\",\"description\":\"Unsere Dokumente stehen unten zum Download zur Verf\u00fcgung.\",\"breadcrumb\":{\"@id\":\"https:\/\/www.leclanche.com\/de\/downloads\/#breadcrumb\"},\"inLanguage\":\"de\",\"potentialAction\":[{\"@type\":\"ReadAction\",\"target\":[\"https:\/\/www.leclanche.com\/de\/downloads\/\"]}]},{\"@type\":\"BreadcrumbList\",\"@id\":\"https:\/\/www.leclanche.com\/de\/downloads\/#breadcrumb\",\"itemListElement\":[{\"@type\":\"ListItem\",\"position\":1,\"name\":\"Accueil\",\"item\":\"https:\/\/www.leclanche.com\/de\/\"},{\"@type\":\"ListItem\",\"position\":2,\"name\":\"Downloads\"}]},{\"@type\":\"WebSite\",\"@id\":\"https:\/\/www.leclanche.com\/de\/#website\",\"url\":\"https:\/\/www.leclanche.com\/de\/\",\"name\":\"Leclanch\u00e9\",\"description\":\"Energy Storage Solutions\",\"potentialAction\":[{\"@type\":\"SearchAction\",\"target\":{\"@type\":\"EntryPoint\",\"urlTemplate\":\"https:\/\/www.leclanche.com\/de\/?s={search_term_string}\"},\"query-input\":{\"@type\":\"PropertyValueSpecification\",\"valueRequired\":true,\"valueName\":\"search_term_string\"}}],\"inLanguage\":\"de\"}]}<\/script>\n<!-- \/ Yoast SEO plugin. -->","yoast_head_json":{"title":"Downloads - Leclanch\u00e9","description":"Unsere Dokumente stehen unten zum Download zur Verf\u00fcgung.","robots":{"index":"index","follow":"follow","max-snippet":"max-snippet:-1","max-image-preview":"max-image-preview:large","max-video-preview":"max-video-preview:-1"},"canonical":"https:\/\/www.leclanche.com\/de\/downloads\/","og_locale":"de_DE","og_type":"article","og_title":"Downloads - Leclanch\u00e9","og_description":"Unsere Dokumente stehen unten zum Download zur Verf\u00fcgung.","og_url":"https:\/\/www.leclanche.com\/de\/downloads\/","og_site_name":"Leclanch\u00e9","article_modified_time":"2026-04-10T14:42:46+00:00","twitter_card":"summary_large_image","twitter_misc":{"Gesch\u00e4tzte Lesezeit":"1\u00a0Minute"},"schema":{"@context":"https:\/\/schema.org","@graph":[{"@type":"WebPage","@id":"https:\/\/www.leclanche.com\/de\/downloads\/","url":"https:\/\/www.leclanche.com\/de\/downloads\/","name":"Downloads - Leclanch\u00e9","isPartOf":{"@id":"https:\/\/www.leclanche.com\/de\/#website"},"datePublished":"2020-10-15T14:22:39+00:00","dateModified":"2026-04-10T14:42:46+00:00","description":"Unsere Dokumente stehen unten zum Download zur Verf\u00fcgung.","breadcrumb":{"@id":"https:\/\/www.leclanche.com\/de\/downloads\/#breadcrumb"},"inLanguage":"de","potentialAction":[{"@type":"ReadAction","target":["https:\/\/www.leclanche.com\/de\/downloads\/"]}]},{"@type":"BreadcrumbList","@id":"https:\/\/www.leclanche.com\/de\/downloads\/#breadcrumb","itemListElement":[{"@type":"ListItem","position":1,"name":"Accueil","item":"https:\/\/www.leclanche.com\/de\/"},{"@type":"ListItem","position":2,"name":"Downloads"}]},{"@type":"WebSite","@id":"https:\/\/www.leclanche.com\/de\/#website","url":"https:\/\/www.leclanche.com\/de\/","name":"Leclanch\u00e9","description":"Energy Storage Solutions","potentialAction":[{"@type":"SearchAction","target":{"@type":"EntryPoint","urlTemplate":"https:\/\/www.leclanche.com\/de\/?s={search_term_string}"},"query-input":{"@type":"PropertyValueSpecification","valueRequired":true,"valueName":"search_term_string"}}],"inLanguage":"de"}]}},"_links":{"self":[{"href":"https:\/\/www.leclanche.com\/de\/wp-json\/wp\/v2\/pages\/10280","targetHints":{"allow":["GET"]}}],"collection":[{"href":"https:\/\/www.leclanche.com\/de\/wp-json\/wp\/v2\/pages"}],"about":[{"href":"https:\/\/www.leclanche.com\/de\/wp-json\/wp\/v2\/types\/page"}],"author":[{"embeddable":true,"href":"https:\/\/www.leclanche.com\/de\/wp-json\/wp\/v2\/users\/1"}],"replies":[{"embeddable":true,"href":"https:\/\/www.leclanche.com\/de\/wp-json\/wp\/v2\/comments?post=10280"}],"version-history":[{"count":52,"href":"https:\/\/www.leclanche.com\/de\/wp-json\/wp\/v2\/pages\/10280\/revisions"}],"predecessor-version":[{"id":15532,"href":"https:\/\/www.leclanche.com\/de\/wp-json\/wp\/v2\/pages\/10280\/revisions\/15532"}],"wp:attachment":[{"href":"https:\/\/www.leclanche.com\/de\/wp-json\/wp\/v2\/media?parent=10280"}],"curies":[{"name":"wp","href":"https:\/\/api.w.org\/{rel}","templated":true}]}}