{"id":10281,"date":"2020-11-16T15:03:20","date_gmt":"2020-11-16T14:03:20","guid":{"rendered":"https:\/\/www.leclanche.com\/energiemanagement-software\/"},"modified":"2020-11-16T15:03:20","modified_gmt":"2020-11-16T14:03:20","slug":"energiemanagement-software","status":"publish","type":"page","link":"https:\/\/www.leclanche.com\/de\/unsere-technologien\/energiemanagement-software\/","title":{"rendered":"Energiemanagement-Software"},"content":{"rendered":"<p>Die Energiemanagement-Software (EMS) von Leclanch\u00e9 wurde f\u00fcr eine flexible Integration mit vielf\u00e4ltigen Batterie\/Umrichter-Kombinationen entwickelt. Dazu geh\u00f6ren Mix-and-Match-Konfigurationen mit mehreren Anbietern, Subsystem-Softwareversionen, Batteriemanagementsystemen (BMS) und verschiedenen Nennleistungen und Energieklassen mit einem sehr hohen Ma\u00df an Zuverl\u00e4ssigkeit und Leistung. <\/p>\n<p>Das EMS setzt sich aus den folgenden Komponenten zusammen:<\/p>\n<ul>\n<li>Power Plant Controller (PPC) f\u00fcr die Steuerung des BESS-Betriebs<\/li>\n<li>Human Machine Interface (HMI)-Software f\u00fcr die Vor-Ort- oder Fern-Interaktion mit dem PPC<\/li>\n<li>Cloud-basierte Software f\u00fcr den sicheren Fernzugriff<\/li>\n<li>Historische Datenerfassung und Berichterstattung (Cloud-basiert oder ortsfest)<\/li>\n<\/ul>\n<p>Das branchenweit anerkannte EMS von Leclanch\u00e9 bietet unter anderem die folgenden Funktionen und M\u00f6glichkeiten:<\/p>\n<ul>\n<li>Nahtlose Back-Office-Integration (einschlie\u00dflich SCADA, DMS, DERMS)<\/li>\n<li>ISO Frequenzregelung-Nebenleistungen<\/li>\n<li>Energiearbitrage<\/li>\n<li>Flexibles Flottenmanagement<\/li>\n<li>Spannungsunterst\u00fctzung (Volt\/VAR-R\u00fcckf\u00fchrung)<\/li>\n<li>Verbesserung der Leistungsflussstabilit\u00e4t<\/li>\n<li>Intermittenzabschw\u00e4chung f\u00fcr die Wind- und Solarintegration<\/li>\n<li>Anlagen\u00fcberwachung in Echtzeit<\/li>\n<li>BoP-Integration mit HLK-, Brandschutz- und Sicherheitskomponenten<\/li>\n<\/ul>\n<p>Leclanch\u00e9 kann auf Grundlage verschiedener Kombinationen der oben genannten Funktionen kundenspezifische EMS-L\u00f6sungen entwickeln. <\/p>\n<p>Die versierten und innovativen EMS-Ingenieure von Leclanch\u00e9 bieten End-to-End-Unterst\u00fctzung \u2013 vom Konzept bis zur Inbetriebnahme (und dar\u00fcber hinaus). Das sichere, stabile und zuverl\u00e4ssige EMS von Leclanch\u00e9 wird sowohl unter Simulations- als auch realen Umgebungsbedingungen mehrfachen strengen Pr\u00fcfungen unterzogen und meistert auch die schwierigsten Herausforderungen im Stromnetz.<\/p>\n","protected":false},"excerpt":{"rendered":"<p>Die Energiemanagement-Software (EMS) von Leclanch\u00e9 wurde f\u00fcr eine flexible Integration mit vielf\u00e4ltigen Batterie\/Umrichter-Kombinationen entwickelt. Dazu geh\u00f6ren Mix-and-Match-Konfigurationen mit mehreren Anbietern, Subsystem-Softwareversionen, Batteriemanagementsystemen (BMS) und verschiedenen Nennleistungen und Energieklassen mit einem sehr hohen Ma\u00df an Zuverl\u00e4ssigkeit und Leistung. Das EMS setzt sich aus den folgenden Komponenten zusammen: Power Plant Controller (PPC) f\u00fcr die Steuerung des BESS-Betriebs [&hellip;]<\/p>\n","protected":false},"author":1,"featured_media":0,"parent":10293,"menu_order":0,"comment_status":"closed","ping_status":"closed","template":"","meta":{"footnotes":""},"class_list":["post-10281","page","type-page","status-publish","hentry"],"yoast_head":"<!-- This site is optimized with the Yoast SEO plugin v26.4 - https:\/\/yoast.com\/wordpress\/plugins\/seo\/ -->\n<title>Energiemanagement-Software - Leclanch\u00e9<\/title>\n<meta name=\"description\" content=\"Die EMS-Software-Suite von Leclanch\u00e9 stellt hochmoderne Tools f\u00fcr die Verwaltung gro\u00dfer netzgekoppelter Batteriespeichersysteme (BESS) bereit.\" \/>\n<meta name=\"robots\" content=\"index, follow, max-snippet:-1, max-image-preview:large, max-video-preview:-1\" \/>\n<link rel=\"canonical\" href=\"https:\/\/www.leclanche.com\/de\/unsere-technologien\/energiemanagement-software\/\" \/>\n<meta property=\"og:locale\" content=\"de_DE\" \/>\n<meta property=\"og:type\" content=\"article\" \/>\n<meta property=\"og:title\" content=\"Energiemanagement-Software - Leclanch\u00e9\" \/>\n<meta property=\"og:description\" content=\"Die EMS-Software-Suite von Leclanch\u00e9 stellt hochmoderne Tools f\u00fcr die Verwaltung gro\u00dfer netzgekoppelter Batteriespeichersysteme (BESS) bereit.\" \/>\n<meta property=\"og:url\" content=\"https:\/\/www.leclanche.com\/de\/unsere-technologien\/energiemanagement-software\/\" \/>\n<meta property=\"og:site_name\" content=\"Leclanch\u00e9\" \/>\n<meta name=\"twitter:card\" content=\"summary_large_image\" \/>\n<meta name=\"twitter:label1\" content=\"Gesch\u00e4tzte Lesezeit\" \/>\n\t<meta name=\"twitter:data1\" content=\"1\u00a0Minute\" \/>\n<script type=\"application\/ld+json\" class=\"yoast-schema-graph\">{\"@context\":\"https:\/\/schema.org\",\"@graph\":[{\"@type\":\"WebPage\",\"@id\":\"https:\/\/www.leclanche.com\/de\/unsere-technologien\/energiemanagement-software\/\",\"url\":\"https:\/\/www.leclanche.com\/de\/unsere-technologien\/energiemanagement-software\/\",\"name\":\"Energiemanagement-Software - Leclanch\u00e9\",\"isPartOf\":{\"@id\":\"https:\/\/www.leclanche.com\/de\/#website\"},\"datePublished\":\"2020-11-16T14:03:20+00:00\",\"description\":\"Die EMS-Software-Suite von Leclanch\u00e9 stellt hochmoderne Tools f\u00fcr die Verwaltung gro\u00dfer netzgekoppelter Batteriespeichersysteme (BESS) bereit.\",\"breadcrumb\":{\"@id\":\"https:\/\/www.leclanche.com\/de\/unsere-technologien\/energiemanagement-software\/#breadcrumb\"},\"inLanguage\":\"de\",\"potentialAction\":[{\"@type\":\"ReadAction\",\"target\":[\"https:\/\/www.leclanche.com\/de\/unsere-technologien\/energiemanagement-software\/\"]}]},{\"@type\":\"BreadcrumbList\",\"@id\":\"https:\/\/www.leclanche.com\/de\/unsere-technologien\/energiemanagement-software\/#breadcrumb\",\"itemListElement\":[{\"@type\":\"ListItem\",\"position\":1,\"name\":\"Accueil\",\"item\":\"https:\/\/www.leclanche.com\/de\/\"},{\"@type\":\"ListItem\",\"position\":2,\"name\":\"Unsere Technologien\",\"item\":\"https:\/\/www.leclanche.com\/de\/our-technologies\/\"},{\"@type\":\"ListItem\",\"position\":3,\"name\":\"Energiemanagement-Software\"}]},{\"@type\":\"WebSite\",\"@id\":\"https:\/\/www.leclanche.com\/de\/#website\",\"url\":\"https:\/\/www.leclanche.com\/de\/\",\"name\":\"Leclanch\u00e9\",\"description\":\"Energy Storage Solutions\",\"potentialAction\":[{\"@type\":\"SearchAction\",\"target\":{\"@type\":\"EntryPoint\",\"urlTemplate\":\"https:\/\/www.leclanche.com\/de\/?s={search_term_string}\"},\"query-input\":{\"@type\":\"PropertyValueSpecification\",\"valueRequired\":true,\"valueName\":\"search_term_string\"}}],\"inLanguage\":\"de\"}]}<\/script>\n<!-- \/ Yoast SEO plugin. -->","yoast_head_json":{"title":"Energiemanagement-Software - Leclanch\u00e9","description":"Die EMS-Software-Suite von Leclanch\u00e9 stellt hochmoderne Tools f\u00fcr die Verwaltung gro\u00dfer netzgekoppelter Batteriespeichersysteme (BESS) bereit.","robots":{"index":"index","follow":"follow","max-snippet":"max-snippet:-1","max-image-preview":"max-image-preview:large","max-video-preview":"max-video-preview:-1"},"canonical":"https:\/\/www.leclanche.com\/de\/unsere-technologien\/energiemanagement-software\/","og_locale":"de_DE","og_type":"article","og_title":"Energiemanagement-Software - Leclanch\u00e9","og_description":"Die EMS-Software-Suite von Leclanch\u00e9 stellt hochmoderne Tools f\u00fcr die Verwaltung gro\u00dfer netzgekoppelter Batteriespeichersysteme (BESS) bereit.","og_url":"https:\/\/www.leclanche.com\/de\/unsere-technologien\/energiemanagement-software\/","og_site_name":"Leclanch\u00e9","twitter_card":"summary_large_image","twitter_misc":{"Gesch\u00e4tzte Lesezeit":"1\u00a0Minute"},"schema":{"@context":"https:\/\/schema.org","@graph":[{"@type":"WebPage","@id":"https:\/\/www.leclanche.com\/de\/unsere-technologien\/energiemanagement-software\/","url":"https:\/\/www.leclanche.com\/de\/unsere-technologien\/energiemanagement-software\/","name":"Energiemanagement-Software - Leclanch\u00e9","isPartOf":{"@id":"https:\/\/www.leclanche.com\/de\/#website"},"datePublished":"2020-11-16T14:03:20+00:00","description":"Die EMS-Software-Suite von Leclanch\u00e9 stellt hochmoderne Tools f\u00fcr die Verwaltung gro\u00dfer netzgekoppelter Batteriespeichersysteme (BESS) bereit.","breadcrumb":{"@id":"https:\/\/www.leclanche.com\/de\/unsere-technologien\/energiemanagement-software\/#breadcrumb"},"inLanguage":"de","potentialAction":[{"@type":"ReadAction","target":["https:\/\/www.leclanche.com\/de\/unsere-technologien\/energiemanagement-software\/"]}]},{"@type":"BreadcrumbList","@id":"https:\/\/www.leclanche.com\/de\/unsere-technologien\/energiemanagement-software\/#breadcrumb","itemListElement":[{"@type":"ListItem","position":1,"name":"Accueil","item":"https:\/\/www.leclanche.com\/de\/"},{"@type":"ListItem","position":2,"name":"Unsere Technologien","item":"https:\/\/www.leclanche.com\/de\/our-technologies\/"},{"@type":"ListItem","position":3,"name":"Energiemanagement-Software"}]},{"@type":"WebSite","@id":"https:\/\/www.leclanche.com\/de\/#website","url":"https:\/\/www.leclanche.com\/de\/","name":"Leclanch\u00e9","description":"Energy Storage Solutions","potentialAction":[{"@type":"SearchAction","target":{"@type":"EntryPoint","urlTemplate":"https:\/\/www.leclanche.com\/de\/?s={search_term_string}"},"query-input":{"@type":"PropertyValueSpecification","valueRequired":true,"valueName":"search_term_string"}}],"inLanguage":"de"}]}},"_links":{"self":[{"href":"https:\/\/www.leclanche.com\/de\/wp-json\/wp\/v2\/pages\/10281","targetHints":{"allow":["GET"]}}],"collection":[{"href":"https:\/\/www.leclanche.com\/de\/wp-json\/wp\/v2\/pages"}],"about":[{"href":"https:\/\/www.leclanche.com\/de\/wp-json\/wp\/v2\/types\/page"}],"author":[{"embeddable":true,"href":"https:\/\/www.leclanche.com\/de\/wp-json\/wp\/v2\/users\/1"}],"replies":[{"embeddable":true,"href":"https:\/\/www.leclanche.com\/de\/wp-json\/wp\/v2\/comments?post=10281"}],"version-history":[{"count":0,"href":"https:\/\/www.leclanche.com\/de\/wp-json\/wp\/v2\/pages\/10281\/revisions"}],"up":[{"embeddable":true,"href":"https:\/\/www.leclanche.com\/de\/wp-json\/wp\/v2\/pages\/10293"}],"wp:attachment":[{"href":"https:\/\/www.leclanche.com\/de\/wp-json\/wp\/v2\/media?parent=10281"}],"curies":[{"name":"wp","href":"https:\/\/api.w.org\/{rel}","templated":true}]}}