{"id":10285,"date":"2020-11-23T18:00:04","date_gmt":"2020-11-23T17:00:04","guid":{"rendered":"https:\/\/www.leclanche.com\/unsere-niederlassungen\/"},"modified":"2025-12-15T15:47:08","modified_gmt":"2025-12-15T14:47:08","slug":"unsere-niederlassungen","status":"publish","type":"page","link":"https:\/\/www.leclanche.com\/de\/unsere-niederlassungen\/","title":{"rendered":"Unsere Niederlassungen"},"content":{"rendered":"<p>Leclanch\u00e9 SA (Headquarters)<br \/>\n<span class=\"OYPEnA text-decoration-none text-strikethrough-none\">Avenue des D\u00e9couvertes 14c<\/span><br \/>\n1400 Yverdon-les-Bains<br \/>\nSwitzerland<\/p>\n<p>tel: <a href=\"tel:\/\/+41244246500\/\">+41 (0)24 424 65 00<\/a><br \/>\nfax: <a href=\"tel:\/\/+41244246520\/\">+41 (0)24 424 65 20<\/a><br \/>\n<a>info@leclanche.com<\/a><\/p>\n<p><iframe loading=\"lazy\" style=\"border: 0;\" src=\"https:\/\/www.google.com\/maps\/embed?pb=!1m18!1m12!1m3!1d2732.933325210533!2d6.639501015565415!3d46.76621067913795!2m3!1f0!2f0!3f0!3m2!1i1024!2i768!4f13.1!3m3!1m2!1s0x478dcfbcd745e5df%3A0x22b74bdb2e2467!2sAv.%20des%20D%C3%A9couvertes%2014C%2C%201400%20Yverdon-les-Bains!5e0!3m2!1sen!2sch!4v1642160586726!5m2!1sen!2sch\" width=\"600\" height=\"450\" allowfullscreen=\"allowfullscreen\"><span data-mce-type=\"bookmark\" style=\"display: inline-block; width: 0px; overflow: hidden; line-height: 0;\" class=\"mce_SELRES_start\">\ufeff<\/span><\/iframe><\/p>\n<hr \/>\n<p>Leclanch\u00e9 E-Mobility SA<br \/>\nAvenue des D\u00e9couvertes 14<br \/>\n1400 Yverdon-les-Bains<br \/>\nSwitzerland<\/p>\n<p>tel: <a href=\"tel:\/\/+41244246500\/\">+41 (0)24 424 65 00<\/a><br \/>\nfax: <a href=\"tel:\/\/+41244246520\/\">+41 (0)24 424 65 20<\/a><br \/>\n<a>info@leclanche.com<\/a><\/p>\n<p><iframe loading=\"lazy\" style=\"border: 0;\" src=\"https:\/\/www.google.com\/maps\/embed?pb=!1m18!1m12!1m3!1d2732.933325210533!2d6.639501015565415!3d46.76621067913795!2m3!1f0!2f0!3f0!3m2!1i1024!2i768!4f13.1!3m3!1m2!1s0x478dcfbcd745e5df%3A0x22b74bdb2e2467!2sAv.%20des%20D%C3%A9couvertes%2014%2C%201400%20Yverdon-les-Bains!5e0!3m2!1sen!2sch!4v1642160586726!5m2!1sen!2sch\" width=\"600\" height=\"450\" allowfullscreen=\"allowfullscreen\"><span data-mce-type=\"bookmark\" style=\"display: inline-block; width: 0px; overflow: hidden; line-height: 0;\" class=\"mce_SELRES_start\">\ufeff<\/span><\/iframe><\/p>\n<hr \/>\n<p>Leclanch\u00e9 SBS SA<br \/>\nAvenue des D\u00e9couvertes 14<br \/>\n1400 Yverdon-les-Bains<br \/>\nSwitzerland<\/p>\n<p>tel: <a href=\"tel:\/\/+41244246500\/\">+41 (0)24 424 65 00<\/a><br \/>\nfax: <a href=\"tel:\/\/+41244246520\/\">+41 (0)24 424 65 20<\/a><br \/>\n<a>info@leclanche.com<\/a><\/p>\n<p><iframe loading=\"lazy\" style=\"border: 0;\" src=\"https:\/\/www.google.com\/maps\/embed?pb=!1m18!1m12!1m3!1d2732.933325210533!2d6.639501015565415!3d46.76621067913795!2m3!1f0!2f0!3f0!3m2!1i1024!2i768!4f13.1!3m3!1m2!1s0x478dcfbcd745e5df%3A0x22b74bdb2e2467!2sAv.%20des%20D%C3%A9couvertes%2014%2C%201400%20Yverdon-les-Bains!5e0!3m2!1sen!2sch!4v1642160586726!5m2!1sen!2sch\" width=\"600\" height=\"450\" allowfullscreen=\"allowfullscreen\" data-mce-fragment=\"1\"><span data-mce-type=\"bookmark\" style=\"display: inline-block; width: 0px; overflow: hidden; line-height: 0;\" class=\"mce_SELRES_start\">\ufeff<\/span><\/iframe><\/p>\n<hr \/>\n<p>Leclanch\u00e9 Technologies SA<br \/>\nAvenue des D\u00e9couvertes 14<br \/>\n1400 Yverdon-les-Bains<br \/>\nSwitzerland<\/p>\n<p>tel: <a href=\"tel:\/\/+41244246500\/\">+41 (0)24 424 65 00<\/a><br \/>\nfax: <a href=\"tel:\/\/+41244246520\/\">+41 (0)24 424 65 20<\/a><br \/>\n<a>info@leclanche.com<\/a><\/p>\n<p><iframe loading=\"lazy\" style=\"border: 0;\" src=\"https:\/\/www.google.com\/maps\/embed?pb=!1m18!1m12!1m3!1d2732.933325210533!2d6.639501015565415!3d46.76621067913795!2m3!1f0!2f0!3f0!3m2!1i1024!2i768!4f13.1!3m3!1m2!1s0x478dcfbcd745e5df%3A0x22b74bdb2e2467!2sAv.%20des%20D%C3%A9couvertes%2014%2C%201400%20Yverdon-les-Bains!5e0!3m2!1sen!2sch!4v1642160586726!5m2!1sen!2sch\" width=\"600\" height=\"450\" allowfullscreen=\"allowfullscreen\" data-mce-fragment=\"1\"><span data-mce-type=\"bookmark\" style=\"display: inline-block; width: 0px; overflow: hidden; line-height: 0;\" class=\"mce_SELRES_start\">\ufeff<\/span><\/iframe><\/p>\n<hr \/>\n<p>&nbsp;<\/p>\n<p>Leclanch\u00e9 GmbH<br \/>\nIndustriestra\u00dfe 1<br \/>\n77731 Willst\u00e4tt<br \/>\nGermany<\/p>\n<p>tel: <a href=\"tel:\/\/+49785281800\/\">+49 (0)7852 818 00<\/a><br \/>\nfax: <a href=\"tel:\/\/+49785281848\/\">+49 (0)7852 818 48<\/a><br \/>\n<a>info@leclanche.com<\/a><\/p>\n<p><iframe loading=\"lazy\" style=\"border: 0;\" tabindex=\"0\" src=\"https:\/\/www.google.com\/maps\/embed?pb=!1m18!1m12!1m3!1d2641.68701077439!2d7.882779951019472!3d48.539229630978184!2m3!1f0!2f0!3f0!3m2!1i1024!2i768!4f13.1!3m3!1m2!1s0x4796ce105c22e1ff%3A0x97ec193ceedbd6d7!2sLeclanch%C3%A9%20GmbH!5e0!3m2!1sen!2sch!4v1605691862136!5m2!1sen!2sch\" width=\"600\" height=\"450\" frameborder=\"0\" allowfullscreen=\"allowfullscreen\" aria-hidden=\"false\"><\/iframe><\/p>\n<hr \/>\n<p><span lang=\"EN-US\">Leclanch\u00e9 North America, Inc.<br \/>\n2685 Enterprise Dr<br \/>\nAnderson, IN 46013<br \/>\nUSA<br \/>\n<\/span><\/p>\n<p>tel:\u00a0<a href=\"tel:\/\/+ 17657056144\/\">+ 1 765\u00a0705\u00a06144<\/a><br \/>\n<a>info@leclanche.com<\/a><\/p>\n<p><iframe loading=\"lazy\" style=\"border: 0;\" tabindex=\"0\" src=\"https:\/\/www.google.com\/maps\/embed?pb=!1m18!1m12!1m3!1d3054.60305465362!2d-85.72473604924857!3d40.03964108630976!2m3!1f0!2f0!3f0!3m2!1i1024!2i768!4f13.1!3m3!1m2!1s0x8814d198b3ec0c9b%3A0xd96119386aa62b8e!2sLeclanch%C3%A9%20North%20America%2C%20Inc.!5e0!3m2!1sen!2sch!4v1605692026299!5m2!1sen!2sch\" width=\"600\" height=\"450\" frameborder=\"0\" allowfullscreen=\"allowfullscreen\" aria-hidden=\"false\"><span data-mce-type=\"bookmark\" style=\"display: inline-block; width: 0px; overflow: hidden; line-height: 0;\" class=\"mce_SELRES_start\">\ufeff<\/span><\/iframe><\/p>\n<hr \/>\n<p>Leclanch\u00e9 Norway<br \/>\nKarenslyst alle 53<br \/>\n0279 Oslo<br \/>\nNorway<\/p>\n<p><a>info@leclanche.com<\/a><\/p>\n<p><iframe loading=\"lazy\" style=\"border: 0;\" src=\"https:\/\/www.google.com\/maps\/embed?pb=!1m18!1m12!1m3!1d1999.6305956545634!2d10.677387416309639!3d59.92167787042848!2m3!1f0!2f0!3f0!3m2!1i1024!2i768!4f13.1!3m3!1m2!1s0x46416db389b817c1%3A0x3da04d18817122ad!2sKarenslyst%20All%C3%A9%2053%2C%200279%20Oslo%2C%20Norway!5e0!3m2!1sen!2sch!4v1628083831997!5m2!1sen!2sch\" width=\"600\" height=\"450\" allowfullscreen=\"allowfullscreen\"><\/iframe><\/p>\n<hr \/>\n<p style=\"margin: 0cm;\">Leclanch\u00e9 France SASU<\/p>\n<p style=\"margin: 0cm;\">Maison des Entreprises de Versailles Grand Parc<b><br \/>\n<\/b>2 place de Touraine<\/p>\n<p style=\"margin: 0cm;\">78000 Versailles<br \/>\nFrance<\/p>\n<p><a>info@leclanche.com<\/a><\/p>\n<p><iframe loading=\"lazy\" style=\"border: 0;\" tabindex=\"0\" src=\"https:\/\/www.google.com\/maps\/embed?pb=!1m18!1m12!1m3!1d2627.8521024876745!2d2.1595305156377202!3d48.803801279282204!2m3!1f0!2f0!3f0!3m2!1i1024!2i768!4f13.1!3m3!1m2!1s0x47e67dee5bab39cf%3A0x7cc63e2c7ac8769c!2sMaison%20des%20Entreprises%20de%20Versailles%20Grand%20Parc!5e0!3m2!1sen!2sch!4v1609756896963!5m2!1sen!2sch\" width=\"600\" height=\"450\" frameborder=\"0\" allowfullscreen=\"allowfullscreen\" aria-hidden=\"false\"><\/iframe><\/p>\n<hr \/>\n<p>Leclanch\u00e9 UK Limited,<br \/>\nc\/o Elm Tree House, Handley, Clay Cross, Chesterfield,<br \/>\nDerbyshire, S45 9AT,<br \/>\nEngland<\/p>\n<p><a>info@leclanche.com<\/a><\/p>\n<p><iframe loading=\"lazy\" style=\"border: 0;\" tabindex=\"0\" src=\"https:\/\/www.google.com\/maps\/embed?pb=!1m18!1m12!1m3!1d4785.168253450428!2d-1.4427159708208672!3d53.15355780355192!2m3!1f0!2f0!3f0!3m2!1i1024!2i768!4f13.1!3m3!1m2!1s0x48798e38584e60e9%3A0x19d4282406ed0566!2sHandley%20Ln%2C%20Handley%2C%20Clay%20Cross%2C%20Chesterfield%20S45%209AT%2C%20Royaume-Uni!5e0!3m2!1sfr!2sch!4v1613375099136!5m2!1sfr!2sch\" width=\"600\" height=\"450\" frameborder=\"0\" allowfullscreen=\"allowfullscreen\" aria-hidden=\"false\"><\/iframe><\/p>\n","protected":false},"excerpt":{"rendered":"<p>Leclanch\u00e9 SA (Headquarters) Avenue des D\u00e9couvertes 14c 1400 Yverdon-les-Bains Switzerland tel: +41 (0)24 424 65 00 fax: +41 (0)24 424 65 20 info@leclanche.com \ufeff Leclanch\u00e9 E-Mobility SA Avenue des D\u00e9couvertes 14 1400 Yverdon-les-Bains Switzerland tel: +41 (0)24 424 65 00 fax: +41 (0)24 424 65 20 info@leclanche.com \ufeff Leclanch\u00e9 SBS SA Avenue des D\u00e9couvertes 14 [&hellip;]<\/p>\n","protected":false},"author":2,"featured_media":0,"parent":0,"menu_order":0,"comment_status":"closed","ping_status":"closed","template":"","meta":{"footnotes":""},"class_list":["post-10285","page","type-page","status-publish","hentry"],"yoast_head":"<!-- This site is optimized with the Yoast SEO plugin v26.4 - https:\/\/yoast.com\/wordpress\/plugins\/seo\/ -->\n<title>Unsere Niederlassungen - Leclanch\u00e9<\/title>\n<meta name=\"description\" content=\"Leclanch\u00e9 SA ist ein weltweit f\u00fchrender Anbieter von hochwertigen Energiespeicherl\u00f6sungen mit auf Lithium-Ionen-Zellen aufbauenden Technologien, die dazu beitragen, unsere Fortschritte f\u00fcr eine Zukunft mit sauberen Energien zu beschleunigen. Leclanch\u00e9 ist an der Schweizer B\u00f6rse notiert.\" \/>\n<meta name=\"robots\" content=\"index, follow, max-snippet:-1, max-image-preview:large, max-video-preview:-1\" \/>\n<link rel=\"canonical\" href=\"https:\/\/www.leclanche.com\/de\/unsere-niederlassungen\/\" \/>\n<meta property=\"og:locale\" content=\"de_DE\" \/>\n<meta property=\"og:type\" content=\"article\" \/>\n<meta property=\"og:title\" content=\"Unsere Niederlassungen - Leclanch\u00e9\" \/>\n<meta property=\"og:description\" content=\"Leclanch\u00e9 SA ist ein weltweit f\u00fchrender Anbieter von hochwertigen Energiespeicherl\u00f6sungen mit auf Lithium-Ionen-Zellen aufbauenden Technologien, die dazu beitragen, unsere Fortschritte f\u00fcr eine Zukunft mit sauberen Energien zu beschleunigen. Leclanch\u00e9 ist an der Schweizer B\u00f6rse notiert.\" \/>\n<meta property=\"og:url\" content=\"https:\/\/www.leclanche.com\/de\/unsere-niederlassungen\/\" \/>\n<meta property=\"og:site_name\" content=\"Leclanch\u00e9\" \/>\n<meta property=\"article:modified_time\" content=\"2025-12-15T14:47:08+00:00\" \/>\n<meta name=\"twitter:card\" content=\"summary_large_image\" \/>\n<meta name=\"twitter:label1\" content=\"Gesch\u00e4tzte Lesezeit\" \/>\n\t<meta name=\"twitter:data1\" content=\"1\u00a0Minute\" \/>\n<script type=\"application\/ld+json\" class=\"yoast-schema-graph\">{\"@context\":\"https:\/\/schema.org\",\"@graph\":[{\"@type\":\"WebPage\",\"@id\":\"https:\/\/www.leclanche.com\/de\/unsere-niederlassungen\/\",\"url\":\"https:\/\/www.leclanche.com\/de\/unsere-niederlassungen\/\",\"name\":\"Unsere Niederlassungen - Leclanch\u00e9\",\"isPartOf\":{\"@id\":\"https:\/\/www.leclanche.com\/de\/#website\"},\"datePublished\":\"2020-11-23T17:00:04+00:00\",\"dateModified\":\"2025-12-15T14:47:08+00:00\",\"description\":\"Leclanch\u00e9 SA ist ein weltweit f\u00fchrender Anbieter von hochwertigen Energiespeicherl\u00f6sungen mit auf Lithium-Ionen-Zellen aufbauenden Technologien, die dazu beitragen, unsere Fortschritte f\u00fcr eine Zukunft mit sauberen Energien zu beschleunigen. Leclanch\u00e9 ist an der Schweizer B\u00f6rse notiert.\",\"breadcrumb\":{\"@id\":\"https:\/\/www.leclanche.com\/de\/unsere-niederlassungen\/#breadcrumb\"},\"inLanguage\":\"de\",\"potentialAction\":[{\"@type\":\"ReadAction\",\"target\":[\"https:\/\/www.leclanche.com\/de\/unsere-niederlassungen\/\"]}]},{\"@type\":\"BreadcrumbList\",\"@id\":\"https:\/\/www.leclanche.com\/de\/unsere-niederlassungen\/#breadcrumb\",\"itemListElement\":[{\"@type\":\"ListItem\",\"position\":1,\"name\":\"Accueil\",\"item\":\"https:\/\/www.leclanche.com\/de\/\"},{\"@type\":\"ListItem\",\"position\":2,\"name\":\"Unsere Niederlassungen\"}]},{\"@type\":\"WebSite\",\"@id\":\"https:\/\/www.leclanche.com\/de\/#website\",\"url\":\"https:\/\/www.leclanche.com\/de\/\",\"name\":\"Leclanch\u00e9\",\"description\":\"Energy Storage Solutions\",\"potentialAction\":[{\"@type\":\"SearchAction\",\"target\":{\"@type\":\"EntryPoint\",\"urlTemplate\":\"https:\/\/www.leclanche.com\/de\/?s={search_term_string}\"},\"query-input\":{\"@type\":\"PropertyValueSpecification\",\"valueRequired\":true,\"valueName\":\"search_term_string\"}}],\"inLanguage\":\"de\"}]}<\/script>\n<!-- \/ Yoast SEO plugin. -->","yoast_head_json":{"title":"Unsere Niederlassungen - Leclanch\u00e9","description":"Leclanch\u00e9 SA ist ein weltweit f\u00fchrender Anbieter von hochwertigen Energiespeicherl\u00f6sungen mit auf Lithium-Ionen-Zellen aufbauenden Technologien, die dazu beitragen, unsere Fortschritte f\u00fcr eine Zukunft mit sauberen Energien zu beschleunigen. Leclanch\u00e9 ist an der Schweizer B\u00f6rse notiert.","robots":{"index":"index","follow":"follow","max-snippet":"max-snippet:-1","max-image-preview":"max-image-preview:large","max-video-preview":"max-video-preview:-1"},"canonical":"https:\/\/www.leclanche.com\/de\/unsere-niederlassungen\/","og_locale":"de_DE","og_type":"article","og_title":"Unsere Niederlassungen - Leclanch\u00e9","og_description":"Leclanch\u00e9 SA ist ein weltweit f\u00fchrender Anbieter von hochwertigen Energiespeicherl\u00f6sungen mit auf Lithium-Ionen-Zellen aufbauenden Technologien, die dazu beitragen, unsere Fortschritte f\u00fcr eine Zukunft mit sauberen Energien zu beschleunigen. Leclanch\u00e9 ist an der Schweizer B\u00f6rse notiert.","og_url":"https:\/\/www.leclanche.com\/de\/unsere-niederlassungen\/","og_site_name":"Leclanch\u00e9","article_modified_time":"2025-12-15T14:47:08+00:00","twitter_card":"summary_large_image","twitter_misc":{"Gesch\u00e4tzte Lesezeit":"1\u00a0Minute"},"schema":{"@context":"https:\/\/schema.org","@graph":[{"@type":"WebPage","@id":"https:\/\/www.leclanche.com\/de\/unsere-niederlassungen\/","url":"https:\/\/www.leclanche.com\/de\/unsere-niederlassungen\/","name":"Unsere Niederlassungen - Leclanch\u00e9","isPartOf":{"@id":"https:\/\/www.leclanche.com\/de\/#website"},"datePublished":"2020-11-23T17:00:04+00:00","dateModified":"2025-12-15T14:47:08+00:00","description":"Leclanch\u00e9 SA ist ein weltweit f\u00fchrender Anbieter von hochwertigen Energiespeicherl\u00f6sungen mit auf Lithium-Ionen-Zellen aufbauenden Technologien, die dazu beitragen, unsere Fortschritte f\u00fcr eine Zukunft mit sauberen Energien zu beschleunigen. Leclanch\u00e9 ist an der Schweizer B\u00f6rse notiert.","breadcrumb":{"@id":"https:\/\/www.leclanche.com\/de\/unsere-niederlassungen\/#breadcrumb"},"inLanguage":"de","potentialAction":[{"@type":"ReadAction","target":["https:\/\/www.leclanche.com\/de\/unsere-niederlassungen\/"]}]},{"@type":"BreadcrumbList","@id":"https:\/\/www.leclanche.com\/de\/unsere-niederlassungen\/#breadcrumb","itemListElement":[{"@type":"ListItem","position":1,"name":"Accueil","item":"https:\/\/www.leclanche.com\/de\/"},{"@type":"ListItem","position":2,"name":"Unsere Niederlassungen"}]},{"@type":"WebSite","@id":"https:\/\/www.leclanche.com\/de\/#website","url":"https:\/\/www.leclanche.com\/de\/","name":"Leclanch\u00e9","description":"Energy Storage Solutions","potentialAction":[{"@type":"SearchAction","target":{"@type":"EntryPoint","urlTemplate":"https:\/\/www.leclanche.com\/de\/?s={search_term_string}"},"query-input":{"@type":"PropertyValueSpecification","valueRequired":true,"valueName":"search_term_string"}}],"inLanguage":"de"}]}},"_links":{"self":[{"href":"https:\/\/www.leclanche.com\/de\/wp-json\/wp\/v2\/pages\/10285","targetHints":{"allow":["GET"]}}],"collection":[{"href":"https:\/\/www.leclanche.com\/de\/wp-json\/wp\/v2\/pages"}],"about":[{"href":"https:\/\/www.leclanche.com\/de\/wp-json\/wp\/v2\/types\/page"}],"author":[{"embeddable":true,"href":"https:\/\/www.leclanche.com\/de\/wp-json\/wp\/v2\/users\/2"}],"replies":[{"embeddable":true,"href":"https:\/\/www.leclanche.com\/de\/wp-json\/wp\/v2\/comments?post=10285"}],"version-history":[{"count":14,"href":"https:\/\/www.leclanche.com\/de\/wp-json\/wp\/v2\/pages\/10285\/revisions"}],"predecessor-version":[{"id":15362,"href":"https:\/\/www.leclanche.com\/de\/wp-json\/wp\/v2\/pages\/10285\/revisions\/15362"}],"wp:attachment":[{"href":"https:\/\/www.leclanche.com\/de\/wp-json\/wp\/v2\/media?parent=10285"}],"curies":[{"name":"wp","href":"https:\/\/api.w.org\/{rel}","templated":true}]}}