{"id":10286,"date":"2020-11-25T16:12:33","date_gmt":"2020-11-25T15:12:33","guid":{"rendered":"https:\/\/www.leclanche.com\/marine-rack-system\/"},"modified":"2020-11-25T16:12:33","modified_gmt":"2020-11-25T15:12:33","slug":"marine-rack-system","status":"publish","type":"page","link":"https:\/\/www.leclanche.com\/de\/marine-rack-system\/","title":{"rendered":"Marine-Rack-System"},"content":{"rendered":"<p>Der Dreh- und Angelpunkt des Marine-Rack-Systems (MRS) sind Hochenergie-Lithium-Ionen-G\/NMC-Zellen, die von Leclanch\u00e9 in Europa hergestellt werden.<\/p>\n<p>Die in robuste Module mit der erforderlichen Konfiguration eingebauten Zellen sind von IP65-Geh\u00e4usen gesch\u00fctzt, die speziell f\u00fcr die rauen Umgebungsbedingungen der Schifffahrt entwickelt wurden.<\/p>\n<p>Die IP65-Geh\u00e4use werden zusammen mit einem speziellen eigenentwickelten Batteriemanagementsystem (BMS) in MRS-Racks der erforderlichen Gr\u00f6\u00dfe eingebaut.<\/p>\n<p>&nbsp;<\/p>\n<p><img loading=\"lazy\" decoding=\"async\" class=\"alignnone wp-image-7173 size-large\" src=\"https:\/\/www.leclanche.com\/wp-content\/uploads\/2020\/11\/Exploded-Module-Alternate-with-Cell-7_no-background-800x1024.png\" alt=\"\" width=\"640\" height=\"819\" srcset=\"https:\/\/www.leclanche.com\/wp-content\/uploads\/2020\/11\/Exploded-Module-Alternate-with-Cell-7_no-background-800x1024.png 800w, https:\/\/www.leclanche.com\/wp-content\/uploads\/2020\/11\/Exploded-Module-Alternate-with-Cell-7_no-background-235x300.png 235w, https:\/\/www.leclanche.com\/wp-content\/uploads\/2020\/11\/Exploded-Module-Alternate-with-Cell-7_no-background-768x982.png 768w, https:\/\/www.leclanche.com\/wp-content\/uploads\/2020\/11\/Exploded-Module-Alternate-with-Cell-7_no-background-1201x1536.png 1201w, https:\/\/www.leclanche.com\/wp-content\/uploads\/2020\/11\/Exploded-Module-Alternate-with-Cell-7_no-background-1601x2048.png 1601w, https:\/\/www.leclanche.com\/wp-content\/uploads\/2020\/11\/Exploded-Module-Alternate-with-Cell-7_no-background.png 1615w\" sizes=\"auto, (max-width: 640px) 100vw, 640px\" \/><\/p>\n<h2><b>Zellen <\/b><b>&#038;<\/b><b> Module<\/b><\/h2>\n<ul>\n<li>60\u00a0Ah Hochenergie-G\/NMC-Zellen, mit branchenf\u00fchrender Zyklenlebensdauer: 8.000 bei 80 % Entladungstiefe (DoD, Depth of Discharge) (4.500 bei 100 % DoD).<\/li>\n<li>Je nach den Anforderungen der jeweiligen Anwendung sind Module in verschiedenen Konfigurationen erh\u00e4ltlich.<\/li>\n<li>Alle Module sind in wasserfesten IP65-Geh\u00e4usen mit integrierter wassergek\u00fchlter K\u00fchlplatte untergebracht<\/li>\n<\/ul>\n<p>&nbsp;<\/p>\n<p><img loading=\"lazy\" decoding=\"async\" class=\"alignnone wp-image-7101\" src=\"https:\/\/www.leclanche.com\/wp-content\/uploads\/2020\/11\/mrs-rack-14-1024x819.png\" alt=\"\" width=\"780\" height=\"624\" \/><\/p>\n<p>&nbsp;<\/p>\n<h2><b>Das Marine-Rack-System<\/b><\/h2>\n<ul>\n<li>Erh\u00e4ltlich in vier Standard-Rackh\u00f6hen f\u00fcr alle Batterieraum-Auslegungen und -Gr\u00f6\u00dfen<\/li>\n<li>Einfache Installation und Wartung<\/li>\n<li>Zertifizierung nach allen wichtigen Klassen<\/li>\n<li>Unabh\u00e4ngiges L\u00fcftungskanalsystem zur aktiven Absaugung hei\u00dfer und brennbarer Gase<\/li>\n<li>Echtzeitzugriff auf Batteriestatus-, Leistungs- und Diagnosedaten \u00fcber eine vollst\u00e4ndige Benutzeroberfl\u00e4che.<\/li>\n<li>Batteriepack-Spannung bis zu 1100 V DC<\/li>\n<li>Lieferung mit 230 VAC-Netzteil oder einem isolierten DC\/DC-Netzteil<\/li>\n<\/ul>\n<p>&nbsp;<\/p>\n<h2><b>Das MRS-Sortiment<\/b><b><\/b><\/h2>\n<p><img loading=\"lazy\" decoding=\"async\" class=\"alignnone wp-image-9047 size-full\" src=\"https:\/\/www.leclanche.com\/wp-content\/uploads\/2020\/11\/Mrs-table-2.png\" alt=\"\" width=\"1018\" height=\"400\" srcset=\"https:\/\/www.leclanche.com\/wp-content\/uploads\/2020\/11\/Mrs-table-2.png 1018w, https:\/\/www.leclanche.com\/wp-content\/uploads\/2020\/11\/Mrs-table-2-300x118.png 300w, https:\/\/www.leclanche.com\/wp-content\/uploads\/2020\/11\/Mrs-table-2-768x302.png 768w\" sizes=\"auto, (max-width: 1018px) 100vw, 1018px\" \/><\/p>\n<h2><\/h2>\n<p><img loading=\"lazy\" decoding=\"async\" class=\"alignnone wp-image-7176 size-large\" src=\"https:\/\/www.leclanche.com\/wp-content\/uploads\/2020\/11\/leclanche-graphic_mrs-01@2x-699x1024.png\" alt=\"\" width=\"640\" height=\"938\" srcset=\"https:\/\/www.leclanche.com\/wp-content\/uploads\/2020\/11\/leclanche-graphic_mrs-01@2x-699x1024.png 699w, https:\/\/www.leclanche.com\/wp-content\/uploads\/2020\/11\/leclanche-graphic_mrs-01@2x-205x300.png 205w, https:\/\/www.leclanche.com\/wp-content\/uploads\/2020\/11\/leclanche-graphic_mrs-01@2x-768x1124.png 768w, https:\/\/www.leclanche.com\/wp-content\/uploads\/2020\/11\/leclanche-graphic_mrs-01@2x-1049x1536.png 1049w, https:\/\/www.leclanche.com\/wp-content\/uploads\/2020\/11\/leclanche-graphic_mrs-01@2x-1399x2048.png 1399w, https:\/\/www.leclanche.com\/wp-content\/uploads\/2020\/11\/leclanche-graphic_mrs-01@2x.png 1552w\" sizes=\"auto, (max-width: 640px) 100vw, 640px\" \/><\/p>\n<ul>\n<li>Der Schaltschrank, der das Batteriemanagementsystem aufnimmt, ist von der Gr\u00f6\u00dfe her vergleichbar mit einem MRS.3-Rack.<\/li>\n<li>Er kann entweder in den MRS-Strang integriert oder separat als Stand-Alone-Einheit eingebaut werden.<\/li>\n<li>Jeder Schaltschrank kann bis zu 60 Module in einem MRS-Strang kontrollieren.<\/li>\n<\/ul>\n<h2>Anwendungsbeispiele<\/h2>\n<p><img loading=\"lazy\" decoding=\"async\" class=\"alignnone wp-image-9037 size-full\" src=\"https:\/\/www.leclanche.com\/wp-content\/uploads\/2020\/11\/MRS-applications.png\" alt=\"\" width=\"1302\" height=\"765\" srcset=\"https:\/\/www.leclanche.com\/wp-content\/uploads\/2020\/11\/MRS-applications.png 1302w, https:\/\/www.leclanche.com\/wp-content\/uploads\/2020\/11\/MRS-applications-300x176.png 300w, https:\/\/www.leclanche.com\/wp-content\/uploads\/2020\/11\/MRS-applications-1024x602.png 1024w, https:\/\/www.leclanche.com\/wp-content\/uploads\/2020\/11\/MRS-applications-768x451.png 768w\" sizes=\"auto, (max-width: 1302px) 100vw, 1302px\" \/><\/p>\n<p><img loading=\"lazy\" decoding=\"async\" class=\"alignnone wp-image-9035 size-full\" src=\"https:\/\/www.leclanche.com\/wp-content\/uploads\/2020\/11\/mrs-table.png\" alt=\"\" width=\"2082\" height=\"602\" srcset=\"https:\/\/www.leclanche.com\/wp-content\/uploads\/2020\/11\/mrs-table.png 2082w, https:\/\/www.leclanche.com\/wp-content\/uploads\/2020\/11\/mrs-table-300x87.png 300w, https:\/\/www.leclanche.com\/wp-content\/uploads\/2020\/11\/mrs-table-1024x296.png 1024w, https:\/\/www.leclanche.com\/wp-content\/uploads\/2020\/11\/mrs-table-768x222.png 768w, https:\/\/www.leclanche.com\/wp-content\/uploads\/2020\/11\/mrs-table-1536x444.png 1536w, https:\/\/www.leclanche.com\/wp-content\/uploads\/2020\/11\/mrs-table-2048x592.png 2048w\" sizes=\"auto, (max-width: 2082px) 100vw, 2082px\" \/><\/p>\n<p>&nbsp;<\/p>\n<p>Brosch\u00fcre herunterladen<\/p>\n<p><img loading=\"lazy\" decoding=\"async\" class=\"aligncenter wp-image-9027 size-full\" src=\"https:\/\/www.leclanche.com\/wp-content\/uploads\/2020\/11\/Damen-2.jpg\" alt=\"\" width=\"1300\" height=\"767\" srcset=\"https:\/\/www.leclanche.com\/wp-content\/uploads\/2020\/11\/Damen-2.jpg 1300w, https:\/\/www.leclanche.com\/wp-content\/uploads\/2020\/11\/Damen-2-300x177.jpg 300w, https:\/\/www.leclanche.com\/wp-content\/uploads\/2020\/11\/Damen-2-1024x604.jpg 1024w, https:\/\/www.leclanche.com\/wp-content\/uploads\/2020\/11\/Damen-2-768x453.jpg 768w\" sizes=\"auto, (max-width: 1300px) 100vw, 1300px\" \/><\/p>\n","protected":false},"excerpt":{"rendered":"<p>Der Dreh- und Angelpunkt des Marine-Rack-Systems (MRS) sind Hochenergie-Lithium-Ionen-G\/NMC-Zellen, die von Leclanch\u00e9 in Europa hergestellt werden. Die in robuste Module mit der erforderlichen Konfiguration eingebauten Zellen sind von IP65-Geh\u00e4usen gesch\u00fctzt, die speziell f\u00fcr die rauen Umgebungsbedingungen der Schifffahrt entwickelt wurden. Die IP65-Geh\u00e4use werden zusammen mit einem speziellen eigenentwickelten Batteriemanagementsystem (BMS) in MRS-Racks der erforderlichen Gr\u00f6\u00dfe [&hellip;]<\/p>\n","protected":false},"author":2,"featured_media":0,"parent":0,"menu_order":0,"comment_status":"closed","ping_status":"closed","template":"","meta":{"footnotes":""},"class_list":["post-10286","page","type-page","status-publish","hentry"],"yoast_head":"<!-- This site is optimized with the Yoast SEO plugin v26.4 - https:\/\/yoast.com\/wordpress\/plugins\/seo\/ -->\n<title>Marine-Rack-System - Leclanch\u00e9<\/title>\n<meta name=\"description\" content=\"Hochleistungs-Batteriesystem f\u00fcr Anwendungen in der Schifffahrt\" \/>\n<meta name=\"robots\" content=\"index, follow, max-snippet:-1, max-image-preview:large, max-video-preview:-1\" \/>\n<link rel=\"canonical\" href=\"https:\/\/www.leclanche.com\/de\/marine-rack-system\/\" \/>\n<meta property=\"og:locale\" content=\"de_DE\" \/>\n<meta property=\"og:type\" content=\"article\" \/>\n<meta property=\"og:title\" content=\"Marine-Rack-System - Leclanch\u00e9\" \/>\n<meta property=\"og:description\" content=\"Hochleistungs-Batteriesystem f\u00fcr Anwendungen in der Schifffahrt\" \/>\n<meta property=\"og:url\" content=\"https:\/\/www.leclanche.com\/de\/marine-rack-system\/\" \/>\n<meta property=\"og:site_name\" content=\"Leclanch\u00e9\" \/>\n<meta property=\"og:image\" content=\"https:\/\/www.leclanche.com\/wp-content\/uploads\/2020\/11\/Exploded-Module-Alternate-with-Cell-7_no-background-800x1024.png\" \/>\n<meta name=\"twitter:card\" content=\"summary_large_image\" \/>\n<meta name=\"twitter:label1\" content=\"Gesch\u00e4tzte Lesezeit\" \/>\n\t<meta name=\"twitter:data1\" content=\"1\u00a0Minute\" \/>\n<script type=\"application\/ld+json\" class=\"yoast-schema-graph\">{\"@context\":\"https:\/\/schema.org\",\"@graph\":[{\"@type\":\"WebPage\",\"@id\":\"https:\/\/www.leclanche.com\/de\/marine-rack-system\/\",\"url\":\"https:\/\/www.leclanche.com\/de\/marine-rack-system\/\",\"name\":\"Marine-Rack-System - Leclanch\u00e9\",\"isPartOf\":{\"@id\":\"https:\/\/www.leclanche.com\/de\/#website\"},\"primaryImageOfPage\":{\"@id\":\"https:\/\/www.leclanche.com\/de\/marine-rack-system\/#primaryimage\"},\"image\":{\"@id\":\"https:\/\/www.leclanche.com\/de\/marine-rack-system\/#primaryimage\"},\"thumbnailUrl\":\"https:\/\/www.leclanche.com\/wp-content\/uploads\/2020\/11\/Exploded-Module-Alternate-with-Cell-7_no-background-800x1024.png\",\"datePublished\":\"2020-11-25T15:12:33+00:00\",\"description\":\"Hochleistungs-Batteriesystem f\u00fcr Anwendungen in der Schifffahrt\",\"breadcrumb\":{\"@id\":\"https:\/\/www.leclanche.com\/de\/marine-rack-system\/#breadcrumb\"},\"inLanguage\":\"de\",\"potentialAction\":[{\"@type\":\"ReadAction\",\"target\":[\"https:\/\/www.leclanche.com\/de\/marine-rack-system\/\"]}]},{\"@type\":\"ImageObject\",\"inLanguage\":\"de\",\"@id\":\"https:\/\/www.leclanche.com\/de\/marine-rack-system\/#primaryimage\",\"url\":\"https:\/\/www.leclanche.com\/wp-content\/uploads\/2020\/11\/Exploded-Module-Alternate-with-Cell-7_no-background-800x1024.png\",\"contentUrl\":\"https:\/\/www.leclanche.com\/wp-content\/uploads\/2020\/11\/Exploded-Module-Alternate-with-Cell-7_no-background-800x1024.png\"},{\"@type\":\"BreadcrumbList\",\"@id\":\"https:\/\/www.leclanche.com\/de\/marine-rack-system\/#breadcrumb\",\"itemListElement\":[{\"@type\":\"ListItem\",\"position\":1,\"name\":\"Accueil\",\"item\":\"https:\/\/www.leclanche.com\/de\/\"},{\"@type\":\"ListItem\",\"position\":2,\"name\":\"Marine-Rack-System\"}]},{\"@type\":\"WebSite\",\"@id\":\"https:\/\/www.leclanche.com\/de\/#website\",\"url\":\"https:\/\/www.leclanche.com\/de\/\",\"name\":\"Leclanch\u00e9\",\"description\":\"Energy Storage Solutions\",\"potentialAction\":[{\"@type\":\"SearchAction\",\"target\":{\"@type\":\"EntryPoint\",\"urlTemplate\":\"https:\/\/www.leclanche.com\/de\/?s={search_term_string}\"},\"query-input\":{\"@type\":\"PropertyValueSpecification\",\"valueRequired\":true,\"valueName\":\"search_term_string\"}}],\"inLanguage\":\"de\"}]}<\/script>\n<!-- \/ Yoast SEO plugin. -->","yoast_head_json":{"title":"Marine-Rack-System - Leclanch\u00e9","description":"Hochleistungs-Batteriesystem f\u00fcr Anwendungen in der Schifffahrt","robots":{"index":"index","follow":"follow","max-snippet":"max-snippet:-1","max-image-preview":"max-image-preview:large","max-video-preview":"max-video-preview:-1"},"canonical":"https:\/\/www.leclanche.com\/de\/marine-rack-system\/","og_locale":"de_DE","og_type":"article","og_title":"Marine-Rack-System - Leclanch\u00e9","og_description":"Hochleistungs-Batteriesystem f\u00fcr Anwendungen in der Schifffahrt","og_url":"https:\/\/www.leclanche.com\/de\/marine-rack-system\/","og_site_name":"Leclanch\u00e9","og_image":[{"url":"https:\/\/www.leclanche.com\/wp-content\/uploads\/2020\/11\/Exploded-Module-Alternate-with-Cell-7_no-background-800x1024.png","type":"","width":"","height":""}],"twitter_card":"summary_large_image","twitter_misc":{"Gesch\u00e4tzte Lesezeit":"1\u00a0Minute"},"schema":{"@context":"https:\/\/schema.org","@graph":[{"@type":"WebPage","@id":"https:\/\/www.leclanche.com\/de\/marine-rack-system\/","url":"https:\/\/www.leclanche.com\/de\/marine-rack-system\/","name":"Marine-Rack-System - Leclanch\u00e9","isPartOf":{"@id":"https:\/\/www.leclanche.com\/de\/#website"},"primaryImageOfPage":{"@id":"https:\/\/www.leclanche.com\/de\/marine-rack-system\/#primaryimage"},"image":{"@id":"https:\/\/www.leclanche.com\/de\/marine-rack-system\/#primaryimage"},"thumbnailUrl":"https:\/\/www.leclanche.com\/wp-content\/uploads\/2020\/11\/Exploded-Module-Alternate-with-Cell-7_no-background-800x1024.png","datePublished":"2020-11-25T15:12:33+00:00","description":"Hochleistungs-Batteriesystem f\u00fcr Anwendungen in der Schifffahrt","breadcrumb":{"@id":"https:\/\/www.leclanche.com\/de\/marine-rack-system\/#breadcrumb"},"inLanguage":"de","potentialAction":[{"@type":"ReadAction","target":["https:\/\/www.leclanche.com\/de\/marine-rack-system\/"]}]},{"@type":"ImageObject","inLanguage":"de","@id":"https:\/\/www.leclanche.com\/de\/marine-rack-system\/#primaryimage","url":"https:\/\/www.leclanche.com\/wp-content\/uploads\/2020\/11\/Exploded-Module-Alternate-with-Cell-7_no-background-800x1024.png","contentUrl":"https:\/\/www.leclanche.com\/wp-content\/uploads\/2020\/11\/Exploded-Module-Alternate-with-Cell-7_no-background-800x1024.png"},{"@type":"BreadcrumbList","@id":"https:\/\/www.leclanche.com\/de\/marine-rack-system\/#breadcrumb","itemListElement":[{"@type":"ListItem","position":1,"name":"Accueil","item":"https:\/\/www.leclanche.com\/de\/"},{"@type":"ListItem","position":2,"name":"Marine-Rack-System"}]},{"@type":"WebSite","@id":"https:\/\/www.leclanche.com\/de\/#website","url":"https:\/\/www.leclanche.com\/de\/","name":"Leclanch\u00e9","description":"Energy Storage Solutions","potentialAction":[{"@type":"SearchAction","target":{"@type":"EntryPoint","urlTemplate":"https:\/\/www.leclanche.com\/de\/?s={search_term_string}"},"query-input":{"@type":"PropertyValueSpecification","valueRequired":true,"valueName":"search_term_string"}}],"inLanguage":"de"}]}},"_links":{"self":[{"href":"https:\/\/www.leclanche.com\/de\/wp-json\/wp\/v2\/pages\/10286","targetHints":{"allow":["GET"]}}],"collection":[{"href":"https:\/\/www.leclanche.com\/de\/wp-json\/wp\/v2\/pages"}],"about":[{"href":"https:\/\/www.leclanche.com\/de\/wp-json\/wp\/v2\/types\/page"}],"author":[{"embeddable":true,"href":"https:\/\/www.leclanche.com\/de\/wp-json\/wp\/v2\/users\/2"}],"replies":[{"embeddable":true,"href":"https:\/\/www.leclanche.com\/de\/wp-json\/wp\/v2\/comments?post=10286"}],"version-history":[{"count":0,"href":"https:\/\/www.leclanche.com\/de\/wp-json\/wp\/v2\/pages\/10286\/revisions"}],"wp:attachment":[{"href":"https:\/\/www.leclanche.com\/de\/wp-json\/wp\/v2\/media?parent=10286"}],"curies":[{"name":"wp","href":"https:\/\/api.w.org\/{rel}","templated":true}]}}