{"id":10293,"date":"2020-04-30T11:05:24","date_gmt":"2020-04-30T09:05:24","guid":{"rendered":"https:\/\/www.leclanche.com\/unsere-technologien\/"},"modified":"2020-04-30T11:05:24","modified_gmt":"2020-04-30T09:05:24","slug":"unsere-technologien","status":"publish","type":"page","link":"https:\/\/www.leclanche.com\/de\/unsere-technologien\/","title":{"rendered":"Unsere Technologien"},"content":{"rendered":"","protected":false},"excerpt":{"rendered":"","protected":false},"author":1,"featured_media":0,"parent":0,"menu_order":0,"comment_status":"closed","ping_status":"closed","template":"page-our-technologies.php","meta":{"footnotes":""},"class_list":["post-10293","page","type-page","status-publish","hentry"],"yoast_head":"<!-- This site is optimized with the Yoast SEO plugin v26.4 - https:\/\/yoast.com\/wordpress\/plugins\/seo\/ -->\n<title>Unsere Technologien - Leclanch\u00e9<\/title>\n<meta name=\"description\" content=\"Unsere technologischen Kernkompetenzen reichen von der Elektrochemie bis hin zur Entwicklung von Energiemanagement-Software. Leclanch\u00e9 entwickelt, konzipiert und fertigt komplette Batteriespeicherl\u00f6sungen, die von den Zellen \u00fcber Batteriepack-L\u00f6sungen f\u00fcr Hybrid-Elektrofahrzeuge (HEV) und Batterie-Elektrofahrzeuge (BEV) bis hin zu kompletten Energiespeicherl\u00f6sungen f\u00fcr eine Vielzahl von Energiespeicheranwendungen die gesamte Technologiekette umfassen. Durch ihre individuelle Konfigurierbarkeit k\u00f6nnen unsere L\u00f6sungen f\u00fcr ein breites Spektrum von Anwendungen ausgelegt werden. Wir sind in enger Zusammenarbeit mit unseren Kunden f\u00fcr jeden Aspekt der Entwicklung, Produktion und Pr\u00fcfung der Energiespeicherl\u00f6sungen verantwortlich, die spezifisch an die Bed\u00fcrfnisse unserer Kunden angepasst werden k\u00f6nnen \u2013 alles unter einem Dach.  Unsere F&amp;E-Teams arbeiten in den Bereichen Elektrochemie, Mechanik sowie Hardware und Software best\u00e4ndig an neuen M\u00f6glichkeiten, und es ist uns ein zentrales Anliegen, den Wert des daraus hervorgehenden geistigen Eigentums in den Dienst unserer Kunden zu stellen. Innovation bildet den Kern aller unserer Aktivit\u00e4ten und spiegelt sich von der Produktion bis hin zu unseren Dienstleistungen in jedem Aspekt unseres Gesch\u00e4fts wider.\" \/>\n<meta name=\"robots\" content=\"index, follow, max-snippet:-1, max-image-preview:large, max-video-preview:-1\" \/>\n<link rel=\"canonical\" href=\"https:\/\/www.leclanche.com\/de\/unsere-technologien\/\" \/>\n<meta property=\"og:locale\" content=\"de_DE\" \/>\n<meta property=\"og:type\" content=\"article\" \/>\n<meta property=\"og:title\" content=\"Unsere Technologien - Leclanch\u00e9\" \/>\n<meta property=\"og:description\" content=\"Unsere technologischen Kernkompetenzen reichen von der Elektrochemie bis hin zur Entwicklung von Energiemanagement-Software. Leclanch\u00e9 entwickelt, konzipiert und fertigt komplette Batteriespeicherl\u00f6sungen, die von den Zellen \u00fcber Batteriepack-L\u00f6sungen f\u00fcr Hybrid-Elektrofahrzeuge (HEV) und Batterie-Elektrofahrzeuge (BEV) bis hin zu kompletten Energiespeicherl\u00f6sungen f\u00fcr eine Vielzahl von Energiespeicheranwendungen die gesamte Technologiekette umfassen. Durch ihre individuelle Konfigurierbarkeit k\u00f6nnen unsere L\u00f6sungen f\u00fcr ein breites Spektrum von Anwendungen ausgelegt werden. Wir sind in enger Zusammenarbeit mit unseren Kunden f\u00fcr jeden Aspekt der Entwicklung, Produktion und Pr\u00fcfung der Energiespeicherl\u00f6sungen verantwortlich, die spezifisch an die Bed\u00fcrfnisse unserer Kunden angepasst werden k\u00f6nnen \u2013 alles unter einem Dach.  Unsere F&amp;E-Teams arbeiten in den Bereichen Elektrochemie, Mechanik sowie Hardware und Software best\u00e4ndig an neuen M\u00f6glichkeiten, und es ist uns ein zentrales Anliegen, den Wert des daraus hervorgehenden geistigen Eigentums in den Dienst unserer Kunden zu stellen. Innovation bildet den Kern aller unserer Aktivit\u00e4ten und spiegelt sich von der Produktion bis hin zu unseren Dienstleistungen in jedem Aspekt unseres Gesch\u00e4fts wider.\" \/>\n<meta property=\"og:url\" content=\"https:\/\/www.leclanche.com\/de\/unsere-technologien\/\" \/>\n<meta property=\"og:site_name\" content=\"Leclanch\u00e9\" \/>\n<meta name=\"twitter:card\" content=\"summary_large_image\" \/>\n<script type=\"application\/ld+json\" class=\"yoast-schema-graph\">{\"@context\":\"https:\/\/schema.org\",\"@graph\":[{\"@type\":\"WebPage\",\"@id\":\"https:\/\/www.leclanche.com\/de\/unsere-technologien\/\",\"url\":\"https:\/\/www.leclanche.com\/de\/unsere-technologien\/\",\"name\":\"Unsere Technologien - Leclanch\u00e9\",\"isPartOf\":{\"@id\":\"https:\/\/www.leclanche.com\/de\/#website\"},\"datePublished\":\"2020-04-30T09:05:24+00:00\",\"description\":\"Unsere technologischen Kernkompetenzen reichen von der Elektrochemie bis hin zur Entwicklung von Energiemanagement-Software. Leclanch\u00e9 entwickelt, konzipiert und fertigt komplette Batteriespeicherl\u00f6sungen, die von den Zellen \u00fcber Batteriepack-L\u00f6sungen f\u00fcr Hybrid-Elektrofahrzeuge (HEV) und Batterie-Elektrofahrzeuge (BEV) bis hin zu kompletten Energiespeicherl\u00f6sungen f\u00fcr eine Vielzahl von Energiespeicheranwendungen die gesamte Technologiekette umfassen. Durch ihre individuelle Konfigurierbarkeit k\u00f6nnen unsere L\u00f6sungen f\u00fcr ein breites Spektrum von Anwendungen ausgelegt werden. Wir sind in enger Zusammenarbeit mit unseren Kunden f\u00fcr jeden Aspekt der Entwicklung, Produktion und Pr\u00fcfung der Energiespeicherl\u00f6sungen verantwortlich, die spezifisch an die Bed\u00fcrfnisse unserer Kunden angepasst werden k\u00f6nnen \u2013 alles unter einem Dach. Unsere F&E-Teams arbeiten in den Bereichen Elektrochemie, Mechanik sowie Hardware und Software best\u00e4ndig an neuen M\u00f6glichkeiten, und es ist uns ein zentrales Anliegen, den Wert des daraus hervorgehenden geistigen Eigentums in den Dienst unserer Kunden zu stellen. Innovation bildet den Kern aller unserer Aktivit\u00e4ten und spiegelt sich von der Produktion bis hin zu unseren Dienstleistungen in jedem Aspekt unseres Gesch\u00e4fts wider.\",\"breadcrumb\":{\"@id\":\"https:\/\/www.leclanche.com\/de\/unsere-technologien\/#breadcrumb\"},\"inLanguage\":\"de\",\"potentialAction\":[{\"@type\":\"ReadAction\",\"target\":[\"https:\/\/www.leclanche.com\/de\/unsere-technologien\/\"]}]},{\"@type\":\"BreadcrumbList\",\"@id\":\"https:\/\/www.leclanche.com\/de\/unsere-technologien\/#breadcrumb\",\"itemListElement\":[{\"@type\":\"ListItem\",\"position\":1,\"name\":\"Accueil\",\"item\":\"https:\/\/www.leclanche.com\/de\/\"},{\"@type\":\"ListItem\",\"position\":2,\"name\":\"Unsere Technologien\"}]},{\"@type\":\"WebSite\",\"@id\":\"https:\/\/www.leclanche.com\/de\/#website\",\"url\":\"https:\/\/www.leclanche.com\/de\/\",\"name\":\"Leclanch\u00e9\",\"description\":\"Energy Storage Solutions\",\"potentialAction\":[{\"@type\":\"SearchAction\",\"target\":{\"@type\":\"EntryPoint\",\"urlTemplate\":\"https:\/\/www.leclanche.com\/de\/?s={search_term_string}\"},\"query-input\":{\"@type\":\"PropertyValueSpecification\",\"valueRequired\":true,\"valueName\":\"search_term_string\"}}],\"inLanguage\":\"de\"}]}<\/script>\n<!-- \/ Yoast SEO plugin. -->","yoast_head_json":{"title":"Unsere Technologien - Leclanch\u00e9","description":"Unsere technologischen Kernkompetenzen reichen von der Elektrochemie bis hin zur Entwicklung von Energiemanagement-Software. Leclanch\u00e9 entwickelt, konzipiert und fertigt komplette Batteriespeicherl\u00f6sungen, die von den Zellen \u00fcber Batteriepack-L\u00f6sungen f\u00fcr Hybrid-Elektrofahrzeuge (HEV) und Batterie-Elektrofahrzeuge (BEV) bis hin zu kompletten Energiespeicherl\u00f6sungen f\u00fcr eine Vielzahl von Energiespeicheranwendungen die gesamte Technologiekette umfassen. Durch ihre individuelle Konfigurierbarkeit k\u00f6nnen unsere L\u00f6sungen f\u00fcr ein breites Spektrum von Anwendungen ausgelegt werden. Wir sind in enger Zusammenarbeit mit unseren Kunden f\u00fcr jeden Aspekt der Entwicklung, Produktion und Pr\u00fcfung der Energiespeicherl\u00f6sungen verantwortlich, die spezifisch an die Bed\u00fcrfnisse unserer Kunden angepasst werden k\u00f6nnen \u2013 alles unter einem Dach.  Unsere F&E-Teams arbeiten in den Bereichen Elektrochemie, Mechanik sowie Hardware und Software best\u00e4ndig an neuen M\u00f6glichkeiten, und es ist uns ein zentrales Anliegen, den Wert des daraus hervorgehenden geistigen Eigentums in den Dienst unserer Kunden zu stellen. Innovation bildet den Kern aller unserer Aktivit\u00e4ten und spiegelt sich von der Produktion bis hin zu unseren Dienstleistungen in jedem Aspekt unseres Gesch\u00e4fts wider.","robots":{"index":"index","follow":"follow","max-snippet":"max-snippet:-1","max-image-preview":"max-image-preview:large","max-video-preview":"max-video-preview:-1"},"canonical":"https:\/\/www.leclanche.com\/de\/unsere-technologien\/","og_locale":"de_DE","og_type":"article","og_title":"Unsere Technologien - Leclanch\u00e9","og_description":"Unsere technologischen Kernkompetenzen reichen von der Elektrochemie bis hin zur Entwicklung von Energiemanagement-Software. Leclanch\u00e9 entwickelt, konzipiert und fertigt komplette Batteriespeicherl\u00f6sungen, die von den Zellen \u00fcber Batteriepack-L\u00f6sungen f\u00fcr Hybrid-Elektrofahrzeuge (HEV) und Batterie-Elektrofahrzeuge (BEV) bis hin zu kompletten Energiespeicherl\u00f6sungen f\u00fcr eine Vielzahl von Energiespeicheranwendungen die gesamte Technologiekette umfassen. Durch ihre individuelle Konfigurierbarkeit k\u00f6nnen unsere L\u00f6sungen f\u00fcr ein breites Spektrum von Anwendungen ausgelegt werden. Wir sind in enger Zusammenarbeit mit unseren Kunden f\u00fcr jeden Aspekt der Entwicklung, Produktion und Pr\u00fcfung der Energiespeicherl\u00f6sungen verantwortlich, die spezifisch an die Bed\u00fcrfnisse unserer Kunden angepasst werden k\u00f6nnen \u2013 alles unter einem Dach.  Unsere F&E-Teams arbeiten in den Bereichen Elektrochemie, Mechanik sowie Hardware und Software best\u00e4ndig an neuen M\u00f6glichkeiten, und es ist uns ein zentrales Anliegen, den Wert des daraus hervorgehenden geistigen Eigentums in den Dienst unserer Kunden zu stellen. Innovation bildet den Kern aller unserer Aktivit\u00e4ten und spiegelt sich von der Produktion bis hin zu unseren Dienstleistungen in jedem Aspekt unseres Gesch\u00e4fts wider.","og_url":"https:\/\/www.leclanche.com\/de\/unsere-technologien\/","og_site_name":"Leclanch\u00e9","twitter_card":"summary_large_image","schema":{"@context":"https:\/\/schema.org","@graph":[{"@type":"WebPage","@id":"https:\/\/www.leclanche.com\/de\/unsere-technologien\/","url":"https:\/\/www.leclanche.com\/de\/unsere-technologien\/","name":"Unsere Technologien - Leclanch\u00e9","isPartOf":{"@id":"https:\/\/www.leclanche.com\/de\/#website"},"datePublished":"2020-04-30T09:05:24+00:00","description":"Unsere technologischen Kernkompetenzen reichen von der Elektrochemie bis hin zur Entwicklung von Energiemanagement-Software. Leclanch\u00e9 entwickelt, konzipiert und fertigt komplette Batteriespeicherl\u00f6sungen, die von den Zellen \u00fcber Batteriepack-L\u00f6sungen f\u00fcr Hybrid-Elektrofahrzeuge (HEV) und Batterie-Elektrofahrzeuge (BEV) bis hin zu kompletten Energiespeicherl\u00f6sungen f\u00fcr eine Vielzahl von Energiespeicheranwendungen die gesamte Technologiekette umfassen. Durch ihre individuelle Konfigurierbarkeit k\u00f6nnen unsere L\u00f6sungen f\u00fcr ein breites Spektrum von Anwendungen ausgelegt werden. Wir sind in enger Zusammenarbeit mit unseren Kunden f\u00fcr jeden Aspekt der Entwicklung, Produktion und Pr\u00fcfung der Energiespeicherl\u00f6sungen verantwortlich, die spezifisch an die Bed\u00fcrfnisse unserer Kunden angepasst werden k\u00f6nnen \u2013 alles unter einem Dach. Unsere F&E-Teams arbeiten in den Bereichen Elektrochemie, Mechanik sowie Hardware und Software best\u00e4ndig an neuen M\u00f6glichkeiten, und es ist uns ein zentrales Anliegen, den Wert des daraus hervorgehenden geistigen Eigentums in den Dienst unserer Kunden zu stellen. Innovation bildet den Kern aller unserer Aktivit\u00e4ten und spiegelt sich von der Produktion bis hin zu unseren Dienstleistungen in jedem Aspekt unseres Gesch\u00e4fts wider.","breadcrumb":{"@id":"https:\/\/www.leclanche.com\/de\/unsere-technologien\/#breadcrumb"},"inLanguage":"de","potentialAction":[{"@type":"ReadAction","target":["https:\/\/www.leclanche.com\/de\/unsere-technologien\/"]}]},{"@type":"BreadcrumbList","@id":"https:\/\/www.leclanche.com\/de\/unsere-technologien\/#breadcrumb","itemListElement":[{"@type":"ListItem","position":1,"name":"Accueil","item":"https:\/\/www.leclanche.com\/de\/"},{"@type":"ListItem","position":2,"name":"Unsere Technologien"}]},{"@type":"WebSite","@id":"https:\/\/www.leclanche.com\/de\/#website","url":"https:\/\/www.leclanche.com\/de\/","name":"Leclanch\u00e9","description":"Energy Storage Solutions","potentialAction":[{"@type":"SearchAction","target":{"@type":"EntryPoint","urlTemplate":"https:\/\/www.leclanche.com\/de\/?s={search_term_string}"},"query-input":{"@type":"PropertyValueSpecification","valueRequired":true,"valueName":"search_term_string"}}],"inLanguage":"de"}]}},"_links":{"self":[{"href":"https:\/\/www.leclanche.com\/de\/wp-json\/wp\/v2\/pages\/10293","targetHints":{"allow":["GET"]}}],"collection":[{"href":"https:\/\/www.leclanche.com\/de\/wp-json\/wp\/v2\/pages"}],"about":[{"href":"https:\/\/www.leclanche.com\/de\/wp-json\/wp\/v2\/types\/page"}],"author":[{"embeddable":true,"href":"https:\/\/www.leclanche.com\/de\/wp-json\/wp\/v2\/users\/1"}],"replies":[{"embeddable":true,"href":"https:\/\/www.leclanche.com\/de\/wp-json\/wp\/v2\/comments?post=10293"}],"version-history":[{"count":0,"href":"https:\/\/www.leclanche.com\/de\/wp-json\/wp\/v2\/pages\/10293\/revisions"}],"wp:attachment":[{"href":"https:\/\/www.leclanche.com\/de\/wp-json\/wp\/v2\/media?parent=10293"}],"curies":[{"name":"wp","href":"https:\/\/api.w.org\/{rel}","templated":true}]}}