{"id":10386,"date":"2020-04-27T16:54:20","date_gmt":"2020-04-27T14:54:20","guid":{"rendered":"https:\/\/www.leclanche.com\/unsere-technologien\/zellen\/"},"modified":"2024-11-19T11:45:43","modified_gmt":"2024-11-19T10:45:43","slug":"zellen","status":"publish","type":"page","link":"https:\/\/www.leclanche.com\/de\/unsere-technologien\/zellen\/","title":{"rendered":"Zellen"},"content":{"rendered":"\r\n<p>Die Elektroden in unseren Zellen werden mit unserer firmeneigenen wasserbasierten Produktionsmethode hergestellt, die die Umwelt schont. Wir sind als erster Hersteller in der Lage, Kathoden mit hohem Nickelgehalt ohne den Einsatz organischer L\u00f6sungsmittel zu verarbeiten \u2013 eine weitere Verbesserung, die der Nachhaltigkeit zugutekommt.<\/p>\r\n\r\n\r\n\r\n<p>Unser gemeinsamer Technologiestack bedient mehrere M\u00e4rkte. Die \u00fcberwiegende Mehrheit der Anwendungen nutzt unsere Technologie. Wir arbeiten jedoch auch mit Partnern zusammen, um unseren Technologiestack mit Technologien und Komponenten von Drittanbietern zu integrieren und so die L\u00f6sung liefern zu k\u00f6nnen, die den Anforderungen unserer Kunden optimal entspricht.<\/p>\r\n\r\n\r\n\r\n<p>Alles in allem sorgt unser K\u00f6nnen in Sachen Fertigung f\u00fcr branchenf\u00fchrende Lebenszyklen sowie bessere Energie- und Leistungsmerkmale. Unsere Erfahrung und unser Verst\u00e4ndnis der Anwendungen unserer Kunden erm\u00f6glichen es uns, das richtige Gleichgewicht zwischen Leistung, Lebensdauer und Energiedichte zu finden. Und nat\u00fcrlich bilden die Zellen von Leclanch\u00e9 dabei stets die Grundlage.<\/p>\r\n\r\n\r\n\r\n<p>Erfahren Sie mehr \u00fcber unsere\u00a0<a href=\"https:\/\/www.leclanche.com\/wp-content\/uploads\/2020\/10\/LECLANCHE-cell-datasheet-GL60-GNMC-60Ah-1.pdf\">GL60 Energy-Zelle\u00a0<\/a>und die <a href=\"https:\/\/www.leclanche.com\/wp-content\/uploads\/2022\/05\/LECLANCHE-cell-datasheet-GL65-GNMC-65Ah.pdf\">GL65 Energy-Zelle<\/a><\/p>\r\n<p><img loading=\"lazy\" decoding=\"async\" class=\"alignnone wp-image-6806 size-large\" src=\"https:\/\/www.leclanche.com\/wp-content\/uploads\/2020\/11\/Leclanche-Cell20211-1024x722.jpg\" alt=\"\" width=\"640\" height=\"451\" srcset=\"https:\/\/www.leclanche.com\/wp-content\/uploads\/2020\/11\/Leclanche-Cell20211-1024x722.jpg 1024w, https:\/\/www.leclanche.com\/wp-content\/uploads\/2020\/11\/Leclanche-Cell20211-300x212.jpg 300w, https:\/\/www.leclanche.com\/wp-content\/uploads\/2020\/11\/Leclanche-Cell20211-768x542.jpg 768w, https:\/\/www.leclanche.com\/wp-content\/uploads\/2020\/11\/Leclanche-Cell20211.jpg 1500w\" sizes=\"auto, (max-width: 640px) 100vw, 640px\" \/><\/p>\r\n","protected":false},"excerpt":{"rendered":"<p>Die Elektroden in unseren Zellen werden mit unserer firmeneigenen wasserbasierten Produktionsmethode hergestellt, die die Umwelt schont. Wir sind als erster Hersteller in der Lage, Kathoden mit hohem Nickelgehalt ohne den Einsatz organischer L\u00f6sungsmittel zu verarbeiten \u2013 eine weitere Verbesserung, die der Nachhaltigkeit zugutekommt. Unser gemeinsamer Technologiestack bedient mehrere M\u00e4rkte. Die \u00fcberwiegende Mehrheit der Anwendungen nutzt [&hellip;]<\/p>\n","protected":false},"author":1,"featured_media":0,"parent":10293,"menu_order":0,"comment_status":"closed","ping_status":"closed","template":"","meta":{"footnotes":""},"class_list":["post-10386","page","type-page","status-publish","hentry"],"yoast_head":"<!-- This site is optimized with the Yoast SEO plugin v26.4 - https:\/\/yoast.com\/wordpress\/plugins\/seo\/ -->\n<title>Zellen - Leclanch\u00e9<\/title>\n<meta name=\"description\" content=\"Wir konzentrieren uns auf Zellen mit drei verschiedenen Arten von Elektrochemie: Graphit-Nickel-Mangan-Kobalt-Oxid (G\/NMC) und G\/NMCA (Aluminium) f\u00fcr energieintensive Anwendungen. Wir stellen auch Nioboxid-Zellen (XNO) her, die erstklassige Leistung und eine lange Lebensdauer f\u00fcr Schnellladeanwendungen bieten.\" \/>\n<meta name=\"robots\" content=\"index, follow, max-snippet:-1, max-image-preview:large, max-video-preview:-1\" \/>\n<link rel=\"canonical\" href=\"https:\/\/www.leclanche.com\/de\/unsere-technologien\/zellen\/\" \/>\n<meta property=\"og:locale\" content=\"de_DE\" \/>\n<meta property=\"og:type\" content=\"article\" \/>\n<meta property=\"og:title\" content=\"Zellen - Leclanch\u00e9\" \/>\n<meta property=\"og:description\" content=\"Wir konzentrieren uns auf Zellen mit drei verschiedenen Arten von Elektrochemie: Graphit-Nickel-Mangan-Kobalt-Oxid (G\/NMC) und G\/NMCA (Aluminium) f\u00fcr energieintensive Anwendungen. Wir stellen auch Nioboxid-Zellen (XNO) her, die erstklassige Leistung und eine lange Lebensdauer f\u00fcr Schnellladeanwendungen bieten.\" \/>\n<meta property=\"og:url\" content=\"https:\/\/www.leclanche.com\/de\/unsere-technologien\/zellen\/\" \/>\n<meta property=\"og:site_name\" content=\"Leclanch\u00e9\" \/>\n<meta property=\"article:modified_time\" content=\"2024-11-19T10:45:43+00:00\" \/>\n<meta property=\"og:image\" content=\"https:\/\/www.leclanche.com\/wp-content\/uploads\/2020\/11\/Leclanche-Cell20211-1024x722.jpg\" \/>\n<meta name=\"twitter:card\" content=\"summary_large_image\" \/>\n<meta name=\"twitter:label1\" content=\"Gesch\u00e4tzte Lesezeit\" \/>\n\t<meta name=\"twitter:data1\" content=\"1\u00a0Minute\" \/>\n<script type=\"application\/ld+json\" class=\"yoast-schema-graph\">{\"@context\":\"https:\/\/schema.org\",\"@graph\":[{\"@type\":\"WebPage\",\"@id\":\"https:\/\/www.leclanche.com\/de\/unsere-technologien\/zellen\/\",\"url\":\"https:\/\/www.leclanche.com\/de\/unsere-technologien\/zellen\/\",\"name\":\"Zellen - Leclanch\u00e9\",\"isPartOf\":{\"@id\":\"https:\/\/www.leclanche.com\/de\/#website\"},\"primaryImageOfPage\":{\"@id\":\"https:\/\/www.leclanche.com\/de\/unsere-technologien\/zellen\/#primaryimage\"},\"image\":{\"@id\":\"https:\/\/www.leclanche.com\/de\/unsere-technologien\/zellen\/#primaryimage\"},\"thumbnailUrl\":\"https:\/\/www.leclanche.com\/wp-content\/uploads\/2020\/11\/Leclanche-Cell20211-1024x722.jpg\",\"datePublished\":\"2020-04-27T14:54:20+00:00\",\"dateModified\":\"2024-11-19T10:45:43+00:00\",\"description\":\"Wir konzentrieren uns auf Zellen mit drei verschiedenen Arten von Elektrochemie: Graphit-Nickel-Mangan-Kobalt-Oxid (G\/NMC) und G\/NMCA (Aluminium) f\u00fcr energieintensive Anwendungen. Wir stellen auch Nioboxid-Zellen (XNO) her, die erstklassige Leistung und eine lange Lebensdauer f\u00fcr Schnellladeanwendungen bieten.\",\"breadcrumb\":{\"@id\":\"https:\/\/www.leclanche.com\/de\/unsere-technologien\/zellen\/#breadcrumb\"},\"inLanguage\":\"de\",\"potentialAction\":[{\"@type\":\"ReadAction\",\"target\":[\"https:\/\/www.leclanche.com\/de\/unsere-technologien\/zellen\/\"]}]},{\"@type\":\"ImageObject\",\"inLanguage\":\"de\",\"@id\":\"https:\/\/www.leclanche.com\/de\/unsere-technologien\/zellen\/#primaryimage\",\"url\":\"https:\/\/www.leclanche.com\/wp-content\/uploads\/2020\/11\/Leclanche-Cell20211-1024x722.jpg\",\"contentUrl\":\"https:\/\/www.leclanche.com\/wp-content\/uploads\/2020\/11\/Leclanche-Cell20211-1024x722.jpg\"},{\"@type\":\"BreadcrumbList\",\"@id\":\"https:\/\/www.leclanche.com\/de\/unsere-technologien\/zellen\/#breadcrumb\",\"itemListElement\":[{\"@type\":\"ListItem\",\"position\":1,\"name\":\"Accueil\",\"item\":\"https:\/\/www.leclanche.com\/de\/\"},{\"@type\":\"ListItem\",\"position\":2,\"name\":\"Unsere Technologien\",\"item\":\"https:\/\/www.leclanche.com\/de\/our-technologies\/\"},{\"@type\":\"ListItem\",\"position\":3,\"name\":\"Zellen\"}]},{\"@type\":\"WebSite\",\"@id\":\"https:\/\/www.leclanche.com\/de\/#website\",\"url\":\"https:\/\/www.leclanche.com\/de\/\",\"name\":\"Leclanch\u00e9\",\"description\":\"Energy Storage Solutions\",\"potentialAction\":[{\"@type\":\"SearchAction\",\"target\":{\"@type\":\"EntryPoint\",\"urlTemplate\":\"https:\/\/www.leclanche.com\/de\/?s={search_term_string}\"},\"query-input\":{\"@type\":\"PropertyValueSpecification\",\"valueRequired\":true,\"valueName\":\"search_term_string\"}}],\"inLanguage\":\"de\"}]}<\/script>\n<!-- \/ Yoast SEO plugin. -->","yoast_head_json":{"title":"Zellen - Leclanch\u00e9","description":"Wir konzentrieren uns auf Zellen mit drei verschiedenen Arten von Elektrochemie: Graphit-Nickel-Mangan-Kobalt-Oxid (G\/NMC) und G\/NMCA (Aluminium) f\u00fcr energieintensive Anwendungen. Wir stellen auch Nioboxid-Zellen (XNO) her, die erstklassige Leistung und eine lange Lebensdauer f\u00fcr Schnellladeanwendungen bieten.","robots":{"index":"index","follow":"follow","max-snippet":"max-snippet:-1","max-image-preview":"max-image-preview:large","max-video-preview":"max-video-preview:-1"},"canonical":"https:\/\/www.leclanche.com\/de\/unsere-technologien\/zellen\/","og_locale":"de_DE","og_type":"article","og_title":"Zellen - Leclanch\u00e9","og_description":"Wir konzentrieren uns auf Zellen mit drei verschiedenen Arten von Elektrochemie: Graphit-Nickel-Mangan-Kobalt-Oxid (G\/NMC) und G\/NMCA (Aluminium) f\u00fcr energieintensive Anwendungen. Wir stellen auch Nioboxid-Zellen (XNO) her, die erstklassige Leistung und eine lange Lebensdauer f\u00fcr Schnellladeanwendungen bieten.","og_url":"https:\/\/www.leclanche.com\/de\/unsere-technologien\/zellen\/","og_site_name":"Leclanch\u00e9","article_modified_time":"2024-11-19T10:45:43+00:00","og_image":[{"url":"https:\/\/www.leclanche.com\/wp-content\/uploads\/2020\/11\/Leclanche-Cell20211-1024x722.jpg","type":"","width":"","height":""}],"twitter_card":"summary_large_image","twitter_misc":{"Gesch\u00e4tzte Lesezeit":"1\u00a0Minute"},"schema":{"@context":"https:\/\/schema.org","@graph":[{"@type":"WebPage","@id":"https:\/\/www.leclanche.com\/de\/unsere-technologien\/zellen\/","url":"https:\/\/www.leclanche.com\/de\/unsere-technologien\/zellen\/","name":"Zellen - Leclanch\u00e9","isPartOf":{"@id":"https:\/\/www.leclanche.com\/de\/#website"},"primaryImageOfPage":{"@id":"https:\/\/www.leclanche.com\/de\/unsere-technologien\/zellen\/#primaryimage"},"image":{"@id":"https:\/\/www.leclanche.com\/de\/unsere-technologien\/zellen\/#primaryimage"},"thumbnailUrl":"https:\/\/www.leclanche.com\/wp-content\/uploads\/2020\/11\/Leclanche-Cell20211-1024x722.jpg","datePublished":"2020-04-27T14:54:20+00:00","dateModified":"2024-11-19T10:45:43+00:00","description":"Wir konzentrieren uns auf Zellen mit drei verschiedenen Arten von Elektrochemie: Graphit-Nickel-Mangan-Kobalt-Oxid (G\/NMC) und G\/NMCA (Aluminium) f\u00fcr energieintensive Anwendungen. Wir stellen auch Nioboxid-Zellen (XNO) her, die erstklassige Leistung und eine lange Lebensdauer f\u00fcr Schnellladeanwendungen bieten.","breadcrumb":{"@id":"https:\/\/www.leclanche.com\/de\/unsere-technologien\/zellen\/#breadcrumb"},"inLanguage":"de","potentialAction":[{"@type":"ReadAction","target":["https:\/\/www.leclanche.com\/de\/unsere-technologien\/zellen\/"]}]},{"@type":"ImageObject","inLanguage":"de","@id":"https:\/\/www.leclanche.com\/de\/unsere-technologien\/zellen\/#primaryimage","url":"https:\/\/www.leclanche.com\/wp-content\/uploads\/2020\/11\/Leclanche-Cell20211-1024x722.jpg","contentUrl":"https:\/\/www.leclanche.com\/wp-content\/uploads\/2020\/11\/Leclanche-Cell20211-1024x722.jpg"},{"@type":"BreadcrumbList","@id":"https:\/\/www.leclanche.com\/de\/unsere-technologien\/zellen\/#breadcrumb","itemListElement":[{"@type":"ListItem","position":1,"name":"Accueil","item":"https:\/\/www.leclanche.com\/de\/"},{"@type":"ListItem","position":2,"name":"Unsere Technologien","item":"https:\/\/www.leclanche.com\/de\/our-technologies\/"},{"@type":"ListItem","position":3,"name":"Zellen"}]},{"@type":"WebSite","@id":"https:\/\/www.leclanche.com\/de\/#website","url":"https:\/\/www.leclanche.com\/de\/","name":"Leclanch\u00e9","description":"Energy Storage Solutions","potentialAction":[{"@type":"SearchAction","target":{"@type":"EntryPoint","urlTemplate":"https:\/\/www.leclanche.com\/de\/?s={search_term_string}"},"query-input":{"@type":"PropertyValueSpecification","valueRequired":true,"valueName":"search_term_string"}}],"inLanguage":"de"}]}},"_links":{"self":[{"href":"https:\/\/www.leclanche.com\/de\/wp-json\/wp\/v2\/pages\/10386","targetHints":{"allow":["GET"]}}],"collection":[{"href":"https:\/\/www.leclanche.com\/de\/wp-json\/wp\/v2\/pages"}],"about":[{"href":"https:\/\/www.leclanche.com\/de\/wp-json\/wp\/v2\/types\/page"}],"author":[{"embeddable":true,"href":"https:\/\/www.leclanche.com\/de\/wp-json\/wp\/v2\/users\/1"}],"replies":[{"embeddable":true,"href":"https:\/\/www.leclanche.com\/de\/wp-json\/wp\/v2\/comments?post=10386"}],"version-history":[{"count":5,"href":"https:\/\/www.leclanche.com\/de\/wp-json\/wp\/v2\/pages\/10386\/revisions"}],"predecessor-version":[{"id":14455,"href":"https:\/\/www.leclanche.com\/de\/wp-json\/wp\/v2\/pages\/10386\/revisions\/14455"}],"up":[{"embeddable":true,"href":"https:\/\/www.leclanche.com\/de\/wp-json\/wp\/v2\/pages\/10293"}],"wp:attachment":[{"href":"https:\/\/www.leclanche.com\/de\/wp-json\/wp\/v2\/media?parent=10386"}],"curies":[{"name":"wp","href":"https:\/\/api.w.org\/{rel}","templated":true}]}}