{"id":10433,"date":"2024-01-05T15:16:03","date_gmt":"2024-01-05T14:16:03","guid":{"rendered":"https:\/\/www.leclanche.com\/ueber-uns\/unser-fuehrungsteam\/"},"modified":"2026-04-02T10:21:15","modified_gmt":"2026-04-02T08:21:15","slug":"unser-fuehrungsteam","status":"publish","type":"page","link":"https:\/\/www.leclanche.com\/de\/ueber-uns\/unser-fuehrungsteam\/","title":{"rendered":"UNSER F\u00dcHRUNGSTEAM"},"content":{"rendered":"<p>Der Verwaltungsrat hat eine regulierende Funktion und \u00fcberwacht die Gesch\u00e4ftsleitung von Leclanch\u00e9. Er fungiert auch als Berater der Gesch\u00e4ftsleitung, indem er sie bei wichtigen Entscheidungen unterst\u00fctzt und diese genehmigt. Der Verwaltungsrat \u00fcbt \u00fcber zwei Verwaltungsrat-Unteraussch\u00fcsse, den Ernennungs- und Verg\u00fctungsausschuss sowie den Pr\u00fcfungs- und Risikomanagementausschuss, eine direkte Kontrolle \u00fcber bestimmte Personal- und Rechnungslegungsfunktionen aus.<\/p>\n<p>Die Gesch\u00e4ftsleitung ist f\u00fcr die Umsetzung der Strategie von Leclanch\u00e9 sowie f\u00fcr die Ausf\u00fchrung und \u00dcberwachung aller Unternehmensaktivit\u00e4ten verantwortlich.<\/p>\n<p>&nbsp;<\/p>\n<h2 id=\"executive-management\">Gesch\u00e4ftsleitung<\/h2>\n<h3>Ein erstklassiges Team mit vielen Jahren kombinierter Erfahrung und nachweislicher Erfolgsbilanz.<\/h3>\n<h3><\/h3>\n<p><img loading=\"lazy\" decoding=\"async\" class=\"alignnone wp-image-6952 size-medium\" src=\"https:\/\/www.leclanche.com\/wp-content\/uploads\/2023\/10\/Pierre-Blanc_round-500-300x300.png\" alt=\"\" width=\"296\" height=\"300\" \/><\/p>\n<h3>Pierre Blanc \u2013 CEO der Leclanch\u00e9 SA, Vorstand f\u00fcr Technologie und Industrie der Leclanch\u00e9 e-Mobility SA<\/h3>\n<p>Pierre Blanc trat im Jahr 2000 in das Unternehmen ein. Im November 2022 wurde er zum CEO von Leclanch\u00e9 SA ernannt. In fr\u00fcheren Positionen war er bei Leclanch\u00e9 als Chief Technology Industrial Officer von Leclanch\u00e9 (2006-2022), Entwicklungsleiter von Prim\u00e4rzellen und Leiter der F&amp;E-Abteilung (2004-2006) t\u00e4tig. Von 2000 bis 2004 war Pierre Blanc Chemieingenieur bei Leclanch\u00e9, wo er f\u00fcr die Entwicklung und Herstellung von Batteriezellen gro\u00dfer Marken wie Varta, Energizer, Panasonic und Enersys verantwortlich war. Er hat einen B.A. in Moderatorship Chemistry vom Trinity College, Dublin, Irland.<\/p>\n<p>&nbsp;<\/p>\n<h3><img loading=\"lazy\" decoding=\"async\" class=\"alignnone wp-image-6954\" src=\"https:\/\/www.leclanche.com\/wp-content\/uploads\/2020\/11\/BROAD_rond-300x300.png\" alt=\"\" width=\"297\" height=\"297\" \/><\/h3>\n<h3>Philip Broad \u2013 CEO von Leclanch\u00e9 e-Mobility SA, Vertriebs- und Gesch\u00e4ftsentwicklung von Leclanch\u00e9 SA<\/h3>\n<p>Philip (Phil) Broad kam 2018 zu Leclanch\u00e9 und wurde im Oktober 2022 zum CEO von Leclanch\u00e9 e-Mobility SA ernannt. In seinen vorherigen Position bei Leclanch\u00e9 war er Executive Vice President of e-Transport Solutions (2019-2022) und Vice President of Commercial Vehicle und leitete die Bereiche Anwendungstechnik, Programm-Management und Vertrieb. Herr Broad verf\u00fcgt \u00fcber mehr als 20 Jahre Erfahrung in der Nutzfahrzeugbranche, sowohl im On- als auch im Off-Highway-Bereich. Seine belegte Erfolgsgeschichte bei der Gewinnung gro\u00dfer, globaler und lukrativer Vertr\u00e4ge im Nutzfahrzeugmarkt erg\u00e4nzt die erfolgreiche Arbeit mit globalen Marken wie Caterpillar \/ Perkins, Volvo, Scania, MAN und JCB. Herr Broad, der seit 15 Jahren in Europa lebt, war in der Schweiz f\u00fcr Honeywell Turbo Technologies Sarl t\u00e4tig, wo er verschiedene Positionen im Programmmanagement, Vertriebsmanagement und in der Gesch\u00e4ftsleitung in der Turboladerindustrie innehatte. Herr Broad hat einen B. Eng (Hons) in Systems Engineering von der University of Huddersfield in Gro\u00dfbritannien.<\/p>\n<h3 data-start=\"1344\" data-end=\"1402\">Jens Emrich \u2013 Chief Financial Officer der Leclanch\u00e9 SA<\/h3>\n<p data-start=\"1404\" data-end=\"1678\">Jens Emrich trat im M\u00e4rz 2026 als Chief Financial Officer in die Leclanch\u00e9 ein. Er verf\u00fcgt \u00fcber mehr als 25 Jahre internationale F\u00fchrungserfahrung im Finanzbereich sowie im General Management in den Branchen Green-Tech, Med-Tech, Lebensmittel, Handel und Konsumg\u00fcter (FMCG). Vor seinem Eintritt bei Leclanch\u00e9 war Herr Emrich Mitglied des EMEA-F\u00fchrungsteams des an der NYSE notierten Batterie-Recyclingunternehmens Li-Cycle, wo er zum Aufbau der europ\u00e4ischen Finanzstrukturen sowie zur Skalierung der regionalen Aktivit\u00e4ten beitrug. Zuvor bekleidete er leitende Positionen im Finanzbereich bei Key Surgical Europe (Teil von STERIS plc), LBNUTS AG und Lorenz Snack-World, wo er Initiativen zur finanziellen Transformation, Integration und operativen Verbesserung leitete. Herr Emrich begann seine Karriere bei The Gillette Company und Braun AG in Deutschland, wo er in den Bereichen Finanzen und Controlling t\u00e4tig war und die globale Gesch\u00e4ftssteuerung sowie Produktionsaktivit\u00e4ten unterst\u00fctzte. Er verf\u00fcgt \u00fcber einen Abschluss in Betriebswirtschaftslehre.<\/p>\n<h2>Verwaltungsrat<\/h2>\n<p><img loading=\"lazy\" decoding=\"async\" class=\"alignnone wp-image-13475 size-medium\" src=\"https:\/\/www.leclanche.com\/wp-content\/uploads\/2024\/01\/L.Bentner_rond-to-use-2-300x300.png\" alt=\"\" width=\"300\" height=\"300\" srcset=\"https:\/\/www.leclanche.com\/wp-content\/uploads\/2024\/01\/L.Bentner_rond-to-use-2-300x300.png 300w, https:\/\/www.leclanche.com\/wp-content\/uploads\/2024\/01\/L.Bentner_rond-to-use-2-150x150.png 150w, https:\/\/www.leclanche.com\/wp-content\/uploads\/2024\/01\/L.Bentner_rond-to-use-2.png 500w\" sizes=\"auto, (max-width: 300px) 100vw, 300px\" \/><\/p>\n<h3>Lex Bentner (Vorsitzender des Verwaltungsrats)<\/h3>\n<p>Lex Bentner, der derzeit als Leiter des \u00f6ffentlichen Nahverkehrs der Stadt Luxemburg t\u00e4tig ist, spielt eine Schl\u00fcsselrolle bei der Umgestaltung des \u00f6ffentlichen Nahverkehrssystems. Sein Hauptaugenmerk liegt auf der strategischen Umstellung der Busflotte und des Busnetzes der Stadt auf vollelektrische Fahrzeuge, die durch EU-weite \u00f6ffentliche Ausschreibungs- und Beschaffungsprozesse erreicht wurde. Lex Bentner befasst sich mit komplexen Projekten, bei denen die Fortschritte der Branche in betriebliche Standards integriert werden. Derzeit leitet er verschiedene Aktivit\u00e4ten zur digitalen Disruption und Transformation und kann auf eine nachweisliche Erfahrung bei der Umsetzung einer Reihe von innovativen Projekten verweisen.<\/p>\n<p>Im Laufe seiner Karriere bekleidete er verschiedene F\u00fchrungspositionen in der Privatwirtschaft und im \u00f6ffentlichen Sektor. Er arbeitete bei CFL, der luxemburgischen Eisenbahngesellschaft und ArcelorMittal. Im Jahr 2007 wurde er zum Leiter f\u00fcr kontinuierliche Verbesserung und Engineering in einem luxemburgischen Stahlwerk ernannt, wo er sich auf technische Modernisierungsma\u00dfnahmen und die Beschleunigung von Verhaltens\u00e4nderungen innerhalb der Teams konzentrierte, um die Unternehmensziele zu erreichen.<\/p>\n<p>Neben seinen beruflichen Aufgaben vertritt Lex Bentner Luxemburg im Busausschuss der UITP (Union Internationale des Transports Publics) und ber\u00e4t politische Entscheidungstr\u00e4ger und nationale Aussch\u00fcsse in Bezug auf bew\u00e4hrte Verfahren am Arbeitsplatz und in der Branche.<\/p>\n<p>Lex Bentner wurde 1978 in Luxemburg geboren. Er hat einen Master-Abschluss in Maschinenbau und Elektrotechnik von der Universit\u00e4t Edinburgh und absolviert derzeit ein MBA-Studium an der Heriot-Watt University&#8217;s Edinburgh Business.<\/p>\n<p>&nbsp;<\/p>\n<p>&nbsp;<\/p>\n<p><img loading=\"lazy\" decoding=\"async\" class=\"alignnone size-medium wp-image-12181\" src=\"https:\/\/www.leclanche.com\/wp-content\/uploads\/2022\/10\/Marc-Lepiece-round-300x300.png\" alt=\"\" width=\"300\" height=\"300\" srcset=\"https:\/\/www.leclanche.com\/wp-content\/uploads\/2022\/10\/Marc-Lepiece-round-300x300.png 300w, https:\/\/www.leclanche.com\/wp-content\/uploads\/2022\/10\/Marc-Lepiece-round-1024x1024.png 1024w, https:\/\/www.leclanche.com\/wp-content\/uploads\/2022\/10\/Marc-Lepiece-round-150x150.png 150w, https:\/\/www.leclanche.com\/wp-content\/uploads\/2022\/10\/Marc-Lepiece-round-768x768.png 768w, https:\/\/www.leclanche.com\/wp-content\/uploads\/2022\/10\/Marc-Lepiece-round-1536x1536.png 1536w, https:\/\/www.leclanche.com\/wp-content\/uploads\/2022\/10\/Marc-Lepiece-round-2048x2048.png 2048w\" sizes=\"auto, (max-width: 300px) 100vw, 300px\" \/><\/p>\n<h3>Marc Lepi\u00e8ce<\/h3>\n<p>Marc Lepi\u00e8ce, Belgier, geboren 1956, ist Senior Consultant in den Bereichen Management, Strategie, Unternehmensentwicklung M&amp;M und Change Management. Marc Lepi\u00e8ce leitet die Beratungsfirma &#8222;Lepi\u00e8ce &amp; Partners&#8220;, die er mit dem Ziel gegr\u00fcndet hat, Wissen und Erfahrung an KMU weiterzugeben, die ihr Wachstum beschleunigen oder ihre Rentabilit\u00e4t optimieren wollen. Zuvor war er 36 Jahre lang bei Tractebel t\u00e4tig, davon 16 Jahre als Mitglied der Gesch\u00e4ftsleitung. Er war verantwortlich f\u00fcr Strategie, Marketing und internationale Entwicklung in Lateinamerika, Asien und dem Nahen Osten, bevor er die Leitung einer in Europa, Indien und S\u00fcdostasien t\u00e4tigen Gesch\u00e4ftseinheit \u00fcbernahm. Herr Lepi\u00e8ce ist seit dem 30. September 2022 Mitglied des Verwaltungsrats der Leclanch\u00e9 SA.<\/p>\n<p>&nbsp;<\/p>\n<p><img loading=\"lazy\" decoding=\"async\" class=\"alignnone size-medium wp-image-12191\" src=\"https:\/\/www.leclanche.com\/wp-content\/uploads\/2022\/11\/Christophe-Manset-276x300.png\" alt=\"\" width=\"276\" height=\"300\" srcset=\"https:\/\/www.leclanche.com\/wp-content\/uploads\/2022\/11\/Christophe-Manset-276x300.png 276w, https:\/\/www.leclanche.com\/wp-content\/uploads\/2022\/11\/Christophe-Manset.png 294w\" sizes=\"auto, (max-width: 276px) 100vw, 276px\" \/><\/p>\n<h3><strong>Christophe Manset<\/strong><\/h3>\n<p>Christophe Manset, Belgier, geboren 1985, hat \u00fcber 10 Jahre Erfahrung in der Verm\u00f6gensverwaltungsbranche in Luxemburg. Bis vor kurzem war er Mitarbeiter bei LEVeL mit Schwerpunkt auf alternativen Investmentfonds, die von der luxemburgischen Aufsichtsbeh\u00f6rde reguliert werden. Er verf\u00fcgt \u00fcber besondere Expertise in den Bereichen Compliance, Risikomanagement, Audit, Corporate Governance und interne Organisation. Er begann seine Karriere bei EY im Jahr 2009 als Pr\u00fcfungsleiter, der f\u00fcr die Vorbereitung und Durchf\u00fchrung von Pr\u00fcfungsauftr\u00e4gen mit besonderem Fokus auf komplexe und spezialisierte Themen zust\u00e4ndig war. Im Jahr 2016 wechselte Herr Manset zu NN Investment Partners Luxembourg S.A. (NN), einem beaufsichtigten Verwalter alternativer Investmentfonds. Bei NN war er f\u00fcr Projekte verantwortlich, die sich auf die Fondspalette von NN Luxembourg auswirken, insbesondere f\u00fcr die Auflegung neuer Anlagevehikel. Herr Manset verf\u00fcgt \u00fcber einen Master-Abschluss in Wirtschaftswissenschaften der HEC &#8211; Universit\u00e4t L\u00fcttich. Herr Manset ist seit dem 30. Juni 2020 Mitglied des Verwaltungsrats von Leclanch\u00e9 SA.<\/p>\n<p>&nbsp;<\/p>\n<h3><strong>Jean-Michel Pacaud<\/strong><\/h3>\n<p>Nach einer 36-j\u00e4hrigen Karriere, davon 20 Jahre als Partner, ging Jean-Michel Pacaud im Juni 2022 bei EY Luxemburg in den Ruhestand. Er hatte mehrere F\u00fchrungspositionen bei EY inne, insbesondere als Business Development Leader (2011-2020) und Vorsitzender des Verwaltungsrats (2018-2020). Au\u00dferdem war er Vorsitzender des Institut des R\u00e9viseurs d\u2019Entreprises (2012-2018). Herr Pacaud ist derzeit unabh\u00e4ngiges Verwaltungsratsmitglied von drei in Luxemburg ans\u00e4ssigen Finanzinstituten und sitzt im Verwaltungsrat mehrerer Handelsunternehmen. Zu seinen Fachgebieten geh\u00f6ren Wirtschaftspr\u00fcfung, internationale Rechnungslegungsstandards, Governance, aufsichtsrechtliche und Compliance-Angelegenheiten, Bewertung sowie Mergers &amp; Acquisitions (M&amp;A)-Transaktionen. Zus\u00e4tzlich zu seinen beruflichen Aufgaben ist er Mitbegr\u00fcnder und CEO eines Familien-Immobilien-Investment-Trusts (REIT). Er hat die ESSEC Business School in Frankreich absolviert und ist sowohl in Frankreich als auch in Luxemburg ein zugelassener Wirtschaftspr\u00fcfer. Er besitzt die doppelte franz\u00f6sische und luxemburgische Staatsb\u00fcrgerschaft.<\/p>\n<p>&nbsp;<\/p>\n<h3><strong>Rapha\u00ebl Houillon<\/strong><\/h3>\n<p>Rapha\u00ebl Houillon verf\u00fcgt \u00fcber mehr als 13 Jahre Erfahrung in den Bereichen Private Equity, Umstrukturierung und grenz\u00fcberschreitende Investitionen. Er ber\u00e4t Familienunternehmen und institutionelle Investoren in den Bereichen Strategie, Governance und langfristige Wertsch\u00f6pfung. Seine Branchenerfahrung umfasst die Bereiche Immobilien, Banken, Telekommunikation, Technologie und Gastgewerbe. Rapha\u00ebl Houillon verf\u00fcgt \u00fcber praktisches Fachwissen in den Bereichen Growth Equity, Sondersituationen und betriebliche Umstrukturierung. Er ist bekannt f\u00fcr seine pragmatische, anlegerorientierte Denkweise und legt bei jeder seiner Aufgaben einen starken Fokus auf disziplinierte Ausf\u00fchrung und nachhaltiges Wachstum.<\/p>\n<p>&nbsp;<\/p>\n<p>&nbsp;<\/p>\n<p>&nbsp;<\/p>\n<p>&nbsp;<\/p>\n<p>&nbsp;<\/p>\n","protected":false},"excerpt":{"rendered":"<p>Der Verwaltungsrat hat eine regulierende Funktion und \u00fcberwacht die Gesch\u00e4ftsleitung von Leclanch\u00e9. Er fungiert auch als Berater der Gesch\u00e4ftsleitung, indem er sie bei wichtigen Entscheidungen unterst\u00fctzt und diese genehmigt. Der Verwaltungsrat \u00fcbt \u00fcber zwei Verwaltungsrat-Unteraussch\u00fcsse, den Ernennungs- und Verg\u00fctungsausschuss sowie den Pr\u00fcfungs- und Risikomanagementausschuss, eine direkte Kontrolle \u00fcber bestimmte Personal- und Rechnungslegungsfunktionen aus. Die Gesch\u00e4ftsleitung [&hellip;]<\/p>\n","protected":false},"author":1,"featured_media":0,"parent":10265,"menu_order":0,"comment_status":"closed","ping_status":"closed","template":"","meta":{"footnotes":""},"class_list":["post-10433","page","type-page","status-publish","hentry"],"yoast_head":"<!-- This site is optimized with the Yoast SEO plugin v26.4 - https:\/\/yoast.com\/wordpress\/plugins\/seo\/ -->\n<title>UNSER F\u00dcHRUNGSTEAM - Leclanch\u00e9<\/title>\n<meta name=\"description\" content=\"Leclanch\u00e9 verf\u00fcgt \u00fcber einen Verwaltungsrat und einen Vorstand.\" \/>\n<meta name=\"robots\" content=\"index, follow, max-snippet:-1, max-image-preview:large, max-video-preview:-1\" \/>\n<link rel=\"canonical\" href=\"https:\/\/www.leclanche.com\/de\/ueber-uns\/unser-fuehrungsteam\/\" \/>\n<meta property=\"og:locale\" content=\"de_DE\" \/>\n<meta property=\"og:type\" content=\"article\" \/>\n<meta property=\"og:title\" content=\"UNSER F\u00dcHRUNGSTEAM - Leclanch\u00e9\" \/>\n<meta property=\"og:description\" content=\"Leclanch\u00e9 verf\u00fcgt \u00fcber einen Verwaltungsrat und einen Vorstand.\" \/>\n<meta property=\"og:url\" content=\"https:\/\/www.leclanche.com\/de\/ueber-uns\/unser-fuehrungsteam\/\" \/>\n<meta property=\"og:site_name\" content=\"Leclanch\u00e9\" \/>\n<meta property=\"article:modified_time\" content=\"2026-04-02T08:21:15+00:00\" \/>\n<meta property=\"og:image\" content=\"https:\/\/www.leclanche.com\/wp-content\/uploads\/2020\/11\/Pierre-Blanc_round500-1.png\" \/>\n\t<meta property=\"og:image:width\" content=\"500\" \/>\n\t<meta property=\"og:image:height\" content=\"500\" \/>\n\t<meta property=\"og:image:type\" content=\"image\/png\" \/>\n<meta name=\"twitter:card\" content=\"summary_large_image\" \/>\n<meta name=\"twitter:label1\" content=\"Gesch\u00e4tzte Lesezeit\" \/>\n\t<meta name=\"twitter:data1\" content=\"7\u00a0Minuten\" \/>\n<script type=\"application\/ld+json\" class=\"yoast-schema-graph\">{\"@context\":\"https:\/\/schema.org\",\"@graph\":[{\"@type\":\"WebPage\",\"@id\":\"https:\/\/www.leclanche.com\/de\/ueber-uns\/unser-fuehrungsteam\/\",\"url\":\"https:\/\/www.leclanche.com\/de\/ueber-uns\/unser-fuehrungsteam\/\",\"name\":\"UNSER F\u00dcHRUNGSTEAM - Leclanch\u00e9\",\"isPartOf\":{\"@id\":\"https:\/\/www.leclanche.com\/de\/#website\"},\"primaryImageOfPage\":{\"@id\":\"https:\/\/www.leclanche.com\/de\/ueber-uns\/unser-fuehrungsteam\/#primaryimage\"},\"image\":{\"@id\":\"https:\/\/www.leclanche.com\/de\/ueber-uns\/unser-fuehrungsteam\/#primaryimage\"},\"thumbnailUrl\":\"https:\/\/www.leclanche.com\/wp-content\/uploads\/2023\/10\/Pierre-Blanc_round-500-300x300.png\",\"datePublished\":\"2024-01-05T14:16:03+00:00\",\"dateModified\":\"2026-04-02T08:21:15+00:00\",\"description\":\"Leclanch\u00e9 verf\u00fcgt \u00fcber einen Verwaltungsrat und einen Vorstand.\",\"breadcrumb\":{\"@id\":\"https:\/\/www.leclanche.com\/de\/ueber-uns\/unser-fuehrungsteam\/#breadcrumb\"},\"inLanguage\":\"de\",\"potentialAction\":[{\"@type\":\"ReadAction\",\"target\":[\"https:\/\/www.leclanche.com\/de\/ueber-uns\/unser-fuehrungsteam\/\"]}]},{\"@type\":\"ImageObject\",\"inLanguage\":\"de\",\"@id\":\"https:\/\/www.leclanche.com\/de\/ueber-uns\/unser-fuehrungsteam\/#primaryimage\",\"url\":\"https:\/\/www.leclanche.com\/wp-content\/uploads\/2023\/10\/Pierre-Blanc_round-500-300x300.png\",\"contentUrl\":\"https:\/\/www.leclanche.com\/wp-content\/uploads\/2023\/10\/Pierre-Blanc_round-500-300x300.png\"},{\"@type\":\"BreadcrumbList\",\"@id\":\"https:\/\/www.leclanche.com\/de\/ueber-uns\/unser-fuehrungsteam\/#breadcrumb\",\"itemListElement\":[{\"@type\":\"ListItem\",\"position\":1,\"name\":\"Accueil\",\"item\":\"https:\/\/www.leclanche.com\/de\/\"},{\"@type\":\"ListItem\",\"position\":2,\"name\":\"\u00dcber uns\",\"item\":\"https:\/\/www.leclanche.com\/de\/about-us\/\"},{\"@type\":\"ListItem\",\"position\":3,\"name\":\"UNSER F\u00dcHRUNGSTEAM\"}]},{\"@type\":\"WebSite\",\"@id\":\"https:\/\/www.leclanche.com\/de\/#website\",\"url\":\"https:\/\/www.leclanche.com\/de\/\",\"name\":\"Leclanch\u00e9\",\"description\":\"Energy Storage Solutions\",\"potentialAction\":[{\"@type\":\"SearchAction\",\"target\":{\"@type\":\"EntryPoint\",\"urlTemplate\":\"https:\/\/www.leclanche.com\/de\/?s={search_term_string}\"},\"query-input\":{\"@type\":\"PropertyValueSpecification\",\"valueRequired\":true,\"valueName\":\"search_term_string\"}}],\"inLanguage\":\"de\"}]}<\/script>\n<!-- \/ Yoast SEO plugin. -->","yoast_head_json":{"title":"UNSER F\u00dcHRUNGSTEAM - Leclanch\u00e9","description":"Leclanch\u00e9 verf\u00fcgt \u00fcber einen Verwaltungsrat und einen Vorstand.","robots":{"index":"index","follow":"follow","max-snippet":"max-snippet:-1","max-image-preview":"max-image-preview:large","max-video-preview":"max-video-preview:-1"},"canonical":"https:\/\/www.leclanche.com\/de\/ueber-uns\/unser-fuehrungsteam\/","og_locale":"de_DE","og_type":"article","og_title":"UNSER F\u00dcHRUNGSTEAM - Leclanch\u00e9","og_description":"Leclanch\u00e9 verf\u00fcgt \u00fcber einen Verwaltungsrat und einen Vorstand.","og_url":"https:\/\/www.leclanche.com\/de\/ueber-uns\/unser-fuehrungsteam\/","og_site_name":"Leclanch\u00e9","article_modified_time":"2026-04-02T08:21:15+00:00","og_image":[{"width":500,"height":500,"url":"https:\/\/www.leclanche.com\/wp-content\/uploads\/2020\/11\/Pierre-Blanc_round500-1.png","type":"image\/png"}],"twitter_card":"summary_large_image","twitter_misc":{"Gesch\u00e4tzte Lesezeit":"7\u00a0Minuten"},"schema":{"@context":"https:\/\/schema.org","@graph":[{"@type":"WebPage","@id":"https:\/\/www.leclanche.com\/de\/ueber-uns\/unser-fuehrungsteam\/","url":"https:\/\/www.leclanche.com\/de\/ueber-uns\/unser-fuehrungsteam\/","name":"UNSER F\u00dcHRUNGSTEAM - Leclanch\u00e9","isPartOf":{"@id":"https:\/\/www.leclanche.com\/de\/#website"},"primaryImageOfPage":{"@id":"https:\/\/www.leclanche.com\/de\/ueber-uns\/unser-fuehrungsteam\/#primaryimage"},"image":{"@id":"https:\/\/www.leclanche.com\/de\/ueber-uns\/unser-fuehrungsteam\/#primaryimage"},"thumbnailUrl":"https:\/\/www.leclanche.com\/wp-content\/uploads\/2023\/10\/Pierre-Blanc_round-500-300x300.png","datePublished":"2024-01-05T14:16:03+00:00","dateModified":"2026-04-02T08:21:15+00:00","description":"Leclanch\u00e9 verf\u00fcgt \u00fcber einen Verwaltungsrat und einen Vorstand.","breadcrumb":{"@id":"https:\/\/www.leclanche.com\/de\/ueber-uns\/unser-fuehrungsteam\/#breadcrumb"},"inLanguage":"de","potentialAction":[{"@type":"ReadAction","target":["https:\/\/www.leclanche.com\/de\/ueber-uns\/unser-fuehrungsteam\/"]}]},{"@type":"ImageObject","inLanguage":"de","@id":"https:\/\/www.leclanche.com\/de\/ueber-uns\/unser-fuehrungsteam\/#primaryimage","url":"https:\/\/www.leclanche.com\/wp-content\/uploads\/2023\/10\/Pierre-Blanc_round-500-300x300.png","contentUrl":"https:\/\/www.leclanche.com\/wp-content\/uploads\/2023\/10\/Pierre-Blanc_round-500-300x300.png"},{"@type":"BreadcrumbList","@id":"https:\/\/www.leclanche.com\/de\/ueber-uns\/unser-fuehrungsteam\/#breadcrumb","itemListElement":[{"@type":"ListItem","position":1,"name":"Accueil","item":"https:\/\/www.leclanche.com\/de\/"},{"@type":"ListItem","position":2,"name":"\u00dcber uns","item":"https:\/\/www.leclanche.com\/de\/about-us\/"},{"@type":"ListItem","position":3,"name":"UNSER F\u00dcHRUNGSTEAM"}]},{"@type":"WebSite","@id":"https:\/\/www.leclanche.com\/de\/#website","url":"https:\/\/www.leclanche.com\/de\/","name":"Leclanch\u00e9","description":"Energy Storage Solutions","potentialAction":[{"@type":"SearchAction","target":{"@type":"EntryPoint","urlTemplate":"https:\/\/www.leclanche.com\/de\/?s={search_term_string}"},"query-input":{"@type":"PropertyValueSpecification","valueRequired":true,"valueName":"search_term_string"}}],"inLanguage":"de"}]}},"_links":{"self":[{"href":"https:\/\/www.leclanche.com\/de\/wp-json\/wp\/v2\/pages\/10433","targetHints":{"allow":["GET"]}}],"collection":[{"href":"https:\/\/www.leclanche.com\/de\/wp-json\/wp\/v2\/pages"}],"about":[{"href":"https:\/\/www.leclanche.com\/de\/wp-json\/wp\/v2\/types\/page"}],"author":[{"embeddable":true,"href":"https:\/\/www.leclanche.com\/de\/wp-json\/wp\/v2\/users\/1"}],"replies":[{"embeddable":true,"href":"https:\/\/www.leclanche.com\/de\/wp-json\/wp\/v2\/comments?post=10433"}],"version-history":[{"count":44,"href":"https:\/\/www.leclanche.com\/de\/wp-json\/wp\/v2\/pages\/10433\/revisions"}],"predecessor-version":[{"id":15513,"href":"https:\/\/www.leclanche.com\/de\/wp-json\/wp\/v2\/pages\/10433\/revisions\/15513"}],"up":[{"embeddable":true,"href":"https:\/\/www.leclanche.com\/de\/wp-json\/wp\/v2\/pages\/10265"}],"wp:attachment":[{"href":"https:\/\/www.leclanche.com\/de\/wp-json\/wp\/v2\/media?parent=10433"}],"curies":[{"name":"wp","href":"https:\/\/api.w.org\/{rel}","templated":true}]}}