{"id":12953,"date":"2023-04-12T09:03:31","date_gmt":"2023-04-12T07:03:31","guid":{"rendered":"https:\/\/www.leclanche.com\/?page_id=12953"},"modified":"2026-01-22T16:17:08","modified_gmt":"2026-01-22T15:17:08","slug":"nachhaltigkeit","status":"publish","type":"page","link":"https:\/\/www.leclanche.com\/de\/nachhaltigkeit\/","title":{"rendered":"Nachhaltigkeit"},"content":{"rendered":"<h1><span class=\"TextRun SCXP84319043 BCX8\" lang=\"EN-GB\" xml:lang=\"EN-GB\" data-usefontface=\"false\" data-contrast=\"none\"><span class=\"NormalTextRun SCXP84319043 BCX8\"><span class=\"TextRun SCXP163299744 BCX8\" lang=\"EN-GB\" xml:lang=\"EN-GB\" data-usefontface=\"false\" data-contrast=\"none\"><span class=\"NormalTextRun SCXP163299744 BCX8\"><img loading=\"lazy\" decoding=\"async\" class=\"aligncenter wp-image-12519 size-full\" style=\"font-size: 16px;\" src=\"https:\/\/www.leclanche.com\/wp-content\/uploads\/2023\/03\/Sustainability-scaled.jpg\" alt=\"\" width=\"2560\" height=\"1440\" srcset=\"https:\/\/www.leclanche.com\/wp-content\/uploads\/2023\/03\/Sustainability-scaled.jpg 2560w, https:\/\/www.leclanche.com\/wp-content\/uploads\/2023\/03\/Sustainability-300x169.jpg 300w, https:\/\/www.leclanche.com\/wp-content\/uploads\/2023\/03\/Sustainability-1024x576.jpg 1024w, https:\/\/www.leclanche.com\/wp-content\/uploads\/2023\/03\/Sustainability-768x432.jpg 768w, https:\/\/www.leclanche.com\/wp-content\/uploads\/2023\/03\/Sustainability-1536x864.jpg 1536w, https:\/\/www.leclanche.com\/wp-content\/uploads\/2023\/03\/Sustainability-2048x1152.jpg 2048w\" sizes=\"auto, (max-width: 2560px) 100vw, 2560px\" \/><\/span><\/span><\/span><\/span><\/h1>\n<h2><span class=\"TextRun SCXP84319043 BCX8\" lang=\"EN-GB\" xml:lang=\"EN-GB\" data-usefontface=\"false\" data-contrast=\"none\"><span class=\"NormalTextRun SCXP84319043 BCX8\"><span class=\"EOP SCXP163299744 BCX8\">Auswirkungen auf die Umwelt\u200b<\/span><\/span><\/span><span class=\"EOP SCXP166855839 BCX8\">\u200b<\/span><\/h2>\n<h3 data-ccp-props=\"{&quot;335551550&quot;:1,&quot;335551620&quot;:1,&quot;335559683&quot;:0,&quot;335559685&quot;:0,&quot;335559731&quot;:0,&quot;335559737&quot;:0,&quot;335562764&quot;:2,&quot;335562765&quot;:1,&quot;335562766&quot;:4,&quot;335562767&quot;:0,&quot;335562768&quot;:4,&quot;335562769&quot;:0}\">Kreislaufwirtschaft \u200b<\/h3>\n<p data-ccp-props=\"{&quot;335551550&quot;:1,&quot;335551620&quot;:1,&quot;335559683&quot;:0,&quot;335559685&quot;:0,&quot;335559731&quot;:0,&quot;335559737&quot;:0,&quot;335562764&quot;:2,&quot;335562765&quot;:1,&quot;335562766&quot;:4,&quot;335562767&quot;:0,&quot;335562768&quot;:4,&quot;335562769&quot;:0}\">Eine Kreislaufwirtschaft ist ein Wirtschaftssystem, das auf der Wiederverwendung und dem Recycling von Materialien auf nachhaltige und umweltfreundliche Weise beruht.\u200b<\/p>\n<p data-ccp-props=\"{&quot;335551550&quot;:1,&quot;335551620&quot;:1,&quot;335559683&quot;:0,&quot;335559685&quot;:0,&quot;335559731&quot;:0,&quot;335559737&quot;:0,&quot;335562764&quot;:2,&quot;335562765&quot;:1,&quot;335562766&quot;:4,&quot;335562767&quot;:0,&quot;335562768&quot;:4,&quot;335562769&quot;:0}\"><a class=\"btn btn--rounded btn--green btn--blue-text\" style=\"text-decoration: none !important; margin: 10px 0 25px 0;\" href=\"http:\/\/www.leclanche.com\/6R\">Entdecken Sie das Konzept des Leclanche 6RDiscover\u00a0leclanche\u00a06R concept<\/a><\/p>\n<h3 data-ccp-props=\"{&quot;335551550&quot;:1,&quot;335551620&quot;:1,&quot;335559683&quot;:0,&quot;335559685&quot;:0,&quot;335559731&quot;:0,&quot;335559737&quot;:0,&quot;335562764&quot;:2,&quot;335562765&quot;:1,&quot;335562766&quot;:4,&quot;335562767&quot;:0,&quot;335562768&quot;:4,&quot;335562769&quot;:0}\"><b><span data-usefontface=\"false\" data-contrast=\"none\">Geringere Umweltbelastung <\/span><\/b>\u200b<\/h3>\n<p>Leclanch\u00e9 verwendet ein einzigartiges wasserbasiertes Verfahren f\u00fcr die Zellherstellung, das den Einsatz giftiger L\u00f6sungsmittel \u00fcberfl\u00fcssig macht.<\/p>\n<p>Wir f\u00fchren eine gr\u00fcndliche Evaluierung der Umweltauswirkungen unserer Batterien sowie der unternehmensweiten direkten und indirekten Treibhausgasemissionen (THG) durch.<\/p>\n<h2 data-ccp-props=\"{&quot;335551550&quot;:1,&quot;335551620&quot;:1,&quot;335559683&quot;:0,&quot;335559685&quot;:0,&quot;335559731&quot;:0,&quot;335559737&quot;:0,&quot;335562764&quot;:2,&quot;335562765&quot;:1,&quot;335562766&quot;:4,&quot;335562767&quot;:0,&quot;335562768&quot;:4,&quot;335562769&quot;:0}\">Gesundheit und Sicherheit<\/h2>\n<p data-ccp-props=\"{&quot;335551550&quot;:1,&quot;335551620&quot;:1,&quot;335559683&quot;:0,&quot;335559685&quot;:0,&quot;335559731&quot;:0,&quot;335559737&quot;:0,&quot;335562764&quot;:2,&quot;335562765&quot;:1,&quot;335562766&quot;:4,&quot;335562767&quot;:0,&quot;335562768&quot;:4,&quot;335562769&quot;:0}\">Die Gesundheit und Sicherheit der Mitarbeiter und Stakeholder von Leclanch\u00e9 hat f\u00fcr uns h\u00f6chste Priorit\u00e4t.<\/p>\n<h3 data-ccp-props=\"{&quot;335551550&quot;:1,&quot;335551620&quot;:1,&quot;335559683&quot;:0,&quot;335559685&quot;:0,&quot;335559731&quot;:0,&quot;335559737&quot;:0,&quot;335562764&quot;:2,&quot;335562765&quot;:1,&quot;335562766&quot;:4,&quot;335562767&quot;:0,&quot;335562768&quot;:4,&quot;335562769&quot;:0}\">Zertifizierte Sicherheit an jedem Standort\u200b<\/h3>\n<p data-ccp-props=\"{&quot;335551550&quot;:1,&quot;335551620&quot;:1,&quot;335559683&quot;:0,&quot;335559685&quot;:0,&quot;335559731&quot;:0,&quot;335559737&quot;:0,&quot;335562764&quot;:2,&quot;335562765&quot;:1,&quot;335562766&quot;:4,&quot;335562767&quot;:0,&quot;335562768&quot;:4,&quot;335562769&quot;:0}\"><span data-usefontface=\"false\" data-contrast=\"none\">Leclanch\u00e9 is certified in accordance with\u00a0<\/span><span data-usefontface=\"true\" data-contrast=\"none\">ISO\u00a0<\/span><span data-usefontface=\"true\" data-contrast=\"none\">45001<\/span><span data-usefontface=\"false\" data-contrast=\"none\">\u00a0 for both production sites in\u00a0<\/span><span data-usefontface=\"false\" data-contrast=\"none\">Willst\u00e4tt<\/span><span data-usefontface=\"false\" data-contrast=\"none\">\u00a0and\u00a0<\/span><span data-usefontface=\"false\" data-contrast=\"none\">Yverdon-les-Bains. <\/span><span data-usefontface=\"true\" data-contrast=\"none\">ISO 45001<\/span><span data-usefontface=\"false\" data-contrast=\"none\">\u00a0is\u00a0the\u00a0standard for\u00a0<\/span><span data-usefontface=\"false\" data-contrast=\"none\">management systems for\u00a0occupational health\u00a0<\/span><span data-usefontface=\"false\" data-contrast=\"none\">and safety. It aims to reduce occupational\u00a0<\/span><span data-usefontface=\"false\" data-contrast=\"none\">injuries, promoting and protecting physical and\u00a0<\/span><span data-usefontface=\"false\" data-contrast=\"none\">mental health.<\/span><\/p>\n<h2 data-ccp-props=\"{&quot;335551550&quot;:1,&quot;335551620&quot;:1,&quot;335559683&quot;:0,&quot;335559685&quot;:0,&quot;335559731&quot;:0,&quot;335559737&quot;:0,&quot;335562764&quot;:2,&quot;335562765&quot;:1,&quot;335562766&quot;:4,&quot;335562767&quot;:0,&quot;335562768&quot;:4,&quot;335562769&quot;:0}\">Nachhaltigkeitsbericht<\/h2>\n<p>Leclanch\u00e9 ist stolz darauf, seinen zweiten Nachhaltigkeitsbericht zu pr\u00e4sentieren, der die Fortschritte im Jahr 2024 bei der strategischen Ausrichtung auf Umwelt, Soziales und Unternehmensf\u00fchrung (ESG) aufzeigt. Der Bericht hebt starke ESG-Fortschritte im Jahr 2024 hervor, darunter aktualisierte Daten zu Treibhausgasemissionen (Scope 1, 2 und 3) und die Integration von ESG-Prinzipien in die ISO-zertifizierten Systeme. Das Unternehmen hat seinen Nachhaltigkeitsrahmen von den 6R (Reduce, Reuse, Recycle, Recover, Redesign, Remanufacture) auf eine umfassende 12R-Strategie erweitert, die Kreislaufwirtschaft, Verantwortung in der Wertsch\u00f6pfungskette und Emissionsreduzierung abdeckt und sich gleichzeitig an wichtige Vorschriften wie die Sustainable Finance Disclosure Regulation (SFDR), die Corporate Sustainability Reporting Directive (CSRD) und die Europ\u00e4ische Batterieverordnung anpasst, um sie schrittweise bis 2035 umzusetzen.<\/p>\n<p>Eine funktions\u00fcbergreifende Initiative wurde gestartet, um eine auf Nachhaltigkeit ausgerichtete Kultur zu f\u00f6rdern und das Engagement der Stakeholder zu st\u00e4rken. Die PFAS-freien und wasserbasierten Batterietechnologien von Leclanch\u00e9 unterst\u00fctzen die Umweltziele und die zu erwartenden Vorschriften. Im Jahr 2025 und dar\u00fcber hinaus wird der Schwerpunkt auf der Umsetzung von 12R-Aktionspl\u00e4nen auf Abteilungsebene, der Verbesserung von Nachhaltigkeitskennzahlen und der Beschleunigung der Dekarbonisierung liegen, um das Engagement f\u00fcr Transparenz, Innovation und langfristige Wertsch\u00f6pfung zu st\u00e4rken.<\/p>\n<p><a href=\"https:\/\/www.leclanche.com\/wp-content\/uploads\/2025\/06\/Sustainability-Report-2024.pdf\"><img loading=\"lazy\" decoding=\"async\" class=\"alignnone size-medium wp-image-14917\" src=\"https:\/\/www.leclanche.com\/wp-content\/uploads\/2025\/07\/Sustainability-cover-300x168.jpg\" alt=\"\" width=\"300\" height=\"168\" srcset=\"https:\/\/www.leclanche.com\/wp-content\/uploads\/2025\/07\/Sustainability-cover-300x168.jpg 300w, https:\/\/www.leclanche.com\/wp-content\/uploads\/2025\/07\/Sustainability-cover-1024x572.jpg 1024w, https:\/\/www.leclanche.com\/wp-content\/uploads\/2025\/07\/Sustainability-cover-768x429.jpg 768w, https:\/\/www.leclanche.com\/wp-content\/uploads\/2025\/07\/Sustainability-cover.jpg 1093w\" sizes=\"auto, (max-width: 300px) 100vw, 300px\" \/><\/a><\/p>\n<p>&nbsp;<\/p>\n<p>Lesen Sie den Bericht 2024 <strong><a href=\"https:\/\/www.leclanche.com\/wp-content\/uploads\/2025\/06\/Sustainability-Report-2024.pdf\">hier<\/a>.<\/strong><\/p>\n<p data-ccp-props=\"{&quot;335551550&quot;:1,&quot;335551620&quot;:1,&quot;335559683&quot;:0,&quot;335559685&quot;:0,&quot;335559731&quot;:0,&quot;335559737&quot;:0,&quot;335562764&quot;:2,&quot;335562765&quot;:1,&quot;335562766&quot;:4,&quot;335562767&quot;:0,&quot;335562768&quot;:4,&quot;335562769&quot;:0}\">\n","protected":false},"excerpt":{"rendered":"<p>Auswirkungen auf die Umwelt\u200b\u200b Kreislaufwirtschaft \u200b Eine Kreislaufwirtschaft ist ein Wirtschaftssystem, das auf der Wiederverwendung und dem Recycling von Materialien auf nachhaltige und umweltfreundliche Weise beruht.\u200b Entdecken Sie das Konzept des Leclanche 6RDiscover\u00a0leclanche\u00a06R concept Geringere Umweltbelastung \u200b Leclanch\u00e9 verwendet ein einzigartiges wasserbasiertes Verfahren f\u00fcr die Zellherstellung, das den Einsatz giftiger L\u00f6sungsmittel \u00fcberfl\u00fcssig macht. Wir f\u00fchren [&hellip;]<\/p>\n","protected":false},"author":2,"featured_media":12521,"parent":0,"menu_order":0,"comment_status":"closed","ping_status":"closed","template":"","meta":{"footnotes":""},"class_list":["post-12953","page","type-page","status-publish","has-post-thumbnail","hentry"],"yoast_head":"<!-- This site is optimized with the Yoast SEO plugin v26.4 - https:\/\/yoast.com\/wordpress\/plugins\/seo\/ -->\n<title>Nachhaltigkeit - Leclanch\u00e9<\/title>\n<meta name=\"robots\" content=\"index, follow, max-snippet:-1, max-image-preview:large, max-video-preview:-1\" \/>\n<link rel=\"canonical\" href=\"https:\/\/www.leclanche.com\/de\/nachhaltigkeit\/\" \/>\n<meta property=\"og:locale\" content=\"de_DE\" \/>\n<meta property=\"og:type\" content=\"article\" \/>\n<meta property=\"og:title\" content=\"Nachhaltigkeit - Leclanch\u00e9\" \/>\n<meta property=\"og:url\" content=\"https:\/\/www.leclanche.com\/de\/nachhaltigkeit\/\" \/>\n<meta property=\"og:site_name\" content=\"Leclanch\u00e9\" \/>\n<meta property=\"article:modified_time\" content=\"2026-01-22T15:17:08+00:00\" \/>\n<meta property=\"og:image\" content=\"https:\/\/www.leclanche.com\/wp-content\/uploads\/2023\/03\/Sustainability-scaled.jpg\" \/>\n\t<meta property=\"og:image:width\" content=\"2560\" \/>\n\t<meta property=\"og:image:height\" content=\"1440\" \/>\n\t<meta property=\"og:image:type\" content=\"image\/jpeg\" \/>\n<meta name=\"twitter:card\" content=\"summary_large_image\" \/>\n<meta name=\"twitter:label1\" content=\"Gesch\u00e4tzte Lesezeit\" \/>\n\t<meta name=\"twitter:data1\" content=\"3\u00a0Minuten\" \/>\n<script type=\"application\/ld+json\" class=\"yoast-schema-graph\">{\"@context\":\"https:\/\/schema.org\",\"@graph\":[{\"@type\":\"WebPage\",\"@id\":\"https:\/\/www.leclanche.com\/de\/nachhaltigkeit\/\",\"url\":\"https:\/\/www.leclanche.com\/de\/nachhaltigkeit\/\",\"name\":\"Nachhaltigkeit - Leclanch\u00e9\",\"isPartOf\":{\"@id\":\"https:\/\/www.leclanche.com\/de\/#website\"},\"primaryImageOfPage\":{\"@id\":\"https:\/\/www.leclanche.com\/de\/nachhaltigkeit\/#primaryimage\"},\"image\":{\"@id\":\"https:\/\/www.leclanche.com\/de\/nachhaltigkeit\/#primaryimage\"},\"thumbnailUrl\":\"https:\/\/www.leclanche.com\/wp-content\/uploads\/2023\/03\/Sustainability-scaled.jpg\",\"datePublished\":\"2023-04-12T07:03:31+00:00\",\"dateModified\":\"2026-01-22T15:17:08+00:00\",\"breadcrumb\":{\"@id\":\"https:\/\/www.leclanche.com\/de\/nachhaltigkeit\/#breadcrumb\"},\"inLanguage\":\"de\",\"potentialAction\":[{\"@type\":\"ReadAction\",\"target\":[\"https:\/\/www.leclanche.com\/de\/nachhaltigkeit\/\"]}]},{\"@type\":\"ImageObject\",\"inLanguage\":\"de\",\"@id\":\"https:\/\/www.leclanche.com\/de\/nachhaltigkeit\/#primaryimage\",\"url\":\"https:\/\/www.leclanche.com\/wp-content\/uploads\/2023\/03\/Sustainability-scaled.jpg\",\"contentUrl\":\"https:\/\/www.leclanche.com\/wp-content\/uploads\/2023\/03\/Sustainability-scaled.jpg\",\"width\":2560,\"height\":1440},{\"@type\":\"BreadcrumbList\",\"@id\":\"https:\/\/www.leclanche.com\/de\/nachhaltigkeit\/#breadcrumb\",\"itemListElement\":[{\"@type\":\"ListItem\",\"position\":1,\"name\":\"Accueil\",\"item\":\"https:\/\/www.leclanche.com\/de\/\"},{\"@type\":\"ListItem\",\"position\":2,\"name\":\"Nachhaltigkeit\"}]},{\"@type\":\"WebSite\",\"@id\":\"https:\/\/www.leclanche.com\/de\/#website\",\"url\":\"https:\/\/www.leclanche.com\/de\/\",\"name\":\"Leclanch\u00e9\",\"description\":\"Energy Storage Solutions\",\"potentialAction\":[{\"@type\":\"SearchAction\",\"target\":{\"@type\":\"EntryPoint\",\"urlTemplate\":\"https:\/\/www.leclanche.com\/de\/?s={search_term_string}\"},\"query-input\":{\"@type\":\"PropertyValueSpecification\",\"valueRequired\":true,\"valueName\":\"search_term_string\"}}],\"inLanguage\":\"de\"}]}<\/script>\n<!-- \/ Yoast SEO plugin. -->","yoast_head_json":{"title":"Nachhaltigkeit - Leclanch\u00e9","robots":{"index":"index","follow":"follow","max-snippet":"max-snippet:-1","max-image-preview":"max-image-preview:large","max-video-preview":"max-video-preview:-1"},"canonical":"https:\/\/www.leclanche.com\/de\/nachhaltigkeit\/","og_locale":"de_DE","og_type":"article","og_title":"Nachhaltigkeit - Leclanch\u00e9","og_url":"https:\/\/www.leclanche.com\/de\/nachhaltigkeit\/","og_site_name":"Leclanch\u00e9","article_modified_time":"2026-01-22T15:17:08+00:00","og_image":[{"width":2560,"height":1440,"url":"https:\/\/www.leclanche.com\/wp-content\/uploads\/2023\/03\/Sustainability-scaled.jpg","type":"image\/jpeg"}],"twitter_card":"summary_large_image","twitter_misc":{"Gesch\u00e4tzte Lesezeit":"3\u00a0Minuten"},"schema":{"@context":"https:\/\/schema.org","@graph":[{"@type":"WebPage","@id":"https:\/\/www.leclanche.com\/de\/nachhaltigkeit\/","url":"https:\/\/www.leclanche.com\/de\/nachhaltigkeit\/","name":"Nachhaltigkeit - Leclanch\u00e9","isPartOf":{"@id":"https:\/\/www.leclanche.com\/de\/#website"},"primaryImageOfPage":{"@id":"https:\/\/www.leclanche.com\/de\/nachhaltigkeit\/#primaryimage"},"image":{"@id":"https:\/\/www.leclanche.com\/de\/nachhaltigkeit\/#primaryimage"},"thumbnailUrl":"https:\/\/www.leclanche.com\/wp-content\/uploads\/2023\/03\/Sustainability-scaled.jpg","datePublished":"2023-04-12T07:03:31+00:00","dateModified":"2026-01-22T15:17:08+00:00","breadcrumb":{"@id":"https:\/\/www.leclanche.com\/de\/nachhaltigkeit\/#breadcrumb"},"inLanguage":"de","potentialAction":[{"@type":"ReadAction","target":["https:\/\/www.leclanche.com\/de\/nachhaltigkeit\/"]}]},{"@type":"ImageObject","inLanguage":"de","@id":"https:\/\/www.leclanche.com\/de\/nachhaltigkeit\/#primaryimage","url":"https:\/\/www.leclanche.com\/wp-content\/uploads\/2023\/03\/Sustainability-scaled.jpg","contentUrl":"https:\/\/www.leclanche.com\/wp-content\/uploads\/2023\/03\/Sustainability-scaled.jpg","width":2560,"height":1440},{"@type":"BreadcrumbList","@id":"https:\/\/www.leclanche.com\/de\/nachhaltigkeit\/#breadcrumb","itemListElement":[{"@type":"ListItem","position":1,"name":"Accueil","item":"https:\/\/www.leclanche.com\/de\/"},{"@type":"ListItem","position":2,"name":"Nachhaltigkeit"}]},{"@type":"WebSite","@id":"https:\/\/www.leclanche.com\/de\/#website","url":"https:\/\/www.leclanche.com\/de\/","name":"Leclanch\u00e9","description":"Energy Storage Solutions","potentialAction":[{"@type":"SearchAction","target":{"@type":"EntryPoint","urlTemplate":"https:\/\/www.leclanche.com\/de\/?s={search_term_string}"},"query-input":{"@type":"PropertyValueSpecification","valueRequired":true,"valueName":"search_term_string"}}],"inLanguage":"de"}]}},"_links":{"self":[{"href":"https:\/\/www.leclanche.com\/de\/wp-json\/wp\/v2\/pages\/12953","targetHints":{"allow":["GET"]}}],"collection":[{"href":"https:\/\/www.leclanche.com\/de\/wp-json\/wp\/v2\/pages"}],"about":[{"href":"https:\/\/www.leclanche.com\/de\/wp-json\/wp\/v2\/types\/page"}],"author":[{"embeddable":true,"href":"https:\/\/www.leclanche.com\/de\/wp-json\/wp\/v2\/users\/2"}],"replies":[{"embeddable":true,"href":"https:\/\/www.leclanche.com\/de\/wp-json\/wp\/v2\/comments?post=12953"}],"version-history":[{"count":8,"href":"https:\/\/www.leclanche.com\/de\/wp-json\/wp\/v2\/pages\/12953\/revisions"}],"predecessor-version":[{"id":15409,"href":"https:\/\/www.leclanche.com\/de\/wp-json\/wp\/v2\/pages\/12953\/revisions\/15409"}],"wp:featuredmedia":[{"embeddable":true,"href":"https:\/\/www.leclanche.com\/de\/wp-json\/wp\/v2\/media\/12521"}],"wp:attachment":[{"href":"https:\/\/www.leclanche.com\/de\/wp-json\/wp\/v2\/media?parent=12953"}],"curies":[{"name":"wp","href":"https:\/\/api.w.org\/{rel}","templated":true}]}}