{"id":13050,"date":"2023-04-27T08:02:22","date_gmt":"2023-04-27T06:02:22","guid":{"rendered":"https:\/\/www.leclanche.com\/?page_id=13050"},"modified":"2023-08-29T11:47:02","modified_gmt":"2023-08-29T09:47:02","slug":"datenschutz","status":"publish","type":"page","link":"https:\/\/www.leclanche.com\/de\/datenschutz\/","title":{"rendered":"Datenschutz"},"content":{"rendered":"<h3>1. Grunds\u00e4tze<\/h3>\n<p>Leclanch\u00e9 legt gro\u00dfen Wert auf den Datenschutz, insbesondere auf den Schutz Ihrer pers\u00f6nlichen Daten. Wir behandeln Ihre pers\u00f6nlichen Daten mit gr\u00f6sster Sorgfalt und in \u00dcbereinstimmung mit den geltenden gesetzlichen Bestimmungen.<\/p>\n<p>Zweck dieser Datenschutzrichtlinie ist es, Sie als Nutzer unserer Website www.leclanch\u00e9.com (nachfolgend unsere Website) \u00fcber die von uns gesammelten Daten und insbesondere \u00fcber die folgenden Informationen zu informieren:<\/p>\n<p>Wer ist der f\u00fcr die Datenverarbeitung Verantwortliche<br \/>\nWelche personenbezogenen Daten werden erhoben<br \/>\nWie werden die gesammelten Daten verwendet?<br \/>\nWie werden die Daten gespeichert und aufbewahrt?<br \/>\nWer hat Zugang zu diesen Daten?<br \/>\nWo werden die Daten verarbeitet?<br \/>\nWelche Rechte haben Sie<\/p>\n<h3>2. wer der f\u00fcr die Datenverarbeitung Verantwortliche ist<\/h3>\n<p>Leclanche SA ist der Verantwortliche f\u00fcr die Verarbeitung der Leclanch\u00e9-Gruppen, wie unten unter Abschnitt [3.4.b] beschrieben, im Rahmen dieser Datenschutzerkl\u00e4rung, es sei denn, wir teilen Ihnen im Einzelfall etwas anderes mit.<\/p>\n<p>Leclanch\u00e9 SA<br \/>\nAvenue des Sports 42<br \/>\n1400 Yverdon-les-Bains<br \/>\nSchweiz<\/p>\n<h3>3. personenbezogene Daten<\/h3>\n<p>Wir verarbeiten personenbezogene Daten, die Sie uns zur Verf\u00fcgung stellen oder die wir von Dritten erhalten. Diese Daten umfassen verschiedene Kategorien von Daten \u00fcber Sie.<\/p>\n<h6>3.1 Automatisch erfasste Daten<\/h6>\n<p>Wir nutzen den Dienst von Google Analytics, um Daten zu sammeln. Diese Daten werden ben\u00f6tigt, um Ihre Nutzung unserer Website besser zu verstehen, Verbesserungen vorzunehmen und die Erwartungen der Nutzer besser zu erf\u00fcllen.<\/p>\n<p>Wenn Sie unsere Website besuchen, sammelt dieser Dienst automatisch die folgenden Informationen:<\/p>\n<p>IP-Adresse<br \/>\nStandort<br \/>\nAngaben zu Hardware und Software<br \/>\nSeitenaufrufe auf unserer Website<\/p>\n<p>Die Datenschutzbestimmungen von Google Analytics finden Sie unter folgendem Link: https:\/\/policies.google.com\/technologies\/partner-sites.<\/p>\n<p>Wir verwenden Cookies auf unserer Website, wie unten in Abschnitt [5] beschrieben, um die ordnungsgem\u00e4\u00dfe Funktionalit\u00e4t der Website zu gew\u00e4hrleisten. Wir verwenden Cookies, um das Browsing-Erlebnis zu verbessern, personalisierte Werbung oder Inhalte bereitzustellen und unseren Datenverkehr zu analysieren. Die Benutzer k\u00f6nnen w\u00e4hlen, ob sie Cookies akzeptieren, ablehnen oder anpassen m\u00f6chten.<\/p>\n<h6>3.2 Nicht-automatisch erfasste Daten<\/h6>\n<p>Unsere Website verf\u00fcgt \u00fcber mehrere Kontaktformulare f\u00fcr verschiedene Produkte und Dienstleistungen.<\/p>\n<p>Bei der Nutzung unserer Kontaktformulare erheben, speichern und verarbeiten wir personenbezogene Daten, die uns mitgeteilt werden, um Ihre Anfrage zu bearbeiten.<\/p>\n<p>Zu den \u00fcber die Formulare erhobenen Daten geh\u00f6ren:<\/p>\n<p>Vorname und Nachname<br \/>\nE-Mail Adresse<br \/>\nTelefon-Nummer<br \/>\nUnternehmen<br \/>\nAlle anderen Informationen, die Sie uns bei der Verwendung der Kontaktformulare auf unserer Website mitteilen<\/p>\n<h6>\n3.3 Wie wir Ihre pers\u00f6nlichen Daten verwenden<\/h6>\n<p>Die auf unserer Website erhobenen personenbezogenen Daten werden nur f\u00fcr die in dieser Datenschutzerkl\u00e4rung genannten Zwecke verwendet.<\/p>\n<p>Die \u00fcber unsere Kontaktformulare erfassten Daten k\u00f6nnen f\u00fcr folgende Zwecke verwendet werden:<\/p>\n<ol>\n<li>Wir k\u00f6nnen Ihre Daten verwenden, um auf Ihre Anfrage oder Frage zu antworten, um Ihre Rechte auszu\u00fcben und um uns mit Ihnen in Verbindung setzen zu k\u00f6nnen, falls Sie weitere Fragen haben.<\/li>\n<li>Gesch\u00e4ftsbeziehungen: Wir verwenden Ihre Daten, um Ihre Anfrage zu beantworten, z. B. in Bezug auf eine m\u00f6gliche Bestellung, im Zusammenhang mit der Aus\u00fcbung Ihrer Rechte und um es uns zu erm\u00f6glichen, Sie im Falle von R\u00fcckfragen zu kontaktieren.<\/li>\n<\/ol>\n<p>Die automatisch erfassten Daten werden f\u00fcr folgende Zwecke verwendet:<\/p>\n<ol>\n<li>Statistik<\/li>\n<\/ol>\n<h6>3.4 An wen wir personenbezogene Daten weitergeben<\/h6>\n<p>Um Ihre Anfragen beantworten zu k\u00f6nnen, k\u00f6nnen personenbezogene Daten weitergegeben werden an:<\/p>\n<ol>\n<li>Mitarbeiter<br \/>\nWir k\u00f6nnen die \u00fcber unsere Kontaktformulare gesammelten Informationen an jedes Mitglied unserer Organisation weitergeben, das sie ben\u00f6tigt, um Ihre Anfragen zu beantworten.<\/li>\n<li>Die Unternehmen der Leclanch\u00e9-Gruppe<br \/>\nLeclanch\u00e9 SA, Schweiz<br \/>\nLeclanch\u00e9 E-Mobility, Schweiz<br \/>\nLeclanch\u00e9 GmbH, Deutschland<br \/>\nLeclanch\u00e9 North America, Inc. in den USA<br \/>\nLECLANCH\u00c8 NORWAY AS, Norwegen<br \/>\nLeclanch\u00e9 Frankreich SASU, Frankreich<br \/>\nLeclanch\u00e9 UK Limited, Gro\u00dfbritannien<br \/>\nLeclanch\u00e9 Kanada Inc.<\/li>\n<li>Dritte Parteien<br \/>\nIhre Daten werden an Dienstleistungsanbieter weitergegeben, insbesondere an:<br \/>\nGoogle Analytics<br \/>\nEQS<br \/>\nWordpress<\/li>\n<\/ol>\n<p>Dar\u00fcber hinaus erfolgt eine Weitergabe Ihrer Daten an sonstige Dritte nur, wenn wir hierzu gesetzlich verpflichtet sind (z.B. Anfrage einer Ermittlungsbeh\u00f6rde) oder Sie ausdr\u00fccklich in die Weitergabe an Dritte eingewilligt haben.<\/p>\n<h6>3.5 Internationale Daten\u00fcbermittlung<\/h6>\n<p>Im Rahmen der Bearbeitung und zur Beantwortung der Anfragen k\u00f6nnen personenbezogene Daten an die Konzerngesellschaften von Leclanch\u00e9 oder andere Dritte ausserhalb der Schweiz \u00fcbermittelt werden.<\/p>\n<p>Daher k\u00f6nnen die Daten in den folgenden L\u00e4ndern erhoben, abgerufen und verarbeitet werden:<\/p>\n<p>Frankreich<br \/>\nDeutschland<br \/>\nVereinigte Staaten<br \/>\nVereinigtes K\u00f6nigreich<br \/>\nNorwegen<br \/>\nKanada<\/p>\n<p>Befindet sich ein Empf\u00e4nger in einem Land ohne ausreichenden gesetzlichen Datenschutz, so verpflichten wir den Empf\u00e4nger zur Einhaltung des Datenschutzes (wir verwenden dazu die \u00fcberarbeiteten Standardvertragsklauseln der Europ\u00e4ischen Kommission, die Sie hier abrufen k\u00f6nnen: https:\/\/eur-lex.europa.eu\/eli\/dec_impl\/2021\/914\/oj?), es sei denn, der Empf\u00e4nger unterliegt einem gesetzlich anerkannten Regelwerk zur Gew\u00e4hrleistung des Datenschutzes und wir k\u00f6nnen uns nicht auf eine Ausnahme berufen. Eine Ausnahme kann z. B. im Falle eines Gerichtsverfahrens im Ausland gelten, aber auch in F\u00e4llen, in denen ein \u00fcberwiegendes \u00f6ffentliches Interesse besteht oder die Erf\u00fcllung eines Vertrags die Weitergabe erfordert, wenn Sie eingewilligt haben oder wenn die Daten von Ihnen allgemein zur Verf\u00fcgung gestellt wurden und Sie der Verarbeitung nicht widersprochen haben.<\/p>\n<h6>3.6 Aufbewahrung Ihrer Daten<\/h6>\n<p>Wir verarbeiten Ihre Daten so lange, wie es unsere Verarbeitungszwecke, die gesetzlichen Aufbewahrungsfristen und unsere berechtigten Interessen an der Dokumentation und Beweissicherung erfordern oder die Speicherung technisch erforderlich ist.<\/p>\n<h6>3.7 Sicherheit Ihrer Daten<\/h6>\n<p>Wir treffen die erforderlichen technischen und organisatorischen Ma\u00dfnahmen, um Ihre personenbezogenen Daten vor unbefugter Verarbeitung zu sch\u00fctzen sowie deren Vertraulichkeit, Verf\u00fcgbarkeit, Integrit\u00e4t und Nachvollziehbarkeit zu gew\u00e4hrleisten.<\/p>\n<p>Wir weisen darauf hin, dass das Internet kein sicheres Medium ist und dass unbefugte Dritte Zugang zu den in diesem Umfeld \u00fcbermittelten Daten haben k\u00f6nnen. Dies kann zur Ver\u00f6ffentlichung oder Ver\u00e4nderung solcher Daten oder zu technischen Problemen f\u00fchren.<\/p>\n<p>Trotz umfangreicher technischer und organisatorischer Sicherheitsma\u00dfnahmen kann der Verlust von personenbezogenen Daten, deren Abfangen oder Manipulation durch Unbefugte nicht ausgeschlossen werden.<\/p>\n<h3>4. Ihre Rechte<\/h3>\n<p>Je nach geltendem Datenschutzrecht haben Sie im Zusammenhang mit unserer Datenverarbeitung folgende Rechte:<\/p>\n<p>das Recht, von uns Auskunft dar\u00fcber zu verlangen, ob und welche Daten wir von Ihnen verarbeiten;<br \/>\ndas Recht, von uns die Berichtigung von Daten zu verlangen, wenn diese unzutreffend sind;<br \/>\ndas Recht, die L\u00f6schung von Daten zu verlangen;<br \/>\ndas Recht zu verlangen, dass wir Ihnen bestimmte personenbezogene Daten in einem g\u00e4ngigen elektronischen Format zur Verf\u00fcgung stellen oder sie an einen anderen f\u00fcr die Verarbeitung Verantwortlichen \u00fcbermitteln;<br \/>\ndas Recht, die Einwilligung zu widerrufen, wenn unsere Verarbeitung auf Ihrer Einwilligung beruht;<br \/>\ndas Recht, auf Anfrage weitere Informationen zu erhalten, die f\u00fcr die Aus\u00fcbung dieser Rechte hilfreich sind.<\/p>\n<p>Sie k\u00f6nnen diese Rechte aus\u00fcben, indem Sie eine Anfrage an info@leclanche.com oder Leclanch\u00e9 SA, Av. des Sports 42, 1400 Yverdon-les-Bains senden.<\/p>\n<p>Wenn Sie mit der Art und Weise, wie wir Ihre Rechte handhaben, oder mit unseren Datenschutzpraktiken nicht einverstanden sind, teilen Sie uns dies bitte mit.<\/p>\n<p>Wenn Sie sich im EWR, im Vereinigten K\u00f6nigreich oder in der Schweiz befinden, haben Sie auch das Recht, eine Beschwerde bei der zust\u00e4ndigen Datenschutzaufsichtsbeh\u00f6rde in Ihrem Land einzureichen.<\/p>\n<p>Sie k\u00f6nnen jederzeit dem Erhalt von Werbung und der Verarbeitung Ihrer Daten zu Marketing- und Werbezwecken widersprechen, indem Sie an info@leclanche.com oder Leclanch\u00e9, Av. des Sports 42, 1400 Yverdon-les-Bains schreiben.<\/p>\n<h3>5. Cookies<\/h3>\n<p>Einige Seiten dieser Website verwenden Cookies. Cookies sind kleine Textdateien, die von Ihrem Browser auf Ihrem Computer gespeichert werden. Diese Cookies erm\u00f6glichen es der Website, Ihren Browser bei Ihrem n\u00e4chsten Besuch wiederzuerkennen und so die Inhalte an Ihre Vorlieben und Einstellungen anzupassen. So k\u00f6nnen Sie z.B. Cookies nur im Einzelfall zulassen, Cookies in bestimmten F\u00e4llen annehmen oder generell ausschlie\u00dfen und das automatische L\u00f6schen von Cookies beim Schlie\u00dfen Ihres Browsers aktivieren. Bei der Deaktivierung von Cookies kann die Funktionalit\u00e4t unserer Website eingeschr\u00e4nkt sein.<\/p>\n<p>Wir unterscheiden die folgenden Kategorien von Cookies:<\/p>\n<p>-Notwendige Cookies,<\/p>\n<p>-Leistungsbezogene Cookies,<\/p>\n<p>-Marketing-Cookies<\/p>\n<h3>6. Inkrafttreten<\/h3>\n<p>Diese Erkl\u00e4rung tritt mit Wirkung vom September 2023 in Kraft.<\/p>\n<h3>7. \u00dcberpr\u00fcfung<\/h3>\n<p>Diese Datenschutzerkl\u00e4rung unterliegt einem regelm\u00e4\u00dfigen \u00dcberpr\u00fcfungsprozess, um die Einhaltung der Bestimmungen zu gew\u00e4hrleisten und um etwaige \u00c4nderungen in unserem Datenerhebungsverfahren zu ber\u00fccksichtigen.<\/p>\n<p>Wir empfehlen Ihnen, unsere Datenschutzrichtlinie von Zeit zu Zeit zu \u00fcberpr\u00fcfen, um sicherzustellen, dass Sie \u00fcber alle Aktualisierungen informiert sind.<\/p>\n<p>Diese Datenschutzrichtlinie wurde zuletzt am 23. August 2023 \u00fcberarbeitet.<\/p>\n","protected":false},"excerpt":{"rendered":"<p>1. Grunds\u00e4tze Leclanch\u00e9 legt gro\u00dfen Wert auf den Datenschutz, insbesondere auf den Schutz Ihrer pers\u00f6nlichen Daten. Wir behandeln Ihre pers\u00f6nlichen Daten mit gr\u00f6sster Sorgfalt und in \u00dcbereinstimmung mit den geltenden gesetzlichen Bestimmungen. Zweck dieser Datenschutzrichtlinie ist es, Sie als Nutzer unserer Website www.leclanch\u00e9.com (nachfolgend unsere Website) \u00fcber die von uns gesammelten Daten und insbesondere \u00fcber [&hellip;]<\/p>\n","protected":false},"author":2,"featured_media":0,"parent":0,"menu_order":0,"comment_status":"closed","ping_status":"closed","template":"","meta":{"footnotes":""},"class_list":["post-13050","page","type-page","status-publish","hentry"],"yoast_head":"<!-- This site is optimized with the Yoast SEO plugin v26.4 - https:\/\/yoast.com\/wordpress\/plugins\/seo\/ -->\n<title>Datenschutz - Leclanch\u00e9<\/title>\n<meta name=\"robots\" content=\"index, follow, max-snippet:-1, max-image-preview:large, max-video-preview:-1\" \/>\n<link rel=\"canonical\" href=\"https:\/\/www.leclanche.com\/de\/datenschutz\/\" \/>\n<meta property=\"og:locale\" content=\"de_DE\" \/>\n<meta property=\"og:type\" content=\"article\" \/>\n<meta property=\"og:title\" content=\"Datenschutz - Leclanch\u00e9\" \/>\n<meta property=\"og:url\" content=\"https:\/\/www.leclanche.com\/de\/datenschutz\/\" \/>\n<meta property=\"og:site_name\" content=\"Leclanch\u00e9\" \/>\n<meta property=\"article:modified_time\" content=\"2023-08-29T09:47:02+00:00\" \/>\n<meta name=\"twitter:card\" content=\"summary_large_image\" \/>\n<meta name=\"twitter:label1\" content=\"Gesch\u00e4tzte Lesezeit\" \/>\n\t<meta name=\"twitter:data1\" content=\"7\u00a0Minuten\" \/>\n<script type=\"application\/ld+json\" class=\"yoast-schema-graph\">{\"@context\":\"https:\/\/schema.org\",\"@graph\":[{\"@type\":\"WebPage\",\"@id\":\"https:\/\/www.leclanche.com\/de\/datenschutz\/\",\"url\":\"https:\/\/www.leclanche.com\/de\/datenschutz\/\",\"name\":\"Datenschutz - Leclanch\u00e9\",\"isPartOf\":{\"@id\":\"https:\/\/www.leclanche.com\/de\/#website\"},\"datePublished\":\"2023-04-27T06:02:22+00:00\",\"dateModified\":\"2023-08-29T09:47:02+00:00\",\"breadcrumb\":{\"@id\":\"https:\/\/www.leclanche.com\/de\/datenschutz\/#breadcrumb\"},\"inLanguage\":\"de\",\"potentialAction\":[{\"@type\":\"ReadAction\",\"target\":[\"https:\/\/www.leclanche.com\/de\/datenschutz\/\"]}]},{\"@type\":\"BreadcrumbList\",\"@id\":\"https:\/\/www.leclanche.com\/de\/datenschutz\/#breadcrumb\",\"itemListElement\":[{\"@type\":\"ListItem\",\"position\":1,\"name\":\"Accueil\",\"item\":\"https:\/\/www.leclanche.com\/de\/\"},{\"@type\":\"ListItem\",\"position\":2,\"name\":\"Datenschutz\"}]},{\"@type\":\"WebSite\",\"@id\":\"https:\/\/www.leclanche.com\/de\/#website\",\"url\":\"https:\/\/www.leclanche.com\/de\/\",\"name\":\"Leclanch\u00e9\",\"description\":\"Energy Storage Solutions\",\"potentialAction\":[{\"@type\":\"SearchAction\",\"target\":{\"@type\":\"EntryPoint\",\"urlTemplate\":\"https:\/\/www.leclanche.com\/de\/?s={search_term_string}\"},\"query-input\":{\"@type\":\"PropertyValueSpecification\",\"valueRequired\":true,\"valueName\":\"search_term_string\"}}],\"inLanguage\":\"de\"}]}<\/script>\n<!-- \/ Yoast SEO plugin. -->","yoast_head_json":{"title":"Datenschutz - Leclanch\u00e9","robots":{"index":"index","follow":"follow","max-snippet":"max-snippet:-1","max-image-preview":"max-image-preview:large","max-video-preview":"max-video-preview:-1"},"canonical":"https:\/\/www.leclanche.com\/de\/datenschutz\/","og_locale":"de_DE","og_type":"article","og_title":"Datenschutz - Leclanch\u00e9","og_url":"https:\/\/www.leclanche.com\/de\/datenschutz\/","og_site_name":"Leclanch\u00e9","article_modified_time":"2023-08-29T09:47:02+00:00","twitter_card":"summary_large_image","twitter_misc":{"Gesch\u00e4tzte Lesezeit":"7\u00a0Minuten"},"schema":{"@context":"https:\/\/schema.org","@graph":[{"@type":"WebPage","@id":"https:\/\/www.leclanche.com\/de\/datenschutz\/","url":"https:\/\/www.leclanche.com\/de\/datenschutz\/","name":"Datenschutz - Leclanch\u00e9","isPartOf":{"@id":"https:\/\/www.leclanche.com\/de\/#website"},"datePublished":"2023-04-27T06:02:22+00:00","dateModified":"2023-08-29T09:47:02+00:00","breadcrumb":{"@id":"https:\/\/www.leclanche.com\/de\/datenschutz\/#breadcrumb"},"inLanguage":"de","potentialAction":[{"@type":"ReadAction","target":["https:\/\/www.leclanche.com\/de\/datenschutz\/"]}]},{"@type":"BreadcrumbList","@id":"https:\/\/www.leclanche.com\/de\/datenschutz\/#breadcrumb","itemListElement":[{"@type":"ListItem","position":1,"name":"Accueil","item":"https:\/\/www.leclanche.com\/de\/"},{"@type":"ListItem","position":2,"name":"Datenschutz"}]},{"@type":"WebSite","@id":"https:\/\/www.leclanche.com\/de\/#website","url":"https:\/\/www.leclanche.com\/de\/","name":"Leclanch\u00e9","description":"Energy Storage Solutions","potentialAction":[{"@type":"SearchAction","target":{"@type":"EntryPoint","urlTemplate":"https:\/\/www.leclanche.com\/de\/?s={search_term_string}"},"query-input":{"@type":"PropertyValueSpecification","valueRequired":true,"valueName":"search_term_string"}}],"inLanguage":"de"}]}},"_links":{"self":[{"href":"https:\/\/www.leclanche.com\/de\/wp-json\/wp\/v2\/pages\/13050","targetHints":{"allow":["GET"]}}],"collection":[{"href":"https:\/\/www.leclanche.com\/de\/wp-json\/wp\/v2\/pages"}],"about":[{"href":"https:\/\/www.leclanche.com\/de\/wp-json\/wp\/v2\/types\/page"}],"author":[{"embeddable":true,"href":"https:\/\/www.leclanche.com\/de\/wp-json\/wp\/v2\/users\/2"}],"replies":[{"embeddable":true,"href":"https:\/\/www.leclanche.com\/de\/wp-json\/wp\/v2\/comments?post=13050"}],"version-history":[{"count":2,"href":"https:\/\/www.leclanche.com\/de\/wp-json\/wp\/v2\/pages\/13050\/revisions"}],"predecessor-version":[{"id":13052,"href":"https:\/\/www.leclanche.com\/de\/wp-json\/wp\/v2\/pages\/13050\/revisions\/13052"}],"wp:attachment":[{"href":"https:\/\/www.leclanche.com\/de\/wp-json\/wp\/v2\/media?parent=13050"}],"curies":[{"name":"wp","href":"https:\/\/api.w.org\/{rel}","templated":true}]}}