{"id":10010,"date":"2023-10-31T06:54:18","date_gmt":"2023-10-31T05:54:18","guid":{"rendered":"https:\/\/www.leclanche.com\/presentations-de-lentreprise-et-rapports-financiers\/"},"modified":"2025-09-30T18:36:00","modified_gmt":"2025-09-30T16:36:00","slug":"presentations-de-lentreprise-et-rapports-financiers","status":"publish","type":"page","link":"https:\/\/www.leclanche.com\/fr\/presentations-de-lentreprise-et-rapports-financiers\/","title":{"rendered":"Pr\u00e9sentations de l&rsquo;entreprise et rapports financiers"},"content":{"rendered":"<h2>Pr\u00e9sentations de l&rsquo;entreprise<\/h2>\n<ul>\n<li><a href=\"https:\/\/www.leclanche.com\/wp-content\/uploads\/2023\/10\/Leclanche-Corporate-Presentation.pdf\">Pr\u00e9sentation de l&rsquo;entreprise<\/a><\/li>\n<\/ul>\n<h2>Rapports annuels (anglais)<\/h2>\n<ul>\n<li><a href=\"https:\/\/www.leclanche.com\/wp-content\/uploads\/2025\/06\/2025-06-30-Leclanche-2024-Consolidated-Annual-Report.pdf\">Rapport Annuel 2024<\/a><\/li>\n<li><a href=\"https:\/\/www.leclanche.com\/wp-content\/uploads\/2024\/05\/2023_Consolidated-Annual-Report_Leclanche.pdf\">Rapport annuel 2023<\/a><\/li>\n<li><a href=\"https:\/\/www.leclanche.com\/wp-content\/uploads\/2023\/05\/2022_Consolidated-Annual-Report_Leclanche_VF-published.pdf\">Rapport annuel 2022<\/a><\/li>\n<li><a href=\"https:\/\/www.leclanche.com\/wp-content\/uploads\/2022\/07\/2021_Consolidated-Annual-Report_Leclanche_vfinal.pdf\">Rapport annuel 2021<\/a><\/li>\n<li><a href=\"https:\/\/www.leclanche.com\/wp-content\/uploads\/2021\/06\/2020_Consolidated-Annual-Report_Leclanche_vf.pdf\">Rapport annuel 2020<\/a><\/li>\n<li><a href=\"https:\/\/www.leclanche.com\/wp-content\/uploads\/2020\/11\/2019_Consolidated-Annual-Report_Leclanche_vf.pdf\">Rapport annuel 2019<\/a><\/li>\n<li><a href=\"https:\/\/www.leclanche.com\/wp-content\/uploads\/2020\/06\/annual_report_2018_.pdf\">Rapport annuel 2018<\/a><\/li>\n<li><a href=\"https:\/\/www.leclanche.com\/wp-content\/uploads\/2020\/06\/annual_report_2017_.pdf\">Rapport annuel 2017<\/a><\/li>\n<li><a href=\"https:\/\/www.leclanche.com\/wp-content\/uploads\/2020\/06\/annual_report_2016.pdf\">Rapport annuel 2016<\/a><\/li>\n<li><a href=\"https:\/\/www.leclanche.com\/wp-content\/uploads\/2020\/06\/annual_report_2015.pdf\">Rapport annuel 2015<\/a><\/li>\n<li><a href=\"https:\/\/www.leclanche.com\/wp-content\/uploads\/2020\/06\/annual_report_2014.pdf\">Rapport annuel 2014<\/a><\/li>\n<li><a href=\"https:\/\/www.leclanche.com\/wp-content\/uploads\/2020\/06\/annual_report_2013.pdf\">Rapport annuel 2013<\/a><\/li>\n<\/ul>\n<h2>Rapports interm\u00e9diaires (anglais)<\/h2>\n<ul>\n<li><a href=\"https:\/\/www.leclanche.com\/wp-content\/uploads\/2025\/09\/2025-06-30-Consolidated-H1-Report_Leclanche_Final.pdf\">Rapport provisoire 2025<\/a><\/li>\n<li><a href=\"https:\/\/www.leclanche.com\/wp-content\/uploads\/2024\/10\/2024-06-30-Consolidated-H1-Report_Leclanche_V-Final.pdf\">Rapport provisoire 2024<\/a><\/li>\n<li><a href=\"https:\/\/www.leclanche.com\/wp-content\/uploads\/2023\/10\/2023-6-30-Consolidated-Mid-Year-Report_Leclanche_VF.pdf\">Rapport provisoire 2023<\/a><\/li>\n<li><a href=\"https:\/\/www.leclanche.com\/wp-content\/uploads\/2022\/11\/2022-11-17-Consolidated-Mid-Year-Report_Leclanche_Vfinal.pdf\">Rapport provisoire 2022<\/a><\/li>\n<li><a href=\"https:\/\/www.leclanche.com\/wp-content\/uploads\/2021\/09\/2021_Consolidated-Mid-Year-Report_Leclanche_VFINAL.pdf\">Rapport provisoire\u00a0 2021<\/a><\/li>\n<li><a href=\"https:\/\/www.leclanche.com\/wp-content\/uploads\/2020\/11\/2020_Consolidated-Mid-Year-Report_Leclanch\u00e9_VF.pdf\">Rapport provisoire 2020<\/a><\/li>\n<li><a href=\"https:\/\/www.leclanche.com\/wp-content\/uploads\/2020\/06\/interim_report_2019.pdf\">Rapport provisoire 2019<\/a><\/li>\n<li><a href=\"https:\/\/www.leclanche.com\/wp-content\/uploads\/2020\/06\/interim_report_2018.pdf\">Rapport provisoire 2018<\/a><\/li>\n<li><a href=\"https:\/\/www.leclanche.com\/wp-content\/uploads\/2020\/06\/interim_report_2017.pdf\">Rapport provisoire 2017<\/a><\/li>\n<li><a href=\"https:\/\/www.leclanche.com\/wp-content\/uploads\/2020\/06\/interim_report_2016.pdf\">Rapport provisoire 2016<\/a><\/li>\n<li><a href=\"https:\/\/www.leclanche.com\/wp-content\/uploads\/2020\/06\/interim_report_2015.pdf\">Rapport provisoire 2015<\/a><\/li>\n<li><a href=\"https:\/\/www.leclanche.com\/wp-content\/uploads\/2020\/06\/interim_report_2014.pdf\">Rapport provisoire 2014<\/a><\/li>\n<li><a href=\"https:\/\/www.leclanche.com\/wp-content\/uploads\/2020\/06\/interim_report_2013.pdf\">Rapport provisoire 2013<\/a><\/li>\n<\/ul>\n<h2>Rapport de Durabilit\u00e9 (anglais)<\/h2>\n<ul>\n<li><a href=\"https:\/\/www.leclanche.com\/wp-content\/uploads\/2025\/06\/Sustainability-Report-2024.pdf\">Rapport de Durabilit\u00e9 2024<\/a><\/li>\n<li><a href=\"https:\/\/www.leclanche.com\/wp-content\/uploads\/2023\/10\/Leclanche-Sustainability-Report-2023.pdf\">Rapport de Durabilit\u00e9 2023<\/a><\/li>\n<\/ul>\n<h2>AGM\/EGM (anglais)<\/h2>\n<h3>2025<\/h3>\n<ul>\n<li><a href=\"https:\/\/www.leclanche.com\/wp-content\/uploads\/2025\/08\/Leclanche-AGM-2025-VHA.pdf\">2025-08-05 &#8211; Leclanch\u00e9 AGM Management Presentation 2025<\/a><\/li>\n<li><a href=\"https:\/\/www.leclanche.com\/wp-content\/uploads\/2025\/08\/LECLANCHE-SA_results-AGM-2025.pdf\">2025-08-05 &#8211; AGM Results<\/a><\/li>\n<li><a href=\"https:\/\/www.leclanche.com\/wp-content\/uploads\/2025\/08\/LECN213_20250811_Leclanche-Minutes-AGM_Executed.pdf\">2025-08-05 &#8211; AGM Minutes<\/a><\/li>\n<\/ul>\n<h3>2024<\/h3>\n<ul>\n<li><a href=\"https:\/\/www.leclanche.com\/wp-content\/uploads\/2023\/10\/Leclanche-AGM-June-2024.pdf\">2024-06-27 &#8211; Leclanch\u00e9 AGM Management Presentation 2024<\/a><\/li>\n<li><a href=\"https:\/\/www.leclanche.com\/wp-content\/uploads\/2024\/07\/LECLANCHE_results_AGM2024.pdf\">2024-06-27 &#8211; Leclanch\u00e9 AGM Results<\/a><\/li>\n<li><a href=\"https:\/\/www.leclanche.com\/wp-content\/uploads\/2024\/07\/LECN213_20240705_Leclanche-Minutes-AGM_Executed_With-Signature.pdf\">2024-06-27 &#8211; Leclanch\u00e9 AGM Minutes 2024<\/a><\/li>\n<li><a href=\"https:\/\/www.leclanche.com\/wp-content\/uploads\/2024\/01\/LECLANCHE_EGM2024_Results.pdf\">2024-01-12 \u2013 Leclanch\u00e9 EGM Results<\/a><\/li>\n<li><a href=\"https:\/\/www.leclanche.com\/wp-content\/uploads\/2024\/01\/LECN213_20240122_EGM-Minutes.pdf\">2024-01-12 &#8211; Leclanch\u00e9 EGM Minutes 2024<\/a><\/li>\n<\/ul>\n<h3>2023<\/h3>\n<ul>\n<li><a href=\"https:\/\/www.leclanche.com\/wp-content\/uploads\/2023\/06\/2022-Management-Report.pdf\">2023-06-19 \u20132022 Management Report<\/a><\/li>\n<li><a href=\"https:\/\/www.leclanche.com\/wp-content\/uploads\/2023\/06\/Leclanche-AGM-June-26-2023-FINAL-.pdf\">2023-06-26 &#8211; Leclanch\u00e9 AGM Management Presentation 2023<\/a><\/li>\n<li><a href=\"https:\/\/www.leclanche.com\/wp-content\/uploads\/2023\/07\/LECLANCHE_Results_AGM2023.pdf\">2023-06-26 &#8211; Leclanch\u00e9 AGM Results<\/a><\/li>\n<li><a href=\"https:\/\/www.leclanche.com\/wp-content\/uploads\/2023\/07\/2023.06.26-Leclanche-SA-AGM-Minutes-signed.pdf\">2023-06-26 &#8211; Leclanch\u00e9 AGM Minutes 2023<\/a><\/li>\n<\/ul>\n<h3>2022<\/h3>\n<ul>\n<li><a href=\"https:\/\/www.leclanche.com\/wp-content\/uploads\/2022\/10\/Management-Presentation-AGM-30-September-2022-VFinal-1.pdf\">2022-09-30 <\/a><a href=\"https:\/\/www.leclanche.com\/wp-content\/uploads\/2021\/06\/Management-Presentation-AGM-30-June-2021-2.pdf\">\u2013<\/a><a href=\"https:\/\/www.leclanche.com\/wp-content\/uploads\/2022\/10\/Management-Presentation-AGM-30-September-2022-VFinal-1.pdf\"> Leclanch\u00e9 AGM Management Presentation 2022<\/a><\/li>\n<li><a href=\"https:\/\/www.leclanche.com\/wp-content\/uploads\/2022\/10\/2022-09-30-Leclanche-SA-AGM-Minutes-Signed.pdf\">2022-09-30 &#8211; Leclanch\u00e9 AGM Minutes 2022<\/a><\/li>\n<\/ul>\n<h3>2021<\/h3>\n<ul>\n<li><a href=\"https:\/\/www.leclanche.com\/wp-content\/uploads\/2021\/06\/Management-Presentation-AGM-30-June-2021-2.pdf\">2021-06-30 \u2013 Leclanch\u00e9 AGM Management Presentation 2021<\/a><\/li>\n<li><a href=\"https:\/\/www.leclanche.com\/wp-content\/uploads\/2021\/07\/Leclanche-Minutes-AGM_30.06.2021_VF_SIGNED.pdf\">2021-06-30 &#8211; Leclanch\u00e9 AGM Minutes 2021<\/a><\/li>\n<\/ul>\n<h3>2020<\/h3>\n<ul>\n<li><a href=\"https:\/\/www.leclanche.com\/wp-content\/uploads\/2020\/10\/2020-06-30.AGM-Management-Presentation_Business-update.pdf\">AGM 2020 \u2013 Management Presentation \u2013 Business Update<\/a><\/li>\n<li><a href=\"https:\/\/www.leclanche.com\/wp-content\/uploads\/2020\/10\/2020-06-30.AGM-Management-Presentation_2019-Financial-Summary.pdf\">AGM 2020 \u2013 Management Presentation \u2013 2019 Financial Summary<\/a><\/li>\n<li><a href=\"https:\/\/www.leclanche.com\/wp-content\/uploads\/2021\/07\/2020-06-30-Leclanche-AGM-Minutes-2020-.pdf\">2020-06-30 &#8211; Leclanch\u00e9 AGM Minutes 2020<\/a><\/li>\n<\/ul>\n<h3>2019<\/h3>\n<ul>\n<li><a href=\"https:\/\/www.leclanche.com\/wp-content\/uploads\/2020\/06\/2019-10-24-Leclanch\u00e9-EGM-Minutes-2019.pdf\">2019-10-24 \u2013 Compte rendu EGM Leclanch\u00e9 2019<\/a><\/li>\n<li><a href=\"https:\/\/www.leclanche.com\/wp-content\/uploads\/2020\/06\/2019-05-09-Leclanch\u00e9-AGM-Minutes-SIGNED.pdf\">2019-05-09 \u2013 Compte rendu AGM Leclanch\u00e9 2019<\/a><\/li>\n<li><a href=\"https:\/\/www.leclanche.com\/wp-content\/uploads\/2020\/06\/Final-AGM-2019-Website-08-May-19.pdf\">2019-05-09 \u2013 Pr\u00e9sentation PDG AGM Leclanch\u00e9 2019<\/a><\/li>\n<\/ul>\n<h3>2018<\/h3>\n<ul>\n<li><a href=\"https:\/\/www.leclanche.com\/wp-content\/uploads\/2020\/06\/2018-12-11-Leclanch\u00e9-EGM-Minutes-SIGNED.pdf\">2018-12-11 \u2013 Compte rendu EGM Leclanch\u00e9 2018<\/a><\/li>\n<li><a href=\"https:\/\/www.leclanche.com\/wp-content\/uploads\/2020\/06\/leclanche_egm_ceo_presentation_2018.pdf\">2018-12-11 \u2013 Pr\u00e9sentation PDG EGM Leclanch\u00e9 2018<\/a><\/li>\n<li><a href=\"https:\/\/www.leclanche.com\/wp-content\/uploads\/2020\/06\/Leclanch\u00e9-Minutes-AGM_06062018_SIGNED.pdf\">2018-06-06 \u2013 Compte rendu AGM Leclanch\u00e9 2018<\/a><\/li>\n<li><a href=\"https:\/\/www.leclanche.com\/wp-content\/uploads\/2019\/01\/leclanche_agm_ceo_presentation_2018.pdf\">2018-06-06 \u2013 Pr\u00e9sentation PDG AGM Leclanch\u00e9 2018<\/a><\/li>\n<\/ul>\n<h3>2017<\/h3>\n<ul>\n<li><a href=\"https:\/\/www.leclanche.com\/wp-content\/uploads\/2020\/06\/Leclanch\u00e9-Minutes-AGM-AGM-26-07-2017-signed-version.pdf\">2017-07-26 \u2013 Compte rendu AGM Leclanch\u00e9 2017<\/a><\/li>\n<li><a href=\"https:\/\/www.leclanche.com\/wp-content\/uploads\/2019\/06\/leclanche-agm-ceo-presentation-26-07-17.pdf\">2017-07-26 \u2013 Pr\u00e9sentation PDG AGM Leclanch\u00e9 2017<\/a><\/li>\n<\/ul>\n<h3>2016<\/h3>\n<ul>\n<li><a href=\"https:\/\/www.leclanche.com\/wp-content\/uploads\/2020\/06\/leclanche_1h2016_ceo_presentation_07-sep-16-final.pdf\">2016-09-07 \u2013 Pr\u00e9sentation conf\u00e9rence investisseurs et analystes \u2013 Rapport provisoire 2016<\/a><\/li>\n<li><a href=\"https:\/\/www.leclanche.com\/wp-content\/uploads\/2020\/06\/2016-05-04-agm-minutes-signed.pdf\">2016-05-04 \u2013 Compte rendu AGM Leclanch\u00e9 2016<\/a><\/li>\n<li><a href=\"https:\/\/www.leclanche.com\/wp-content\/uploads\/2020\/06\/leclanche_agm_-_ceo_presentation.pdf\">2016-05-04 \u2013 Pr\u00e9sentation PDG AGM Leclanch\u00e9 2016<\/a><\/li>\n<li><a href=\"https:\/\/www.leclanche.com\/wp-content\/uploads\/2020\/06\/2016-01-27-egm-minutes-signed.pdf\">2016-01-27 \u2013 Compte rendu EGM Leclanch\u00e9 2016<\/a><\/li>\n<li><a href=\"https:\/\/www.leclanche.com\/wp-content\/uploads\/2020\/06\/leclanche_egm_21jan2016__public_presentation.pdf\">2016-01-27 \u2013 Pr\u00e9sentation PDG EGM Leclanch\u00e9 2016<\/a><\/li>\n<\/ul>\n<h2>Webcasts<\/h2>\n<ul>\n<li><a href=\"https:\/\/www.leclanche.com\/wp-content\/uploads\/2020\/06\/LECLANCHE-Interim-Results-Webcast-Deck-26-Sep-19.pdf\">R\u00e9sultats provisoires 2019\u00a0: pr\u00e9sentation<\/a><\/li>\n<li><a href=\"https:\/\/www.leclanche.com\/wp-content\/uploads\/2020\/06\/20190926-Recording-Webcast-Leclanch\u00e9-SA.mp3\">R\u00e9sultats provisoires 2019\u00a0: enregistrement<\/a><\/li>\n<\/ul>\n<p><script id=\"klewel-embed\" type=\"text\/javascript\" src=\"https:\/\/portal.klewel.com\/static\/widgets\/klewel-embed.js\"><\/script><\/p>\n<div id=\"search-Qzs5jR4LhTanmzzpz8UhuE\" data-klewel-widget=\"search\" data-klewel-notify=\"[\" data-klewel-conf-shortuuid=\"UAstgXe7A4qDDEG7APUa2D\"><\/div>\n<div id=\"player-uhepE9VVdRz3XdERGZAQwe\" data-klewel-widget=\"player\" data-klewel-conf-shortuuid=\"UAstgXe7A4qDDEG7APUa2D\" data-klewel-talk-shortuuid=\"tAa8pcoShqsGwQqHKkciaV\" data-klewel-talk-seek=\"0\" data-klewel-talk-popup=\"true\"><\/div>\n<div id=\"search-JUXoL6tkfY3WW9awgCUJUH\" data-klewel-widget=\"search\" data-klewel-notify=\"[\" data-klewel-conf-shortuuid=\"NrtjuXg6htq8oqP4ngG5L8\"><\/div>\n<div id=\"player-PamLR6HwYfPab4CJ4chRL9\" data-klewel-widget=\"player\" data-klewel-conf-shortuuid=\"NrtjuXg6htq8oqP4ngG5L8\" data-klewel-talk-shortuuid=\"reFyi9K75HAwcinyKCExaP\" data-klewel-talk-seek=\"0\" data-klewel-talk-popup=\"false\"><\/div>\n<div id=\"programme-pF9ykHxUCHtQE6hUDpfBD6\" data-klewel-widget=\"programme\" data-klewel-conf-shortuuid=\"NrtjuXg6htq8oqP4ngG5L8\" data-klewel-notify=\"player-PamLR6HwYfPab4CJ4chRL9\"><\/div>\n","protected":false},"excerpt":{"rendered":"<p>Pr\u00e9sentations de l&rsquo;entreprise Pr\u00e9sentation de l&rsquo;entreprise Rapports annuels (anglais) Rapport Annuel 2024 Rapport annuel 2023 Rapport annuel 2022 Rapport annuel 2021 Rapport annuel 2020 Rapport annuel 2019 Rapport annuel 2018 Rapport annuel 2017 Rapport annuel 2016 Rapport annuel 2015 Rapport annuel 2014 Rapport annuel 2013 Rapports interm\u00e9diaires (anglais) Rapport provisoire 2025 Rapport provisoire 2024 Rapport [&hellip;]<\/p>\n","protected":false},"author":1,"featured_media":0,"parent":0,"menu_order":0,"comment_status":"closed","ping_status":"closed","template":"","meta":{"footnotes":""},"class_list":["post-10010","page","type-page","status-publish","hentry"],"yoast_head":"<!-- This site is optimized with the Yoast SEO plugin v26.4 - https:\/\/yoast.com\/wordpress\/plugins\/seo\/ -->\n<title>Pr\u00e9sentations de l&#039;entreprise et rapports financiers - Leclanch\u00e9<\/title>\n<meta name=\"description\" content=\"Cette page contient des informations d\u00e9taill\u00e9es sur les pr\u00e9sentations, les rapports annuels et provisoires, ainsi que les comptes rendus AGA\/AGE de Leclanch\u00e9.\" \/>\n<meta name=\"robots\" content=\"index, follow, max-snippet:-1, max-image-preview:large, max-video-preview:-1\" \/>\n<link rel=\"canonical\" href=\"https:\/\/www.leclanche.com\/fr\/presentations-de-lentreprise-et-rapports-financiers\/\" \/>\n<meta property=\"og:locale\" content=\"fr_FR\" \/>\n<meta property=\"og:type\" content=\"article\" \/>\n<meta property=\"og:title\" content=\"Pr\u00e9sentations de l&#039;entreprise et rapports financiers - Leclanch\u00e9\" \/>\n<meta property=\"og:description\" content=\"Cette page contient des informations d\u00e9taill\u00e9es sur les pr\u00e9sentations, les rapports annuels et provisoires, ainsi que les comptes rendus AGA\/AGE de Leclanch\u00e9.\" \/>\n<meta property=\"og:url\" content=\"https:\/\/www.leclanche.com\/fr\/presentations-de-lentreprise-et-rapports-financiers\/\" \/>\n<meta property=\"og:site_name\" content=\"Leclanch\u00e9\" \/>\n<meta property=\"article:modified_time\" content=\"2025-09-30T16:36:00+00:00\" \/>\n<meta name=\"twitter:card\" content=\"summary_large_image\" \/>\n<meta name=\"twitter:label1\" content=\"Dur\u00e9e de lecture estim\u00e9e\" \/>\n\t<meta name=\"twitter:data1\" content=\"2 minutes\" \/>\n<script type=\"application\/ld+json\" class=\"yoast-schema-graph\">{\"@context\":\"https:\/\/schema.org\",\"@graph\":[{\"@type\":\"WebPage\",\"@id\":\"https:\/\/www.leclanche.com\/fr\/presentations-de-lentreprise-et-rapports-financiers\/\",\"url\":\"https:\/\/www.leclanche.com\/fr\/presentations-de-lentreprise-et-rapports-financiers\/\",\"name\":\"Pr\u00e9sentations de l'entreprise et rapports financiers - Leclanch\u00e9\",\"isPartOf\":{\"@id\":\"https:\/\/www.leclanche.com\/fr\/#website\"},\"datePublished\":\"2023-10-31T05:54:18+00:00\",\"dateModified\":\"2025-09-30T16:36:00+00:00\",\"description\":\"Cette page contient des informations d\u00e9taill\u00e9es sur les pr\u00e9sentations, les rapports annuels et provisoires, ainsi que les comptes rendus AGA\/AGE de Leclanch\u00e9.\",\"breadcrumb\":{\"@id\":\"https:\/\/www.leclanche.com\/fr\/presentations-de-lentreprise-et-rapports-financiers\/#breadcrumb\"},\"inLanguage\":\"fr-FR\",\"potentialAction\":[{\"@type\":\"ReadAction\",\"target\":[\"https:\/\/www.leclanche.com\/fr\/presentations-de-lentreprise-et-rapports-financiers\/\"]}]},{\"@type\":\"BreadcrumbList\",\"@id\":\"https:\/\/www.leclanche.com\/fr\/presentations-de-lentreprise-et-rapports-financiers\/#breadcrumb\",\"itemListElement\":[{\"@type\":\"ListItem\",\"position\":1,\"name\":\"Accueil\",\"item\":\"https:\/\/www.leclanche.com\/fr\/\"},{\"@type\":\"ListItem\",\"position\":2,\"name\":\"Pr\u00e9sentations de l&rsquo;entreprise et rapports financiers\"}]},{\"@type\":\"WebSite\",\"@id\":\"https:\/\/www.leclanche.com\/fr\/#website\",\"url\":\"https:\/\/www.leclanche.com\/fr\/\",\"name\":\"Leclanch\u00e9\",\"description\":\"Energy Storage Solutions\",\"potentialAction\":[{\"@type\":\"SearchAction\",\"target\":{\"@type\":\"EntryPoint\",\"urlTemplate\":\"https:\/\/www.leclanche.com\/fr\/?s={search_term_string}\"},\"query-input\":{\"@type\":\"PropertyValueSpecification\",\"valueRequired\":true,\"valueName\":\"search_term_string\"}}],\"inLanguage\":\"fr-FR\"}]}<\/script>\n<!-- \/ Yoast SEO plugin. -->","yoast_head_json":{"title":"Pr\u00e9sentations de l'entreprise et rapports financiers - Leclanch\u00e9","description":"Cette page contient des informations d\u00e9taill\u00e9es sur les pr\u00e9sentations, les rapports annuels et provisoires, ainsi que les comptes rendus AGA\/AGE de Leclanch\u00e9.","robots":{"index":"index","follow":"follow","max-snippet":"max-snippet:-1","max-image-preview":"max-image-preview:large","max-video-preview":"max-video-preview:-1"},"canonical":"https:\/\/www.leclanche.com\/fr\/presentations-de-lentreprise-et-rapports-financiers\/","og_locale":"fr_FR","og_type":"article","og_title":"Pr\u00e9sentations de l'entreprise et rapports financiers - Leclanch\u00e9","og_description":"Cette page contient des informations d\u00e9taill\u00e9es sur les pr\u00e9sentations, les rapports annuels et provisoires, ainsi que les comptes rendus AGA\/AGE de Leclanch\u00e9.","og_url":"https:\/\/www.leclanche.com\/fr\/presentations-de-lentreprise-et-rapports-financiers\/","og_site_name":"Leclanch\u00e9","article_modified_time":"2025-09-30T16:36:00+00:00","twitter_card":"summary_large_image","twitter_misc":{"Dur\u00e9e de lecture estim\u00e9e":"2 minutes"},"schema":{"@context":"https:\/\/schema.org","@graph":[{"@type":"WebPage","@id":"https:\/\/www.leclanche.com\/fr\/presentations-de-lentreprise-et-rapports-financiers\/","url":"https:\/\/www.leclanche.com\/fr\/presentations-de-lentreprise-et-rapports-financiers\/","name":"Pr\u00e9sentations de l'entreprise et rapports financiers - Leclanch\u00e9","isPartOf":{"@id":"https:\/\/www.leclanche.com\/fr\/#website"},"datePublished":"2023-10-31T05:54:18+00:00","dateModified":"2025-09-30T16:36:00+00:00","description":"Cette page contient des informations d\u00e9taill\u00e9es sur les pr\u00e9sentations, les rapports annuels et provisoires, ainsi que les comptes rendus AGA\/AGE de Leclanch\u00e9.","breadcrumb":{"@id":"https:\/\/www.leclanche.com\/fr\/presentations-de-lentreprise-et-rapports-financiers\/#breadcrumb"},"inLanguage":"fr-FR","potentialAction":[{"@type":"ReadAction","target":["https:\/\/www.leclanche.com\/fr\/presentations-de-lentreprise-et-rapports-financiers\/"]}]},{"@type":"BreadcrumbList","@id":"https:\/\/www.leclanche.com\/fr\/presentations-de-lentreprise-et-rapports-financiers\/#breadcrumb","itemListElement":[{"@type":"ListItem","position":1,"name":"Accueil","item":"https:\/\/www.leclanche.com\/fr\/"},{"@type":"ListItem","position":2,"name":"Pr\u00e9sentations de l&rsquo;entreprise et rapports financiers"}]},{"@type":"WebSite","@id":"https:\/\/www.leclanche.com\/fr\/#website","url":"https:\/\/www.leclanche.com\/fr\/","name":"Leclanch\u00e9","description":"Energy Storage Solutions","potentialAction":[{"@type":"SearchAction","target":{"@type":"EntryPoint","urlTemplate":"https:\/\/www.leclanche.com\/fr\/?s={search_term_string}"},"query-input":{"@type":"PropertyValueSpecification","valueRequired":true,"valueName":"search_term_string"}}],"inLanguage":"fr-FR"}]}},"_links":{"self":[{"href":"https:\/\/www.leclanche.com\/fr\/wp-json\/wp\/v2\/pages\/10010","targetHints":{"allow":["GET"]}}],"collection":[{"href":"https:\/\/www.leclanche.com\/fr\/wp-json\/wp\/v2\/pages"}],"about":[{"href":"https:\/\/www.leclanche.com\/fr\/wp-json\/wp\/v2\/types\/page"}],"author":[{"embeddable":true,"href":"https:\/\/www.leclanche.com\/fr\/wp-json\/wp\/v2\/users\/1"}],"replies":[{"embeddable":true,"href":"https:\/\/www.leclanche.com\/fr\/wp-json\/wp\/v2\/comments?post=10010"}],"version-history":[{"count":52,"href":"https:\/\/www.leclanche.com\/fr\/wp-json\/wp\/v2\/pages\/10010\/revisions"}],"predecessor-version":[{"id":15142,"href":"https:\/\/www.leclanche.com\/fr\/wp-json\/wp\/v2\/pages\/10010\/revisions\/15142"}],"wp:attachment":[{"href":"https:\/\/www.leclanche.com\/fr\/wp-json\/wp\/v2\/media?parent=10010"}],"curies":[{"name":"wp","href":"https:\/\/api.w.org\/{rel}","templated":true}]}}