{"id":10013,"date":"2020-11-25T16:12:33","date_gmt":"2020-11-25T15:12:33","guid":{"rendered":"https:\/\/www.leclanche.com\/marine-rack-system\/"},"modified":"2020-11-25T16:12:33","modified_gmt":"2020-11-25T15:12:33","slug":"marine-rack-system","status":"publish","type":"page","link":"https:\/\/www.leclanche.com\/fr\/marine-rack-system\/","title":{"rendered":"Marine Rack System"},"content":{"rendered":"<p>Le MRS (Marine Rack System) s&rsquo;appuie essentiellement sur des cellules lithium-ion G\/NMC haute \u00e9nergie fabriqu\u00e9es en Europe par Leclanch\u00e9.<\/p>\n<p>Ces cellules s&rsquo;int\u00e8grent \u00e0 des modules robustes dans la configuration requise, qui sont ensuite ins\u00e9r\u00e9s dans des bo\u00eetiers IP65 con\u00e7us sp\u00e9cialement pour les environnements maritimes difficiles.<\/p>\n<p>Les bo\u00eetiers IP65 sont assembl\u00e9s dans un rack MRS de taille adapt\u00e9e \u00e0 l&rsquo;application, aux c\u00f4t\u00e9s d&rsquo;un syst\u00e8me de gestion de batterie (BMS) d\u00e9di\u00e9, con\u00e7u en interne.<\/p>\n<p>&nbsp;<\/p>\n<p><img loading=\"lazy\" decoding=\"async\" class=\"alignnone wp-image-7173 size-large\" src=\"https:\/\/www.leclanche.com\/wp-content\/uploads\/2020\/11\/Exploded-Module-Alternate-with-Cell-7_no-background-800x1024.png\" alt=\"\" width=\"640\" height=\"819\" srcset=\"https:\/\/www.leclanche.com\/wp-content\/uploads\/2020\/11\/Exploded-Module-Alternate-with-Cell-7_no-background-800x1024.png 800w, https:\/\/www.leclanche.com\/wp-content\/uploads\/2020\/11\/Exploded-Module-Alternate-with-Cell-7_no-background-235x300.png 235w, https:\/\/www.leclanche.com\/wp-content\/uploads\/2020\/11\/Exploded-Module-Alternate-with-Cell-7_no-background-768x982.png 768w, https:\/\/www.leclanche.com\/wp-content\/uploads\/2020\/11\/Exploded-Module-Alternate-with-Cell-7_no-background-1201x1536.png 1201w, https:\/\/www.leclanche.com\/wp-content\/uploads\/2020\/11\/Exploded-Module-Alternate-with-Cell-7_no-background-1601x2048.png 1601w, https:\/\/www.leclanche.com\/wp-content\/uploads\/2020\/11\/Exploded-Module-Alternate-with-Cell-7_no-background.png 1615w\" sizes=\"auto, (max-width: 640px) 100vw, 640px\" \/><\/p>\n<h2><b>Cellules <\/b><b>et<\/b><b> modules<\/b><\/h2>\n<ul>\n<li><\/li>\n<p>Cellules G\/NMC \u00e0 haute \u00e9nergie 60\u00a0Ah, proposant la meilleure dur\u00e9e de vie du secteur\u00a0: 8\u00a0000\u00a0cycles \u00e0 80\u00a0% de profondeur de d\u00e9charge (DoD) (4\u00a0500 \u00e0 100\u00a0% DoD).<\/li>\n<li>Diff\u00e9rentes configurations de modules sont disponibles en fonction des exigences de chaque application.<\/li>\n<li>Tous les modules sont int\u00e9gr\u00e9s \u00e0 des bo\u00eetiers IP65 r\u00e9sistant \u00e0 l&rsquo;eau avec plaque de refroidissement \u00e0 eau int\u00e9gr\u00e9e<\/li>\n<\/ul>\n<p>&nbsp;<\/p>\n<p><img loading=\"lazy\" decoding=\"async\" class=\"alignnone wp-image-7101\" src=\"https:\/\/www.leclanche.com\/wp-content\/uploads\/2020\/11\/mrs-rack-14-1024x819.png\" alt=\"\" width=\"780\" height=\"624\" \/><\/p>\n<p>&nbsp;<\/p>\n<h2><b>Marine Rack System<\/b><\/h2>\n<ul>\n<li>Disponible en quatre tailles de rack pour s&rsquo;adapter \u00e0 toutes les salles de batteries, quelle que soit leur empreinte ou leur taille<\/li>\n<li>Installation et maintenance faciles<\/li>\n<li>Certifi\u00e9 pour toutes les classes majeures<\/li>\n<li>Syst\u00e8me de ventilation ind\u00e9pendant capable d&rsquo;extraire activement les gaz chauds et inflammables<\/li>\n<li>Acc\u00e8s en temps r\u00e9el aux donn\u00e9es d&rsquo;\u00e9tat, de performances et de diagnostic de la batterie gr\u00e2ce \u00e0 une interface utilisateur compl\u00e8te.<\/li>\n<li>Tension du pack jusqu&rsquo;\u00e0 1\u00a0100\u00a0V DC<\/li>\n<li>Fourni avec une alimentation 230 V AC ou une alimentation CC\/CC isol\u00e9e<\/li>\n<\/ul>\n<p>&nbsp;<\/p>\n<h2><b>Gamme <\/b><b>de produits MRS<\/b><\/h2>\n<p><img loading=\"lazy\" decoding=\"async\" class=\"alignnone wp-image-9046 size-full\" src=\"https:\/\/www.leclanche.com\/wp-content\/uploads\/2020\/11\/Mrs-table-2.png\" alt=\"\" width=\"1018\" height=\"400\" srcset=\"https:\/\/www.leclanche.com\/wp-content\/uploads\/2020\/11\/Mrs-table-2.png 1018w, https:\/\/www.leclanche.com\/wp-content\/uploads\/2020\/11\/Mrs-table-2-300x118.png 300w, https:\/\/www.leclanche.com\/wp-content\/uploads\/2020\/11\/Mrs-table-2-768x302.png 768w\" sizes=\"auto, (max-width: 1018px) 100vw, 1018px\" \/><\/p>\n<h2><\/h2>\n<p><img loading=\"lazy\" decoding=\"async\" class=\"alignnone wp-image-7176 size-large\" src=\"https:\/\/www.leclanche.com\/wp-content\/uploads\/2020\/11\/leclanche-graphic_mrs-01@2x-699x1024.png\" alt=\"\" width=\"640\" height=\"938\" srcset=\"https:\/\/www.leclanche.com\/wp-content\/uploads\/2020\/11\/leclanche-graphic_mrs-01@2x-699x1024.png 699w, https:\/\/www.leclanche.com\/wp-content\/uploads\/2020\/11\/leclanche-graphic_mrs-01@2x-205x300.png 205w, https:\/\/www.leclanche.com\/wp-content\/uploads\/2020\/11\/leclanche-graphic_mrs-01@2x-768x1124.png 768w, https:\/\/www.leclanche.com\/wp-content\/uploads\/2020\/11\/leclanche-graphic_mrs-01@2x-1049x1536.png 1049w, https:\/\/www.leclanche.com\/wp-content\/uploads\/2020\/11\/leclanche-graphic_mrs-01@2x-1399x2048.png 1399w, https:\/\/www.leclanche.com\/wp-content\/uploads\/2020\/11\/leclanche-graphic_mrs-01@2x.png 1552w\" sizes=\"auto, (max-width: 640px) 100vw, 640px\" \/><\/p>\n<ul>\n<li>De taille similaire \u00e0 celle d&rsquo;un rack MRS.3, l&rsquo;armoire de contr\u00f4le contient le syst\u00e8me de gestion de la batterie.<\/li>\n<li>Elle peut \u00eatre int\u00e9gr\u00e9e \u00e0 la cha\u00eene MRS ou install\u00e9e s\u00e9par\u00e9ment, sous forme d&rsquo;unit\u00e9 ind\u00e9pendante.<\/li>\n<li>Chaque armoire de contr\u00f4le peut commander jusqu&rsquo;\u00e0 60\u00a0modules dans une cha\u00eene MRS.<\/li>\n<\/ul>\n<h2>Exemples d&rsquo;application<\/h2>\n<p><img loading=\"lazy\" decoding=\"async\" class=\"alignnone wp-image-9036 size-full\" src=\"https:\/\/www.leclanche.com\/wp-content\/uploads\/2020\/11\/MRS-applications.png\" alt=\"\" width=\"1302\" height=\"765\" srcset=\"https:\/\/www.leclanche.com\/wp-content\/uploads\/2020\/11\/MRS-applications.png 1302w, https:\/\/www.leclanche.com\/wp-content\/uploads\/2020\/11\/MRS-applications-300x176.png 300w, https:\/\/www.leclanche.com\/wp-content\/uploads\/2020\/11\/MRS-applications-1024x602.png 1024w, https:\/\/www.leclanche.com\/wp-content\/uploads\/2020\/11\/MRS-applications-768x451.png 768w\" sizes=\"auto, (max-width: 1302px) 100vw, 1302px\" \/><\/p>\n<p><img loading=\"lazy\" decoding=\"async\" class=\"alignnone wp-image-9034 size-full\" src=\"https:\/\/www.leclanche.com\/wp-content\/uploads\/2020\/11\/mrs-table.png\" alt=\"\" width=\"2082\" height=\"602\" srcset=\"https:\/\/www.leclanche.com\/wp-content\/uploads\/2020\/11\/mrs-table.png 2082w, https:\/\/www.leclanche.com\/wp-content\/uploads\/2020\/11\/mrs-table-300x87.png 300w, https:\/\/www.leclanche.com\/wp-content\/uploads\/2020\/11\/mrs-table-1024x296.png 1024w, https:\/\/www.leclanche.com\/wp-content\/uploads\/2020\/11\/mrs-table-768x222.png 768w, https:\/\/www.leclanche.com\/wp-content\/uploads\/2020\/11\/mrs-table-1536x444.png 1536w, https:\/\/www.leclanche.com\/wp-content\/uploads\/2020\/11\/mrs-table-2048x592.png 2048w\" sizes=\"auto, (max-width: 2082px) 100vw, 2082px\" \/><\/p>\n<p>&nbsp;<\/p>\n<p>T\u00e9l\u00e9charger la brochure<\/p>\n<p><img loading=\"lazy\" decoding=\"async\" class=\"aligncenter wp-image-9026 size-full\" src=\"https:\/\/www.leclanche.com\/wp-content\/uploads\/2020\/11\/Damen-2.jpg\" alt=\"\" width=\"1300\" height=\"767\" srcset=\"https:\/\/www.leclanche.com\/wp-content\/uploads\/2020\/11\/Damen-2.jpg 1300w, https:\/\/www.leclanche.com\/wp-content\/uploads\/2020\/11\/Damen-2-300x177.jpg 300w, https:\/\/www.leclanche.com\/wp-content\/uploads\/2020\/11\/Damen-2-1024x604.jpg 1024w, https:\/\/www.leclanche.com\/wp-content\/uploads\/2020\/11\/Damen-2-768x453.jpg 768w\" sizes=\"auto, (max-width: 1300px) 100vw, 1300px\" \/><\/p>\n","protected":false},"excerpt":{"rendered":"<p>Le MRS (Marine Rack System) s&rsquo;appuie essentiellement sur des cellules lithium-ion G\/NMC haute \u00e9nergie fabriqu\u00e9es en Europe par Leclanch\u00e9. Ces cellules s&rsquo;int\u00e8grent \u00e0 des modules robustes dans la configuration requise, qui sont ensuite ins\u00e9r\u00e9s dans des bo\u00eetiers IP65 con\u00e7us sp\u00e9cialement pour les environnements maritimes difficiles. Les bo\u00eetiers IP65 sont assembl\u00e9s dans un rack MRS de [&hellip;]<\/p>\n","protected":false},"author":2,"featured_media":0,"parent":0,"menu_order":0,"comment_status":"closed","ping_status":"closed","template":"","meta":{"footnotes":""},"class_list":["post-10013","page","type-page","status-publish","hentry"],"yoast_head":"<!-- This site is optimized with the Yoast SEO plugin v26.4 - https:\/\/yoast.com\/wordpress\/plugins\/seo\/ -->\n<title>Marine Rack System - Leclanch\u00e9<\/title>\n<meta name=\"description\" content=\"Syst\u00e8me de batterie hautes performances pour applications maritimes\" \/>\n<meta name=\"robots\" content=\"index, follow, max-snippet:-1, max-image-preview:large, max-video-preview:-1\" \/>\n<link rel=\"canonical\" href=\"https:\/\/www.leclanche.com\/fr\/marine-rack-system\/\" \/>\n<meta property=\"og:locale\" content=\"fr_FR\" \/>\n<meta property=\"og:type\" content=\"article\" \/>\n<meta property=\"og:title\" content=\"Marine Rack System - Leclanch\u00e9\" \/>\n<meta property=\"og:description\" content=\"Syst\u00e8me de batterie hautes performances pour applications maritimes\" \/>\n<meta property=\"og:url\" content=\"https:\/\/www.leclanche.com\/fr\/marine-rack-system\/\" \/>\n<meta property=\"og:site_name\" content=\"Leclanch\u00e9\" \/>\n<meta property=\"og:image\" content=\"https:\/\/www.leclanche.com\/wp-content\/uploads\/2020\/11\/Exploded-Module-Alternate-with-Cell-7_no-background-800x1024.png\" \/>\n<meta name=\"twitter:card\" content=\"summary_large_image\" \/>\n<meta name=\"twitter:label1\" content=\"Dur\u00e9e de lecture estim\u00e9e\" \/>\n\t<meta name=\"twitter:data1\" content=\"2 minutes\" \/>\n<script type=\"application\/ld+json\" class=\"yoast-schema-graph\">{\"@context\":\"https:\/\/schema.org\",\"@graph\":[{\"@type\":\"WebPage\",\"@id\":\"https:\/\/www.leclanche.com\/fr\/marine-rack-system\/\",\"url\":\"https:\/\/www.leclanche.com\/fr\/marine-rack-system\/\",\"name\":\"Marine Rack System - Leclanch\u00e9\",\"isPartOf\":{\"@id\":\"https:\/\/www.leclanche.com\/fr\/#website\"},\"primaryImageOfPage\":{\"@id\":\"https:\/\/www.leclanche.com\/fr\/marine-rack-system\/#primaryimage\"},\"image\":{\"@id\":\"https:\/\/www.leclanche.com\/fr\/marine-rack-system\/#primaryimage\"},\"thumbnailUrl\":\"https:\/\/www.leclanche.com\/wp-content\/uploads\/2020\/11\/Exploded-Module-Alternate-with-Cell-7_no-background-800x1024.png\",\"datePublished\":\"2020-11-25T15:12:33+00:00\",\"description\":\"Syst\u00e8me de batterie hautes performances pour applications maritimes\",\"breadcrumb\":{\"@id\":\"https:\/\/www.leclanche.com\/fr\/marine-rack-system\/#breadcrumb\"},\"inLanguage\":\"fr-FR\",\"potentialAction\":[{\"@type\":\"ReadAction\",\"target\":[\"https:\/\/www.leclanche.com\/fr\/marine-rack-system\/\"]}]},{\"@type\":\"ImageObject\",\"inLanguage\":\"fr-FR\",\"@id\":\"https:\/\/www.leclanche.com\/fr\/marine-rack-system\/#primaryimage\",\"url\":\"https:\/\/www.leclanche.com\/wp-content\/uploads\/2020\/11\/Exploded-Module-Alternate-with-Cell-7_no-background-800x1024.png\",\"contentUrl\":\"https:\/\/www.leclanche.com\/wp-content\/uploads\/2020\/11\/Exploded-Module-Alternate-with-Cell-7_no-background-800x1024.png\"},{\"@type\":\"BreadcrumbList\",\"@id\":\"https:\/\/www.leclanche.com\/fr\/marine-rack-system\/#breadcrumb\",\"itemListElement\":[{\"@type\":\"ListItem\",\"position\":1,\"name\":\"Accueil\",\"item\":\"https:\/\/www.leclanche.com\/fr\/\"},{\"@type\":\"ListItem\",\"position\":2,\"name\":\"Marine Rack System\"}]},{\"@type\":\"WebSite\",\"@id\":\"https:\/\/www.leclanche.com\/fr\/#website\",\"url\":\"https:\/\/www.leclanche.com\/fr\/\",\"name\":\"Leclanch\u00e9\",\"description\":\"Energy Storage Solutions\",\"potentialAction\":[{\"@type\":\"SearchAction\",\"target\":{\"@type\":\"EntryPoint\",\"urlTemplate\":\"https:\/\/www.leclanche.com\/fr\/?s={search_term_string}\"},\"query-input\":{\"@type\":\"PropertyValueSpecification\",\"valueRequired\":true,\"valueName\":\"search_term_string\"}}],\"inLanguage\":\"fr-FR\"}]}<\/script>\n<!-- \/ Yoast SEO plugin. -->","yoast_head_json":{"title":"Marine Rack System - Leclanch\u00e9","description":"Syst\u00e8me de batterie hautes performances pour applications maritimes","robots":{"index":"index","follow":"follow","max-snippet":"max-snippet:-1","max-image-preview":"max-image-preview:large","max-video-preview":"max-video-preview:-1"},"canonical":"https:\/\/www.leclanche.com\/fr\/marine-rack-system\/","og_locale":"fr_FR","og_type":"article","og_title":"Marine Rack System - Leclanch\u00e9","og_description":"Syst\u00e8me de batterie hautes performances pour applications maritimes","og_url":"https:\/\/www.leclanche.com\/fr\/marine-rack-system\/","og_site_name":"Leclanch\u00e9","og_image":[{"url":"https:\/\/www.leclanche.com\/wp-content\/uploads\/2020\/11\/Exploded-Module-Alternate-with-Cell-7_no-background-800x1024.png","type":"","width":"","height":""}],"twitter_card":"summary_large_image","twitter_misc":{"Dur\u00e9e de lecture estim\u00e9e":"2 minutes"},"schema":{"@context":"https:\/\/schema.org","@graph":[{"@type":"WebPage","@id":"https:\/\/www.leclanche.com\/fr\/marine-rack-system\/","url":"https:\/\/www.leclanche.com\/fr\/marine-rack-system\/","name":"Marine Rack System - Leclanch\u00e9","isPartOf":{"@id":"https:\/\/www.leclanche.com\/fr\/#website"},"primaryImageOfPage":{"@id":"https:\/\/www.leclanche.com\/fr\/marine-rack-system\/#primaryimage"},"image":{"@id":"https:\/\/www.leclanche.com\/fr\/marine-rack-system\/#primaryimage"},"thumbnailUrl":"https:\/\/www.leclanche.com\/wp-content\/uploads\/2020\/11\/Exploded-Module-Alternate-with-Cell-7_no-background-800x1024.png","datePublished":"2020-11-25T15:12:33+00:00","description":"Syst\u00e8me de batterie hautes performances pour applications maritimes","breadcrumb":{"@id":"https:\/\/www.leclanche.com\/fr\/marine-rack-system\/#breadcrumb"},"inLanguage":"fr-FR","potentialAction":[{"@type":"ReadAction","target":["https:\/\/www.leclanche.com\/fr\/marine-rack-system\/"]}]},{"@type":"ImageObject","inLanguage":"fr-FR","@id":"https:\/\/www.leclanche.com\/fr\/marine-rack-system\/#primaryimage","url":"https:\/\/www.leclanche.com\/wp-content\/uploads\/2020\/11\/Exploded-Module-Alternate-with-Cell-7_no-background-800x1024.png","contentUrl":"https:\/\/www.leclanche.com\/wp-content\/uploads\/2020\/11\/Exploded-Module-Alternate-with-Cell-7_no-background-800x1024.png"},{"@type":"BreadcrumbList","@id":"https:\/\/www.leclanche.com\/fr\/marine-rack-system\/#breadcrumb","itemListElement":[{"@type":"ListItem","position":1,"name":"Accueil","item":"https:\/\/www.leclanche.com\/fr\/"},{"@type":"ListItem","position":2,"name":"Marine Rack System"}]},{"@type":"WebSite","@id":"https:\/\/www.leclanche.com\/fr\/#website","url":"https:\/\/www.leclanche.com\/fr\/","name":"Leclanch\u00e9","description":"Energy Storage Solutions","potentialAction":[{"@type":"SearchAction","target":{"@type":"EntryPoint","urlTemplate":"https:\/\/www.leclanche.com\/fr\/?s={search_term_string}"},"query-input":{"@type":"PropertyValueSpecification","valueRequired":true,"valueName":"search_term_string"}}],"inLanguage":"fr-FR"}]}},"_links":{"self":[{"href":"https:\/\/www.leclanche.com\/fr\/wp-json\/wp\/v2\/pages\/10013","targetHints":{"allow":["GET"]}}],"collection":[{"href":"https:\/\/www.leclanche.com\/fr\/wp-json\/wp\/v2\/pages"}],"about":[{"href":"https:\/\/www.leclanche.com\/fr\/wp-json\/wp\/v2\/types\/page"}],"author":[{"embeddable":true,"href":"https:\/\/www.leclanche.com\/fr\/wp-json\/wp\/v2\/users\/2"}],"replies":[{"embeddable":true,"href":"https:\/\/www.leclanche.com\/fr\/wp-json\/wp\/v2\/comments?post=10013"}],"version-history":[{"count":0,"href":"https:\/\/www.leclanche.com\/fr\/wp-json\/wp\/v2\/pages\/10013\/revisions"}],"wp:attachment":[{"href":"https:\/\/www.leclanche.com\/fr\/wp-json\/wp\/v2\/media?parent=10013"}],"curies":[{"name":"wp","href":"https:\/\/api.w.org\/{rel}","templated":true}]}}