{"id":12950,"date":"2023-04-12T09:03:31","date_gmt":"2023-04-12T07:03:31","guid":{"rendered":"https:\/\/www.leclanche.com\/?page_id=12950"},"modified":"2026-01-22T16:16:48","modified_gmt":"2026-01-22T15:16:48","slug":"developpement-durable","status":"publish","type":"page","link":"https:\/\/www.leclanche.com\/fr\/developpement-durable\/","title":{"rendered":"D\u00e9veloppement durable"},"content":{"rendered":"<h1><span class=\"TextRun SCXP84319043 BCX8\" lang=\"EN-GB\" xml:lang=\"EN-GB\" data-usefontface=\"false\" data-contrast=\"none\"><span class=\"NormalTextRun SCXP84319043 BCX8\"><span class=\"TextRun SCXP163299744 BCX8\" lang=\"EN-GB\" xml:lang=\"EN-GB\" data-usefontface=\"false\" data-contrast=\"none\"><span class=\"NormalTextRun SCXP163299744 BCX8\"><img loading=\"lazy\" decoding=\"async\" class=\"aligncenter wp-image-12519 size-full\" style=\"font-size: 16px;\" src=\"https:\/\/www.leclanche.com\/wp-content\/uploads\/2023\/03\/Sustainability-scaled.jpg\" alt=\"\" width=\"2560\" height=\"1440\" srcset=\"https:\/\/www.leclanche.com\/wp-content\/uploads\/2023\/03\/Sustainability-scaled.jpg 2560w, https:\/\/www.leclanche.com\/wp-content\/uploads\/2023\/03\/Sustainability-300x169.jpg 300w, https:\/\/www.leclanche.com\/wp-content\/uploads\/2023\/03\/Sustainability-1024x576.jpg 1024w, https:\/\/www.leclanche.com\/wp-content\/uploads\/2023\/03\/Sustainability-768x432.jpg 768w, https:\/\/www.leclanche.com\/wp-content\/uploads\/2023\/03\/Sustainability-1536x864.jpg 1536w, https:\/\/www.leclanche.com\/wp-content\/uploads\/2023\/03\/Sustainability-2048x1152.jpg 2048w\" sizes=\"auto, (max-width: 2560px) 100vw, 2560px\" \/><\/span><\/span><\/span><\/span><\/h1>\n<h2><span class=\"TextRun SCXP84319043 BCX8\" lang=\"EN-GB\" xml:lang=\"EN-GB\" data-usefontface=\"false\" data-contrast=\"none\"><span class=\"NormalTextRun SCXP84319043 BCX8\"><span class=\"TextRun SCXP163299744 BCX8\" lang=\"EN-GB\" xml:lang=\"EN-GB\" data-usefontface=\"false\" data-contrast=\"none\"><span class=\"NormalTextRun SCXP163299744 BCX8\">Impact Environemental<\/span><\/span><span class=\"EOP SCXP163299744 BCX8\">\u200b<\/span><\/span><\/span><span class=\"EOP SCXP166855839 BCX8\">\u200b<\/span><\/h2>\n<h3 data-ccp-props=\"{&quot;335551550&quot;:1,&quot;335551620&quot;:1,&quot;335559683&quot;:0,&quot;335559685&quot;:0,&quot;335559731&quot;:0,&quot;335559737&quot;:0,&quot;335562764&quot;:2,&quot;335562765&quot;:1,&quot;335562766&quot;:4,&quot;335562767&quot;:0,&quot;335562768&quot;:4,&quot;335562769&quot;:0}\">Economie circulaire \u200b<\/h3>\n<p data-ccp-props=\"{&quot;335551550&quot;:1,&quot;335551620&quot;:1,&quot;335559683&quot;:0,&quot;335559685&quot;:0,&quot;335559731&quot;:0,&quot;335559737&quot;:0,&quot;335562764&quot;:2,&quot;335562765&quot;:1,&quot;335562766&quot;:4,&quot;335562767&quot;:0,&quot;335562768&quot;:4,&quot;335562769&quot;:0}\">L&rsquo;\u00e9conomie circulaire est un syst\u00e8me \u00e9conomique bas\u00e9 sur la r\u00e9utilisation et le recyclage des mat\u00e9riaux de mani\u00e8re durable et respectueuse de l&rsquo;environnement.\u200b<\/p>\n<p data-ccp-props=\"{&quot;335551550&quot;:1,&quot;335551620&quot;:1,&quot;335559683&quot;:0,&quot;335559685&quot;:0,&quot;335559731&quot;:0,&quot;335559737&quot;:0,&quot;335562764&quot;:2,&quot;335562765&quot;:1,&quot;335562766&quot;:4,&quot;335562767&quot;:0,&quot;335562768&quot;:4,&quot;335562769&quot;:0}\"><a class=\"btn btn--rounded btn--green btn--blue-text\" style=\"text-decoration: none !important; margin: 10px 0 25px 0;\" href=\"http:\/\/www.leclanche.com\/6R\">D\u00e9couvrir le concept 6R de Leclanch\u00e9<\/a><\/p>\n<h3 data-ccp-props=\"{&quot;335551550&quot;:1,&quot;335551620&quot;:1,&quot;335559683&quot;:0,&quot;335559685&quot;:0,&quot;335559731&quot;:0,&quot;335559737&quot;:0,&quot;335562764&quot;:2,&quot;335562765&quot;:1,&quot;335562766&quot;:4,&quot;335562767&quot;:0,&quot;335562768&quot;:4,&quot;335562769&quot;:0}\">R\u00e9duction de l&rsquo;impact sur l&rsquo;environnement\u200b<\/h3>\n<p>Leclanch\u00e9 utilise un processus unique \u00e0 base d&rsquo;eau pour la fabrication des cellules, qui remplace les solvants toxiques.<\/p>\n<p>Nous proc\u00e9dons \u00e0 une \u00e9valuation approfondie de l&rsquo;impact environnemental de nos batteries, ainsi que des \u00e9missions de gaz \u00e0 effet de serre (GES) \u00e0 l&rsquo;\u00e9chelle de l&rsquo;entreprise, tant directes qu&rsquo;indirectes.<\/p>\n<h2 data-ccp-props=\"{&quot;335551550&quot;:1,&quot;335551620&quot;:1,&quot;335559683&quot;:0,&quot;335559685&quot;:0,&quot;335559731&quot;:0,&quot;335559737&quot;:0,&quot;335562764&quot;:2,&quot;335562765&quot;:1,&quot;335562766&quot;:4,&quot;335562767&quot;:0,&quot;335562768&quot;:4,&quot;335562769&quot;:0}\"><span class=\"TextRun SCXP28609033 BCX8\" lang=\"EN-GB\" xml:lang=\"EN-GB\" data-usefontface=\"false\" data-contrast=\"none\"><span class=\"NormalTextRun SCXP28609033 BCX8\">Sant\u00e9 et s\u00e9curit\u00e9 <\/span><\/span><\/h2>\n<p data-ccp-props=\"{&quot;335551550&quot;:1,&quot;335551620&quot;:1,&quot;335559683&quot;:0,&quot;335559685&quot;:0,&quot;335559731&quot;:0,&quot;335559737&quot;:0,&quot;335562764&quot;:2,&quot;335562765&quot;:1,&quot;335562766&quot;:4,&quot;335562767&quot;:0,&quot;335562768&quot;:4,&quot;335562769&quot;:0}\">La sant\u00e9 et la s\u00e9curit\u00e9 des employ\u00e9s et des parties prenantes de Leclanch\u00e9 est une priorit\u00e9 essentielle pour nous.<\/p>\n<h3 data-ccp-props=\"{&quot;335551550&quot;:1,&quot;335551620&quot;:1,&quot;335559683&quot;:0,&quot;335559685&quot;:0,&quot;335559731&quot;:0,&quot;335559737&quot;:0,&quot;335562764&quot;:2,&quot;335562765&quot;:1,&quot;335562766&quot;:4,&quot;335562767&quot;:0,&quot;335562768&quot;:4,&quot;335562769&quot;:0}\">La s\u00e9curit\u00e9 certifi\u00e9e sur chaque site\u200b<\/h3>\n<p data-ccp-props=\"{&quot;335551550&quot;:1,&quot;335551620&quot;:1,&quot;335559683&quot;:0,&quot;335559685&quot;:0,&quot;335559731&quot;:0,&quot;335559737&quot;:0,&quot;335562764&quot;:2,&quot;335562765&quot;:1,&quot;335562766&quot;:4,&quot;335562767&quot;:0,&quot;335562768&quot;:4,&quot;335562769&quot;:0}\">Leclanch\u00e9 est certifi\u00e9 selon la norme ISO 45001 pour ses deux sites de production de Willst\u00e4tt et d&rsquo;Yverdon-les-Bains. ISO 45001 est la norme pour les syst\u00e8mes de gestion de la sant\u00e9 et de la s\u00e9curit\u00e9 au travail. Elle vise \u00e0 r\u00e9duire les accidents du travail, en promouvant et en prot\u00e9geant la sant\u00e9 physique et mentale.<\/p>\n<h2 data-ccp-props=\"{&quot;335551550&quot;:1,&quot;335551620&quot;:1,&quot;335559683&quot;:0,&quot;335559685&quot;:0,&quot;335559731&quot;:0,&quot;335559737&quot;:0,&quot;335562764&quot;:2,&quot;335562765&quot;:1,&quot;335562766&quot;:4,&quot;335562767&quot;:0,&quot;335562768&quot;:4,&quot;335562769&quot;:0}\">Rapport de durabilit\u00e9<\/h2>\n<p>Leclanch\u00e9 a publi\u00e9 son deuxi\u00e8me rapport de d\u00e9veloppement durable, mettant en lumi\u00e8re les avanc\u00e9es r\u00e9alis\u00e9es en 2024 dans le cadre de sa strat\u00e9gie environnementale, sociale et de gouvernance (ESG). Ce rapport pr\u00e9sente notamment l\u2019actualisation des donn\u00e9es relatives aux \u00e9missions de gaz \u00e0 effet de serre (Scopes 1, 2 et 3), ainsi que l\u2019int\u00e9gration progressive des principes ESG dans les syst\u00e8mes de management certifi\u00e9s ISO de l\u2019entreprise. Leclanch\u00e9 par ailleurs enrichit son approche de la circularit\u00e9 en \u00e9largissant son cadre initial \u00ab 6R \u00bb \u00e0 une strat\u00e9gie plus compl\u00e8te \u00ab 12R \u00bb, englobant la responsabilit\u00e9 sur l\u2019ensemble de la cha\u00eene de valeur et la r\u00e9duction des \u00e9missions. L\u2019entreprise s\u2019aligne ainsi sur les principales r\u00e9glementations europ\u00e9ennes en mati\u00e8re de durabilit\u00e9, telles que le r\u00e8glement sur la divulgation des informations financi\u00e8res durables (SFDR), la directive sur les rapports de durabilit\u00e9 des entreprises (CSRD) et le r\u00e8glement europ\u00e9en sur les batteries, dans le cadre d\u2019une mise en \u0153uvre progressive jusqu\u2019en 2035.<\/p>\n<p>Dans le but de renforcer l\u2019ancrage du d\u00e9veloppement durable au c\u0153ur de ses activit\u00e9s, une initiative interfonctionnelle a \u00e9t\u00e9 lanc\u00e9e afin de promouvoir une culture d\u2019entreprise durable et d\u2019approfondir l\u2019engagement des parties prenantes. Les technologies de batteries d\u00e9velopp\u00e9es par Leclanch\u00e9, \u00e0 base d\u2019eau et sans PFAS, contribuent \u00e0 la fois \u00e0 l\u2019atteinte des objectifs environnementaux et \u00e0 l\u2019anticipation des \u00e9volutions r\u00e9glementaires. En 2025 et au-del\u00e0, l\u2019entreprise concentrera ses efforts sur le d\u00e9ploiement op\u00e9rationnel des plans d\u2019action 12R au sein des d\u00e9partements, l\u2019am\u00e9lioration continue des indicateurs de durabilit\u00e9 et l\u2019acc\u00e9l\u00e9ration des initiatives de d\u00e9carbonation, r\u00e9affirmant ainsi son engagement en faveur de la transparence, de l\u2019innovation et de la cr\u00e9ation de valeur \u00e0 long terme.<\/p>\n<p><a href=\"https:\/\/www.leclanche.com\/wp-content\/uploads\/2025\/06\/Sustainability-Report-2024.pdf\"><img loading=\"lazy\" decoding=\"async\" class=\"alignnone size-medium wp-image-14916\" src=\"https:\/\/www.leclanche.com\/wp-content\/uploads\/2025\/07\/Sustainability-cover-300x168.jpg\" alt=\"\" width=\"300\" height=\"168\" srcset=\"https:\/\/www.leclanche.com\/wp-content\/uploads\/2025\/07\/Sustainability-cover-300x168.jpg 300w, https:\/\/www.leclanche.com\/wp-content\/uploads\/2025\/07\/Sustainability-cover-1024x572.jpg 1024w, https:\/\/www.leclanche.com\/wp-content\/uploads\/2025\/07\/Sustainability-cover-768x429.jpg 768w, https:\/\/www.leclanche.com\/wp-content\/uploads\/2025\/07\/Sustainability-cover.jpg 1093w\" sizes=\"auto, (max-width: 300px) 100vw, 300px\" \/><\/a><\/p>\n<p>Voir le rapport 2024 <a href=\"https:\/\/www.leclanche.com\/wp-content\/uploads\/2025\/06\/Sustainability-Report-2024.pdf\"><strong>ici (en anglais)<\/strong><\/a>.<\/p>\n<p data-ccp-props=\"{&quot;335551550&quot;:1,&quot;335551620&quot;:1,&quot;335559683&quot;:0,&quot;335559685&quot;:0,&quot;335559731&quot;:0,&quot;335559737&quot;:0,&quot;335562764&quot;:2,&quot;335562765&quot;:1,&quot;335562766&quot;:4,&quot;335562767&quot;:0,&quot;335562768&quot;:4,&quot;335562769&quot;:0}\">\n","protected":false},"excerpt":{"rendered":"<p>Impact Environemental\u200b\u200b Economie circulaire \u200b L&rsquo;\u00e9conomie circulaire est un syst\u00e8me \u00e9conomique bas\u00e9 sur la r\u00e9utilisation et le recyclage des mat\u00e9riaux de mani\u00e8re durable et respectueuse de l&rsquo;environnement.\u200b D\u00e9couvrir le concept 6R de Leclanch\u00e9 R\u00e9duction de l&rsquo;impact sur l&rsquo;environnement\u200b Leclanch\u00e9 utilise un processus unique \u00e0 base d&rsquo;eau pour la fabrication des cellules, qui remplace les solvants [&hellip;]<\/p>\n","protected":false},"author":2,"featured_media":12520,"parent":0,"menu_order":0,"comment_status":"closed","ping_status":"closed","template":"","meta":{"footnotes":""},"class_list":["post-12950","page","type-page","status-publish","has-post-thumbnail","hentry"],"yoast_head":"<!-- This site is optimized with the Yoast SEO plugin v26.4 - https:\/\/yoast.com\/wordpress\/plugins\/seo\/ -->\n<title>D\u00e9veloppement durable - Leclanch\u00e9<\/title>\n<meta name=\"robots\" content=\"index, follow, max-snippet:-1, max-image-preview:large, max-video-preview:-1\" \/>\n<link rel=\"canonical\" href=\"https:\/\/www.leclanche.com\/fr\/developpement-durable\/\" \/>\n<meta property=\"og:locale\" content=\"fr_FR\" \/>\n<meta property=\"og:type\" content=\"article\" \/>\n<meta property=\"og:title\" content=\"D\u00e9veloppement durable - Leclanch\u00e9\" \/>\n<meta property=\"og:url\" content=\"https:\/\/www.leclanche.com\/fr\/developpement-durable\/\" \/>\n<meta property=\"og:site_name\" content=\"Leclanch\u00e9\" \/>\n<meta property=\"article:modified_time\" content=\"2026-01-22T15:16:48+00:00\" \/>\n<meta property=\"og:image\" content=\"https:\/\/www.leclanche.com\/wp-content\/uploads\/2023\/03\/Sustainability-scaled.jpg\" \/>\n\t<meta property=\"og:image:width\" content=\"2560\" \/>\n\t<meta property=\"og:image:height\" content=\"1440\" \/>\n\t<meta property=\"og:image:type\" content=\"image\/jpeg\" \/>\n<meta name=\"twitter:card\" content=\"summary_large_image\" \/>\n<meta name=\"twitter:label1\" content=\"Dur\u00e9e de lecture estim\u00e9e\" \/>\n\t<meta name=\"twitter:data1\" content=\"4 minutes\" \/>\n<script type=\"application\/ld+json\" class=\"yoast-schema-graph\">{\"@context\":\"https:\/\/schema.org\",\"@graph\":[{\"@type\":\"WebPage\",\"@id\":\"https:\/\/www.leclanche.com\/fr\/developpement-durable\/\",\"url\":\"https:\/\/www.leclanche.com\/fr\/developpement-durable\/\",\"name\":\"D\u00e9veloppement durable - Leclanch\u00e9\",\"isPartOf\":{\"@id\":\"https:\/\/www.leclanche.com\/fr\/#website\"},\"primaryImageOfPage\":{\"@id\":\"https:\/\/www.leclanche.com\/fr\/developpement-durable\/#primaryimage\"},\"image\":{\"@id\":\"https:\/\/www.leclanche.com\/fr\/developpement-durable\/#primaryimage\"},\"thumbnailUrl\":\"https:\/\/www.leclanche.com\/wp-content\/uploads\/2023\/03\/Sustainability-scaled.jpg\",\"datePublished\":\"2023-04-12T07:03:31+00:00\",\"dateModified\":\"2026-01-22T15:16:48+00:00\",\"breadcrumb\":{\"@id\":\"https:\/\/www.leclanche.com\/fr\/developpement-durable\/#breadcrumb\"},\"inLanguage\":\"fr-FR\",\"potentialAction\":[{\"@type\":\"ReadAction\",\"target\":[\"https:\/\/www.leclanche.com\/fr\/developpement-durable\/\"]}]},{\"@type\":\"ImageObject\",\"inLanguage\":\"fr-FR\",\"@id\":\"https:\/\/www.leclanche.com\/fr\/developpement-durable\/#primaryimage\",\"url\":\"https:\/\/www.leclanche.com\/wp-content\/uploads\/2023\/03\/Sustainability-scaled.jpg\",\"contentUrl\":\"https:\/\/www.leclanche.com\/wp-content\/uploads\/2023\/03\/Sustainability-scaled.jpg\",\"width\":2560,\"height\":1440},{\"@type\":\"BreadcrumbList\",\"@id\":\"https:\/\/www.leclanche.com\/fr\/developpement-durable\/#breadcrumb\",\"itemListElement\":[{\"@type\":\"ListItem\",\"position\":1,\"name\":\"Accueil\",\"item\":\"https:\/\/www.leclanche.com\/fr\/\"},{\"@type\":\"ListItem\",\"position\":2,\"name\":\"D\u00e9veloppement durable\"}]},{\"@type\":\"WebSite\",\"@id\":\"https:\/\/www.leclanche.com\/fr\/#website\",\"url\":\"https:\/\/www.leclanche.com\/fr\/\",\"name\":\"Leclanch\u00e9\",\"description\":\"Energy Storage Solutions\",\"potentialAction\":[{\"@type\":\"SearchAction\",\"target\":{\"@type\":\"EntryPoint\",\"urlTemplate\":\"https:\/\/www.leclanche.com\/fr\/?s={search_term_string}\"},\"query-input\":{\"@type\":\"PropertyValueSpecification\",\"valueRequired\":true,\"valueName\":\"search_term_string\"}}],\"inLanguage\":\"fr-FR\"}]}<\/script>\n<!-- \/ Yoast SEO plugin. -->","yoast_head_json":{"title":"D\u00e9veloppement durable - Leclanch\u00e9","robots":{"index":"index","follow":"follow","max-snippet":"max-snippet:-1","max-image-preview":"max-image-preview:large","max-video-preview":"max-video-preview:-1"},"canonical":"https:\/\/www.leclanche.com\/fr\/developpement-durable\/","og_locale":"fr_FR","og_type":"article","og_title":"D\u00e9veloppement durable - Leclanch\u00e9","og_url":"https:\/\/www.leclanche.com\/fr\/developpement-durable\/","og_site_name":"Leclanch\u00e9","article_modified_time":"2026-01-22T15:16:48+00:00","og_image":[{"width":2560,"height":1440,"url":"https:\/\/www.leclanche.com\/wp-content\/uploads\/2023\/03\/Sustainability-scaled.jpg","type":"image\/jpeg"}],"twitter_card":"summary_large_image","twitter_misc":{"Dur\u00e9e de lecture estim\u00e9e":"4 minutes"},"schema":{"@context":"https:\/\/schema.org","@graph":[{"@type":"WebPage","@id":"https:\/\/www.leclanche.com\/fr\/developpement-durable\/","url":"https:\/\/www.leclanche.com\/fr\/developpement-durable\/","name":"D\u00e9veloppement durable - Leclanch\u00e9","isPartOf":{"@id":"https:\/\/www.leclanche.com\/fr\/#website"},"primaryImageOfPage":{"@id":"https:\/\/www.leclanche.com\/fr\/developpement-durable\/#primaryimage"},"image":{"@id":"https:\/\/www.leclanche.com\/fr\/developpement-durable\/#primaryimage"},"thumbnailUrl":"https:\/\/www.leclanche.com\/wp-content\/uploads\/2023\/03\/Sustainability-scaled.jpg","datePublished":"2023-04-12T07:03:31+00:00","dateModified":"2026-01-22T15:16:48+00:00","breadcrumb":{"@id":"https:\/\/www.leclanche.com\/fr\/developpement-durable\/#breadcrumb"},"inLanguage":"fr-FR","potentialAction":[{"@type":"ReadAction","target":["https:\/\/www.leclanche.com\/fr\/developpement-durable\/"]}]},{"@type":"ImageObject","inLanguage":"fr-FR","@id":"https:\/\/www.leclanche.com\/fr\/developpement-durable\/#primaryimage","url":"https:\/\/www.leclanche.com\/wp-content\/uploads\/2023\/03\/Sustainability-scaled.jpg","contentUrl":"https:\/\/www.leclanche.com\/wp-content\/uploads\/2023\/03\/Sustainability-scaled.jpg","width":2560,"height":1440},{"@type":"BreadcrumbList","@id":"https:\/\/www.leclanche.com\/fr\/developpement-durable\/#breadcrumb","itemListElement":[{"@type":"ListItem","position":1,"name":"Accueil","item":"https:\/\/www.leclanche.com\/fr\/"},{"@type":"ListItem","position":2,"name":"D\u00e9veloppement durable"}]},{"@type":"WebSite","@id":"https:\/\/www.leclanche.com\/fr\/#website","url":"https:\/\/www.leclanche.com\/fr\/","name":"Leclanch\u00e9","description":"Energy Storage Solutions","potentialAction":[{"@type":"SearchAction","target":{"@type":"EntryPoint","urlTemplate":"https:\/\/www.leclanche.com\/fr\/?s={search_term_string}"},"query-input":{"@type":"PropertyValueSpecification","valueRequired":true,"valueName":"search_term_string"}}],"inLanguage":"fr-FR"}]}},"_links":{"self":[{"href":"https:\/\/www.leclanche.com\/fr\/wp-json\/wp\/v2\/pages\/12950","targetHints":{"allow":["GET"]}}],"collection":[{"href":"https:\/\/www.leclanche.com\/fr\/wp-json\/wp\/v2\/pages"}],"about":[{"href":"https:\/\/www.leclanche.com\/fr\/wp-json\/wp\/v2\/types\/page"}],"author":[{"embeddable":true,"href":"https:\/\/www.leclanche.com\/fr\/wp-json\/wp\/v2\/users\/2"}],"replies":[{"embeddable":true,"href":"https:\/\/www.leclanche.com\/fr\/wp-json\/wp\/v2\/comments?post=12950"}],"version-history":[{"count":6,"href":"https:\/\/www.leclanche.com\/fr\/wp-json\/wp\/v2\/pages\/12950\/revisions"}],"predecessor-version":[{"id":15408,"href":"https:\/\/www.leclanche.com\/fr\/wp-json\/wp\/v2\/pages\/12950\/revisions\/15408"}],"wp:featuredmedia":[{"embeddable":true,"href":"https:\/\/www.leclanche.com\/fr\/wp-json\/wp\/v2\/media\/12520"}],"wp:attachment":[{"href":"https:\/\/www.leclanche.com\/fr\/wp-json\/wp\/v2\/media?parent=12950"}],"curies":[{"name":"wp","href":"https:\/\/api.w.org\/{rel}","templated":true}]}}