{"id":13046,"date":"2023-04-27T08:02:22","date_gmt":"2023-04-27T06:02:22","guid":{"rendered":"https:\/\/www.leclanche.com\/?page_id=13046"},"modified":"2023-08-29T11:05:08","modified_gmt":"2023-08-29T09:05:08","slug":"protection-des-donnees","status":"publish","type":"page","link":"https:\/\/www.leclanche.com\/fr\/protection-des-donnees\/","title":{"rendered":"Protection des donn\u00e9es"},"content":{"rendered":"<h3>1. Principes<\/h3>\n<p>Leclanch\u00e9 accorde une grande importance \u00e0 la vie priv\u00e9e, en particulier \u00e0 la protection de vos donn\u00e9es personnelles. Nous traitons vos donn\u00e9es personnelles avec le plus grand soin et conform\u00e9ment aux dispositions l\u00e9gales applicables.<\/p>\n<p>Le but de cette politique de confidentialit\u00e9 est de vous informer, en tant qu&rsquo;utilisateurs de notre site web www.leclanch\u00e9.com (ci-apr\u00e8s notre site), sur les donn\u00e9es que nous collectons et sur les informations suivantes en particulier :<\/p>\n<p>Qui est le responsable du traitement des donn\u00e9es<br \/>\nQuelles sont les donn\u00e9es \u00e0 caract\u00e8re personnel collect\u00e9es ?<br \/>\nComment les donn\u00e9es collect\u00e9es sont-elles utilis\u00e9es ?<br \/>\nComment les donn\u00e9es sont-elles stock\u00e9es et conserv\u00e9es ?<br \/>\nQui a acc\u00e8s \u00e0 ces donn\u00e9es<br \/>\nO\u00f9 les donn\u00e9es sont-elles trait\u00e9es ?<br \/>\nQuels sont vos droits ?<\/p>\n<h3>2. qui est le responsable du traitement des donn\u00e9es<\/h3>\n<p>Leclanch\u00e9 SA est le responsable du traitement pour les groupes de Leclanch\u00e9 tels que d\u00e9crits ci-dessous \u00e0 la section [3.4.b] traitement dans le cadre du pr\u00e9sent avis de confidentialit\u00e9, sauf si nous vous indiquons le contraire dans un cas individuel.<\/p>\n<p>Leclanch\u00e9 SA<br \/>\nAvenue des Sports 42<br \/>\n1400 Yverdon-les-Bains<br \/>\nSuisse<\/p>\n<h3>3. donn\u00e9es personnelles<\/h3>\n<p>Nous traitons les donn\u00e9es personnelles que vous nous fournissez ou que nous recevons de tiers. Ces donn\u00e9es comprennent diff\u00e9rentes cat\u00e9gories de donn\u00e9es vous concernant.<\/p>\n<h6>3.1 Donn\u00e9es collect\u00e9es automatiquement<\/h6>\n<p>Nous utilisons le service de Google Analytics pour collecter des donn\u00e9es. Ces donn\u00e9es sont n\u00e9cessaires pour mieux comprendre votre utilisation de notre site web, apporter des am\u00e9liorations et mieux r\u00e9pondre aux attentes des utilisateurs.<\/p>\n<p>Lorsque vous visitez notre site, ce service collecte automatiquement les informations suivantes :<\/p>\n<p>l&rsquo;adresse IP<br \/>\nemplacement<br \/>\nD\u00e9tails du mat\u00e9riel et du logiciel<br \/>\nPages consult\u00e9es sur notre site<\/p>\n<p>Vous pouvez consulter la politique de confidentialit\u00e9 de Google Analytics en suivant ce lien : https:\/\/policies.google.com\/technologies\/partner-sites.<\/p>\n<p>Nous utilisons des cookies sur notre site web, comme indiqu\u00e9 ci-dessous dans la section [5], pour assurer le bon fonctionnement du site web. Nous utilisons des cookies pour am\u00e9liorer l&rsquo;exp\u00e9rience de navigation, proposer des annonces ou des contenus personnalis\u00e9s et analyser notre trafic. Les utilisateurs peuvent choisir d&rsquo;accepter, de rejeter ou de personnaliser les cookies.<\/p>\n<h6>3.2 Donn\u00e9es collect\u00e9es de mani\u00e8re non automatique<\/h6>\n<p>Notre site web comporte plusieurs formulaires de contact pour diff\u00e9rents produits et services.<\/p>\n<p>Lors de l&rsquo;utilisation de nos formulaires de contact, nous collectons, stockons et traitons les donn\u00e9es personnelles qui nous sont communiqu\u00e9es afin de traiter votre demande.<\/p>\n<p>Les donn\u00e9es collect\u00e9es par le biais des formulaires sont les suivantes :<\/p>\n<p>Nom et pr\u00e9nom<br \/>\nl&rsquo;adresse \u00e9lectronique<br \/>\nle num\u00e9ro de t\u00e9l\u00e9phone<br \/>\nl&rsquo;entreprise<br \/>\nToute autre information que vous pourriez partager avec nous lors de l&rsquo;utilisation des formulaires de contact sur notre site.<\/p>\n<h6>3.3 Utilisation de vos donn\u00e9es personnelles<\/h6>\n<p>Les donn\u00e9es personnelles collect\u00e9es sur notre site ne seront utilis\u00e9es qu&rsquo;aux fins sp\u00e9cifi\u00e9es dans la pr\u00e9sente politique de confidentialit\u00e9.<\/p>\n<p>Les donn\u00e9es collect\u00e9es par le biais de nos formulaires de contact peuvent \u00eatre utilis\u00e9es aux fins suivantes:<\/p>\n<ol>\n<li>Nous pourrions utiliser vos donn\u00e9es pour r\u00e9pondre \u00e0 votre demande ou question, en relation avec l&rsquo;exercice de vos droits et pour nous permettre de vous contacter en cas de questions suppl\u00e9mentaires.<\/li>\n<li>Relations commerciales Nous pouvons utiliser vos donn\u00e9es pour r\u00e9pondre \u00e0 votre demande concernant par exemple une commande potentielle, en relation avec l&rsquo;exercice de vos droits et pour nous permettre de vous contacter en cas de questions suppl\u00e9mentaires.<\/li>\n<\/ol>\n<p>Les donn\u00e9es collect\u00e9es automatiquement sont utilis\u00e9es aux fins suivantes :<\/p>\n<ol>\n<li>Statistiques<\/li>\n<\/ol>\n<h6>3.4 Avec qui nous partageons les donn\u00e9es personnelles<\/h6>\n<p>Afin de r\u00e9pondre \u00e0 vos demandes, les donn\u00e9es personnelles peuvent \u00eatre partag\u00e9es avec :<\/p>\n<ol>\n<li>Les employ\u00e9s<br \/>\nNous pouvons divulguer les informations collect\u00e9es par le biais de nos formulaires de contact \u00e0 tout membre de notre organisation qui en a besoin pour r\u00e9pondre \u00e0 vos demandes.<\/li>\n<li>Soci\u00e9t\u00e9s du groupe Leclanch\u00e9<br \/>\nLeclanch\u00e9 SA, Suisse<br \/>\nLeclanch\u00e9 E-Mobility, Suisse<br \/>\nLeclanch\u00e9 GmbH, Allemagne<br \/>\nLeclanch\u00e9 North America, Inc, USA<br \/>\nLECLANCH\u00c8 NORWAY AS, Norv\u00e8ge<br \/>\nLeclanch\u00e9 France SASU, France<br \/>\nLeclanch\u00e9 UK Limited, Royaume-Uni<br \/>\nLeclanch\u00e9 Canada Inc<\/li>\n<li>Tiers<br \/>\nVos donn\u00e9es seront divulgu\u00e9es \u00e0 des fournisseurs de services, y compris en particulier :<br \/>\nGoogle Analytics<br \/>\nEQS<br \/>\nWordpress<\/li>\n<\/ol>\n<p>En outre, vos donn\u00e9es ne peuvent \u00eatre communiqu\u00e9es \u00e0 d&rsquo;autres tiers que si nous y sommes l\u00e9galement oblig\u00e9s (par exemple, \u00e0 la demande d&rsquo;une autorit\u00e9 d&rsquo;enqu\u00eate) ou si vous avez express\u00e9ment consenti \u00e0 ce qu&rsquo;elles soient transmises \u00e0 des tiers.<\/p>\n<h6>3.5 Transfert international de donn\u00e9es<\/h6>\n<p>Au cours du traitement et afin de r\u00e9pondre aux demandes, les donn\u00e9es personnelles peuvent \u00eatre transf\u00e9r\u00e9es aux soci\u00e9t\u00e9s du groupe Leclanch\u00e9 ou \u00e0 d&rsquo;autres tiers en dehors de la Suisse.<\/p>\n<p>Par cons\u00e9quent, les donn\u00e9es peuvent \u00eatre collect\u00e9es, consult\u00e9es et trait\u00e9es dans les pays suivants :<\/p>\n<ol>\n<li>France<\/li>\n<li>Allemagne<\/li>\n<li>\u00c9tats-Unis d&rsquo;Am\u00e9rique<\/li>\n<li>Royaume-Uni<\/li>\n<li>Norv\u00e8ge<\/li>\n<li>le Canada<\/li>\n<\/ol>\n<p>Si un destinataire est situ\u00e9 dans un pays qui ne dispose pas d&rsquo;une protection l\u00e9gale ad\u00e9quate des donn\u00e9es, nous lui demandons de s&rsquo;engager \u00e0 respecter la protection des donn\u00e9es (\u00e0 cette fin, nous utilisons les clauses contractuelles types r\u00e9vis\u00e9es de la Commission europ\u00e9enne, qui peuvent \u00eatre consult\u00e9es ici : https:\/\/eur-lex.europa.eu\/eli\/dec_impl\/2021\/914\/oj?), \u00e0 moins que le destinataire ne soit soumis \u00e0 un ensemble de r\u00e8gles l\u00e9galement accept\u00e9es pour garantir la protection des donn\u00e9es et que nous ne puissions pas nous pr\u00e9valoir d&rsquo;une exception. Une exception peut s&rsquo;appliquer, par exemple, en cas de proc\u00e9dure judiciaire \u00e0 l&rsquo;\u00e9tranger, mais aussi en cas d&rsquo;int\u00e9r\u00eat public sup\u00e9rieur ou si l&rsquo;ex\u00e9cution d&rsquo;un contrat exige la divulgation, si vous avez donn\u00e9 votre consentement ou si les donn\u00e9es ont \u00e9t\u00e9 mises \u00e0 disposition de mani\u00e8re g\u00e9n\u00e9rale par vous et que vous ne vous \u00eates pas oppos\u00e9 au traitement.<\/p>\n<h6>3.6 Conservation de vos donn\u00e9es<\/h6>\n<p>Nous traitons vos donn\u00e9es aussi longtemps que nos objectifs de traitement, les p\u00e9riodes de conservation l\u00e9gales et nos int\u00e9r\u00eats l\u00e9gitimes en mati\u00e8re de documentation et de conservation des preuves l&rsquo;exigent ou que le stockage est une exigence technique.<\/p>\n<h6>3.7 S\u00e9curit\u00e9 de vos donn\u00e9es<\/h6>\n<p>Nous prenons les mesures techniques et organisationnelles n\u00e9cessaires pour prot\u00e9ger vos donn\u00e9es personnelles contre tout traitement non autoris\u00e9, ainsi que pour garantir leur confidentialit\u00e9, leur disponibilit\u00e9, leur int\u00e9grit\u00e9 et leur tra\u00e7abilit\u00e9.<\/p>\n<p>Nous attirons l&rsquo;attention sur le fait qu&rsquo;Internet n&rsquo;est pas un moyen de communication s\u00fbr et que des tiers non autoris\u00e9s peuvent avoir acc\u00e8s aux donn\u00e9es transmises dans cet environnement. Cela peut conduire \u00e0 la publication ou \u00e0 la modification de ces donn\u00e9es, ou \u00e0 des probl\u00e8mes techniques.<\/p>\n<p>Malgr\u00e9 des mesures de s\u00e9curit\u00e9 techniques et organisationnelles \u00e9tendues, la perte de donn\u00e9es personnelles, leur interception ou leur manipulation par des personnes non autoris\u00e9es ne peuvent \u00eatre exclues.<\/p>\n<h3>4. Vos droits<\/h3>\n<p>En fonction de la l\u00e9gislation applicable en mati\u00e8re de protection des donn\u00e9es, vous disposez des droits suivants en ce qui concerne le traitement de vos donn\u00e9es :<\/p>\n<p>le droit de nous demander des informations sur la nature et l&rsquo;\u00e9tendue des donn\u00e9es que nous traitons ;<br \/>\nle droit de nous demander de rectifier les donn\u00e9es si elles sont inexactes ;<br \/>\nle droit de demander l&rsquo;effacement des donn\u00e9es<br \/>\nle droit de nous demander de fournir certaines donn\u00e9es \u00e0 caract\u00e8re personnel dans un format \u00e9lectronique couramment utilis\u00e9 ou de les transf\u00e9rer \u00e0 un autre responsable du traitement ;<br \/>\nle droit de retirer son consentement, lorsque notre traitement est fond\u00e9 sur votre consentement ;<br \/>\nle droit de recevoir, sur demande, des informations suppl\u00e9mentaires utiles \u00e0 l&rsquo;exercice de ces droits.<\/p>\n<p>Vous pouvez exercer ces droits en envoyant une demande \u00e0 info@leclanche.com ou \u00e0 Leclanch\u00e9 SA, Av. des Sports 42, 1400 Yverdon-les-Bains.<\/p>\n<p>Si vous n&rsquo;\u00eates pas d&rsquo;accord avec la mani\u00e8re dont nous traitons vos droits ou avec nos pratiques en mati\u00e8re de protection des donn\u00e9es, veuillez nous le faire savoir.<\/p>\n<p>Si vous \u00eates situ\u00e9 dans l&rsquo;EEE, au Royaume-Uni ou en Suisse, vous avez \u00e9galement le droit de d\u00e9poser une plainte aupr\u00e8s de l&rsquo;autorit\u00e9 de contr\u00f4le de la protection des donn\u00e9es comp\u00e9tente dans votre pays.<\/p>\n<p>Vous pouvez \u00e0 tout moment vous opposer \u00e0 la r\u00e9ception de publicit\u00e9s et au traitement de vos donn\u00e9es \u00e0 des fins de marketing et de publicit\u00e9 en \u00e9crivant \u00e0 : info@leclanche.com ou Leclanch\u00e9, Av. des Sports 42, 1400 Yverdon-les-Bains.<\/p>\n<h3>5. Cookies<\/h3>\n<p>Certaines pages de ce site utilisent des cookies. Les cookies sont de petits fichiers texte qui sont stock\u00e9s sur votre ordinateur par votre navigateur. Ces cookies permettent au site de reconna\u00eetre votre navigateur lors de votre prochaine visite et d&rsquo;adapter ainsi le contenu \u00e0 vos pr\u00e9f\u00e9rences et \u00e0 vos param\u00e8tres. Vous pouvez, par exemple, n&rsquo;autoriser les cookies que dans certains cas, les accepter dans certains cas ou les exclure en g\u00e9n\u00e9ral et activer la suppression automatique des cookies lorsque vous fermez votre navigateur. Si les cookies sont d\u00e9sactiv\u00e9s, la fonctionnalit\u00e9 de notre site web peut \u00eatre limit\u00e9e.<\/p>\n<p>Nous distinguons les cat\u00e9gories de cookies suivantes :<\/p>\n<p>-Cookies n\u00e9cessaires,<\/p>\n<p>-les cookies de performance<\/p>\n<p>-Cookies de marketing<\/p>\n<h3>6. Entr\u00e9e en vigueur<\/h3>\n<p>La pr\u00e9sente d\u00e9claration entre en vigueur en septembre 2023.<\/p>\n<h3>7. R\u00e9vision<\/h3>\n<p>La pr\u00e9sente politique de confidentialit\u00e9 fait l&rsquo;objet d&rsquo;un processus de r\u00e9vision r\u00e9gulier afin de maintenir la conformit\u00e9 et de refl\u00e9ter tout changement dans notre processus de collecte de donn\u00e9es.<\/p>\n<p>Nous vous recommandons de consulter notre politique de confidentialit\u00e9 de temps \u00e0 autre pour vous assurer que vous \u00eates au courant des mises \u00e0 jour.<\/p>\n<p>La pr\u00e9sente politique de confidentialit\u00e9 a \u00e9t\u00e9 r\u00e9vis\u00e9e pour la derni\u00e8re fois le 23 ao\u00fbt 2023.<\/p>\n<p>&nbsp;<\/p>\n","protected":false},"excerpt":{"rendered":"<p>1. Principes Leclanch\u00e9 accorde une grande importance \u00e0 la vie priv\u00e9e, en particulier \u00e0 la protection de vos donn\u00e9es personnelles. Nous traitons vos donn\u00e9es personnelles avec le plus grand soin et conform\u00e9ment aux dispositions l\u00e9gales applicables. Le but de cette politique de confidentialit\u00e9 est de vous informer, en tant qu&rsquo;utilisateurs de notre site web www.leclanch\u00e9.com [&hellip;]<\/p>\n","protected":false},"author":2,"featured_media":0,"parent":0,"menu_order":0,"comment_status":"closed","ping_status":"closed","template":"","meta":{"footnotes":""},"class_list":["post-13046","page","type-page","status-publish","hentry"],"yoast_head":"<!-- This site is optimized with the Yoast SEO plugin v26.4 - https:\/\/yoast.com\/wordpress\/plugins\/seo\/ -->\n<title>Protection des donn\u00e9es - Leclanch\u00e9<\/title>\n<meta name=\"robots\" content=\"index, follow, max-snippet:-1, max-image-preview:large, max-video-preview:-1\" \/>\n<link rel=\"canonical\" href=\"https:\/\/www.leclanche.com\/fr\/protection-des-donnees\/\" \/>\n<meta property=\"og:locale\" content=\"fr_FR\" \/>\n<meta property=\"og:type\" content=\"article\" \/>\n<meta property=\"og:title\" content=\"Protection des donn\u00e9es - Leclanch\u00e9\" \/>\n<meta property=\"og:url\" content=\"https:\/\/www.leclanche.com\/fr\/protection-des-donnees\/\" \/>\n<meta property=\"og:site_name\" content=\"Leclanch\u00e9\" \/>\n<meta property=\"article:modified_time\" content=\"2023-08-29T09:05:08+00:00\" \/>\n<meta name=\"twitter:card\" content=\"summary_large_image\" \/>\n<meta name=\"twitter:label1\" content=\"Dur\u00e9e de lecture estim\u00e9e\" \/>\n\t<meta name=\"twitter:data1\" content=\"8 minutes\" \/>\n<script type=\"application\/ld+json\" class=\"yoast-schema-graph\">{\"@context\":\"https:\/\/schema.org\",\"@graph\":[{\"@type\":\"WebPage\",\"@id\":\"https:\/\/www.leclanche.com\/fr\/protection-des-donnees\/\",\"url\":\"https:\/\/www.leclanche.com\/fr\/protection-des-donnees\/\",\"name\":\"Protection des donn\u00e9es - Leclanch\u00e9\",\"isPartOf\":{\"@id\":\"https:\/\/www.leclanche.com\/fr\/#website\"},\"datePublished\":\"2023-04-27T06:02:22+00:00\",\"dateModified\":\"2023-08-29T09:05:08+00:00\",\"breadcrumb\":{\"@id\":\"https:\/\/www.leclanche.com\/fr\/protection-des-donnees\/#breadcrumb\"},\"inLanguage\":\"fr-FR\",\"potentialAction\":[{\"@type\":\"ReadAction\",\"target\":[\"https:\/\/www.leclanche.com\/fr\/protection-des-donnees\/\"]}]},{\"@type\":\"BreadcrumbList\",\"@id\":\"https:\/\/www.leclanche.com\/fr\/protection-des-donnees\/#breadcrumb\",\"itemListElement\":[{\"@type\":\"ListItem\",\"position\":1,\"name\":\"Accueil\",\"item\":\"https:\/\/www.leclanche.com\/fr\/\"},{\"@type\":\"ListItem\",\"position\":2,\"name\":\"Protection des donn\u00e9es\"}]},{\"@type\":\"WebSite\",\"@id\":\"https:\/\/www.leclanche.com\/fr\/#website\",\"url\":\"https:\/\/www.leclanche.com\/fr\/\",\"name\":\"Leclanch\u00e9\",\"description\":\"Energy Storage Solutions\",\"potentialAction\":[{\"@type\":\"SearchAction\",\"target\":{\"@type\":\"EntryPoint\",\"urlTemplate\":\"https:\/\/www.leclanche.com\/fr\/?s={search_term_string}\"},\"query-input\":{\"@type\":\"PropertyValueSpecification\",\"valueRequired\":true,\"valueName\":\"search_term_string\"}}],\"inLanguage\":\"fr-FR\"}]}<\/script>\n<!-- \/ Yoast SEO plugin. -->","yoast_head_json":{"title":"Protection des donn\u00e9es - Leclanch\u00e9","robots":{"index":"index","follow":"follow","max-snippet":"max-snippet:-1","max-image-preview":"max-image-preview:large","max-video-preview":"max-video-preview:-1"},"canonical":"https:\/\/www.leclanche.com\/fr\/protection-des-donnees\/","og_locale":"fr_FR","og_type":"article","og_title":"Protection des donn\u00e9es - Leclanch\u00e9","og_url":"https:\/\/www.leclanche.com\/fr\/protection-des-donnees\/","og_site_name":"Leclanch\u00e9","article_modified_time":"2023-08-29T09:05:08+00:00","twitter_card":"summary_large_image","twitter_misc":{"Dur\u00e9e de lecture estim\u00e9e":"8 minutes"},"schema":{"@context":"https:\/\/schema.org","@graph":[{"@type":"WebPage","@id":"https:\/\/www.leclanche.com\/fr\/protection-des-donnees\/","url":"https:\/\/www.leclanche.com\/fr\/protection-des-donnees\/","name":"Protection des donn\u00e9es - Leclanch\u00e9","isPartOf":{"@id":"https:\/\/www.leclanche.com\/fr\/#website"},"datePublished":"2023-04-27T06:02:22+00:00","dateModified":"2023-08-29T09:05:08+00:00","breadcrumb":{"@id":"https:\/\/www.leclanche.com\/fr\/protection-des-donnees\/#breadcrumb"},"inLanguage":"fr-FR","potentialAction":[{"@type":"ReadAction","target":["https:\/\/www.leclanche.com\/fr\/protection-des-donnees\/"]}]},{"@type":"BreadcrumbList","@id":"https:\/\/www.leclanche.com\/fr\/protection-des-donnees\/#breadcrumb","itemListElement":[{"@type":"ListItem","position":1,"name":"Accueil","item":"https:\/\/www.leclanche.com\/fr\/"},{"@type":"ListItem","position":2,"name":"Protection des donn\u00e9es"}]},{"@type":"WebSite","@id":"https:\/\/www.leclanche.com\/fr\/#website","url":"https:\/\/www.leclanche.com\/fr\/","name":"Leclanch\u00e9","description":"Energy Storage Solutions","potentialAction":[{"@type":"SearchAction","target":{"@type":"EntryPoint","urlTemplate":"https:\/\/www.leclanche.com\/fr\/?s={search_term_string}"},"query-input":{"@type":"PropertyValueSpecification","valueRequired":true,"valueName":"search_term_string"}}],"inLanguage":"fr-FR"}]}},"_links":{"self":[{"href":"https:\/\/www.leclanche.com\/fr\/wp-json\/wp\/v2\/pages\/13046","targetHints":{"allow":["GET"]}}],"collection":[{"href":"https:\/\/www.leclanche.com\/fr\/wp-json\/wp\/v2\/pages"}],"about":[{"href":"https:\/\/www.leclanche.com\/fr\/wp-json\/wp\/v2\/types\/page"}],"author":[{"embeddable":true,"href":"https:\/\/www.leclanche.com\/fr\/wp-json\/wp\/v2\/users\/2"}],"replies":[{"embeddable":true,"href":"https:\/\/www.leclanche.com\/fr\/wp-json\/wp\/v2\/comments?post=13046"}],"version-history":[{"count":2,"href":"https:\/\/www.leclanche.com\/fr\/wp-json\/wp\/v2\/pages\/13046\/revisions"}],"predecessor-version":[{"id":13049,"href":"https:\/\/www.leclanche.com\/fr\/wp-json\/wp\/v2\/pages\/13046\/revisions\/13049"}],"wp:attachment":[{"href":"https:\/\/www.leclanche.com\/fr\/wp-json\/wp\/v2\/media?parent=13046"}],"curies":[{"name":"wp","href":"https:\/\/api.w.org\/{rel}","templated":true}]}}