{"id":9981,"date":"2020-04-27T13:06:37","date_gmt":"2020-04-27T11:06:37","guid":{"rendered":"https:\/\/www.leclanche.com\/a-propos-de-nous\/"},"modified":"2024-03-12T10:48:20","modified_gmt":"2024-03-12T09:48:20","slug":"a-propos-de-nous","status":"publish","type":"page","link":"https:\/\/www.leclanche.com\/fr\/a-propos-de-nous\/","title":{"rendered":"\u00c0 propos de nous"},"content":{"rendered":"&#13;\n<ul class=\"wp-block-list\"><li>Nos solutions int\u00e9gr\u00e9es acc\u00e9l\u00e8rent l&rsquo;\u00e9lectrification des syst\u00e8mes de transport. Nos packs de batteries int\u00e9gr\u00e9s se destinent aux v\u00e9hicules \u00e9lectriques de toutes tailles, qui peuvent ainsi se connecter intelligemment aux infrastructures de charge.<\/li>&#13;\n<li>Nos syst\u00e8mes de stockage de l&rsquo;\u00e9nergie facilitent l&rsquo;int\u00e9gration des \u00e9nergies renouvelables et fiabilisent l&rsquo;injection d&rsquo;\u00e9nergie solaire et \u00e9olienne intermittente dans le r\u00e9seau sous forme d&rsquo;\u00e9lectricit\u00e9 acheminable \u00e0 la demande.<\/li>&#13;\n<li>Alors que le monde se tourne de plus en plus vers l&rsquo;automatisation et l&rsquo;intelligence artificielle, nous d\u00e9montrons notre capacit\u00e9 \u00e0 concevoir et fabriquer des solutions de batteries sur mesure d\u00e9di\u00e9es \u00e0 la robotique et aux v\u00e9hicules \u00e0 guidage automatique.<\/li>&#13;\n<\/ul>&#13;\n<p>Nos solutions s&rsquo;appuient sur les technologies de renomm\u00e9e mondiale que nous d\u00e9veloppons en interne. Int\u00e9gr\u00e9s verticalement, nous ma\u00eetrisons l&rsquo;int\u00e9gralit\u00e9 du processus, de l&rsquo;\u00e9lectrochimie au logiciel de gestion de l&rsquo;\u00e9nergie. Nous d\u00e9veloppons nos propres cellules au lithium, modules de batteries, racks et blocs, ainsi que les syst\u00e8mes de gestion de batterie et logiciels de gestion de l&rsquo;\u00e9nergie associ\u00e9s.<\/p>&#13;\n","protected":false},"excerpt":{"rendered":"<p>&#13; Nos solutions int\u00e9gr\u00e9es acc\u00e9l\u00e8rent l&rsquo;\u00e9lectrification des syst\u00e8mes de transport. Nos packs de batteries int\u00e9gr\u00e9s se destinent aux v\u00e9hicules \u00e9lectriques de toutes tailles, qui peuvent ainsi se connecter intelligemment aux infrastructures de charge. &#13; Nos syst\u00e8mes de stockage de l&rsquo;\u00e9nergie facilitent l&rsquo;int\u00e9gration des \u00e9nergies renouvelables et fiabilisent l&rsquo;injection d&rsquo;\u00e9nergie solaire et \u00e9olienne intermittente dans le [&hellip;]<\/p>\n","protected":false},"author":1,"featured_media":0,"parent":0,"menu_order":0,"comment_status":"closed","ping_status":"closed","template":"","meta":{"footnotes":""},"class_list":["post-9981","page","type-page","status-publish","hentry"],"yoast_head":"<!-- This site is optimized with the Yoast SEO plugin v26.4 - https:\/\/yoast.com\/wordpress\/plugins\/seo\/ -->\n<title>\u00c0 propos de nous - Leclanch\u00e9<\/title>\n<meta name=\"description\" content=\"Leclanch\u00e9 SA est leader mondial de solutions de stockage de l\u2019\u00e9nergie de haute qualit\u00e9 bas\u00e9es sur les technologies des cellules lithium-ion, con\u00e7ues pour acc\u00e9l\u00e9rer sa progression vers un avenir \u00e9nerg\u00e9tique plus propre.  Leclanch\u00e9 est le seul pure player du stockage de l&#039;\u00e9nergie au monde \u00e0 \u00eatre cot\u00e9 en bourse, \u00e0 la Bourse suisse.\" \/>\n<meta name=\"robots\" content=\"index, follow, max-snippet:-1, max-image-preview:large, max-video-preview:-1\" \/>\n<link rel=\"canonical\" href=\"https:\/\/www.leclanche.com\/fr\/a-propos-de-nous\/\" \/>\n<meta property=\"og:locale\" content=\"fr_FR\" \/>\n<meta property=\"og:type\" content=\"article\" \/>\n<meta property=\"og:title\" content=\"\u00c0 propos de nous - Leclanch\u00e9\" \/>\n<meta property=\"og:description\" content=\"Leclanch\u00e9 SA est leader mondial de solutions de stockage de l\u2019\u00e9nergie de haute qualit\u00e9 bas\u00e9es sur les technologies des cellules lithium-ion, con\u00e7ues pour acc\u00e9l\u00e9rer sa progression vers un avenir \u00e9nerg\u00e9tique plus propre.  Leclanch\u00e9 est le seul pure player du stockage de l&#039;\u00e9nergie au monde \u00e0 \u00eatre cot\u00e9 en bourse, \u00e0 la Bourse suisse.\" \/>\n<meta property=\"og:url\" content=\"https:\/\/www.leclanche.com\/fr\/a-propos-de-nous\/\" \/>\n<meta property=\"og:site_name\" content=\"Leclanch\u00e9\" \/>\n<meta property=\"article:modified_time\" content=\"2024-03-12T09:48:20+00:00\" \/>\n<meta name=\"twitter:card\" content=\"summary_large_image\" \/>\n<meta name=\"twitter:label1\" content=\"Dur\u00e9e de lecture estim\u00e9e\" \/>\n\t<meta name=\"twitter:data1\" content=\"1 minute\" \/>\n<script type=\"application\/ld+json\" class=\"yoast-schema-graph\">{\"@context\":\"https:\/\/schema.org\",\"@graph\":[{\"@type\":\"WebPage\",\"@id\":\"https:\/\/www.leclanche.com\/fr\/a-propos-de-nous\/\",\"url\":\"https:\/\/www.leclanche.com\/fr\/a-propos-de-nous\/\",\"name\":\"\u00c0 propos de nous - Leclanch\u00e9\",\"isPartOf\":{\"@id\":\"https:\/\/www.leclanche.com\/fr\/#website\"},\"datePublished\":\"2020-04-27T11:06:37+00:00\",\"dateModified\":\"2024-03-12T09:48:20+00:00\",\"description\":\"Leclanch\u00e9 SA est leader mondial de solutions de stockage de l\u2019\u00e9nergie de haute qualit\u00e9 bas\u00e9es sur les technologies des cellules lithium-ion, con\u00e7ues pour acc\u00e9l\u00e9rer sa progression vers un avenir \u00e9nerg\u00e9tique plus propre. Leclanch\u00e9 est le seul pure player du stockage de l'\u00e9nergie au monde \u00e0 \u00eatre cot\u00e9 en bourse, \u00e0 la Bourse suisse.\",\"breadcrumb\":{\"@id\":\"https:\/\/www.leclanche.com\/fr\/a-propos-de-nous\/#breadcrumb\"},\"inLanguage\":\"fr-FR\",\"potentialAction\":[{\"@type\":\"ReadAction\",\"target\":[\"https:\/\/www.leclanche.com\/fr\/a-propos-de-nous\/\"]}]},{\"@type\":\"BreadcrumbList\",\"@id\":\"https:\/\/www.leclanche.com\/fr\/a-propos-de-nous\/#breadcrumb\",\"itemListElement\":[{\"@type\":\"ListItem\",\"position\":1,\"name\":\"Accueil\",\"item\":\"https:\/\/www.leclanche.com\/fr\/\"},{\"@type\":\"ListItem\",\"position\":2,\"name\":\"\u00c0 propos de nous\"}]},{\"@type\":\"WebSite\",\"@id\":\"https:\/\/www.leclanche.com\/fr\/#website\",\"url\":\"https:\/\/www.leclanche.com\/fr\/\",\"name\":\"Leclanch\u00e9\",\"description\":\"Energy Storage Solutions\",\"potentialAction\":[{\"@type\":\"SearchAction\",\"target\":{\"@type\":\"EntryPoint\",\"urlTemplate\":\"https:\/\/www.leclanche.com\/fr\/?s={search_term_string}\"},\"query-input\":{\"@type\":\"PropertyValueSpecification\",\"valueRequired\":true,\"valueName\":\"search_term_string\"}}],\"inLanguage\":\"fr-FR\"}]}<\/script>\n<!-- \/ Yoast SEO plugin. -->","yoast_head_json":{"title":"\u00c0 propos de nous - Leclanch\u00e9","description":"Leclanch\u00e9 SA est leader mondial de solutions de stockage de l\u2019\u00e9nergie de haute qualit\u00e9 bas\u00e9es sur les technologies des cellules lithium-ion, con\u00e7ues pour acc\u00e9l\u00e9rer sa progression vers un avenir \u00e9nerg\u00e9tique plus propre.  Leclanch\u00e9 est le seul pure player du stockage de l'\u00e9nergie au monde \u00e0 \u00eatre cot\u00e9 en bourse, \u00e0 la Bourse suisse.","robots":{"index":"index","follow":"follow","max-snippet":"max-snippet:-1","max-image-preview":"max-image-preview:large","max-video-preview":"max-video-preview:-1"},"canonical":"https:\/\/www.leclanche.com\/fr\/a-propos-de-nous\/","og_locale":"fr_FR","og_type":"article","og_title":"\u00c0 propos de nous - Leclanch\u00e9","og_description":"Leclanch\u00e9 SA est leader mondial de solutions de stockage de l\u2019\u00e9nergie de haute qualit\u00e9 bas\u00e9es sur les technologies des cellules lithium-ion, con\u00e7ues pour acc\u00e9l\u00e9rer sa progression vers un avenir \u00e9nerg\u00e9tique plus propre.  Leclanch\u00e9 est le seul pure player du stockage de l'\u00e9nergie au monde \u00e0 \u00eatre cot\u00e9 en bourse, \u00e0 la Bourse suisse.","og_url":"https:\/\/www.leclanche.com\/fr\/a-propos-de-nous\/","og_site_name":"Leclanch\u00e9","article_modified_time":"2024-03-12T09:48:20+00:00","twitter_card":"summary_large_image","twitter_misc":{"Dur\u00e9e de lecture estim\u00e9e":"1 minute"},"schema":{"@context":"https:\/\/schema.org","@graph":[{"@type":"WebPage","@id":"https:\/\/www.leclanche.com\/fr\/a-propos-de-nous\/","url":"https:\/\/www.leclanche.com\/fr\/a-propos-de-nous\/","name":"\u00c0 propos de nous - Leclanch\u00e9","isPartOf":{"@id":"https:\/\/www.leclanche.com\/fr\/#website"},"datePublished":"2020-04-27T11:06:37+00:00","dateModified":"2024-03-12T09:48:20+00:00","description":"Leclanch\u00e9 SA est leader mondial de solutions de stockage de l\u2019\u00e9nergie de haute qualit\u00e9 bas\u00e9es sur les technologies des cellules lithium-ion, con\u00e7ues pour acc\u00e9l\u00e9rer sa progression vers un avenir \u00e9nerg\u00e9tique plus propre. Leclanch\u00e9 est le seul pure player du stockage de l'\u00e9nergie au monde \u00e0 \u00eatre cot\u00e9 en bourse, \u00e0 la Bourse suisse.","breadcrumb":{"@id":"https:\/\/www.leclanche.com\/fr\/a-propos-de-nous\/#breadcrumb"},"inLanguage":"fr-FR","potentialAction":[{"@type":"ReadAction","target":["https:\/\/www.leclanche.com\/fr\/a-propos-de-nous\/"]}]},{"@type":"BreadcrumbList","@id":"https:\/\/www.leclanche.com\/fr\/a-propos-de-nous\/#breadcrumb","itemListElement":[{"@type":"ListItem","position":1,"name":"Accueil","item":"https:\/\/www.leclanche.com\/fr\/"},{"@type":"ListItem","position":2,"name":"\u00c0 propos de nous"}]},{"@type":"WebSite","@id":"https:\/\/www.leclanche.com\/fr\/#website","url":"https:\/\/www.leclanche.com\/fr\/","name":"Leclanch\u00e9","description":"Energy Storage Solutions","potentialAction":[{"@type":"SearchAction","target":{"@type":"EntryPoint","urlTemplate":"https:\/\/www.leclanche.com\/fr\/?s={search_term_string}"},"query-input":{"@type":"PropertyValueSpecification","valueRequired":true,"valueName":"search_term_string"}}],"inLanguage":"fr-FR"}]}},"_links":{"self":[{"href":"https:\/\/www.leclanche.com\/fr\/wp-json\/wp\/v2\/pages\/9981","targetHints":{"allow":["GET"]}}],"collection":[{"href":"https:\/\/www.leclanche.com\/fr\/wp-json\/wp\/v2\/pages"}],"about":[{"href":"https:\/\/www.leclanche.com\/fr\/wp-json\/wp\/v2\/types\/page"}],"author":[{"embeddable":true,"href":"https:\/\/www.leclanche.com\/fr\/wp-json\/wp\/v2\/users\/1"}],"replies":[{"embeddable":true,"href":"https:\/\/www.leclanche.com\/fr\/wp-json\/wp\/v2\/comments?post=9981"}],"version-history":[{"count":1,"href":"https:\/\/www.leclanche.com\/fr\/wp-json\/wp\/v2\/pages\/9981\/revisions"}],"predecessor-version":[{"id":9982,"href":"https:\/\/www.leclanche.com\/fr\/wp-json\/wp\/v2\/pages\/9981\/revisions\/9982"}],"wp:attachment":[{"href":"https:\/\/www.leclanche.com\/fr\/wp-json\/wp\/v2\/media?parent=9981"}],"curies":[{"name":"wp","href":"https:\/\/api.w.org\/{rel}","templated":true}]}}