{"id":9983,"date":"2020-04-27T16:54:20","date_gmt":"2020-04-27T14:54:20","guid":{"rendered":"https:\/\/www.leclanche.com\/cellules\/"},"modified":"2024-11-19T11:44:14","modified_gmt":"2024-11-19T10:44:14","slug":"cellules","status":"publish","type":"page","link":"https:\/\/www.leclanche.com\/fr\/nos-technologies\/cellules\/","title":{"rendered":"Cellules"},"content":{"rendered":"\r\n<p>Pour fabriquer les \u00e9lectrodes de nos cellules, nous avons d\u00e9velopp\u00e9 notre propre m\u00e9thode de production \u00e0 base d&rsquo;eau, en vue de r\u00e9duire l&rsquo;impact sur l&rsquo;environnement. Nous sommes \u00e9galement le tout premier fabricant capable de traiter les cathodes \u00e0 forte teneur en nickel sans solvants organiques, toujours dans un objectif de d\u00e9veloppement durable.<\/p>\r\n\r\n\r\n\r\n<p>Nos batteries technologiques sont capables de desservir plusieurs march\u00e9s. Si la grande majorit\u00e9 de nos applications est bas\u00e9e sur notre technologie, il nous arrive \u00e9galement de collaborer avec des partenaires afin d&rsquo;int\u00e9grer des technologies et composants externes aux n\u00f4tres. Nous garantissons ainsi que le client b\u00e9n\u00e9ficie en permanence de la solution la mieux adapt\u00e9e \u00e0 ses besoins.<\/p>\r\n\r\n\r\n\r\n<p>La qualit\u00e9 de notre fabrication nous permet d&rsquo;enregistrer les meilleurs cycles de vie du secteur et les meilleures performances en mati\u00e8re d&rsquo;\u00e9nergie et de puissance. Nous nous appuyons sur notre exp\u00e9rience et notre compr\u00e9hension des applications de nos clients pour articuler nos solutions autour des cellules Leclanch\u00e9 et trouver le juste \u00e9quilibre entre puissance, dur\u00e9e de vie et densit\u00e9 \u00e9nerg\u00e9tique.<\/p>\r\n\r\n\r\n\r\n<p>En savoir plus sur notre <a href=\"https:\/\/www.leclanche.com\/wp-content\/uploads\/2020\/10\/LECLANCHE-cell-datasheet-GL60-GNMC-60Ah-1.pdf\">GL60Energy Cell <\/a>\u00a0et <a href=\"https:\/\/www.leclanche.com\/wp-content\/uploads\/2021\/06\/LECLANCHE-cell-datasheet-GL65-GNMC-65Ah.pdf\">G65 Energy Cell<\/a> (en anglais).<\/p>\r\n<p><img loading=\"lazy\" decoding=\"async\" class=\"alignnone wp-image-6806 size-large\" src=\"https:\/\/www.leclanche.com\/wp-content\/uploads\/2020\/11\/Leclanche-Cell20211-1024x722.jpg\" alt=\"\" width=\"640\" height=\"451\" srcset=\"https:\/\/www.leclanche.com\/wp-content\/uploads\/2020\/11\/Leclanche-Cell20211-1024x722.jpg 1024w, https:\/\/www.leclanche.com\/wp-content\/uploads\/2020\/11\/Leclanche-Cell20211-300x212.jpg 300w, https:\/\/www.leclanche.com\/wp-content\/uploads\/2020\/11\/Leclanche-Cell20211-768x542.jpg 768w, https:\/\/www.leclanche.com\/wp-content\/uploads\/2020\/11\/Leclanche-Cell20211.jpg 1500w\" sizes=\"auto, (max-width: 640px) 100vw, 640px\" \/><\/p>\r\n","protected":false},"excerpt":{"rendered":"<p>Pour fabriquer les \u00e9lectrodes de nos cellules, nous avons d\u00e9velopp\u00e9 notre propre m\u00e9thode de production \u00e0 base d&rsquo;eau, en vue de r\u00e9duire l&rsquo;impact sur l&rsquo;environnement. Nous sommes \u00e9galement le tout premier fabricant capable de traiter les cathodes \u00e0 forte teneur en nickel sans solvants organiques, toujours dans un objectif de d\u00e9veloppement durable. Nos batteries technologiques [&hellip;]<\/p>\n","protected":false},"author":1,"featured_media":0,"parent":9993,"menu_order":0,"comment_status":"closed","ping_status":"closed","template":"","meta":{"footnotes":""},"class_list":["post-9983","page","type-page","status-publish","hentry"],"yoast_head":"<!-- This site is optimized with the Yoast SEO plugin v26.4 - https:\/\/yoast.com\/wordpress\/plugins\/seo\/ -->\n<title>Cellules - Leclanch\u00e9<\/title>\n<meta name=\"description\" content=\"Nous nous concentrons sur des cellules utilisant trois types de chimie \u00e9lectrochimique diff\u00e9rents : graphite-oxyde de nickel mangan\u00e8se cobalt (G\/NMC) et G\/NMCA (aluminium) pour des applications \u00e0 forte intensit\u00e9 \u00e9nerg\u00e9tique. Nous produisons \u00e9galement des cellules \u00e0 oxyde de niobium (XNO), offrant des performances de pointe et une longue dur\u00e9e de vie pour des applications de recharge rapide.\" \/>\n<meta name=\"robots\" content=\"index, follow, max-snippet:-1, max-image-preview:large, max-video-preview:-1\" \/>\n<link rel=\"canonical\" href=\"https:\/\/www.leclanche.com\/fr\/nos-technologies\/cellules\/\" \/>\n<meta property=\"og:locale\" content=\"fr_FR\" \/>\n<meta property=\"og:type\" content=\"article\" \/>\n<meta property=\"og:title\" content=\"Cellules - Leclanch\u00e9\" \/>\n<meta property=\"og:description\" content=\"Nous nous concentrons sur des cellules utilisant trois types de chimie \u00e9lectrochimique diff\u00e9rents : graphite-oxyde de nickel mangan\u00e8se cobalt (G\/NMC) et G\/NMCA (aluminium) pour des applications \u00e0 forte intensit\u00e9 \u00e9nerg\u00e9tique. Nous produisons \u00e9galement des cellules \u00e0 oxyde de niobium (XNO), offrant des performances de pointe et une longue dur\u00e9e de vie pour des applications de recharge rapide.\" \/>\n<meta property=\"og:url\" content=\"https:\/\/www.leclanche.com\/fr\/nos-technologies\/cellules\/\" \/>\n<meta property=\"og:site_name\" content=\"Leclanch\u00e9\" \/>\n<meta property=\"article:modified_time\" content=\"2024-11-19T10:44:14+00:00\" \/>\n<meta property=\"og:image\" content=\"https:\/\/www.leclanche.com\/wp-content\/uploads\/2020\/11\/Leclanche-Cell20211-1024x722.jpg\" \/>\n<meta name=\"twitter:card\" content=\"summary_large_image\" \/>\n<meta name=\"twitter:label1\" content=\"Dur\u00e9e de lecture estim\u00e9e\" \/>\n\t<meta name=\"twitter:data1\" content=\"2 minutes\" \/>\n<script type=\"application\/ld+json\" class=\"yoast-schema-graph\">{\"@context\":\"https:\/\/schema.org\",\"@graph\":[{\"@type\":\"WebPage\",\"@id\":\"https:\/\/www.leclanche.com\/fr\/nos-technologies\/cellules\/\",\"url\":\"https:\/\/www.leclanche.com\/fr\/nos-technologies\/cellules\/\",\"name\":\"Cellules - Leclanch\u00e9\",\"isPartOf\":{\"@id\":\"https:\/\/www.leclanche.com\/fr\/#website\"},\"primaryImageOfPage\":{\"@id\":\"https:\/\/www.leclanche.com\/fr\/nos-technologies\/cellules\/#primaryimage\"},\"image\":{\"@id\":\"https:\/\/www.leclanche.com\/fr\/nos-technologies\/cellules\/#primaryimage\"},\"thumbnailUrl\":\"https:\/\/www.leclanche.com\/wp-content\/uploads\/2020\/11\/Leclanche-Cell20211-1024x722.jpg\",\"datePublished\":\"2020-04-27T14:54:20+00:00\",\"dateModified\":\"2024-11-19T10:44:14+00:00\",\"description\":\"Nous nous concentrons sur des cellules utilisant trois types de chimie \u00e9lectrochimique diff\u00e9rents : graphite-oxyde de nickel mangan\u00e8se cobalt (G\/NMC) et G\/NMCA (aluminium) pour des applications \u00e0 forte intensit\u00e9 \u00e9nerg\u00e9tique. Nous produisons \u00e9galement des cellules \u00e0 oxyde de niobium (XNO), offrant des performances de pointe et une longue dur\u00e9e de vie pour des applications de recharge rapide.\",\"breadcrumb\":{\"@id\":\"https:\/\/www.leclanche.com\/fr\/nos-technologies\/cellules\/#breadcrumb\"},\"inLanguage\":\"fr-FR\",\"potentialAction\":[{\"@type\":\"ReadAction\",\"target\":[\"https:\/\/www.leclanche.com\/fr\/nos-technologies\/cellules\/\"]}]},{\"@type\":\"ImageObject\",\"inLanguage\":\"fr-FR\",\"@id\":\"https:\/\/www.leclanche.com\/fr\/nos-technologies\/cellules\/#primaryimage\",\"url\":\"https:\/\/www.leclanche.com\/wp-content\/uploads\/2020\/11\/Leclanche-Cell20211-1024x722.jpg\",\"contentUrl\":\"https:\/\/www.leclanche.com\/wp-content\/uploads\/2020\/11\/Leclanche-Cell20211-1024x722.jpg\"},{\"@type\":\"BreadcrumbList\",\"@id\":\"https:\/\/www.leclanche.com\/fr\/nos-technologies\/cellules\/#breadcrumb\",\"itemListElement\":[{\"@type\":\"ListItem\",\"position\":1,\"name\":\"Accueil\",\"item\":\"https:\/\/www.leclanche.com\/fr\/\"},{\"@type\":\"ListItem\",\"position\":2,\"name\":\"Nos technologies\",\"item\":\"https:\/\/www.leclanche.com\/fr\/our-technologies\/\"},{\"@type\":\"ListItem\",\"position\":3,\"name\":\"Cellules\"}]},{\"@type\":\"WebSite\",\"@id\":\"https:\/\/www.leclanche.com\/fr\/#website\",\"url\":\"https:\/\/www.leclanche.com\/fr\/\",\"name\":\"Leclanch\u00e9\",\"description\":\"Energy Storage Solutions\",\"potentialAction\":[{\"@type\":\"SearchAction\",\"target\":{\"@type\":\"EntryPoint\",\"urlTemplate\":\"https:\/\/www.leclanche.com\/fr\/?s={search_term_string}\"},\"query-input\":{\"@type\":\"PropertyValueSpecification\",\"valueRequired\":true,\"valueName\":\"search_term_string\"}}],\"inLanguage\":\"fr-FR\"}]}<\/script>\n<!-- \/ Yoast SEO plugin. -->","yoast_head_json":{"title":"Cellules - Leclanch\u00e9","description":"Nous nous concentrons sur des cellules utilisant trois types de chimie \u00e9lectrochimique diff\u00e9rents : graphite-oxyde de nickel mangan\u00e8se cobalt (G\/NMC) et G\/NMCA (aluminium) pour des applications \u00e0 forte intensit\u00e9 \u00e9nerg\u00e9tique. Nous produisons \u00e9galement des cellules \u00e0 oxyde de niobium (XNO), offrant des performances de pointe et une longue dur\u00e9e de vie pour des applications de recharge rapide.","robots":{"index":"index","follow":"follow","max-snippet":"max-snippet:-1","max-image-preview":"max-image-preview:large","max-video-preview":"max-video-preview:-1"},"canonical":"https:\/\/www.leclanche.com\/fr\/nos-technologies\/cellules\/","og_locale":"fr_FR","og_type":"article","og_title":"Cellules - Leclanch\u00e9","og_description":"Nous nous concentrons sur des cellules utilisant trois types de chimie \u00e9lectrochimique diff\u00e9rents : graphite-oxyde de nickel mangan\u00e8se cobalt (G\/NMC) et G\/NMCA (aluminium) pour des applications \u00e0 forte intensit\u00e9 \u00e9nerg\u00e9tique. Nous produisons \u00e9galement des cellules \u00e0 oxyde de niobium (XNO), offrant des performances de pointe et une longue dur\u00e9e de vie pour des applications de recharge rapide.","og_url":"https:\/\/www.leclanche.com\/fr\/nos-technologies\/cellules\/","og_site_name":"Leclanch\u00e9","article_modified_time":"2024-11-19T10:44:14+00:00","og_image":[{"url":"https:\/\/www.leclanche.com\/wp-content\/uploads\/2020\/11\/Leclanche-Cell20211-1024x722.jpg","type":"","width":"","height":""}],"twitter_card":"summary_large_image","twitter_misc":{"Dur\u00e9e de lecture estim\u00e9e":"2 minutes"},"schema":{"@context":"https:\/\/schema.org","@graph":[{"@type":"WebPage","@id":"https:\/\/www.leclanche.com\/fr\/nos-technologies\/cellules\/","url":"https:\/\/www.leclanche.com\/fr\/nos-technologies\/cellules\/","name":"Cellules - Leclanch\u00e9","isPartOf":{"@id":"https:\/\/www.leclanche.com\/fr\/#website"},"primaryImageOfPage":{"@id":"https:\/\/www.leclanche.com\/fr\/nos-technologies\/cellules\/#primaryimage"},"image":{"@id":"https:\/\/www.leclanche.com\/fr\/nos-technologies\/cellules\/#primaryimage"},"thumbnailUrl":"https:\/\/www.leclanche.com\/wp-content\/uploads\/2020\/11\/Leclanche-Cell20211-1024x722.jpg","datePublished":"2020-04-27T14:54:20+00:00","dateModified":"2024-11-19T10:44:14+00:00","description":"Nous nous concentrons sur des cellules utilisant trois types de chimie \u00e9lectrochimique diff\u00e9rents : graphite-oxyde de nickel mangan\u00e8se cobalt (G\/NMC) et G\/NMCA (aluminium) pour des applications \u00e0 forte intensit\u00e9 \u00e9nerg\u00e9tique. Nous produisons \u00e9galement des cellules \u00e0 oxyde de niobium (XNO), offrant des performances de pointe et une longue dur\u00e9e de vie pour des applications de recharge rapide.","breadcrumb":{"@id":"https:\/\/www.leclanche.com\/fr\/nos-technologies\/cellules\/#breadcrumb"},"inLanguage":"fr-FR","potentialAction":[{"@type":"ReadAction","target":["https:\/\/www.leclanche.com\/fr\/nos-technologies\/cellules\/"]}]},{"@type":"ImageObject","inLanguage":"fr-FR","@id":"https:\/\/www.leclanche.com\/fr\/nos-technologies\/cellules\/#primaryimage","url":"https:\/\/www.leclanche.com\/wp-content\/uploads\/2020\/11\/Leclanche-Cell20211-1024x722.jpg","contentUrl":"https:\/\/www.leclanche.com\/wp-content\/uploads\/2020\/11\/Leclanche-Cell20211-1024x722.jpg"},{"@type":"BreadcrumbList","@id":"https:\/\/www.leclanche.com\/fr\/nos-technologies\/cellules\/#breadcrumb","itemListElement":[{"@type":"ListItem","position":1,"name":"Accueil","item":"https:\/\/www.leclanche.com\/fr\/"},{"@type":"ListItem","position":2,"name":"Nos technologies","item":"https:\/\/www.leclanche.com\/fr\/our-technologies\/"},{"@type":"ListItem","position":3,"name":"Cellules"}]},{"@type":"WebSite","@id":"https:\/\/www.leclanche.com\/fr\/#website","url":"https:\/\/www.leclanche.com\/fr\/","name":"Leclanch\u00e9","description":"Energy Storage Solutions","potentialAction":[{"@type":"SearchAction","target":{"@type":"EntryPoint","urlTemplate":"https:\/\/www.leclanche.com\/fr\/?s={search_term_string}"},"query-input":{"@type":"PropertyValueSpecification","valueRequired":true,"valueName":"search_term_string"}}],"inLanguage":"fr-FR"}]}},"_links":{"self":[{"href":"https:\/\/www.leclanche.com\/fr\/wp-json\/wp\/v2\/pages\/9983","targetHints":{"allow":["GET"]}}],"collection":[{"href":"https:\/\/www.leclanche.com\/fr\/wp-json\/wp\/v2\/pages"}],"about":[{"href":"https:\/\/www.leclanche.com\/fr\/wp-json\/wp\/v2\/types\/page"}],"author":[{"embeddable":true,"href":"https:\/\/www.leclanche.com\/fr\/wp-json\/wp\/v2\/users\/1"}],"replies":[{"embeddable":true,"href":"https:\/\/www.leclanche.com\/fr\/wp-json\/wp\/v2\/comments?post=9983"}],"version-history":[{"count":12,"href":"https:\/\/www.leclanche.com\/fr\/wp-json\/wp\/v2\/pages\/9983\/revisions"}],"predecessor-version":[{"id":14454,"href":"https:\/\/www.leclanche.com\/fr\/wp-json\/wp\/v2\/pages\/9983\/revisions\/14454"}],"up":[{"embeddable":true,"href":"https:\/\/www.leclanche.com\/fr\/wp-json\/wp\/v2\/pages\/9993"}],"wp:attachment":[{"href":"https:\/\/www.leclanche.com\/fr\/wp-json\/wp\/v2\/media?parent=9983"}],"curies":[{"name":"wp","href":"https:\/\/api.w.org\/{rel}","templated":true}]}}