{"id":9985,"date":"2020-04-27T16:55:08","date_gmt":"2020-04-27T14:55:08","guid":{"rendered":"https:\/\/www.leclanche.com\/modules\/"},"modified":"2024-11-19T11:41:07","modified_gmt":"2024-11-19T10:41:07","slug":"modules","status":"publish","type":"page","link":"https:\/\/www.leclanche.com\/fr\/nos-technologies\/modules\/","title":{"rendered":"Modules"},"content":{"rendered":"<p>Nos bo\u00eetiers sont con\u00e7us et fabriqu\u00e9s pour r\u00e9sister aux vibrations, aux chocs et aux contraintes thermiques, mais \u00e9galement pour satisfaire aux diff\u00e9rentes exigences de puissance. La conception de nos modules couvre une vaste gamme de tensions, de capacit\u00e9s, de tailles et de m\u00e9thodes de protection, de s\u00e9curit\u00e9 et de surveillance des cellules, celles-ci \u00e9tant sp\u00e9cialement d\u00e9velopp\u00e9es en fonction de chaque application.<\/p>\n<p>Nos modules de batteries utilisent notre syst\u00e8me de gestion de batterie (BMS) int\u00e9gr\u00e9 qui surveille chaque cellule du module et en assure l&rsquo;\u00e9quilibrage.<\/p>\n<p><strong>Modules M3<\/strong><\/p>\n<p>Le module M3 est assembl\u00e9 sur une toute nouvelle ligne de production et d&rsquo;essai automatis\u00e9e en Suisse, qui est con\u00e7ue selon les normes de l&rsquo;industrie automobile. Cette ligne de production peut produire 11 fois plus de modules qu&rsquo;auparavant, avec une capacit\u00e9 de plus de 250 MWh par an. Les modules M3 comprennent un syst\u00e8me de gestion de la batterie (BMS) avec des unit\u00e9s esclaves fonctionnellement s\u00fbres qui peuvent prendre jusqu&rsquo;\u00e0 24 mesures de cellules. Les unit\u00e9s esclaves ex\u00e9cutent les diagnostics et communiquent avec le BMS ma\u00eetre pour assurer une s\u00e9curit\u00e9 optimale et une surveillance compl\u00e8te.<\/p>\n<p>&nbsp;<\/p>\n<p>En savoir plus sur nos modules <strong><a href=\"https:\/\/www.leclanche.com\/wp-content\/uploads\/2022\/05\/M3-ENERGY-MODULE-GNMC-60.pdf\">M3 Energy Module (GNMC, 60Ah)<\/a> et <a href=\"https:\/\/www.leclanche.com\/wp-content\/uploads\/2022\/05\/M3-ENERGY-MODULE-GNMC-65.pdf\">M3 Energy Module (GNMC, 65Ah)<\/a><\/strong><\/p>\n<p><img loading=\"lazy\" decoding=\"async\" class=\"alignnone size-medium wp-image-10057\" src=\"https:\/\/www.leclanche.com\/wp-content\/uploads\/2021\/06\/M3-Module-GNMC-16S2P-11-300x169.png\" alt=\"Leclanch\u00e9 M3 Module\" width=\"300\" height=\"169\" srcset=\"https:\/\/www.leclanche.com\/wp-content\/uploads\/2021\/06\/M3-Module-GNMC-16S2P-11-300x169.png 300w, https:\/\/www.leclanche.com\/wp-content\/uploads\/2021\/06\/M3-Module-GNMC-16S2P-11-1024x576.png 1024w, https:\/\/www.leclanche.com\/wp-content\/uploads\/2021\/06\/M3-Module-GNMC-16S2P-11-768x432.png 768w, https:\/\/www.leclanche.com\/wp-content\/uploads\/2021\/06\/M3-Module-GNMC-16S2P-11-1536x864.png 1536w, https:\/\/www.leclanche.com\/wp-content\/uploads\/2021\/06\/M3-Module-GNMC-16S2P-11-2048x1152.png 2048w\" sizes=\"auto, (max-width: 300px) 100vw, 300px\" \/><\/p>\n<p>En savoir plus sur nos <strong><a href=\"https:\/\/www.leclanche.com\/wp-content\/uploads\/2020\/10\/LECLANCHE-plaquette-G-NMC-KMWEB.pdf\" target=\"_blank\" rel=\"noopener noreferrer\">modules G \u2013 NMC Energy M2<\/a><\/strong><\/p>\n<p>&nbsp;<\/p>\n<p><img loading=\"lazy\" decoding=\"async\" class=\"alignnone size-medium wp-image-7074\" src=\"https:\/\/www.leclanche.com\/wp-content\/uploads\/2020\/11\/M2-Module-Range-300x235.jpg\" alt=\"\" width=\"300\" height=\"235\" srcset=\"https:\/\/www.leclanche.com\/wp-content\/uploads\/2020\/11\/M2-Module-Range-300x235.jpg 300w, https:\/\/www.leclanche.com\/wp-content\/uploads\/2020\/11\/M2-Module-Range-1024x803.jpg 1024w, https:\/\/www.leclanche.com\/wp-content\/uploads\/2020\/11\/M2-Module-Range-768x603.jpg 768w, https:\/\/www.leclanche.com\/wp-content\/uploads\/2020\/11\/M2-Module-Range-1536x1205.jpg 1536w, https:\/\/www.leclanche.com\/wp-content\/uploads\/2020\/11\/M2-Module-Range-2048x1607.jpg 2048w\" sizes=\"auto, (max-width: 300px) 100vw, 300px\" \/><\/p>\n","protected":false},"excerpt":{"rendered":"<p>Nos bo\u00eetiers sont con\u00e7us et fabriqu\u00e9s pour r\u00e9sister aux vibrations, aux chocs et aux contraintes thermiques, mais \u00e9galement pour satisfaire aux diff\u00e9rentes exigences de puissance. La conception de nos modules couvre une vaste gamme de tensions, de capacit\u00e9s, de tailles et de m\u00e9thodes de protection, de s\u00e9curit\u00e9 et de surveillance des cellules, celles-ci \u00e9tant sp\u00e9cialement [&hellip;]<\/p>\n","protected":false},"author":1,"featured_media":0,"parent":9993,"menu_order":0,"comment_status":"closed","ping_status":"closed","template":"","meta":{"footnotes":""},"class_list":["post-9985","page","type-page","status-publish","hentry"],"yoast_head":"<!-- This site is optimized with the Yoast SEO plugin v26.4 - https:\/\/yoast.com\/wordpress\/plugins\/seo\/ -->\n<title>Modules - Leclanch\u00e9<\/title>\n<meta name=\"description\" content=\"Nous produisons des bo\u00eetiers sur mesure qui abritent et prot\u00e8gent nos cellules et composants \u00e9lectroniques tout en g\u00e9rant les contraintes m\u00e9caniques ainsi que la temp\u00e9rature.\" \/>\n<meta name=\"robots\" content=\"index, follow, max-snippet:-1, max-image-preview:large, max-video-preview:-1\" \/>\n<link rel=\"canonical\" href=\"https:\/\/www.leclanche.com\/fr\/nos-technologies\/modules\/\" \/>\n<meta property=\"og:locale\" content=\"fr_FR\" \/>\n<meta property=\"og:type\" content=\"article\" \/>\n<meta property=\"og:title\" content=\"Modules - Leclanch\u00e9\" \/>\n<meta property=\"og:description\" content=\"Nous produisons des bo\u00eetiers sur mesure qui abritent et prot\u00e8gent nos cellules et composants \u00e9lectroniques tout en g\u00e9rant les contraintes m\u00e9caniques ainsi que la temp\u00e9rature.\" \/>\n<meta property=\"og:url\" content=\"https:\/\/www.leclanche.com\/fr\/nos-technologies\/modules\/\" \/>\n<meta property=\"og:site_name\" content=\"Leclanch\u00e9\" \/>\n<meta property=\"article:modified_time\" content=\"2024-11-19T10:41:07+00:00\" \/>\n<meta property=\"og:image\" content=\"https:\/\/www.leclanche.com\/wp-content\/uploads\/2021\/06\/M3-Module-GNMC-16S2P-11-300x169.png\" \/>\n<meta name=\"twitter:card\" content=\"summary_large_image\" \/>\n<meta name=\"twitter:label1\" content=\"Dur\u00e9e de lecture estim\u00e9e\" \/>\n\t<meta name=\"twitter:data1\" content=\"2 minutes\" \/>\n<script type=\"application\/ld+json\" class=\"yoast-schema-graph\">{\"@context\":\"https:\/\/schema.org\",\"@graph\":[{\"@type\":\"WebPage\",\"@id\":\"https:\/\/www.leclanche.com\/fr\/nos-technologies\/modules\/\",\"url\":\"https:\/\/www.leclanche.com\/fr\/nos-technologies\/modules\/\",\"name\":\"Modules - Leclanch\u00e9\",\"isPartOf\":{\"@id\":\"https:\/\/www.leclanche.com\/fr\/#website\"},\"primaryImageOfPage\":{\"@id\":\"https:\/\/www.leclanche.com\/fr\/nos-technologies\/modules\/#primaryimage\"},\"image\":{\"@id\":\"https:\/\/www.leclanche.com\/fr\/nos-technologies\/modules\/#primaryimage\"},\"thumbnailUrl\":\"https:\/\/www.leclanche.com\/wp-content\/uploads\/2021\/06\/M3-Module-GNMC-16S2P-11-300x169.png\",\"datePublished\":\"2020-04-27T14:55:08+00:00\",\"dateModified\":\"2024-11-19T10:41:07+00:00\",\"description\":\"Nous produisons des bo\u00eetiers sur mesure qui abritent et prot\u00e8gent nos cellules et composants \u00e9lectroniques tout en g\u00e9rant les contraintes m\u00e9caniques ainsi que la temp\u00e9rature.\",\"breadcrumb\":{\"@id\":\"https:\/\/www.leclanche.com\/fr\/nos-technologies\/modules\/#breadcrumb\"},\"inLanguage\":\"fr-FR\",\"potentialAction\":[{\"@type\":\"ReadAction\",\"target\":[\"https:\/\/www.leclanche.com\/fr\/nos-technologies\/modules\/\"]}]},{\"@type\":\"ImageObject\",\"inLanguage\":\"fr-FR\",\"@id\":\"https:\/\/www.leclanche.com\/fr\/nos-technologies\/modules\/#primaryimage\",\"url\":\"https:\/\/www.leclanche.com\/wp-content\/uploads\/2021\/06\/M3-Module-GNMC-16S2P-11-300x169.png\",\"contentUrl\":\"https:\/\/www.leclanche.com\/wp-content\/uploads\/2021\/06\/M3-Module-GNMC-16S2P-11-300x169.png\"},{\"@type\":\"BreadcrumbList\",\"@id\":\"https:\/\/www.leclanche.com\/fr\/nos-technologies\/modules\/#breadcrumb\",\"itemListElement\":[{\"@type\":\"ListItem\",\"position\":1,\"name\":\"Accueil\",\"item\":\"https:\/\/www.leclanche.com\/fr\/\"},{\"@type\":\"ListItem\",\"position\":2,\"name\":\"Nos technologies\",\"item\":\"https:\/\/www.leclanche.com\/fr\/our-technologies\/\"},{\"@type\":\"ListItem\",\"position\":3,\"name\":\"Modules\"}]},{\"@type\":\"WebSite\",\"@id\":\"https:\/\/www.leclanche.com\/fr\/#website\",\"url\":\"https:\/\/www.leclanche.com\/fr\/\",\"name\":\"Leclanch\u00e9\",\"description\":\"Energy Storage Solutions\",\"potentialAction\":[{\"@type\":\"SearchAction\",\"target\":{\"@type\":\"EntryPoint\",\"urlTemplate\":\"https:\/\/www.leclanche.com\/fr\/?s={search_term_string}\"},\"query-input\":{\"@type\":\"PropertyValueSpecification\",\"valueRequired\":true,\"valueName\":\"search_term_string\"}}],\"inLanguage\":\"fr-FR\"}]}<\/script>\n<!-- \/ Yoast SEO plugin. -->","yoast_head_json":{"title":"Modules - Leclanch\u00e9","description":"Nous produisons des bo\u00eetiers sur mesure qui abritent et prot\u00e8gent nos cellules et composants \u00e9lectroniques tout en g\u00e9rant les contraintes m\u00e9caniques ainsi que la temp\u00e9rature.","robots":{"index":"index","follow":"follow","max-snippet":"max-snippet:-1","max-image-preview":"max-image-preview:large","max-video-preview":"max-video-preview:-1"},"canonical":"https:\/\/www.leclanche.com\/fr\/nos-technologies\/modules\/","og_locale":"fr_FR","og_type":"article","og_title":"Modules - Leclanch\u00e9","og_description":"Nous produisons des bo\u00eetiers sur mesure qui abritent et prot\u00e8gent nos cellules et composants \u00e9lectroniques tout en g\u00e9rant les contraintes m\u00e9caniques ainsi que la temp\u00e9rature.","og_url":"https:\/\/www.leclanche.com\/fr\/nos-technologies\/modules\/","og_site_name":"Leclanch\u00e9","article_modified_time":"2024-11-19T10:41:07+00:00","og_image":[{"url":"https:\/\/www.leclanche.com\/wp-content\/uploads\/2021\/06\/M3-Module-GNMC-16S2P-11-300x169.png","type":"","width":"","height":""}],"twitter_card":"summary_large_image","twitter_misc":{"Dur\u00e9e de lecture estim\u00e9e":"2 minutes"},"schema":{"@context":"https:\/\/schema.org","@graph":[{"@type":"WebPage","@id":"https:\/\/www.leclanche.com\/fr\/nos-technologies\/modules\/","url":"https:\/\/www.leclanche.com\/fr\/nos-technologies\/modules\/","name":"Modules - Leclanch\u00e9","isPartOf":{"@id":"https:\/\/www.leclanche.com\/fr\/#website"},"primaryImageOfPage":{"@id":"https:\/\/www.leclanche.com\/fr\/nos-technologies\/modules\/#primaryimage"},"image":{"@id":"https:\/\/www.leclanche.com\/fr\/nos-technologies\/modules\/#primaryimage"},"thumbnailUrl":"https:\/\/www.leclanche.com\/wp-content\/uploads\/2021\/06\/M3-Module-GNMC-16S2P-11-300x169.png","datePublished":"2020-04-27T14:55:08+00:00","dateModified":"2024-11-19T10:41:07+00:00","description":"Nous produisons des bo\u00eetiers sur mesure qui abritent et prot\u00e8gent nos cellules et composants \u00e9lectroniques tout en g\u00e9rant les contraintes m\u00e9caniques ainsi que la temp\u00e9rature.","breadcrumb":{"@id":"https:\/\/www.leclanche.com\/fr\/nos-technologies\/modules\/#breadcrumb"},"inLanguage":"fr-FR","potentialAction":[{"@type":"ReadAction","target":["https:\/\/www.leclanche.com\/fr\/nos-technologies\/modules\/"]}]},{"@type":"ImageObject","inLanguage":"fr-FR","@id":"https:\/\/www.leclanche.com\/fr\/nos-technologies\/modules\/#primaryimage","url":"https:\/\/www.leclanche.com\/wp-content\/uploads\/2021\/06\/M3-Module-GNMC-16S2P-11-300x169.png","contentUrl":"https:\/\/www.leclanche.com\/wp-content\/uploads\/2021\/06\/M3-Module-GNMC-16S2P-11-300x169.png"},{"@type":"BreadcrumbList","@id":"https:\/\/www.leclanche.com\/fr\/nos-technologies\/modules\/#breadcrumb","itemListElement":[{"@type":"ListItem","position":1,"name":"Accueil","item":"https:\/\/www.leclanche.com\/fr\/"},{"@type":"ListItem","position":2,"name":"Nos technologies","item":"https:\/\/www.leclanche.com\/fr\/our-technologies\/"},{"@type":"ListItem","position":3,"name":"Modules"}]},{"@type":"WebSite","@id":"https:\/\/www.leclanche.com\/fr\/#website","url":"https:\/\/www.leclanche.com\/fr\/","name":"Leclanch\u00e9","description":"Energy Storage Solutions","potentialAction":[{"@type":"SearchAction","target":{"@type":"EntryPoint","urlTemplate":"https:\/\/www.leclanche.com\/fr\/?s={search_term_string}"},"query-input":{"@type":"PropertyValueSpecification","valueRequired":true,"valueName":"search_term_string"}}],"inLanguage":"fr-FR"}]}},"_links":{"self":[{"href":"https:\/\/www.leclanche.com\/fr\/wp-json\/wp\/v2\/pages\/9985","targetHints":{"allow":["GET"]}}],"collection":[{"href":"https:\/\/www.leclanche.com\/fr\/wp-json\/wp\/v2\/pages"}],"about":[{"href":"https:\/\/www.leclanche.com\/fr\/wp-json\/wp\/v2\/types\/page"}],"author":[{"embeddable":true,"href":"https:\/\/www.leclanche.com\/fr\/wp-json\/wp\/v2\/users\/1"}],"replies":[{"embeddable":true,"href":"https:\/\/www.leclanche.com\/fr\/wp-json\/wp\/v2\/comments?post=9985"}],"version-history":[{"count":8,"href":"https:\/\/www.leclanche.com\/fr\/wp-json\/wp\/v2\/pages\/9985\/revisions"}],"predecessor-version":[{"id":14450,"href":"https:\/\/www.leclanche.com\/fr\/wp-json\/wp\/v2\/pages\/9985\/revisions\/14450"}],"up":[{"embeddable":true,"href":"https:\/\/www.leclanche.com\/fr\/wp-json\/wp\/v2\/pages\/9993"}],"wp:attachment":[{"href":"https:\/\/www.leclanche.com\/fr\/wp-json\/wp\/v2\/media?parent=9985"}],"curies":[{"name":"wp","href":"https:\/\/api.w.org\/{rel}","templated":true}]}}