{"id":9986,"date":"2020-04-27T16:56:07","date_gmt":"2020-04-27T14:56:07","guid":{"rendered":"https:\/\/www.leclanche.com\/systemes-de-gestion-de-batterie\/"},"modified":"2024-12-06T09:31:54","modified_gmt":"2024-12-06T08:31:54","slug":"systemes-de-gestion-de-batterie","status":"publish","type":"page","link":"https:\/\/www.leclanche.com\/fr\/nos-technologies\/systemes-de-gestion-de-batterie\/","title":{"rendered":"Syst\u00e8mes de gestion de batterie"},"content":{"rendered":"\r\n<p>Le BMS fait partie int\u00e9grante des syst\u00e8mes de batteries haute tension de Leclanch\u00e9. Il assure la s\u00e9curit\u00e9 logicielle et mat\u00e9rielle pour la protection contre les sur\/sous-tensions, les surintensit\u00e9s, les sur\/sous-temp\u00e9ratures et la pr\u00e9charge.<\/p>\r\n<h2>\u00a0<\/h2>\r\n<h2>Caract\u00e9ristiques principales<\/h2>\r\n<ul>\r\n<li>Technologie int\u00e9gr\u00e9e et algorithmes sp\u00e9cifiques tels que SOC, SOH, \u00e9quilibrage cellule\/module et contr\u00f4le en temps r\u00e9el du courant de charge\/d\u00e9charge.<\/li>\r\n<li>Possibilit\u00e9 d&rsquo;indiquer les performances et de surveiller les param\u00e8tres de contr\u00f4le.<\/li>\r\n<li>L&rsquo;interface utilisateur graphique (GUI) conviviale fournit des performances et des diagnostics pour le syst\u00e8me.<\/li>\r\n<li>Fournit des ports de communication CAN ou RS485 pour se connecter \u00e0 l&rsquo;h\u00f4te\/au syst\u00e8me de niveau sup\u00e9rieur.<\/li>\r\n<li>Les syst\u00e8mes Functionally Safe (FS)BMS et G2 sont compatibles avec les applications haute tension (jusqu&rsquo;\u00e0 1200 V) et basse tension.<\/li>\r\n<li>Ils assurent le contr\u00f4le de la pr\u00e9charge, le contr\u00f4le des contacteurs, l&rsquo;arr\u00eat d&rsquo;urgence et la commande prioritaire avec surveillance des d\u00e9fauts d&rsquo;isolement du syst\u00e8me.<\/li>\r\n<li>Conformit\u00e9 aux normes de s\u00e9curit\u00e9 les plus strictes, y compris le niveau de s\u00e9curit\u00e9 fonctionnelle SIL2.<\/li>\r\n<\/ul>\r\n<h2>\u00a0<\/h2>\r\n<h2>BMS pour les solutions E-Mobility<\/h2>\r\n<p>Pour en savoir plus sur nos solutions d&rsquo;E-Mobility, cliquez <a href=\"https:\/\/www.leclanche.com\/fr\/solutions\/e-transport-solutions-fr\/\">ici.<\/a><\/p>\r\n<p>Le BMS pour les solutions d&rsquo;E-mobility se compose de deux parties :<\/p>\r\n<ul>\r\n<li>Master : le contr\u00f4leur principal du BMS &#8211; FSM<\/li>\r\n<li>Slave : les unit\u00e9s de mesure du module &#8211; FSS<\/li>\r\n<\/ul>\r\n<h3>Master &#8211; FSM<\/h3>\r\n<p>Le FSM est l&rsquo;unit\u00e9 de contr\u00f4le centrale qui surveille et contr\u00f4le l&rsquo;\u00e9tat des batteries, y compris la charge et la d\u00e9charge du syst\u00e8me et la communication avec l&rsquo;h\u00f4te. Le FSM peut \u00eatre configur\u00e9 et int\u00e9gr\u00e9 dans le syst\u00e8me de batterie du client via des interfaces de communication CAN ou s\u00e9rie.<\/p>\r\n<h3>Slave &#8211; FSS<\/h3>\r\n<p>Le FSS est l&rsquo;unit\u00e9 locale de mesure de la tension et de la temp\u00e9rature pour les modules de batterie. Le FSS surveille jusqu&rsquo;\u00e0 24 tensions d&rsquo;\u00e9l\u00e9ments individuels et jusqu&rsquo;\u00e0 19 temp\u00e9ratures d&rsquo;\u00e9l\u00e9ments en fonction de la configuration du module. Les mesures sont transmises au FSS via le BUS de communication interne. Le FSS contient \u00e9galement un circuit passif d&rsquo;\u00e9quilibrage des cellules contr\u00f4l\u00e9 par le FSS pour amener toutes les cellules du module et de la batterie \u00e0 un m\u00eame \u00e9tat de charge (SOC). Plusieurs FSS peuvent \u00eatre connect\u00e9s en guirlande pour une tension maximale du syst\u00e8me allant jusqu&rsquo;\u00e0 1200 VDC.<\/p>\r\n<h3>\u00a0<\/h3>\r\n<h3>Architecture de communication des donn\u00e9es du BMS et outil de diagnostic<\/h3>\r\n<p>Un outil de diagnostic fournit des informations au niveau du syst\u00e8me et de la cellule, la gestion des erreurs, les mises \u00e0 jour du micrologiciel du ma\u00eetre et de l&rsquo;esclave, la configuration du syst\u00e8me et la gestion des param\u00e8tres, l&rsquo;enregistrement et la visualisation des signaux.<\/p>\r\n<p>Note : Leclanch\u00e9 ne propose pas actuellement le BMS en tant que produit autonome.<\/p>\r\n","protected":false},"excerpt":{"rendered":"<p>Le BMS fait partie int\u00e9grante des syst\u00e8mes de batteries haute tension de Leclanch\u00e9. Il assure la s\u00e9curit\u00e9 logicielle et mat\u00e9rielle pour la protection contre les sur\/sous-tensions, les surintensit\u00e9s, les sur\/sous-temp\u00e9ratures et la pr\u00e9charge. \u00a0 Caract\u00e9ristiques principales Technologie int\u00e9gr\u00e9e et algorithmes sp\u00e9cifiques tels que SOC, SOH, \u00e9quilibrage cellule\/module et contr\u00f4le en temps r\u00e9el du courant de [&hellip;]<\/p>\n","protected":false},"author":1,"featured_media":0,"parent":9993,"menu_order":0,"comment_status":"closed","ping_status":"closed","template":"","meta":{"footnotes":""},"class_list":["post-9986","page","type-page","status-publish","hentry"],"yoast_head":"<!-- This site is optimized with the Yoast SEO plugin v26.4 - https:\/\/yoast.com\/wordpress\/plugins\/seo\/ -->\n<title>Syst\u00e8mes de gestion de batterie - Leclanch\u00e9<\/title>\n<meta name=\"description\" content=\"Les syst\u00e8mes de stockage d&#039;\u00e9nergie Leclanch\u00e9 sont \u00e9quip\u00e9s de nos syst\u00e8mes de gestion de batterie (BMS) d\u00e9velopp\u00e9s en interne.\" \/>\n<meta name=\"robots\" content=\"index, follow, max-snippet:-1, max-image-preview:large, max-video-preview:-1\" \/>\n<link rel=\"canonical\" href=\"https:\/\/www.leclanche.com\/fr\/nos-technologies\/systemes-de-gestion-de-batterie\/\" \/>\n<meta property=\"og:locale\" content=\"fr_FR\" \/>\n<meta property=\"og:type\" content=\"article\" \/>\n<meta property=\"og:title\" content=\"Syst\u00e8mes de gestion de batterie - Leclanch\u00e9\" \/>\n<meta property=\"og:description\" content=\"Les syst\u00e8mes de stockage d&#039;\u00e9nergie Leclanch\u00e9 sont \u00e9quip\u00e9s de nos syst\u00e8mes de gestion de batterie (BMS) d\u00e9velopp\u00e9s en interne.\" \/>\n<meta property=\"og:url\" content=\"https:\/\/www.leclanche.com\/fr\/nos-technologies\/systemes-de-gestion-de-batterie\/\" \/>\n<meta property=\"og:site_name\" content=\"Leclanch\u00e9\" \/>\n<meta property=\"article:modified_time\" content=\"2024-12-06T08:31:54+00:00\" \/>\n<meta name=\"twitter:card\" content=\"summary_large_image\" \/>\n<meta name=\"twitter:label1\" content=\"Dur\u00e9e de lecture estim\u00e9e\" \/>\n\t<meta name=\"twitter:data1\" content=\"2 minutes\" \/>\n<script type=\"application\/ld+json\" class=\"yoast-schema-graph\">{\"@context\":\"https:\/\/schema.org\",\"@graph\":[{\"@type\":\"WebPage\",\"@id\":\"https:\/\/www.leclanche.com\/fr\/nos-technologies\/systemes-de-gestion-de-batterie\/\",\"url\":\"https:\/\/www.leclanche.com\/fr\/nos-technologies\/systemes-de-gestion-de-batterie\/\",\"name\":\"Syst\u00e8mes de gestion de batterie - Leclanch\u00e9\",\"isPartOf\":{\"@id\":\"https:\/\/www.leclanche.com\/fr\/#website\"},\"datePublished\":\"2020-04-27T14:56:07+00:00\",\"dateModified\":\"2024-12-06T08:31:54+00:00\",\"description\":\"Les syst\u00e8mes de stockage d'\u00e9nergie Leclanch\u00e9 sont \u00e9quip\u00e9s de nos syst\u00e8mes de gestion de batterie (BMS) d\u00e9velopp\u00e9s en interne.\",\"breadcrumb\":{\"@id\":\"https:\/\/www.leclanche.com\/fr\/nos-technologies\/systemes-de-gestion-de-batterie\/#breadcrumb\"},\"inLanguage\":\"fr-FR\",\"potentialAction\":[{\"@type\":\"ReadAction\",\"target\":[\"https:\/\/www.leclanche.com\/fr\/nos-technologies\/systemes-de-gestion-de-batterie\/\"]}]},{\"@type\":\"BreadcrumbList\",\"@id\":\"https:\/\/www.leclanche.com\/fr\/nos-technologies\/systemes-de-gestion-de-batterie\/#breadcrumb\",\"itemListElement\":[{\"@type\":\"ListItem\",\"position\":1,\"name\":\"Accueil\",\"item\":\"https:\/\/www.leclanche.com\/fr\/\"},{\"@type\":\"ListItem\",\"position\":2,\"name\":\"Nos technologies\",\"item\":\"https:\/\/www.leclanche.com\/fr\/our-technologies\/\"},{\"@type\":\"ListItem\",\"position\":3,\"name\":\"Syst\u00e8mes de gestion de batterie\"}]},{\"@type\":\"WebSite\",\"@id\":\"https:\/\/www.leclanche.com\/fr\/#website\",\"url\":\"https:\/\/www.leclanche.com\/fr\/\",\"name\":\"Leclanch\u00e9\",\"description\":\"Energy Storage Solutions\",\"potentialAction\":[{\"@type\":\"SearchAction\",\"target\":{\"@type\":\"EntryPoint\",\"urlTemplate\":\"https:\/\/www.leclanche.com\/fr\/?s={search_term_string}\"},\"query-input\":{\"@type\":\"PropertyValueSpecification\",\"valueRequired\":true,\"valueName\":\"search_term_string\"}}],\"inLanguage\":\"fr-FR\"}]}<\/script>\n<!-- \/ Yoast SEO plugin. -->","yoast_head_json":{"title":"Syst\u00e8mes de gestion de batterie - Leclanch\u00e9","description":"Les syst\u00e8mes de stockage d'\u00e9nergie Leclanch\u00e9 sont \u00e9quip\u00e9s de nos syst\u00e8mes de gestion de batterie (BMS) d\u00e9velopp\u00e9s en interne.","robots":{"index":"index","follow":"follow","max-snippet":"max-snippet:-1","max-image-preview":"max-image-preview:large","max-video-preview":"max-video-preview:-1"},"canonical":"https:\/\/www.leclanche.com\/fr\/nos-technologies\/systemes-de-gestion-de-batterie\/","og_locale":"fr_FR","og_type":"article","og_title":"Syst\u00e8mes de gestion de batterie - Leclanch\u00e9","og_description":"Les syst\u00e8mes de stockage d'\u00e9nergie Leclanch\u00e9 sont \u00e9quip\u00e9s de nos syst\u00e8mes de gestion de batterie (BMS) d\u00e9velopp\u00e9s en interne.","og_url":"https:\/\/www.leclanche.com\/fr\/nos-technologies\/systemes-de-gestion-de-batterie\/","og_site_name":"Leclanch\u00e9","article_modified_time":"2024-12-06T08:31:54+00:00","twitter_card":"summary_large_image","twitter_misc":{"Dur\u00e9e de lecture estim\u00e9e":"2 minutes"},"schema":{"@context":"https:\/\/schema.org","@graph":[{"@type":"WebPage","@id":"https:\/\/www.leclanche.com\/fr\/nos-technologies\/systemes-de-gestion-de-batterie\/","url":"https:\/\/www.leclanche.com\/fr\/nos-technologies\/systemes-de-gestion-de-batterie\/","name":"Syst\u00e8mes de gestion de batterie - Leclanch\u00e9","isPartOf":{"@id":"https:\/\/www.leclanche.com\/fr\/#website"},"datePublished":"2020-04-27T14:56:07+00:00","dateModified":"2024-12-06T08:31:54+00:00","description":"Les syst\u00e8mes de stockage d'\u00e9nergie Leclanch\u00e9 sont \u00e9quip\u00e9s de nos syst\u00e8mes de gestion de batterie (BMS) d\u00e9velopp\u00e9s en interne.","breadcrumb":{"@id":"https:\/\/www.leclanche.com\/fr\/nos-technologies\/systemes-de-gestion-de-batterie\/#breadcrumb"},"inLanguage":"fr-FR","potentialAction":[{"@type":"ReadAction","target":["https:\/\/www.leclanche.com\/fr\/nos-technologies\/systemes-de-gestion-de-batterie\/"]}]},{"@type":"BreadcrumbList","@id":"https:\/\/www.leclanche.com\/fr\/nos-technologies\/systemes-de-gestion-de-batterie\/#breadcrumb","itemListElement":[{"@type":"ListItem","position":1,"name":"Accueil","item":"https:\/\/www.leclanche.com\/fr\/"},{"@type":"ListItem","position":2,"name":"Nos technologies","item":"https:\/\/www.leclanche.com\/fr\/our-technologies\/"},{"@type":"ListItem","position":3,"name":"Syst\u00e8mes de gestion de batterie"}]},{"@type":"WebSite","@id":"https:\/\/www.leclanche.com\/fr\/#website","url":"https:\/\/www.leclanche.com\/fr\/","name":"Leclanch\u00e9","description":"Energy Storage Solutions","potentialAction":[{"@type":"SearchAction","target":{"@type":"EntryPoint","urlTemplate":"https:\/\/www.leclanche.com\/fr\/?s={search_term_string}"},"query-input":{"@type":"PropertyValueSpecification","valueRequired":true,"valueName":"search_term_string"}}],"inLanguage":"fr-FR"}]}},"_links":{"self":[{"href":"https:\/\/www.leclanche.com\/fr\/wp-json\/wp\/v2\/pages\/9986","targetHints":{"allow":["GET"]}}],"collection":[{"href":"https:\/\/www.leclanche.com\/fr\/wp-json\/wp\/v2\/pages"}],"about":[{"href":"https:\/\/www.leclanche.com\/fr\/wp-json\/wp\/v2\/types\/page"}],"author":[{"embeddable":true,"href":"https:\/\/www.leclanche.com\/fr\/wp-json\/wp\/v2\/users\/1"}],"replies":[{"embeddable":true,"href":"https:\/\/www.leclanche.com\/fr\/wp-json\/wp\/v2\/comments?post=9986"}],"version-history":[{"count":10,"href":"https:\/\/www.leclanche.com\/fr\/wp-json\/wp\/v2\/pages\/9986\/revisions"}],"predecessor-version":[{"id":14490,"href":"https:\/\/www.leclanche.com\/fr\/wp-json\/wp\/v2\/pages\/9986\/revisions\/14490"}],"up":[{"embeddable":true,"href":"https:\/\/www.leclanche.com\/fr\/wp-json\/wp\/v2\/pages\/9993"}],"wp:attachment":[{"href":"https:\/\/www.leclanche.com\/fr\/wp-json\/wp\/v2\/media?parent=9986"}],"curies":[{"name":"wp","href":"https:\/\/api.w.org\/{rel}","templated":true}]}}