{"id":9988,"date":"2020-04-29T15:56:07","date_gmt":"2020-04-29T13:56:07","guid":{"rendered":"https:\/\/www.leclanche.com\/a-propos-de-nous\/notre-histoire\/"},"modified":"2024-03-26T15:24:52","modified_gmt":"2024-03-26T14:24:52","slug":"notre-histoire","status":"publish","type":"page","link":"https:\/\/www.leclanche.com\/fr\/a-propos-de-nous\/notre-histoire\/","title":{"rendered":"Notre histoire"},"content":{"rendered":"<p><strong>Histoire de la soci\u00e9t\u00e9<\/strong><\/p>\n<table class=\"table-history\">\n<tbody>\n<tr>\n<td width=\"106\">2022<\/td>\n<td>Leclanch\u00e9 r\u00e9alise une perc\u00e9e significative dans la s\u00e9curit\u00e9 de sa technologie de batterie lithium-ion sans compromettre la performance des cellules.<\/td>\n<\/tr>\n<tr>\n<td width=\"106\">2022<\/td>\n<td>Leclanch\u00e9 annonce le d\u00e9veloppement d&rsquo;un syst\u00e8me de batterie marine de troisi\u00e8me g\u00e9n\u00e9ration pour l&rsquo;\u00e9lectrification d&rsquo;une large gamme de navires<\/td>\n<\/tr>\n<tr>\n<td width=\"106\">2022<\/td>\n<td>Olmatic choisit Leclanch\u00e9 pour fournir un syst\u00e8me de stockage par batterie LeBlock de 11,9 MWh pour le parc solaire de Sembach en Allemagne.<\/td>\n<\/tr>\n<tr>\n<td width=\"106\">2022<\/td>\n<td>Leclanch\u00e9 obtient de nouvelles certifications de DNV et Lloyd&rsquo;s Register pour son syst\u00e8me innovant de stockage en batterie pour les navires marins 100% \u00e9lectriques et hybrides.<\/td>\n<\/tr>\n<tr>\n<td width=\"106\">2022<\/td>\n<td>Leclanch\u00e9 \u00e9quipe le MS Jungfrau, le premier bateau hybride sur le lac de Brienz, en Suisse<\/td>\n<\/tr>\n<tr>\n<td width=\"106\">2021<\/td>\n<td>Leclanch\u00e9 ach\u00e8ve son deuxi\u00e8me syst\u00e8me de stockage d&rsquo;\u00e9nergie hybride avec S4 Energy<\/td>\n<\/tr>\n<tr>\n<td width=\"106\">2021<\/td>\n<td>Le Yara Birkeland, premier navire porte-conteneurs \u00e9lectronique 100% \u00e9lectrique et autonome au monde, enti\u00e8rement aliment\u00e9 par un syst\u00e8me de batteries Leclanch\u00e9, se pr\u00e9pare \u00e0 l&rsquo;exploitation commerciale.<\/td>\n<\/tr>\n<tr>\n<td width=\"106\">2021<\/td>\n<td>Leclanch\u00e9 \u00e9tend sa solution d&rsquo;\u00e9lectrification marine aux chargeurs rapides pour les ports et les navires avec Damen Shipyards comme premier adoptant.<\/td>\n<\/tr>\n<tr>\n<td width=\"106\">2021<\/td>\n<td>Leclanch\u00e9 introduit une nouvelle g\u00e9n\u00e9ration de modules de batteries lithium-ion pour les v\u00e9hicules de transport \u00e9lectronique et les navires et d\u00e9voile une ligne europ\u00e9enne de production de modules \u00e0 haut volume.<\/td>\n<\/tr>\n<tr>\n<td width=\"106\">2021<\/td>\n<td>Leclanch\u00e9 lance \u00ab\u00a0LeBlock\u00a0\u00bb, une solution enti\u00e8rement modulaire et \u00e9volutive con\u00e7ue pour r\u00e9duire le co\u00fbt total de possession.<\/td>\n<\/tr>\n<tr>\n<td width=\"106\">2021<\/td>\n<td>Leclanch\u00e9 d\u00e9veloppe une cellule lithium-ion haute \u00e9nergie de 65 Ah id\u00e9ale pour les applications de bus et camions \u00e9lectriques et hybrides<\/td>\n<\/tr>\n<tr>\n<td width=\"106\">2021<\/td>\n<td>Leclanch\u00e9 a \u00e9t\u00e9 s\u00e9lectionn\u00e9 par la soci\u00e9t\u00e9 slovaque ENERGODATA pour fournir un syst\u00e8me de stockage par batterie pour une nouvelle application dans la centrale \u00e9lectrique \u00e0 gaz de Veolia \u00e0 Levice.<\/td>\n<\/tr>\n<tr>\n<td width=\"106\">2021<\/td>\n<td>Leclanch\u00e9 pr\u00e9sente l&rsquo;INT-39, un syst\u00e8me de batterie modulaire tout-en-un \u00e0 haute \u00e9nergie destin\u00e9 \u00e0 \u00eatre utilis\u00e9 dans une large gamme de camions et de bus hybrides et enti\u00e8rement \u00e9lectriques.<\/td>\n<\/tr>\n<tr>\n<td width=\"106\">2020<\/td>\n<td>L&rsquo;E-ferry Ellen, aliment\u00e9 par un syst\u00e8me de stockage par batterie Leclanch\u00e9, remporte le Prix solaire europ\u00e9en 2020 pour avoir d\u00e9montr\u00e9 le potentiel de la mobilit\u00e9 \u00e9lectrique verte.<\/td>\n<\/tr>\n<tr>\n<td width=\"106\">2020<\/td>\n<td>Les r\u00e9sultats des performances des cellules 60 Ah de Leclanch\u00e9 valident leur utilisation dans les applications automobiles de charge rapide et de longue port\u00e9e.<\/td>\n<\/tr>\n<tr>\n<td width=\"106\">2020<\/td>\n<td>Leclanch\u00e9 et S4 Energy r\u00e9alisent un projet de stockage d&rsquo;\u00e9nergie hybride pour desservir le march\u00e9 n\u00e9erlandais des r\u00e9serves de confinement de fr\u00e9quence<\/td>\n<\/tr>\n<tr>\n<td width=\"106\">2020<\/td>\n<td>Leclanch\u00e9 obtient la certification IRIS (International Railway Industry Standard)<\/td>\n<\/tr>\n<tr>\n<td width=\"106\">2019<\/td>\n<td>Leclanch\u00e9 SA est s\u00e9lectionn\u00e9 par Bombardier Transportation comme fournisseur mondial privil\u00e9gi\u00e9 de syst\u00e8mes de batteries pour le transport ferroviaire<\/td>\n<\/tr>\n<tr>\n<td width=\"106\">2019<\/td>\n<td>Leclanch\u00e9 \u00e9quipe le plus grand ferry \u00e9lectrique du monde qui relie les ports de S\u00f8by et de Fynshav, sur les \u00eeles d&rsquo;Aer\u00f8 et d&rsquo;Als, dans le sud du Danemark, et transporte environ 30 v\u00e9hicules et 200 passagers.<\/td>\n<\/tr>\n<tr>\n<td width=\"106\">2019<\/td>\n<td>En collaboration avec le gouvernement de Saint-Kitts-et-Nevis et l&rsquo;entreprise publique St. Kitts Electric Company (SKELEC), Leclanch\u00e9 annonce le plus grand projet de production solaire et de stockage d&rsquo;\u00e9nergie jamais construit dans les Cara\u00efbes.<\/td>\n<\/tr>\n<tr>\n<td width=\"106\">2019<\/td>\n<td>Leclanch\u00e9 mandate Comau un leader mondial dans le domaine des \u00e9quipements et des solutions pour l\u2019automatisation industrielle construire l\u2019une des premi\u00e8res lignes de fabrication automatis\u00e9es au monde de modules de batterie lithium-ion pour des applications li\u00e9es au transport.<\/td>\n<\/tr>\n<tr>\n<td width=\"106\">2018<\/td>\n<td>Joint-venture avec Exide Industries, le plus grand fabricant indien de batteries.<\/td>\n<\/tr>\n<tr>\n<td width=\"106\">2018<\/td>\n<td>Acquisition de la suite logicielle Energy Management System (EMS) d\u2019Integrated Dynamics Inc.<\/td>\n<\/tr>\n<tr>\n<td width=\"106\">2018<\/td>\n<td>Leclanch\u00e9 atteint la barre des 100\u00a0MWh de projets de stockage stationnaire dans le monde.<\/td>\n<\/tr>\n<tr>\n<td width=\"106\">2018<\/td>\n<td>Leclanch\u00e9 est d\u00e9sign\u00e9 \u00ab\u00a0Energy Solutions Provider of the Year 2018\u00a0\u00bb par la Global Solar + Energy Storage Congress &amp; Expo 2018.<\/td>\n<\/tr>\n<tr>\n<td width=\"106\">2017<\/td>\n<td>Leclanch\u00e9 devient une soci\u00e9t\u00e9 de solutions de stockage d&rsquo;\u00e9nergie enti\u00e8rement int\u00e9gr\u00e9e verticalement.<\/td>\n<\/tr>\n<tr>\n<td width=\"106\">2015<\/td>\n<td>Acc\u00e9l\u00e9ration de la production de graphite\/NMC.<\/td>\n<\/tr>\n<tr>\n<td width=\"106\">2014<\/td>\n<td>D\u00e9but de la production de lithium graphite\/NMC.<\/td>\n<\/tr>\n<tr>\n<td width=\"106\">2014<\/td>\n<td>Production compl\u00e8te de cellules lithium-titanate. Mise en \u0153uvre des premiers projets.<\/td>\n<\/tr>\n<tr>\n<td width=\"106\">2013<\/td>\n<td>Acc\u00e9l\u00e9ration de la production enti\u00e8rement automatis\u00e9e de cellules lithium-ion.<\/td>\n<\/tr>\n<tr>\n<td width=\"106\">2012<\/td>\n<td>Leclanch\u00e9 installe une usine de production d&rsquo;une capacit\u00e9 d&rsquo;un\u00a0million de cellules. D\u00e9but de la livraison de modules de stockage d&rsquo;\u00e9nergie destin\u00e9s \u00e0 des centrales solaires et \u00e9oliennes pilotes et \u00e0 des fournisseurs d&rsquo;\u00e9nergie.<\/td>\n<\/tr>\n<tr>\n<td width=\"106\">2011<\/td>\n<td>Leclanch\u00e9 lance la construction de sa nouvelle usine de production \u00e0 Willst\u00e4tt, en Allemagne. La soci\u00e9t\u00e9 introduit la production d&rsquo;\u00e9lectrodes \u00e0 base d&rsquo;eau et construit les premiers modules de stockage d&rsquo;\u00e9nergie pour \u00e9nergies renouvelables.<\/td>\n<\/tr>\n<tr>\n<td width=\"106\">2009<\/td>\n<td>Leclanch\u00e9 installe une ligne pilote enti\u00e8rement automatis\u00e9e \u00e0 Willst\u00e4tt (Allemagne) pour la production de cellules grand format.<\/td>\n<\/tr>\n<tr>\n<td width=\"106\">2009<\/td>\n<td>Leclanch\u00e9 f\u00eate son 100e anniversaire. Augmentation des capacit\u00e9s de production \u00e0 Willst\u00e4tt, en Allemagne.<\/td>\n<\/tr>\n<tr>\n<td width=\"106\">2008<\/td>\n<td>Leclanch\u00e9 quitte son site historique pour un site de production moderne \u00e0 Yverdon-les-Bains, en Suisse.<\/td>\n<\/tr>\n<tr>\n<td width=\"106\">2006<\/td>\n<td>Acquisition de la soci\u00e9t\u00e9 Bullith AG (renomm\u00e9e Leclanch\u00e9 Lithium GmbH), d\u00e9riv\u00e9e du Fraunhofer Institute for Silicon Technology, qui produit des batteries lithium-ion. D\u00e9veloppement du s\u00e9parateur Leclanch\u00e9 et \u00e9tablissement du site de Willst\u00e4tt en Allemagne.<\/td>\n<\/tr>\n<tr>\n<td width=\"106\">2002<\/td>\n<td>R\u00e9orientation de Leclanch\u00e9 SA, qui se recentre sur son expertise en int\u00e9gration et sur les technologies du futur.<\/td>\n<\/tr>\n<tr>\n<td width=\"106\">1997<\/td>\n<td>Diversification gr\u00e2ce \u00e0 la fondation de CN Serpentine, soci\u00e9t\u00e9 charg\u00e9e de d\u00e9velopper des syst\u00e8mes de transport urbain hybrides bas\u00e9s sur le concept de magn\u00e9toglisseur.<\/td>\n<\/tr>\n<tr>\n<td width=\"106\">1987<\/td>\n<td>D\u00e9marrage de la production de batteries \u00e9tanches au plomb-acide, sous licence de Chloride, en Angleterre.<\/td>\n<\/tr>\n<tr>\n<td width=\"106\">1971<\/td>\n<td>Construction d&rsquo;une nouvelle usine de production de batteries industrielles.<\/td>\n<\/tr>\n<tr>\n<td width=\"106\">1964<\/td>\n<td>Leclanch\u00e9 lance une gamme de piles boutons au mercure.<\/td>\n<\/tr>\n<tr>\n<td width=\"106\">1952<\/td>\n<td>D\u00e9marrage de la production d&rsquo;\u00e9l\u00e9ments plats en compl\u00e9ment des lignes de produits de batteries.<\/td>\n<\/tr>\n<tr>\n<td width=\"106\">1950<\/td>\n<td>D\u00e9marrage de la production des batteries au plomb-acide \u00ab\u00a0Leclanch\u00e9 Dynamic\u00a0\u00bb.<\/td>\n<\/tr>\n<tr>\n<td width=\"106\">1949<\/td>\n<td>D\u00e9marrage de la production des condensateurs impr\u00e9gn\u00e9s d&rsquo;huile.<\/td>\n<\/tr>\n<tr>\n<td width=\"106\">1942<\/td>\n<td>Leclanch\u00e9 lance un programme complet de recyclage des cellules et batteries usag\u00e9es.<\/td>\n<\/tr>\n<tr>\n<td width=\"106\">1935<\/td>\n<td>Partenariat avec la soci\u00e9t\u00e9 fran\u00e7aise SAFT pour produire des batteries fer-nickel et cadmium-nickel.<\/td>\n<\/tr>\n<tr>\n<td width=\"106\">1933<\/td>\n<td>Partenariat avec la soci\u00e9t\u00e9 fran\u00e7aise Fulmen S.A. pour produire des batteries au plomb-acide.<\/td>\n<\/tr>\n<tr>\n<td width=\"106\">1922<\/td>\n<td>Acquisition de l&rsquo;usine de batteries Sonceboz.<\/td>\n<\/tr>\n<tr>\n<td width=\"106\">1919<\/td>\n<td>D\u00e9marrage de la production de condensateurs en papier selon les exigences de l&rsquo;Administration f\u00e9d\u00e9rale t\u00e9l\u00e9phonique suisse.<\/td>\n<\/tr>\n<tr>\n<td width=\"106\">1918<\/td>\n<td>Installation d&rsquo;un laboratoire d&rsquo;essai et de d\u00e9veloppement.<\/td>\n<\/tr>\n<tr>\n<td width=\"106\">1913<\/td>\n<td>D\u00e9marrage de la production de batteries pour lampes torches.<\/td>\n<\/tr>\n<tr>\n<td width=\"106\">1912<\/td>\n<td>Acquisition de Fabrique de piles de Fleurier.<\/td>\n<\/tr>\n<tr>\n<td width=\"106\">1909<\/td>\n<td>Leclanch\u00e9 S.A. est fond\u00e9e \u00e0 Yverdon-les-Bains, en Suisse, pour produire des piles s\u00e8ches.<\/td>\n<\/tr>\n<\/tbody>\n<\/table>\n","protected":false},"excerpt":{"rendered":"<p>Histoire de la soci\u00e9t\u00e9 2022 Leclanch\u00e9 r\u00e9alise une perc\u00e9e significative dans la s\u00e9curit\u00e9 de sa technologie de batterie lithium-ion sans compromettre la performance des cellules. 2022 Leclanch\u00e9 annonce le d\u00e9veloppement d&rsquo;un syst\u00e8me de batterie marine de troisi\u00e8me g\u00e9n\u00e9ration pour l&rsquo;\u00e9lectrification d&rsquo;une large gamme de navires 2022 Olmatic choisit Leclanch\u00e9 pour fournir un syst\u00e8me de stockage [&hellip;]<\/p>\n","protected":false},"author":1,"featured_media":0,"parent":9981,"menu_order":0,"comment_status":"closed","ping_status":"closed","template":"","meta":{"footnotes":""},"class_list":["post-9988","page","type-page","status-publish","hentry"],"yoast_head":"<!-- This site is optimized with the Yoast SEO plugin v26.4 - https:\/\/yoast.com\/wordpress\/plugins\/seo\/ -->\n<title>Notre histoire - Leclanch\u00e9<\/title>\n<meta name=\"description\" content=\"Leclanch\u00e9 SA est leader mondial de solutions de stockage de l\u2019\u00e9nergie de haute qualit\u00e9 bas\u00e9es sur les technologies des cellules lithium-ion, con\u00e7ues pour acc\u00e9l\u00e9rer sa progression vers un avenir \u00e9nerg\u00e9tique plus propre. Leclanch\u00e9 est le seul pure player du stockage de l&#039;\u00e9nergie au monde \u00e0 \u00eatre cot\u00e9 en bourse, \u00e0 la Bourse suisse.\" \/>\n<meta name=\"robots\" content=\"index, follow, max-snippet:-1, max-image-preview:large, max-video-preview:-1\" \/>\n<link rel=\"canonical\" href=\"https:\/\/www.leclanche.com\/fr\/a-propos-de-nous\/notre-histoire\/\" \/>\n<meta property=\"og:locale\" content=\"fr_FR\" \/>\n<meta property=\"og:type\" content=\"article\" \/>\n<meta property=\"og:title\" content=\"Notre histoire - Leclanch\u00e9\" \/>\n<meta property=\"og:description\" content=\"Leclanch\u00e9 SA est leader mondial de solutions de stockage de l\u2019\u00e9nergie de haute qualit\u00e9 bas\u00e9es sur les technologies des cellules lithium-ion, con\u00e7ues pour acc\u00e9l\u00e9rer sa progression vers un avenir \u00e9nerg\u00e9tique plus propre. Leclanch\u00e9 est le seul pure player du stockage de l&#039;\u00e9nergie au monde \u00e0 \u00eatre cot\u00e9 en bourse, \u00e0 la Bourse suisse.\" \/>\n<meta property=\"og:url\" content=\"https:\/\/www.leclanche.com\/fr\/a-propos-de-nous\/notre-histoire\/\" \/>\n<meta property=\"og:site_name\" content=\"Leclanch\u00e9\" \/>\n<meta property=\"article:modified_time\" content=\"2024-03-26T14:24:52+00:00\" \/>\n<meta name=\"twitter:card\" content=\"summary_large_image\" \/>\n<meta name=\"twitter:label1\" content=\"Dur\u00e9e de lecture estim\u00e9e\" \/>\n\t<meta name=\"twitter:data1\" content=\"5 minutes\" \/>\n<script type=\"application\/ld+json\" class=\"yoast-schema-graph\">{\"@context\":\"https:\/\/schema.org\",\"@graph\":[{\"@type\":\"WebPage\",\"@id\":\"https:\/\/www.leclanche.com\/fr\/a-propos-de-nous\/notre-histoire\/\",\"url\":\"https:\/\/www.leclanche.com\/fr\/a-propos-de-nous\/notre-histoire\/\",\"name\":\"Notre histoire - Leclanch\u00e9\",\"isPartOf\":{\"@id\":\"https:\/\/www.leclanche.com\/fr\/#website\"},\"datePublished\":\"2020-04-29T13:56:07+00:00\",\"dateModified\":\"2024-03-26T14:24:52+00:00\",\"description\":\"Leclanch\u00e9 SA est leader mondial de solutions de stockage de l\u2019\u00e9nergie de haute qualit\u00e9 bas\u00e9es sur les technologies des cellules lithium-ion, con\u00e7ues pour acc\u00e9l\u00e9rer sa progression vers un avenir \u00e9nerg\u00e9tique plus propre. Leclanch\u00e9 est le seul pure player du stockage de l'\u00e9nergie au monde \u00e0 \u00eatre cot\u00e9 en bourse, \u00e0 la Bourse suisse.\",\"breadcrumb\":{\"@id\":\"https:\/\/www.leclanche.com\/fr\/a-propos-de-nous\/notre-histoire\/#breadcrumb\"},\"inLanguage\":\"fr-FR\",\"potentialAction\":[{\"@type\":\"ReadAction\",\"target\":[\"https:\/\/www.leclanche.com\/fr\/a-propos-de-nous\/notre-histoire\/\"]}]},{\"@type\":\"BreadcrumbList\",\"@id\":\"https:\/\/www.leclanche.com\/fr\/a-propos-de-nous\/notre-histoire\/#breadcrumb\",\"itemListElement\":[{\"@type\":\"ListItem\",\"position\":1,\"name\":\"Accueil\",\"item\":\"https:\/\/www.leclanche.com\/fr\/\"},{\"@type\":\"ListItem\",\"position\":2,\"name\":\"\u00c0 propos de nous\",\"item\":\"https:\/\/www.leclanche.com\/fr\/a-propos-de-nous\/\"},{\"@type\":\"ListItem\",\"position\":3,\"name\":\"Notre histoire\"}]},{\"@type\":\"WebSite\",\"@id\":\"https:\/\/www.leclanche.com\/fr\/#website\",\"url\":\"https:\/\/www.leclanche.com\/fr\/\",\"name\":\"Leclanch\u00e9\",\"description\":\"Energy Storage Solutions\",\"potentialAction\":[{\"@type\":\"SearchAction\",\"target\":{\"@type\":\"EntryPoint\",\"urlTemplate\":\"https:\/\/www.leclanche.com\/fr\/?s={search_term_string}\"},\"query-input\":{\"@type\":\"PropertyValueSpecification\",\"valueRequired\":true,\"valueName\":\"search_term_string\"}}],\"inLanguage\":\"fr-FR\"}]}<\/script>\n<!-- \/ Yoast SEO plugin. -->","yoast_head_json":{"title":"Notre histoire - Leclanch\u00e9","description":"Leclanch\u00e9 SA est leader mondial de solutions de stockage de l\u2019\u00e9nergie de haute qualit\u00e9 bas\u00e9es sur les technologies des cellules lithium-ion, con\u00e7ues pour acc\u00e9l\u00e9rer sa progression vers un avenir \u00e9nerg\u00e9tique plus propre. Leclanch\u00e9 est le seul pure player du stockage de l'\u00e9nergie au monde \u00e0 \u00eatre cot\u00e9 en bourse, \u00e0 la Bourse suisse.","robots":{"index":"index","follow":"follow","max-snippet":"max-snippet:-1","max-image-preview":"max-image-preview:large","max-video-preview":"max-video-preview:-1"},"canonical":"https:\/\/www.leclanche.com\/fr\/a-propos-de-nous\/notre-histoire\/","og_locale":"fr_FR","og_type":"article","og_title":"Notre histoire - Leclanch\u00e9","og_description":"Leclanch\u00e9 SA est leader mondial de solutions de stockage de l\u2019\u00e9nergie de haute qualit\u00e9 bas\u00e9es sur les technologies des cellules lithium-ion, con\u00e7ues pour acc\u00e9l\u00e9rer sa progression vers un avenir \u00e9nerg\u00e9tique plus propre. Leclanch\u00e9 est le seul pure player du stockage de l'\u00e9nergie au monde \u00e0 \u00eatre cot\u00e9 en bourse, \u00e0 la Bourse suisse.","og_url":"https:\/\/www.leclanche.com\/fr\/a-propos-de-nous\/notre-histoire\/","og_site_name":"Leclanch\u00e9","article_modified_time":"2024-03-26T14:24:52+00:00","twitter_card":"summary_large_image","twitter_misc":{"Dur\u00e9e de lecture estim\u00e9e":"5 minutes"},"schema":{"@context":"https:\/\/schema.org","@graph":[{"@type":"WebPage","@id":"https:\/\/www.leclanche.com\/fr\/a-propos-de-nous\/notre-histoire\/","url":"https:\/\/www.leclanche.com\/fr\/a-propos-de-nous\/notre-histoire\/","name":"Notre histoire - Leclanch\u00e9","isPartOf":{"@id":"https:\/\/www.leclanche.com\/fr\/#website"},"datePublished":"2020-04-29T13:56:07+00:00","dateModified":"2024-03-26T14:24:52+00:00","description":"Leclanch\u00e9 SA est leader mondial de solutions de stockage de l\u2019\u00e9nergie de haute qualit\u00e9 bas\u00e9es sur les technologies des cellules lithium-ion, con\u00e7ues pour acc\u00e9l\u00e9rer sa progression vers un avenir \u00e9nerg\u00e9tique plus propre. Leclanch\u00e9 est le seul pure player du stockage de l'\u00e9nergie au monde \u00e0 \u00eatre cot\u00e9 en bourse, \u00e0 la Bourse suisse.","breadcrumb":{"@id":"https:\/\/www.leclanche.com\/fr\/a-propos-de-nous\/notre-histoire\/#breadcrumb"},"inLanguage":"fr-FR","potentialAction":[{"@type":"ReadAction","target":["https:\/\/www.leclanche.com\/fr\/a-propos-de-nous\/notre-histoire\/"]}]},{"@type":"BreadcrumbList","@id":"https:\/\/www.leclanche.com\/fr\/a-propos-de-nous\/notre-histoire\/#breadcrumb","itemListElement":[{"@type":"ListItem","position":1,"name":"Accueil","item":"https:\/\/www.leclanche.com\/fr\/"},{"@type":"ListItem","position":2,"name":"\u00c0 propos de nous","item":"https:\/\/www.leclanche.com\/fr\/a-propos-de-nous\/"},{"@type":"ListItem","position":3,"name":"Notre histoire"}]},{"@type":"WebSite","@id":"https:\/\/www.leclanche.com\/fr\/#website","url":"https:\/\/www.leclanche.com\/fr\/","name":"Leclanch\u00e9","description":"Energy Storage Solutions","potentialAction":[{"@type":"SearchAction","target":{"@type":"EntryPoint","urlTemplate":"https:\/\/www.leclanche.com\/fr\/?s={search_term_string}"},"query-input":{"@type":"PropertyValueSpecification","valueRequired":true,"valueName":"search_term_string"}}],"inLanguage":"fr-FR"}]}},"_links":{"self":[{"href":"https:\/\/www.leclanche.com\/fr\/wp-json\/wp\/v2\/pages\/9988","targetHints":{"allow":["GET"]}}],"collection":[{"href":"https:\/\/www.leclanche.com\/fr\/wp-json\/wp\/v2\/pages"}],"about":[{"href":"https:\/\/www.leclanche.com\/fr\/wp-json\/wp\/v2\/types\/page"}],"author":[{"embeddable":true,"href":"https:\/\/www.leclanche.com\/fr\/wp-json\/wp\/v2\/users\/1"}],"replies":[{"embeddable":true,"href":"https:\/\/www.leclanche.com\/fr\/wp-json\/wp\/v2\/comments?post=9988"}],"version-history":[{"count":5,"href":"https:\/\/www.leclanche.com\/fr\/wp-json\/wp\/v2\/pages\/9988\/revisions"}],"predecessor-version":[{"id":13590,"href":"https:\/\/www.leclanche.com\/fr\/wp-json\/wp\/v2\/pages\/9988\/revisions\/13590"}],"up":[{"embeddable":true,"href":"https:\/\/www.leclanche.com\/fr\/wp-json\/wp\/v2\/pages\/9981"}],"wp:attachment":[{"href":"https:\/\/www.leclanche.com\/fr\/wp-json\/wp\/v2\/media?parent=9988"}],"curies":[{"name":"wp","href":"https:\/\/api.w.org\/{rel}","templated":true}]}}