{"id":9989,"date":"2020-04-29T16:17:18","date_gmt":"2020-04-29T14:17:18","guid":{"rendered":"https:\/\/www.leclanche.com\/informations-legales\/"},"modified":"2020-04-29T16:17:18","modified_gmt":"2020-04-29T14:17:18","slug":"informations-legales","status":"publish","type":"page","link":"https:\/\/www.leclanche.com\/fr\/informations-legales\/","title":{"rendered":"Informations l\u00e9gales"},"content":{"rendered":"<h2>1. Contenu de la pr\u00e9sence en ligne<\/h2>\n<p>Leclanch\u00e9 d\u00e9cline toute responsabilit\u00e9 quant \u00e0 la mise \u00e0 jour, l&rsquo;exactitude, l&rsquo;exhaustivit\u00e9 ou la qualit\u00e9 des informations fournies. Toute action en responsabilit\u00e9 men\u00e9e contre Leclanch\u00e9 en lien avec des dommages mat\u00e9riels ou immat\u00e9riels caus\u00e9s par l&rsquo;utilisation ou la non-utilisation des informations pr\u00e9sent\u00e9es, et\/ou par l&rsquo;utilisation d&rsquo;informations incorrectes et incompl\u00e8tes, est exclue dans la mesure o\u00f9 aucune n\u00e9gligence ou faute intentionnelle de Leclanch\u00e9 ne peut \u00eatre d\u00e9montr\u00e9e. Toutes les offres pr\u00e9sent\u00e9es sont sujettes \u00e0 modification sans pr\u00e9avis et n&rsquo;ont aucune force obligatoire.<\/p>\n<p>Leclanch\u00e9 se r\u00e9serve express\u00e9ment le droit de modifier, remanier, supprimer ou interrompre de mani\u00e8re temporaire ou permanente la publication de tout ou partie du site.<\/p>\n<h2>2. Renvois et liens<\/h2>\n<p>Si des liens directs ou indirects m\u00e8nent vers des sites web externes \u00e9chappant \u00e0 la sph\u00e8re de responsabilit\u00e9 de Leclanch\u00e9, une obligation de responsabilit\u00e9 n&rsquo;existe que si Leclanch\u00e9 a connaissance de leur contenu, s&rsquo;il est techniquement possible d&#8217;emp\u00eacher leur utilisation en cas de contenu non conforme \u00e0 la loi et si Leclanch\u00e9 peut raisonnablement \u00eatre tenu d&#8217;emp\u00eacher cette utilisation. Leclanch\u00e9 d\u00e9clare express\u00e9ment qu&rsquo;au moment de la cr\u00e9ation des liens, aucun contenu ill\u00e9gal n&rsquo;\u00e9tait observable sur les sites li\u00e9s. Leclanch\u00e9 n&rsquo;a strictement aucune influence sur la conception actuelle et future, le contenu ou la direction \u00e9ditoriale des sites en lien. Leclanch\u00e9 se dissocie donc express\u00e9ment d&rsquo;\u00e9ventuelles modifications du contenu pr\u00e9sent sur les sites en lien r\u00e9alis\u00e9es depuis la cr\u00e9ation des liens. Cette d\u00e9claration vaut pour l&rsquo;ensemble des liens et renvois entrant dans le cadre de cette pr\u00e9sence en ligne, ainsi que pour toute saisie dans un quelconque livre d&rsquo;or, forum de discussion et liste de diffusion \u00e9tablis par Leclanch\u00e9. Seul le fournisseur de la page vers laquelle dirige le lien, et non la personne qui se contente de renvoyer vers ces informations \u00e0 l&rsquo;aide de liens, est responsable de tout contenu ill\u00e9gal, incorrect ou incomplet, et surtout des dommages r\u00e9sultant de l&rsquo;utilisation ou de la non-utilisation de ces informations.<\/p>\n<h2>3. Protection des donn\u00e9es<\/h2>\n<p>Leclanch\u00e9 prend tr\u00e8s au s\u00e9rieux la protection de vos droits personnels. Les donn\u00e9es soumises \u00e0 Leclanch\u00e9 sont enregistr\u00e9es, trait\u00e9es et utilis\u00e9es en conformit\u00e9 avec les dispositions r\u00e9glementaires en vigueur. Selon la d\u00e9finition de la loi f\u00e9d\u00e9rale allemande sur la protection des donn\u00e9es (BDSG), les donn\u00e9es \u00e0 caract\u00e8re personnel sont les donn\u00e9es personnelles et objectives se rapportant \u00e0 une personne physique identifi\u00e9e ou identifiable. Outre le nom, l&rsquo;adresse, la date de naissance, la profession et les informations bancaires de la personne, cela peut inclure certaines donn\u00e9es sp\u00e9cifiques comme le salaire ou les informations m\u00e9dicales. Toutes ces donn\u00e9es font l&rsquo;objet d&rsquo;un m\u00e9canisme de protection sp\u00e9cial \u00e9tabli par la BDSG et dont l&rsquo;application est garantie par Leclanch\u00e9 via des mesures techniques et administratives. Les donn\u00e9es sont enregistr\u00e9es sur des ordinateurs \u00e9quip\u00e9s d&rsquo;une protection sp\u00e9ciale. Les donn\u00e9es sont lues et trait\u00e9es uniquement pour le but dans lequel l&rsquo;utilisateur les a communiqu\u00e9es \u00e0 Leclanch\u00e9. Conform\u00e9ment aux \u00a7 34 et \u00a7 6b de la BDSG, les utilisateurs b\u00e9n\u00e9ficient d&rsquo;un droit de consultation gratuite de leurs donn\u00e9es personnelles stock\u00e9es par Leclanch\u00e9. Conform\u00e9ment au \u00a7 35 de la BDSG, ils disposent \u00e9galement d&rsquo;un droit de suppression ou de blocage des donn\u00e9es non autoris\u00e9es ou de correction des donn\u00e9es inexactes. Si l&rsquo;un de ces cas se produit, les utilisateurs doivent contacter directement Leclanch\u00e9. Si les utilisateurs ont la possibilit\u00e9 de communiquer leurs donn\u00e9es commerciales ou personnelles sur Internet (adresse e-mail, nom, adresse), cette d\u00e9marche doit \u00eatre strictement volontaire. Dans la mesure o\u00f9 cela s&rsquo;av\u00e8re techniquement possible et raisonnable, l&rsquo;utilisation et le paiement de tous les services propos\u00e9s sont autoris\u00e9s m\u00eame si ces donn\u00e9es ne sont pas communiqu\u00e9es ou en cas d&rsquo;utilisation de donn\u00e9es anonymis\u00e9es ou de pseudonymes. Cette d\u00e9claration de protection des donn\u00e9es s&rsquo;applique uniquement \u00e0 ce site web et non aux sites web auxquels il est reli\u00e9.<\/p>\n<h2>4. Efficacit\u00e9 juridique de cette clause d&rsquo;exclusion de responsabilit\u00e9<\/h2>\n<p>Cette clause d&rsquo;exclusion de responsabilit\u00e9 doit \u00eatre consid\u00e9r\u00e9e comme faisant partie de la pr\u00e9sence en ligne depuis laquelle un renvoi vers cette page a \u00e9t\u00e9 propos\u00e9. Si des parties ou des formulations individuelles de ce texte ne correspondent pas, plus ou pas compl\u00e8tement \u00e0 la situation juridique applicable, cela n&rsquo;affecte aucunement le contenu ou la validit\u00e9 des autres parties de ce document.<\/p>\n<h2>5. D\u00e9clarations prospectives<\/h2>\n<p>Ce site web peut contenir des d\u00e9clarations prospectives. Celles-ci sont sujettes \u00e0 divers risques connus et inconnus, incertitudes et autres facteurs scientifiques, sociaux, \u00e9conomiques et financiers pouvant faire que les r\u00e9sultats, la situation financi\u00e8re, le d\u00e9veloppement ou les performances r\u00e9els de la soci\u00e9t\u00e9 seront nettement diff\u00e9rents de ceux exprim\u00e9s ou sugg\u00e9r\u00e9s dans ces d\u00e9clarations.<\/p>\n","protected":false},"excerpt":{"rendered":"<p>1. Contenu de la pr\u00e9sence en ligne Leclanch\u00e9 d\u00e9cline toute responsabilit\u00e9 quant \u00e0 la mise \u00e0 jour, l&rsquo;exactitude, l&rsquo;exhaustivit\u00e9 ou la qualit\u00e9 des informations fournies. Toute action en responsabilit\u00e9 men\u00e9e contre Leclanch\u00e9 en lien avec des dommages mat\u00e9riels ou immat\u00e9riels caus\u00e9s par l&rsquo;utilisation ou la non-utilisation des informations pr\u00e9sent\u00e9es, et\/ou par l&rsquo;utilisation d&rsquo;informations incorrectes et [&hellip;]<\/p>\n","protected":false},"author":1,"featured_media":0,"parent":0,"menu_order":0,"comment_status":"closed","ping_status":"closed","template":"","meta":{"footnotes":""},"class_list":["post-9989","page","type-page","status-publish","hentry"],"yoast_head":"<!-- This site is optimized with the Yoast SEO plugin v26.4 - https:\/\/yoast.com\/wordpress\/plugins\/seo\/ -->\n<title>Informations l\u00e9gales - Leclanch\u00e9<\/title>\n<meta name=\"description\" content=\"Mentions l\u00e9gales\" \/>\n<meta name=\"robots\" content=\"index, follow, max-snippet:-1, max-image-preview:large, max-video-preview:-1\" \/>\n<link rel=\"canonical\" href=\"https:\/\/www.leclanche.com\/fr\/informations-legales\/\" \/>\n<meta property=\"og:locale\" content=\"fr_FR\" \/>\n<meta property=\"og:type\" content=\"article\" \/>\n<meta property=\"og:title\" content=\"Informations l\u00e9gales - Leclanch\u00e9\" \/>\n<meta property=\"og:description\" content=\"Mentions l\u00e9gales\" \/>\n<meta property=\"og:url\" content=\"https:\/\/www.leclanche.com\/fr\/informations-legales\/\" \/>\n<meta property=\"og:site_name\" content=\"Leclanch\u00e9\" \/>\n<meta name=\"twitter:card\" content=\"summary_large_image\" \/>\n<meta name=\"twitter:label1\" content=\"Dur\u00e9e de lecture estim\u00e9e\" \/>\n\t<meta name=\"twitter:data1\" content=\"4 minutes\" \/>\n<script type=\"application\/ld+json\" class=\"yoast-schema-graph\">{\"@context\":\"https:\/\/schema.org\",\"@graph\":[{\"@type\":\"WebPage\",\"@id\":\"https:\/\/www.leclanche.com\/fr\/informations-legales\/\",\"url\":\"https:\/\/www.leclanche.com\/fr\/informations-legales\/\",\"name\":\"Informations l\u00e9gales - Leclanch\u00e9\",\"isPartOf\":{\"@id\":\"https:\/\/www.leclanche.com\/fr\/#website\"},\"datePublished\":\"2020-04-29T14:17:18+00:00\",\"description\":\"Mentions l\u00e9gales\",\"breadcrumb\":{\"@id\":\"https:\/\/www.leclanche.com\/fr\/informations-legales\/#breadcrumb\"},\"inLanguage\":\"fr-FR\",\"potentialAction\":[{\"@type\":\"ReadAction\",\"target\":[\"https:\/\/www.leclanche.com\/fr\/informations-legales\/\"]}]},{\"@type\":\"BreadcrumbList\",\"@id\":\"https:\/\/www.leclanche.com\/fr\/informations-legales\/#breadcrumb\",\"itemListElement\":[{\"@type\":\"ListItem\",\"position\":1,\"name\":\"Accueil\",\"item\":\"https:\/\/www.leclanche.com\/fr\/\"},{\"@type\":\"ListItem\",\"position\":2,\"name\":\"Informations l\u00e9gales\"}]},{\"@type\":\"WebSite\",\"@id\":\"https:\/\/www.leclanche.com\/fr\/#website\",\"url\":\"https:\/\/www.leclanche.com\/fr\/\",\"name\":\"Leclanch\u00e9\",\"description\":\"Energy Storage Solutions\",\"potentialAction\":[{\"@type\":\"SearchAction\",\"target\":{\"@type\":\"EntryPoint\",\"urlTemplate\":\"https:\/\/www.leclanche.com\/fr\/?s={search_term_string}\"},\"query-input\":{\"@type\":\"PropertyValueSpecification\",\"valueRequired\":true,\"valueName\":\"search_term_string\"}}],\"inLanguage\":\"fr-FR\"}]}<\/script>\n<!-- \/ Yoast SEO plugin. -->","yoast_head_json":{"title":"Informations l\u00e9gales - Leclanch\u00e9","description":"Mentions l\u00e9gales","robots":{"index":"index","follow":"follow","max-snippet":"max-snippet:-1","max-image-preview":"max-image-preview:large","max-video-preview":"max-video-preview:-1"},"canonical":"https:\/\/www.leclanche.com\/fr\/informations-legales\/","og_locale":"fr_FR","og_type":"article","og_title":"Informations l\u00e9gales - Leclanch\u00e9","og_description":"Mentions l\u00e9gales","og_url":"https:\/\/www.leclanche.com\/fr\/informations-legales\/","og_site_name":"Leclanch\u00e9","twitter_card":"summary_large_image","twitter_misc":{"Dur\u00e9e de lecture estim\u00e9e":"4 minutes"},"schema":{"@context":"https:\/\/schema.org","@graph":[{"@type":"WebPage","@id":"https:\/\/www.leclanche.com\/fr\/informations-legales\/","url":"https:\/\/www.leclanche.com\/fr\/informations-legales\/","name":"Informations l\u00e9gales - Leclanch\u00e9","isPartOf":{"@id":"https:\/\/www.leclanche.com\/fr\/#website"},"datePublished":"2020-04-29T14:17:18+00:00","description":"Mentions l\u00e9gales","breadcrumb":{"@id":"https:\/\/www.leclanche.com\/fr\/informations-legales\/#breadcrumb"},"inLanguage":"fr-FR","potentialAction":[{"@type":"ReadAction","target":["https:\/\/www.leclanche.com\/fr\/informations-legales\/"]}]},{"@type":"BreadcrumbList","@id":"https:\/\/www.leclanche.com\/fr\/informations-legales\/#breadcrumb","itemListElement":[{"@type":"ListItem","position":1,"name":"Accueil","item":"https:\/\/www.leclanche.com\/fr\/"},{"@type":"ListItem","position":2,"name":"Informations l\u00e9gales"}]},{"@type":"WebSite","@id":"https:\/\/www.leclanche.com\/fr\/#website","url":"https:\/\/www.leclanche.com\/fr\/","name":"Leclanch\u00e9","description":"Energy Storage Solutions","potentialAction":[{"@type":"SearchAction","target":{"@type":"EntryPoint","urlTemplate":"https:\/\/www.leclanche.com\/fr\/?s={search_term_string}"},"query-input":{"@type":"PropertyValueSpecification","valueRequired":true,"valueName":"search_term_string"}}],"inLanguage":"fr-FR"}]}},"_links":{"self":[{"href":"https:\/\/www.leclanche.com\/fr\/wp-json\/wp\/v2\/pages\/9989","targetHints":{"allow":["GET"]}}],"collection":[{"href":"https:\/\/www.leclanche.com\/fr\/wp-json\/wp\/v2\/pages"}],"about":[{"href":"https:\/\/www.leclanche.com\/fr\/wp-json\/wp\/v2\/types\/page"}],"author":[{"embeddable":true,"href":"https:\/\/www.leclanche.com\/fr\/wp-json\/wp\/v2\/users\/1"}],"replies":[{"embeddable":true,"href":"https:\/\/www.leclanche.com\/fr\/wp-json\/wp\/v2\/comments?post=9989"}],"version-history":[{"count":0,"href":"https:\/\/www.leclanche.com\/fr\/wp-json\/wp\/v2\/pages\/9989\/revisions"}],"wp:attachment":[{"href":"https:\/\/www.leclanche.com\/fr\/wp-json\/wp\/v2\/media?parent=9989"}],"curies":[{"name":"wp","href":"https:\/\/api.w.org\/{rel}","templated":true}]}}