{"id":9990,"date":"2020-04-29T16:19:08","date_gmt":"2020-04-29T14:19:08","guid":{"rendered":"https:\/\/www.leclanche.com\/avis\/"},"modified":"2020-04-29T16:19:08","modified_gmt":"2020-04-29T14:19:08","slug":"avis","status":"publish","type":"page","link":"https:\/\/www.leclanche.com\/fr\/avis\/","title":{"rendered":"Avis"},"content":{"rendered":"<p>Leclanch\u00e9 SA<br \/>\nAvenue des Sports 42<br \/>\n1400 Yverdon-les-Bains<br \/>\nT\u00e9l\u00a0: +41 (24) 424 65-00<br \/>\nFax\u00a0: +41 (24) 424 65-20<br \/>\nE-mail\u00a0:\u00a0<a href=\"mailto:webmaster@leclanche.ch\">webmaster@leclanche.ch<\/a><\/p>\n<p>Registre du Commerce\u00a0: Canton de Vaud, Suisse<br \/>\nNum\u00e9ro de registre du commerce\u00a0: CH-550-0085092-7<br \/>\nIDE\u00a0: CHE-105.950.820<\/p>\n<p>Malgr\u00e9 notre vigilance, nous d\u00e9clinons toute responsabilit\u00e9 quant au contenu des liens externes. La responsabilit\u00e9 du contenu des sites web propos\u00e9s en lien incombe exclusivement \u00e0 l&rsquo;op\u00e9rateur de ces sites. L&rsquo;ensemble des photos, textes et donn\u00e9es graphiques et vid\u00e9o est prot\u00e9g\u00e9 par la l\u00e9gislation sur la propri\u00e9t\u00e9 intellectuelle et ne peut \u00eatre reproduit ou publi\u00e9, m\u00eame sous forme d&rsquo;extraits, sans autorisation \u00e9crite. Tous les logos de Leclanch\u00e9 SA ou de soci\u00e9t\u00e9s tierces affich\u00e9s sur ce site web sont prot\u00e9g\u00e9s (en tant que marques de commerce d\u00e9pos\u00e9es).<\/p>\n<p>Nous d\u00e9clinons toute responsabilit\u00e9 quant \u00e0 l&rsquo;exactitude des donn\u00e9es transf\u00e9r\u00e9es.<\/p>\n","protected":false},"excerpt":{"rendered":"<p>Leclanch\u00e9 SA Avenue des Sports 42 1400 Yverdon-les-Bains T\u00e9l\u00a0: +41 (24) 424 65-00 Fax\u00a0: +41 (24) 424 65-20 E-mail\u00a0:\u00a0webmaster@leclanche.ch Registre du Commerce\u00a0: Canton de Vaud, Suisse Num\u00e9ro de registre du commerce\u00a0: CH-550-0085092-7 IDE\u00a0: CHE-105.950.820 Malgr\u00e9 notre vigilance, nous d\u00e9clinons toute responsabilit\u00e9 quant au contenu des liens externes. La responsabilit\u00e9 du contenu des sites web propos\u00e9s [&hellip;]<\/p>\n","protected":false},"author":1,"featured_media":0,"parent":0,"menu_order":0,"comment_status":"closed","ping_status":"closed","template":"","meta":{"footnotes":""},"class_list":["post-9990","page","type-page","status-publish","hentry"],"yoast_head":"<!-- This site is optimized with the Yoast SEO plugin v26.4 - https:\/\/yoast.com\/wordpress\/plugins\/seo\/ -->\n<title>Avis - Leclanch\u00e9<\/title>\n<meta name=\"description\" content=\"Responsable du contenu de ce site web\u00a0:\" \/>\n<meta name=\"robots\" content=\"index, follow, max-snippet:-1, max-image-preview:large, max-video-preview:-1\" \/>\n<link rel=\"canonical\" href=\"https:\/\/www.leclanche.com\/fr\/avis\/\" \/>\n<meta property=\"og:locale\" content=\"fr_FR\" \/>\n<meta property=\"og:type\" content=\"article\" \/>\n<meta property=\"og:title\" content=\"Avis - Leclanch\u00e9\" \/>\n<meta property=\"og:description\" content=\"Responsable du contenu de ce site web\u00a0:\" \/>\n<meta property=\"og:url\" content=\"https:\/\/www.leclanche.com\/fr\/avis\/\" \/>\n<meta property=\"og:site_name\" content=\"Leclanch\u00e9\" \/>\n<meta name=\"twitter:card\" content=\"summary_large_image\" \/>\n<meta name=\"twitter:label1\" content=\"Dur\u00e9e de lecture estim\u00e9e\" \/>\n\t<meta name=\"twitter:data1\" content=\"1 minute\" \/>\n<script type=\"application\/ld+json\" class=\"yoast-schema-graph\">{\"@context\":\"https:\/\/schema.org\",\"@graph\":[{\"@type\":\"WebPage\",\"@id\":\"https:\/\/www.leclanche.com\/fr\/avis\/\",\"url\":\"https:\/\/www.leclanche.com\/fr\/avis\/\",\"name\":\"Avis - Leclanch\u00e9\",\"isPartOf\":{\"@id\":\"https:\/\/www.leclanche.com\/fr\/#website\"},\"datePublished\":\"2020-04-29T14:19:08+00:00\",\"description\":\"Responsable du contenu de ce site web\u00a0:\",\"breadcrumb\":{\"@id\":\"https:\/\/www.leclanche.com\/fr\/avis\/#breadcrumb\"},\"inLanguage\":\"fr-FR\",\"potentialAction\":[{\"@type\":\"ReadAction\",\"target\":[\"https:\/\/www.leclanche.com\/fr\/avis\/\"]}]},{\"@type\":\"BreadcrumbList\",\"@id\":\"https:\/\/www.leclanche.com\/fr\/avis\/#breadcrumb\",\"itemListElement\":[{\"@type\":\"ListItem\",\"position\":1,\"name\":\"Accueil\",\"item\":\"https:\/\/www.leclanche.com\/fr\/\"},{\"@type\":\"ListItem\",\"position\":2,\"name\":\"Avis\"}]},{\"@type\":\"WebSite\",\"@id\":\"https:\/\/www.leclanche.com\/fr\/#website\",\"url\":\"https:\/\/www.leclanche.com\/fr\/\",\"name\":\"Leclanch\u00e9\",\"description\":\"Energy Storage Solutions\",\"potentialAction\":[{\"@type\":\"SearchAction\",\"target\":{\"@type\":\"EntryPoint\",\"urlTemplate\":\"https:\/\/www.leclanche.com\/fr\/?s={search_term_string}\"},\"query-input\":{\"@type\":\"PropertyValueSpecification\",\"valueRequired\":true,\"valueName\":\"search_term_string\"}}],\"inLanguage\":\"fr-FR\"}]}<\/script>\n<!-- \/ Yoast SEO plugin. -->","yoast_head_json":{"title":"Avis - Leclanch\u00e9","description":"Responsable du contenu de ce site web\u00a0:","robots":{"index":"index","follow":"follow","max-snippet":"max-snippet:-1","max-image-preview":"max-image-preview:large","max-video-preview":"max-video-preview:-1"},"canonical":"https:\/\/www.leclanche.com\/fr\/avis\/","og_locale":"fr_FR","og_type":"article","og_title":"Avis - Leclanch\u00e9","og_description":"Responsable du contenu de ce site web\u00a0:","og_url":"https:\/\/www.leclanche.com\/fr\/avis\/","og_site_name":"Leclanch\u00e9","twitter_card":"summary_large_image","twitter_misc":{"Dur\u00e9e de lecture estim\u00e9e":"1 minute"},"schema":{"@context":"https:\/\/schema.org","@graph":[{"@type":"WebPage","@id":"https:\/\/www.leclanche.com\/fr\/avis\/","url":"https:\/\/www.leclanche.com\/fr\/avis\/","name":"Avis - Leclanch\u00e9","isPartOf":{"@id":"https:\/\/www.leclanche.com\/fr\/#website"},"datePublished":"2020-04-29T14:19:08+00:00","description":"Responsable du contenu de ce site web\u00a0:","breadcrumb":{"@id":"https:\/\/www.leclanche.com\/fr\/avis\/#breadcrumb"},"inLanguage":"fr-FR","potentialAction":[{"@type":"ReadAction","target":["https:\/\/www.leclanche.com\/fr\/avis\/"]}]},{"@type":"BreadcrumbList","@id":"https:\/\/www.leclanche.com\/fr\/avis\/#breadcrumb","itemListElement":[{"@type":"ListItem","position":1,"name":"Accueil","item":"https:\/\/www.leclanche.com\/fr\/"},{"@type":"ListItem","position":2,"name":"Avis"}]},{"@type":"WebSite","@id":"https:\/\/www.leclanche.com\/fr\/#website","url":"https:\/\/www.leclanche.com\/fr\/","name":"Leclanch\u00e9","description":"Energy Storage Solutions","potentialAction":[{"@type":"SearchAction","target":{"@type":"EntryPoint","urlTemplate":"https:\/\/www.leclanche.com\/fr\/?s={search_term_string}"},"query-input":{"@type":"PropertyValueSpecification","valueRequired":true,"valueName":"search_term_string"}}],"inLanguage":"fr-FR"}]}},"_links":{"self":[{"href":"https:\/\/www.leclanche.com\/fr\/wp-json\/wp\/v2\/pages\/9990","targetHints":{"allow":["GET"]}}],"collection":[{"href":"https:\/\/www.leclanche.com\/fr\/wp-json\/wp\/v2\/pages"}],"about":[{"href":"https:\/\/www.leclanche.com\/fr\/wp-json\/wp\/v2\/types\/page"}],"author":[{"embeddable":true,"href":"https:\/\/www.leclanche.com\/fr\/wp-json\/wp\/v2\/users\/1"}],"replies":[{"embeddable":true,"href":"https:\/\/www.leclanche.com\/fr\/wp-json\/wp\/v2\/comments?post=9990"}],"version-history":[{"count":0,"href":"https:\/\/www.leclanche.com\/fr\/wp-json\/wp\/v2\/pages\/9990\/revisions"}],"wp:attachment":[{"href":"https:\/\/www.leclanche.com\/fr\/wp-json\/wp\/v2\/media?parent=9990"}],"curies":[{"name":"wp","href":"https:\/\/api.w.org\/{rel}","templated":true}]}}