{"id":9991,"date":"2020-04-30T09:47:03","date_gmt":"2020-04-30T07:47:03","guid":{"rendered":"https:\/\/www.leclanche.com\/gouvernance\/"},"modified":"2021-06-25T14:04:31","modified_gmt":"2021-06-25T12:04:31","slug":"gouvernance","status":"publish","type":"page","link":"https:\/\/www.leclanche.com\/fr\/gouvernance\/","title":{"rendered":"Gouvernance"},"content":{"rendered":"<h2>Conseil d&rsquo;administration<\/h2>\n<p>Fort de son r\u00f4le en mati\u00e8re de r\u00e9glementation, le conseil d&rsquo;administration est charg\u00e9 de superviser la direction g\u00e9n\u00e9rale de Leclanch\u00e9 et de conseiller le comit\u00e9 de direction, en facilitant et en validant les d\u00e9cisions critiques. Il exerce un contr\u00f4le direct sur certaines fonctions li\u00e9es au personnel et \u00e0 la comptabilit\u00e9 par l&rsquo;interm\u00e9diaire de deux sous-comit\u00e9s\u00a0: le comit\u00e9 Nominations et R\u00e9mun\u00e9ration et le comit\u00e9 Audit et Gestion du risque.<\/p>\n<p>Le comit\u00e9 de direction est responsable de la mise en \u0153uvre de la strat\u00e9gie de Leclanch\u00e9, ainsi que de l&rsquo;ex\u00e9cution et du suivi de l&rsquo;ensemble des activit\u00e9s de la soci\u00e9t\u00e9.<\/p>\n<p>Pour d\u00e9couvrir notre conseil d&rsquo;administration, rendez-vous sur la page <a href=\"https:\/\/www.leclanche.com\/fr\/a-propos-de-nous\/notre-equipe-de-direction\/#board-of-directors\">Notre \u00e9quipe de direction<\/a>.<\/p>\n<h2>Direction g\u00e9n\u00e9rale<\/h2>\n<p>Pour d\u00e9couvrir notre \u00e9quipe de direction g\u00e9n\u00e9rale, rendez-vous sur la page <a href=\"https:\/\/www.leclanche.com\/fr\/a-propos-de-nous\/notre-equipe-de-direction\/#executive-management\">Notre \u00e9quipe de direction<\/a>.<\/p>\n<h2>Transactions de la direction<\/h2>\n<h3>Leclanch\u00e9 est tenu de signaler \u00e0 SIX Swiss Exchange toute transaction relative aux actions et titres de Leclanch\u00e9 effectu\u00e9e par le conseil d&rsquo;administration et le comit\u00e9 de direction du Groupe.<\/h3>\n<p>La d\u00e9claration des transactions r\u00e9alis\u00e9es par la direction vise \u00e0 faciliter la communication d&rsquo;informations aux investisseurs, qui peuvent ainsi baser leurs d\u00e9cisions d&rsquo;investissement sur des donn\u00e9es de qualit\u00e9.<\/p>\n<p>Les informations relatives aux transactions de la direction sont disponibles sur le <a class=\"external-link-new-window\" title=\"Opens external link in new window\" href=\"https:\/\/www.six-group.com\/exchanges\/shares\/security_info_en.html?id=CH0110303119CHF4\" target=\"_blank\" rel=\"noopener noreferrer\">site web de SIX Swiss Exchange<\/a>. Saisissez \u00ab\u00a0Leclanch\u00e9\u00a0\u00bb dans le champ de recherche \u00ab\u00a0company\u00a0\u00bb.<\/p>\n<h2>D\u00e9claration<\/h2>\n<p>Les actionnaires d\u00e9tenant des actions d&rsquo;une soci\u00e9t\u00e9 immatricul\u00e9e et cot\u00e9e en Suisse sont tenus de signaler s&rsquo;ils atteignent, d\u00e9passent ou chutent sous certains seuils (3, 5, 10, 15, 20, 25, 33 1\/3, 50 et 66 2\/3\u00a0% de participation).<\/p>\n<p>Depuis le 1er d\u00e9cembre 2008, toutes les d\u00e9clarations de participation sont g\u00e9r\u00e9es directement via la plateforme de la Bourse suisse (SIX).<\/p>\n<p>Des informations sur la d\u00e9claration de participation sont disponibles sur le <a href=\"https:\/\/www.six-group.com\/exchanges\/index_de.html\">site web de SIX Swiss Exchange<\/a>. Saisissez \u00ab\u00a0Leclanch\u00e9\u00a0\u00bb dans le champ de recherche \u00ab\u00a0company\u00a0\u00bb.<\/p>\n","protected":false},"excerpt":{"rendered":"<p>Conseil d&rsquo;administration Fort de son r\u00f4le en mati\u00e8re de r\u00e9glementation, le conseil d&rsquo;administration est charg\u00e9 de superviser la direction g\u00e9n\u00e9rale de Leclanch\u00e9 et de conseiller le comit\u00e9 de direction, en facilitant et en validant les d\u00e9cisions critiques. Il exerce un contr\u00f4le direct sur certaines fonctions li\u00e9es au personnel et \u00e0 la comptabilit\u00e9 par l&rsquo;interm\u00e9diaire de [&hellip;]<\/p>\n","protected":false},"author":1,"featured_media":0,"parent":0,"menu_order":0,"comment_status":"closed","ping_status":"closed","template":"","meta":{"footnotes":""},"class_list":["post-9991","page","type-page","status-publish","hentry"],"yoast_head":"<!-- This site is optimized with the Yoast SEO plugin v26.4 - https:\/\/yoast.com\/wordpress\/plugins\/seo\/ -->\n<title>Gouvernance - Leclanch\u00e9<\/title>\n<meta name=\"description\" content=\"Leclanch\u00e9 est dirig\u00e9 par un conseil d&#039;administration et un comit\u00e9 de direction.\" \/>\n<meta name=\"robots\" content=\"index, follow, max-snippet:-1, max-image-preview:large, max-video-preview:-1\" \/>\n<link rel=\"canonical\" href=\"https:\/\/www.leclanche.com\/fr\/gouvernance\/\" \/>\n<meta property=\"og:locale\" content=\"fr_FR\" \/>\n<meta property=\"og:type\" content=\"article\" \/>\n<meta property=\"og:title\" content=\"Gouvernance - Leclanch\u00e9\" \/>\n<meta property=\"og:description\" content=\"Leclanch\u00e9 est dirig\u00e9 par un conseil d&#039;administration et un comit\u00e9 de direction.\" \/>\n<meta property=\"og:url\" content=\"https:\/\/www.leclanche.com\/fr\/gouvernance\/\" \/>\n<meta property=\"og:site_name\" content=\"Leclanch\u00e9\" \/>\n<meta property=\"article:modified_time\" content=\"2021-06-25T12:04:31+00:00\" \/>\n<meta name=\"twitter:card\" content=\"summary_large_image\" \/>\n<meta name=\"twitter:label1\" content=\"Dur\u00e9e de lecture estim\u00e9e\" \/>\n\t<meta name=\"twitter:data1\" content=\"2 minutes\" \/>\n<script type=\"application\/ld+json\" class=\"yoast-schema-graph\">{\"@context\":\"https:\/\/schema.org\",\"@graph\":[{\"@type\":\"WebPage\",\"@id\":\"https:\/\/www.leclanche.com\/fr\/gouvernance\/\",\"url\":\"https:\/\/www.leclanche.com\/fr\/gouvernance\/\",\"name\":\"Gouvernance - Leclanch\u00e9\",\"isPartOf\":{\"@id\":\"https:\/\/www.leclanche.com\/fr\/#website\"},\"datePublished\":\"2020-04-30T07:47:03+00:00\",\"dateModified\":\"2021-06-25T12:04:31+00:00\",\"description\":\"Leclanch\u00e9 est dirig\u00e9 par un conseil d'administration et un comit\u00e9 de direction.\",\"breadcrumb\":{\"@id\":\"https:\/\/www.leclanche.com\/fr\/gouvernance\/#breadcrumb\"},\"inLanguage\":\"fr-FR\",\"potentialAction\":[{\"@type\":\"ReadAction\",\"target\":[\"https:\/\/www.leclanche.com\/fr\/gouvernance\/\"]}]},{\"@type\":\"BreadcrumbList\",\"@id\":\"https:\/\/www.leclanche.com\/fr\/gouvernance\/#breadcrumb\",\"itemListElement\":[{\"@type\":\"ListItem\",\"position\":1,\"name\":\"Accueil\",\"item\":\"https:\/\/www.leclanche.com\/fr\/\"},{\"@type\":\"ListItem\",\"position\":2,\"name\":\"Gouvernance\"}]},{\"@type\":\"WebSite\",\"@id\":\"https:\/\/www.leclanche.com\/fr\/#website\",\"url\":\"https:\/\/www.leclanche.com\/fr\/\",\"name\":\"Leclanch\u00e9\",\"description\":\"Energy Storage Solutions\",\"potentialAction\":[{\"@type\":\"SearchAction\",\"target\":{\"@type\":\"EntryPoint\",\"urlTemplate\":\"https:\/\/www.leclanche.com\/fr\/?s={search_term_string}\"},\"query-input\":{\"@type\":\"PropertyValueSpecification\",\"valueRequired\":true,\"valueName\":\"search_term_string\"}}],\"inLanguage\":\"fr-FR\"}]}<\/script>\n<!-- \/ Yoast SEO plugin. -->","yoast_head_json":{"title":"Gouvernance - Leclanch\u00e9","description":"Leclanch\u00e9 est dirig\u00e9 par un conseil d'administration et un comit\u00e9 de direction.","robots":{"index":"index","follow":"follow","max-snippet":"max-snippet:-1","max-image-preview":"max-image-preview:large","max-video-preview":"max-video-preview:-1"},"canonical":"https:\/\/www.leclanche.com\/fr\/gouvernance\/","og_locale":"fr_FR","og_type":"article","og_title":"Gouvernance - Leclanch\u00e9","og_description":"Leclanch\u00e9 est dirig\u00e9 par un conseil d'administration et un comit\u00e9 de direction.","og_url":"https:\/\/www.leclanche.com\/fr\/gouvernance\/","og_site_name":"Leclanch\u00e9","article_modified_time":"2021-06-25T12:04:31+00:00","twitter_card":"summary_large_image","twitter_misc":{"Dur\u00e9e de lecture estim\u00e9e":"2 minutes"},"schema":{"@context":"https:\/\/schema.org","@graph":[{"@type":"WebPage","@id":"https:\/\/www.leclanche.com\/fr\/gouvernance\/","url":"https:\/\/www.leclanche.com\/fr\/gouvernance\/","name":"Gouvernance - Leclanch\u00e9","isPartOf":{"@id":"https:\/\/www.leclanche.com\/fr\/#website"},"datePublished":"2020-04-30T07:47:03+00:00","dateModified":"2021-06-25T12:04:31+00:00","description":"Leclanch\u00e9 est dirig\u00e9 par un conseil d'administration et un comit\u00e9 de direction.","breadcrumb":{"@id":"https:\/\/www.leclanche.com\/fr\/gouvernance\/#breadcrumb"},"inLanguage":"fr-FR","potentialAction":[{"@type":"ReadAction","target":["https:\/\/www.leclanche.com\/fr\/gouvernance\/"]}]},{"@type":"BreadcrumbList","@id":"https:\/\/www.leclanche.com\/fr\/gouvernance\/#breadcrumb","itemListElement":[{"@type":"ListItem","position":1,"name":"Accueil","item":"https:\/\/www.leclanche.com\/fr\/"},{"@type":"ListItem","position":2,"name":"Gouvernance"}]},{"@type":"WebSite","@id":"https:\/\/www.leclanche.com\/fr\/#website","url":"https:\/\/www.leclanche.com\/fr\/","name":"Leclanch\u00e9","description":"Energy Storage Solutions","potentialAction":[{"@type":"SearchAction","target":{"@type":"EntryPoint","urlTemplate":"https:\/\/www.leclanche.com\/fr\/?s={search_term_string}"},"query-input":{"@type":"PropertyValueSpecification","valueRequired":true,"valueName":"search_term_string"}}],"inLanguage":"fr-FR"}]}},"_links":{"self":[{"href":"https:\/\/www.leclanche.com\/fr\/wp-json\/wp\/v2\/pages\/9991","targetHints":{"allow":["GET"]}}],"collection":[{"href":"https:\/\/www.leclanche.com\/fr\/wp-json\/wp\/v2\/pages"}],"about":[{"href":"https:\/\/www.leclanche.com\/fr\/wp-json\/wp\/v2\/types\/page"}],"author":[{"embeddable":true,"href":"https:\/\/www.leclanche.com\/fr\/wp-json\/wp\/v2\/users\/1"}],"replies":[{"embeddable":true,"href":"https:\/\/www.leclanche.com\/fr\/wp-json\/wp\/v2\/comments?post=9991"}],"version-history":[{"count":2,"href":"https:\/\/www.leclanche.com\/fr\/wp-json\/wp\/v2\/pages\/9991\/revisions"}],"predecessor-version":[{"id":10208,"href":"https:\/\/www.leclanche.com\/fr\/wp-json\/wp\/v2\/pages\/9991\/revisions\/10208"}],"wp:attachment":[{"href":"https:\/\/www.leclanche.com\/fr\/wp-json\/wp\/v2\/media?parent=9991"}],"curies":[{"name":"wp","href":"https:\/\/api.w.org\/{rel}","templated":true}]}}