{"id":9996,"date":"2020-06-24T10:31:36","date_gmt":"2020-06-24T08:31:36","guid":{"rendered":"https:\/\/www.leclanche.com\/relations-investisseurs\/"},"modified":"2020-06-24T10:31:36","modified_gmt":"2020-06-24T08:31:36","slug":"relations-investisseurs","status":"publish","type":"page","link":"https:\/\/www.leclanche.com\/fr\/relations-investisseurs\/","title":{"rendered":"Relations investisseurs"},"content":{"rendered":"","protected":false},"excerpt":{"rendered":"","protected":false},"author":1,"featured_media":0,"parent":0,"menu_order":0,"comment_status":"closed","ping_status":"closed","template":"page-investor-relations.php","meta":{"footnotes":""},"class_list":["post-9996","page","type-page","status-publish","hentry"],"yoast_head":"<!-- This site is optimized with the Yoast SEO plugin v26.4 - https:\/\/yoast.com\/wordpress\/plugins\/seo\/ -->\n<title>Relations investisseurs - Leclanch\u00e9<\/title>\n<meta name=\"description\" content=\"Cette page contient des informations d\u00e9taill\u00e9es destin\u00e9es aux actionnaires de Leclanch\u00e9 : calendrier \u00e9conomique de la soci\u00e9t\u00e9, cours de l&#039;action et recherche d&#039;actions.\" \/>\n<meta name=\"robots\" content=\"index, follow, max-snippet:-1, max-image-preview:large, max-video-preview:-1\" \/>\n<link rel=\"canonical\" href=\"https:\/\/www.leclanche.com\/fr\/relations-investisseurs\/\" \/>\n<meta property=\"og:locale\" content=\"fr_FR\" \/>\n<meta property=\"og:type\" content=\"article\" \/>\n<meta property=\"og:title\" content=\"Relations investisseurs - Leclanch\u00e9\" \/>\n<meta property=\"og:description\" content=\"Cette page contient des informations d\u00e9taill\u00e9es destin\u00e9es aux actionnaires de Leclanch\u00e9 : calendrier \u00e9conomique de la soci\u00e9t\u00e9, cours de l&#039;action et recherche d&#039;actions.\" \/>\n<meta property=\"og:url\" content=\"https:\/\/www.leclanche.com\/fr\/relations-investisseurs\/\" \/>\n<meta property=\"og:site_name\" content=\"Leclanch\u00e9\" \/>\n<meta name=\"twitter:card\" content=\"summary_large_image\" \/>\n<script type=\"application\/ld+json\" class=\"yoast-schema-graph\">{\"@context\":\"https:\/\/schema.org\",\"@graph\":[{\"@type\":\"WebPage\",\"@id\":\"https:\/\/www.leclanche.com\/fr\/relations-investisseurs\/\",\"url\":\"https:\/\/www.leclanche.com\/fr\/relations-investisseurs\/\",\"name\":\"Relations investisseurs - Leclanch\u00e9\",\"isPartOf\":{\"@id\":\"https:\/\/www.leclanche.com\/fr\/#website\"},\"datePublished\":\"2020-06-24T08:31:36+00:00\",\"description\":\"Cette page contient des informations d\u00e9taill\u00e9es destin\u00e9es aux actionnaires de Leclanch\u00e9 : calendrier \u00e9conomique de la soci\u00e9t\u00e9, cours de l'action et recherche d'actions.\",\"breadcrumb\":{\"@id\":\"https:\/\/www.leclanche.com\/fr\/relations-investisseurs\/#breadcrumb\"},\"inLanguage\":\"fr-FR\",\"potentialAction\":[{\"@type\":\"ReadAction\",\"target\":[\"https:\/\/www.leclanche.com\/fr\/relations-investisseurs\/\"]}]},{\"@type\":\"BreadcrumbList\",\"@id\":\"https:\/\/www.leclanche.com\/fr\/relations-investisseurs\/#breadcrumb\",\"itemListElement\":[{\"@type\":\"ListItem\",\"position\":1,\"name\":\"Accueil\",\"item\":\"https:\/\/www.leclanche.com\/fr\/\"},{\"@type\":\"ListItem\",\"position\":2,\"name\":\"Relations investisseurs\"}]},{\"@type\":\"WebSite\",\"@id\":\"https:\/\/www.leclanche.com\/fr\/#website\",\"url\":\"https:\/\/www.leclanche.com\/fr\/\",\"name\":\"Leclanch\u00e9\",\"description\":\"Energy Storage Solutions\",\"potentialAction\":[{\"@type\":\"SearchAction\",\"target\":{\"@type\":\"EntryPoint\",\"urlTemplate\":\"https:\/\/www.leclanche.com\/fr\/?s={search_term_string}\"},\"query-input\":{\"@type\":\"PropertyValueSpecification\",\"valueRequired\":true,\"valueName\":\"search_term_string\"}}],\"inLanguage\":\"fr-FR\"}]}<\/script>\n<!-- \/ Yoast SEO plugin. -->","yoast_head_json":{"title":"Relations investisseurs - Leclanch\u00e9","description":"Cette page contient des informations d\u00e9taill\u00e9es destin\u00e9es aux actionnaires de Leclanch\u00e9 : calendrier \u00e9conomique de la soci\u00e9t\u00e9, cours de l'action et recherche d'actions.","robots":{"index":"index","follow":"follow","max-snippet":"max-snippet:-1","max-image-preview":"max-image-preview:large","max-video-preview":"max-video-preview:-1"},"canonical":"https:\/\/www.leclanche.com\/fr\/relations-investisseurs\/","og_locale":"fr_FR","og_type":"article","og_title":"Relations investisseurs - Leclanch\u00e9","og_description":"Cette page contient des informations d\u00e9taill\u00e9es destin\u00e9es aux actionnaires de Leclanch\u00e9 : calendrier \u00e9conomique de la soci\u00e9t\u00e9, cours de l'action et recherche d'actions.","og_url":"https:\/\/www.leclanche.com\/fr\/relations-investisseurs\/","og_site_name":"Leclanch\u00e9","twitter_card":"summary_large_image","schema":{"@context":"https:\/\/schema.org","@graph":[{"@type":"WebPage","@id":"https:\/\/www.leclanche.com\/fr\/relations-investisseurs\/","url":"https:\/\/www.leclanche.com\/fr\/relations-investisseurs\/","name":"Relations investisseurs - Leclanch\u00e9","isPartOf":{"@id":"https:\/\/www.leclanche.com\/fr\/#website"},"datePublished":"2020-06-24T08:31:36+00:00","description":"Cette page contient des informations d\u00e9taill\u00e9es destin\u00e9es aux actionnaires de Leclanch\u00e9 : calendrier \u00e9conomique de la soci\u00e9t\u00e9, cours de l'action et recherche d'actions.","breadcrumb":{"@id":"https:\/\/www.leclanche.com\/fr\/relations-investisseurs\/#breadcrumb"},"inLanguage":"fr-FR","potentialAction":[{"@type":"ReadAction","target":["https:\/\/www.leclanche.com\/fr\/relations-investisseurs\/"]}]},{"@type":"BreadcrumbList","@id":"https:\/\/www.leclanche.com\/fr\/relations-investisseurs\/#breadcrumb","itemListElement":[{"@type":"ListItem","position":1,"name":"Accueil","item":"https:\/\/www.leclanche.com\/fr\/"},{"@type":"ListItem","position":2,"name":"Relations investisseurs"}]},{"@type":"WebSite","@id":"https:\/\/www.leclanche.com\/fr\/#website","url":"https:\/\/www.leclanche.com\/fr\/","name":"Leclanch\u00e9","description":"Energy Storage Solutions","potentialAction":[{"@type":"SearchAction","target":{"@type":"EntryPoint","urlTemplate":"https:\/\/www.leclanche.com\/fr\/?s={search_term_string}"},"query-input":{"@type":"PropertyValueSpecification","valueRequired":true,"valueName":"search_term_string"}}],"inLanguage":"fr-FR"}]}},"_links":{"self":[{"href":"https:\/\/www.leclanche.com\/fr\/wp-json\/wp\/v2\/pages\/9996","targetHints":{"allow":["GET"]}}],"collection":[{"href":"https:\/\/www.leclanche.com\/fr\/wp-json\/wp\/v2\/pages"}],"about":[{"href":"https:\/\/www.leclanche.com\/fr\/wp-json\/wp\/v2\/types\/page"}],"author":[{"embeddable":true,"href":"https:\/\/www.leclanche.com\/fr\/wp-json\/wp\/v2\/users\/1"}],"replies":[{"embeddable":true,"href":"https:\/\/www.leclanche.com\/fr\/wp-json\/wp\/v2\/comments?post=9996"}],"version-history":[{"count":0,"href":"https:\/\/www.leclanche.com\/fr\/wp-json\/wp\/v2\/pages\/9996\/revisions"}],"wp:attachment":[{"href":"https:\/\/www.leclanche.com\/fr\/wp-json\/wp\/v2\/media?parent=9996"}],"curies":[{"name":"wp","href":"https:\/\/api.w.org\/{rel}","templated":true}]}}