{"id":9997,"date":"2020-10-15T16:22:39","date_gmt":"2020-10-15T14:22:39","guid":{"rendered":"https:\/\/www.leclanche.com\/telechargements\/"},"modified":"2026-04-10T16:28:46","modified_gmt":"2026-04-10T14:28:46","slug":"telechargements","status":"publish","type":"page","link":"https:\/\/www.leclanche.com\/fr\/telechargements\/","title":{"rendered":"T\u00e9l\u00e9chargements"},"content":{"rendered":"<style>\n  .download-list {\n    margin: 0 0 20px 0;\n    padding: 0;\n  }<\/p>\n<p>  .download-list a {\n    display: block;\n    margin-bottom: 6px;\n    text-decoration: none;\n  }<\/p>\n<p>  .download-list a i {\n    margin-right: 6px;\n  }\n<\/style>\n<h5>Entreprise (en anglais) :<\/h5>\n<div class=\"download-list\">\n  <a href=\"https:\/\/www.leclanche.com\/wp-content\/uploads\/2025\/02\/Quality-Policy-2025.pdf\"><i class=\"fas fa-download\"><\/i> Quality Policy<\/a><br \/>\n  <a href=\"https:\/\/www.leclanche.com\/wp-content\/uploads\/2023\/10\/Leclanche-Corporate-Presentation-1.pdf\"><i class=\"fas fa-download\"><\/i> Corporate Presentation<\/a><br \/>\n  <a href=\"https:\/\/www.leclanche.com\/wp-content\/uploads\/2020\/10\/FINAL_LECLANCHE-ESSWEB.pdf\"><i class=\"fas fa-download\"><\/i> Turnkey Energy Storage Solutions<\/a>\n<\/div>\n<h5>Produits (en anglais) :<\/h5>\n<div class=\"download-list\">\n  <a href=\"https:\/\/www.leclanche.com\/wp-content\/uploads\/2023\/10\/Rail-Traction-Battery-Systems.pdf\"><i class=\"fas fa-download\"><\/i> Rail Traction Battery Systems<\/a><br \/>\n  <a href=\"https:\/\/www.leclanche.com\/wp-content\/uploads\/2023\/10\/NAVIUS-MRS3.pdf\"><i class=\"fas fa-download\"><\/i> Marine Battery Systems<\/a><br \/>\n  <a href=\"https:\/\/www.leclanche.com\/wp-content\/uploads\/2022\/05\/LECLANCHE-cell-datasheet-GL60-GNMC-60Ah.pdf\"><i class=\"fas fa-download\"><\/i> GL60 Energy cell 60Ah<\/a><br \/>\n  <a href=\"https:\/\/www.leclanche.com\/wp-content\/uploads\/2022\/05\/LECLANCHE-cell-datasheet-GL65-GNMC-65Ah.pdf\"><i class=\"fas fa-download\"><\/i> GL65 Energy cell 65Ah<\/a><br \/>\n  <a href=\"https:\/\/www.leclanche.com\/wp-content\/uploads\/2021\/02\/LECLANCHE-M2-module-GL60-GNMC-60Ah.pdf\"><i class=\"fas fa-download\"><\/i> M2 Energy Module (G\/NMC, 60Ah)<\/a><br \/>\n  <a href=\"https:\/\/www.leclanche.com\/wp-content\/uploads\/2022\/05\/M3-ENERGY-MODULE-GNMC-60.pdf\"><i class=\"fas fa-download\"><\/i> M3 Energy Module (G\/NMC 60Ah)<\/a><br \/>\n  <a href=\"https:\/\/www.leclanche.com\/wp-content\/uploads\/2022\/05\/M3-ENERGY-MODULE-GNMC-65.pdf\"><i class=\"fas fa-download\"><\/i> M3 Energy Module (G\/NMC 65Ah)<\/a><br \/>\n  <a href=\"https:\/\/www.leclanche.com\/wp-content\/uploads\/2023\/10\/LECLANCHE-Fortius-145.pdf\"><i class=\"fas fa-download\"><\/i> Fortius-145<\/a><br \/>\n  <a href=\"https:\/\/www.leclanche.com\/wp-content\/uploads\/2021\/04\/LeBlock_Depliant_V2.1.pdf\"><i class=\"fas fa-download\"><\/i> LeBlock<\/a>\n<\/div>\n<h5>Produits sp\u00e9ciaux (en anglais) :<\/h5>\n<div class=\"download-list\">\n  <a href=\"https:\/\/www.leclanche.com\/wp-content\/uploads\/2020\/10\/LECLANCHE-AGV.pdf\"><i class=\"fas fa-download\"><\/i> Ultrafast-charging turnkey solutions for Automated Guided Vehicles<\/a>\n<\/div>\n<h5>R\u00e9f\u00e9rences clients (en anglais) :<\/h5>\n<p><strong>E-Mobility<\/strong><\/p>\n<div class=\"download-list\">\n  <a href=\"https:\/\/www.leclanche.com\/wp-content\/uploads\/2022\/05\/Zero-Emission-Ferry-and-Onshore-Battery-Energy-Storage-System.pdf\"><i class=\"fas fa-download\"><\/i> Ferry z\u00e9ro \u00e9mission + syst\u00e8me de stockage<\/a><br \/>\n  <a href=\"https:\/\/www.leclanche.com\/wp-content\/uploads\/2022\/04\/Leclanche-Yara-Birkelend-Autonomous-Container-Feeder-Vessel.pdf\"><i class=\"fas fa-download\"><\/i> Yara Birkeland \u2013 navire autonome<\/a><br \/>\n  <a href=\"https:\/\/www.leclanche.com\/wp-content\/uploads\/2022\/04\/Leclanche-Jungfrau-Lake-Passenger-Vessel.pdf\"><i class=\"fas fa-download\"><\/i> Ferry du lac Jungfrau<\/a><br \/>\n  <a href=\"https:\/\/www.leclanche.com\/wp-content\/uploads\/2020\/06\/LECLANCHE-FERRYweb.pdf\"><i class=\"fas fa-download\"><\/i> E-ferry \u2013 le plus grand ferry \u00e9lectrique au monde<\/a>\n<\/div>\n<p><strong>Stationary<\/strong><\/p>\n<div class=\"download-list\">\n  <a href=\"https:\/\/www.leclanche.com\/wp-content\/uploads\/2020\/10\/LECLANCHE-FAB-web.pdf\"><i class=\"fas fa-download\"><\/i> Introducing Stationary Solutions<\/a><br \/>\n  <a href=\"https:\/\/www.leclanche.com\/wp-content\/uploads\/2021\/01\/ST-KITTS-EUR-1.2021.pdf\"><i class=\"fas fa-download\"><\/i> St. Kitts Microgrid<\/a><br \/>\n  <a href=\"https:\/\/www.leclanche.com\/wp-content\/uploads\/2024\/08\/LECLANCHE-LeviceEUR13.8.24WEB.pdf\"><i class=\"fas fa-download\"><\/i> Levice, Slovaquie<\/a><br \/>\n  <a href=\"https:\/\/www.leclanche.com\/wp-content\/uploads\/2024\/08\/LECLANCHE-Noord-HollandEUR13.08.24web.pdf\"><i class=\"fas fa-download\"><\/i> Heerhugowaard, Pays-Bas<\/a><br \/>\n  <a href=\"https:\/\/www.leclanche.com\/wp-content\/uploads\/2024\/08\/LECLANCHE-Souda-BayEUR13.08.24WEB.pdf\"><i class=\"fas fa-download\"><\/i> Souda Bay, Gr\u00e8ce<\/a><br \/>\n  <a href=\"https:\/\/www.leclanche.com\/wp-content\/uploads\/2021\/01\/ROMANDE-ENERGIE-EUR12-2020.pdf\"><i class=\"fas fa-download\"><\/i> Aigle, Suisse<\/a>\n<\/div>\n<h5>Certificats de qualit\u00e9 (en anglais) :<\/h5>\n<div class=\"download-list\">\n  <a href=\"https:\/\/www.leclanche.com\/wp-content\/uploads\/2023\/10\/IRIS-Certificate-19.05.2025-to-18.05.2028.pdf\"><i class=\"fas fa-download\"><\/i> Certification IRIS<\/a><br \/>\n  <a href=\"https:\/\/www.leclanche.com\/wp-content\/uploads\/2025\/01\/ISO_100652_fr_H10468.pdf\"><i class=\"fas fa-download\"><\/i> ISO 9001 \/ 45001 \/ 14001<\/a><br \/>\n  <a href=\"https:\/\/www.leclanche.com\/wp-content\/uploads\/2022\/07\/100652_iq_H10468.pdf\"><i class=\"fas fa-download\"><\/i> SQS IQNet certificate<\/a>\n<\/div>\n<h5>Certificats e-Marine (en anglais) :<\/h5>\n<div class=\"download-list\">\n  <a href=\"https:\/\/www.leclanche.com\/wp-content\/uploads\/2022\/03\/RINA_ELE046121XP.pdf\"><i class=\"fas fa-download\"><\/i> Certificat RINA<\/a><br \/>\n  <a href=\"https:\/\/www.leclanche.com\/wp-content\/uploads\/2022\/03\/BV_60987A1BV.pdf\"><i class=\"fas fa-download\"><\/i> Certificat Bureau Veritas<\/a><br \/>\n  <a href=\"https:\/\/www.leclanche.com\/wp-content\/uploads\/2022\/03\/LR_LR21265300TA.pdf\"><i class=\"fas fa-download\"><\/i> Certificat Lloyd Register<\/a>\n<\/div>\n<h5>Code de conduite (en anglais) :<\/h5>\n<div class=\"download-list\">\n  <a href=\"https:\/\/www.leclanche.com\/wp-content\/uploads\/2021\/01\/DOT-G-225-2.pdf\"><i class=\"fas fa-download\"><\/i> Code of conduct<\/a>\n<\/div>\n","protected":false},"excerpt":{"rendered":"<p>Entreprise (en anglais) : Quality Policy Corporate Presentation Turnkey Energy Storage Solutions Produits (en anglais) : Rail Traction Battery Systems Marine Battery Systems GL60 Energy cell 60Ah GL65 Energy cell 65Ah M2 Energy Module (G\/NMC, 60Ah) M3 Energy Module (G\/NMC 60Ah) M3 Energy Module (G\/NMC 65Ah) Fortius-145 LeBlock Produits sp\u00e9ciaux (en anglais) : Ultrafast-charging turnkey [&hellip;]<\/p>\n","protected":false},"author":1,"featured_media":0,"parent":0,"menu_order":0,"comment_status":"closed","ping_status":"closed","template":"","meta":{"footnotes":""},"class_list":["post-9997","page","type-page","status-publish","hentry"],"yoast_head":"<!-- This site is optimized with the Yoast SEO plugin v26.4 - https:\/\/yoast.com\/wordpress\/plugins\/seo\/ -->\n<title>T\u00e9l\u00e9chargements - Leclanch\u00e9<\/title>\n<meta name=\"description\" content=\"T\u00e9l\u00e9chargez nos documents ci-dessous.\" \/>\n<meta name=\"robots\" content=\"index, follow, max-snippet:-1, max-image-preview:large, max-video-preview:-1\" \/>\n<link rel=\"canonical\" href=\"https:\/\/www.leclanche.com\/fr\/telechargements\/\" \/>\n<meta property=\"og:locale\" content=\"fr_FR\" \/>\n<meta property=\"og:type\" content=\"article\" \/>\n<meta property=\"og:title\" content=\"T\u00e9l\u00e9chargements - Leclanch\u00e9\" \/>\n<meta property=\"og:description\" content=\"T\u00e9l\u00e9chargez nos documents ci-dessous.\" \/>\n<meta property=\"og:url\" content=\"https:\/\/www.leclanche.com\/fr\/telechargements\/\" \/>\n<meta property=\"og:site_name\" content=\"Leclanch\u00e9\" \/>\n<meta property=\"article:modified_time\" content=\"2026-04-10T14:28:46+00:00\" \/>\n<meta name=\"twitter:card\" content=\"summary_large_image\" \/>\n<meta name=\"twitter:label1\" content=\"Dur\u00e9e de lecture estim\u00e9e\" \/>\n\t<meta name=\"twitter:data1\" content=\"1 minute\" \/>\n<script type=\"application\/ld+json\" class=\"yoast-schema-graph\">{\"@context\":\"https:\/\/schema.org\",\"@graph\":[{\"@type\":\"WebPage\",\"@id\":\"https:\/\/www.leclanche.com\/fr\/telechargements\/\",\"url\":\"https:\/\/www.leclanche.com\/fr\/telechargements\/\",\"name\":\"T\u00e9l\u00e9chargements - Leclanch\u00e9\",\"isPartOf\":{\"@id\":\"https:\/\/www.leclanche.com\/fr\/#website\"},\"datePublished\":\"2020-10-15T14:22:39+00:00\",\"dateModified\":\"2026-04-10T14:28:46+00:00\",\"description\":\"T\u00e9l\u00e9chargez nos documents ci-dessous.\",\"breadcrumb\":{\"@id\":\"https:\/\/www.leclanche.com\/fr\/telechargements\/#breadcrumb\"},\"inLanguage\":\"fr-FR\",\"potentialAction\":[{\"@type\":\"ReadAction\",\"target\":[\"https:\/\/www.leclanche.com\/fr\/telechargements\/\"]}]},{\"@type\":\"BreadcrumbList\",\"@id\":\"https:\/\/www.leclanche.com\/fr\/telechargements\/#breadcrumb\",\"itemListElement\":[{\"@type\":\"ListItem\",\"position\":1,\"name\":\"Accueil\",\"item\":\"https:\/\/www.leclanche.com\/fr\/\"},{\"@type\":\"ListItem\",\"position\":2,\"name\":\"T\u00e9l\u00e9chargements\"}]},{\"@type\":\"WebSite\",\"@id\":\"https:\/\/www.leclanche.com\/fr\/#website\",\"url\":\"https:\/\/www.leclanche.com\/fr\/\",\"name\":\"Leclanch\u00e9\",\"description\":\"Energy Storage Solutions\",\"potentialAction\":[{\"@type\":\"SearchAction\",\"target\":{\"@type\":\"EntryPoint\",\"urlTemplate\":\"https:\/\/www.leclanche.com\/fr\/?s={search_term_string}\"},\"query-input\":{\"@type\":\"PropertyValueSpecification\",\"valueRequired\":true,\"valueName\":\"search_term_string\"}}],\"inLanguage\":\"fr-FR\"}]}<\/script>\n<!-- \/ Yoast SEO plugin. -->","yoast_head_json":{"title":"T\u00e9l\u00e9chargements - Leclanch\u00e9","description":"T\u00e9l\u00e9chargez nos documents ci-dessous.","robots":{"index":"index","follow":"follow","max-snippet":"max-snippet:-1","max-image-preview":"max-image-preview:large","max-video-preview":"max-video-preview:-1"},"canonical":"https:\/\/www.leclanche.com\/fr\/telechargements\/","og_locale":"fr_FR","og_type":"article","og_title":"T\u00e9l\u00e9chargements - Leclanch\u00e9","og_description":"T\u00e9l\u00e9chargez nos documents ci-dessous.","og_url":"https:\/\/www.leclanche.com\/fr\/telechargements\/","og_site_name":"Leclanch\u00e9","article_modified_time":"2026-04-10T14:28:46+00:00","twitter_card":"summary_large_image","twitter_misc":{"Dur\u00e9e de lecture estim\u00e9e":"1 minute"},"schema":{"@context":"https:\/\/schema.org","@graph":[{"@type":"WebPage","@id":"https:\/\/www.leclanche.com\/fr\/telechargements\/","url":"https:\/\/www.leclanche.com\/fr\/telechargements\/","name":"T\u00e9l\u00e9chargements - Leclanch\u00e9","isPartOf":{"@id":"https:\/\/www.leclanche.com\/fr\/#website"},"datePublished":"2020-10-15T14:22:39+00:00","dateModified":"2026-04-10T14:28:46+00:00","description":"T\u00e9l\u00e9chargez nos documents ci-dessous.","breadcrumb":{"@id":"https:\/\/www.leclanche.com\/fr\/telechargements\/#breadcrumb"},"inLanguage":"fr-FR","potentialAction":[{"@type":"ReadAction","target":["https:\/\/www.leclanche.com\/fr\/telechargements\/"]}]},{"@type":"BreadcrumbList","@id":"https:\/\/www.leclanche.com\/fr\/telechargements\/#breadcrumb","itemListElement":[{"@type":"ListItem","position":1,"name":"Accueil","item":"https:\/\/www.leclanche.com\/fr\/"},{"@type":"ListItem","position":2,"name":"T\u00e9l\u00e9chargements"}]},{"@type":"WebSite","@id":"https:\/\/www.leclanche.com\/fr\/#website","url":"https:\/\/www.leclanche.com\/fr\/","name":"Leclanch\u00e9","description":"Energy Storage Solutions","potentialAction":[{"@type":"SearchAction","target":{"@type":"EntryPoint","urlTemplate":"https:\/\/www.leclanche.com\/fr\/?s={search_term_string}"},"query-input":{"@type":"PropertyValueSpecification","valueRequired":true,"valueName":"search_term_string"}}],"inLanguage":"fr-FR"}]}},"_links":{"self":[{"href":"https:\/\/www.leclanche.com\/fr\/wp-json\/wp\/v2\/pages\/9997","targetHints":{"allow":["GET"]}}],"collection":[{"href":"https:\/\/www.leclanche.com\/fr\/wp-json\/wp\/v2\/pages"}],"about":[{"href":"https:\/\/www.leclanche.com\/fr\/wp-json\/wp\/v2\/types\/page"}],"author":[{"embeddable":true,"href":"https:\/\/www.leclanche.com\/fr\/wp-json\/wp\/v2\/users\/1"}],"replies":[{"embeddable":true,"href":"https:\/\/www.leclanche.com\/fr\/wp-json\/wp\/v2\/comments?post=9997"}],"version-history":[{"count":90,"href":"https:\/\/www.leclanche.com\/fr\/wp-json\/wp\/v2\/pages\/9997\/revisions"}],"predecessor-version":[{"id":15530,"href":"https:\/\/www.leclanche.com\/fr\/wp-json\/wp\/v2\/pages\/9997\/revisions\/15530"}],"wp:attachment":[{"href":"https:\/\/www.leclanche.com\/fr\/wp-json\/wp\/v2\/media?parent=9997"}],"curies":[{"name":"wp","href":"https:\/\/api.w.org\/{rel}","templated":true}]}}