{"id":9998,"date":"2020-11-16T15:03:20","date_gmt":"2020-11-16T14:03:20","guid":{"rendered":"https:\/\/www.leclanche.com\/nos-technologies\/logiciel-de-gestion-de-lenergie\/"},"modified":"2020-11-16T15:03:20","modified_gmt":"2020-11-16T14:03:20","slug":"logiciel-de-gestion-de-lenergie","status":"publish","type":"page","link":"https:\/\/www.leclanche.com\/fr\/nos-technologies\/logiciel-de-gestion-de-lenergie\/","title":{"rendered":"Logiciel de gestion de l&rsquo;\u00e9nergie"},"content":{"rendered":"<p>Le logiciel de gestion de l&rsquo;\u00e9nergie (EMS) de Leclanch\u00e9 a \u00e9t\u00e9 d\u00e9velopp\u00e9 pour s&rsquo;int\u00e9grer de mani\u00e8re extr\u00eamement flexible, fiable et performante \u00e0 une multitude de combinaisons batterie\/onduleur\u00a0: association de diff\u00e9rents produits fabriqu\u00e9s par divers fournisseurs ou incluant diff\u00e9rentes versions logicielles pour les sous-syst\u00e8mes, diff\u00e9rents syst\u00e8mes de gestion de batterie (BMS) et diff\u00e9rents niveaux de puissance et d&rsquo;\u00e9nergie, par exemple.<\/p>\n<p>L&rsquo;EMS comprend les composants suivants\u00a0:<\/p>\n<ul>\n<li>Contr\u00f4leur (PPC) assurant la gestion du fonctionnement du BESS<\/li>\n<li>Logiciel d&rsquo;interface homme-machine (IHM) permettant d&rsquo;interagir en local ou \u00e0 distance avec le PPC<\/li>\n<li>Logiciel sur le cloud pour un acc\u00e8s \u00e0 distance s\u00e9curis\u00e9<\/li>\n<li>Enregistrement et communication des donn\u00e9es historiques (sur le cloud ou sur site)<\/li>\n<\/ul>\n<p>L&rsquo;EMS de Leclanch\u00e9 est reconnu pour ses innombrables fonctionnalit\u00e9s et avantages\u00a0:<\/p>\n<ul>\n<li>Int\u00e9gration fluide du back-office du producteur d&rsquo;\u00e9lectricit\u00e9 (SCADA, DMS, DERMS, etc.)<\/li>\n<li>Services auxiliaires de r\u00e9gulation de fr\u00e9quence ISO<\/li>\n<li>Arbitrage \u00e9nerg\u00e9tique<\/li>\n<li>Gestion flexible du parc<\/li>\n<li>Support de tension (retour Volt\/VAR)<\/li>\n<li>Am\u00e9lioration de la stabilit\u00e9 du flux \u00e9lectrique<\/li>\n<li>Att\u00e9nuation de l&rsquo;intermittence facilitant l&rsquo;int\u00e9gration des \u00e9nergies \u00e9olienne et solaire<\/li>\n<li>Surveillance en temps r\u00e9el de l&rsquo;\u00e9quipement<\/li>\n<li>Int\u00e9gration des composants HVAC, s\u00e9curit\u00e9 incendie et s\u00e9curit\u00e9 dans les \u00e9quipements de la centrale<\/li>\n<\/ul>\n<p>Leclanch\u00e9 propose des solutions sur mesure et peut personnaliser l&rsquo;EMS en combinant les fonctionnalit\u00e9s ci-dessus.<\/p>\n<p>Extr\u00eamement talentueux et mus par leur esprit d&rsquo;innovation, les ing\u00e9nieurs EMS de Leclanch\u00e9 assurent un support de bout en bout, de la conception au lancement, et encore au-del\u00e0. Leclanch\u00e9 a conduit de nombreux cycles d&rsquo;essais extr\u00eamement stricts en environnements simul\u00e9s et en conditions r\u00e9elles, afin que son EMS pr\u00e9sente le niveau de s\u00e9curit\u00e9, de stabilit\u00e9 et de fiabilit\u00e9 exig\u00e9 pour r\u00e9soudre les principales probl\u00e9matiques de r\u00e9seau.<\/p>\n","protected":false},"excerpt":{"rendered":"<p>Le logiciel de gestion de l&rsquo;\u00e9nergie (EMS) de Leclanch\u00e9 a \u00e9t\u00e9 d\u00e9velopp\u00e9 pour s&rsquo;int\u00e9grer de mani\u00e8re extr\u00eamement flexible, fiable et performante \u00e0 une multitude de combinaisons batterie\/onduleur\u00a0: association de diff\u00e9rents produits fabriqu\u00e9s par divers fournisseurs ou incluant diff\u00e9rentes versions logicielles pour les sous-syst\u00e8mes, diff\u00e9rents syst\u00e8mes de gestion de batterie (BMS) et diff\u00e9rents niveaux de puissance [&hellip;]<\/p>\n","protected":false},"author":1,"featured_media":0,"parent":9993,"menu_order":0,"comment_status":"closed","ping_status":"closed","template":"","meta":{"footnotes":""},"class_list":["post-9998","page","type-page","status-publish","hentry"],"yoast_head":"<!-- This site is optimized with the Yoast SEO plugin v26.4 - https:\/\/yoast.com\/wordpress\/plugins\/seo\/ -->\n<title>Logiciel de gestion de l&#039;\u00e9nergie - Leclanch\u00e9<\/title>\n<meta name=\"description\" content=\"La suite logicielle EMS de Leclanch\u00e9 offre des outils de pointe facilitant la gestion des grands syst\u00e8mes de stockage d&#039;\u00e9nergie sur batteries (BESS) connect\u00e9s au r\u00e9seau.\" \/>\n<meta name=\"robots\" content=\"index, follow, max-snippet:-1, max-image-preview:large, max-video-preview:-1\" \/>\n<link rel=\"canonical\" href=\"https:\/\/www.leclanche.com\/fr\/nos-technologies\/logiciel-de-gestion-de-lenergie\/\" \/>\n<meta property=\"og:locale\" content=\"fr_FR\" \/>\n<meta property=\"og:type\" content=\"article\" \/>\n<meta property=\"og:title\" content=\"Logiciel de gestion de l&#039;\u00e9nergie - Leclanch\u00e9\" \/>\n<meta property=\"og:description\" content=\"La suite logicielle EMS de Leclanch\u00e9 offre des outils de pointe facilitant la gestion des grands syst\u00e8mes de stockage d&#039;\u00e9nergie sur batteries (BESS) connect\u00e9s au r\u00e9seau.\" \/>\n<meta property=\"og:url\" content=\"https:\/\/www.leclanche.com\/fr\/nos-technologies\/logiciel-de-gestion-de-lenergie\/\" \/>\n<meta property=\"og:site_name\" content=\"Leclanch\u00e9\" \/>\n<meta name=\"twitter:card\" content=\"summary_large_image\" \/>\n<meta name=\"twitter:label1\" content=\"Dur\u00e9e de lecture estim\u00e9e\" \/>\n\t<meta name=\"twitter:data1\" content=\"2 minutes\" \/>\n<script type=\"application\/ld+json\" class=\"yoast-schema-graph\">{\"@context\":\"https:\/\/schema.org\",\"@graph\":[{\"@type\":\"WebPage\",\"@id\":\"https:\/\/www.leclanche.com\/fr\/nos-technologies\/logiciel-de-gestion-de-lenergie\/\",\"url\":\"https:\/\/www.leclanche.com\/fr\/nos-technologies\/logiciel-de-gestion-de-lenergie\/\",\"name\":\"Logiciel de gestion de l'\u00e9nergie - Leclanch\u00e9\",\"isPartOf\":{\"@id\":\"https:\/\/www.leclanche.com\/fr\/#website\"},\"datePublished\":\"2020-11-16T14:03:20+00:00\",\"description\":\"La suite logicielle EMS de Leclanch\u00e9 offre des outils de pointe facilitant la gestion des grands syst\u00e8mes de stockage d'\u00e9nergie sur batteries (BESS) connect\u00e9s au r\u00e9seau.\",\"breadcrumb\":{\"@id\":\"https:\/\/www.leclanche.com\/fr\/nos-technologies\/logiciel-de-gestion-de-lenergie\/#breadcrumb\"},\"inLanguage\":\"fr-FR\",\"potentialAction\":[{\"@type\":\"ReadAction\",\"target\":[\"https:\/\/www.leclanche.com\/fr\/nos-technologies\/logiciel-de-gestion-de-lenergie\/\"]}]},{\"@type\":\"BreadcrumbList\",\"@id\":\"https:\/\/www.leclanche.com\/fr\/nos-technologies\/logiciel-de-gestion-de-lenergie\/#breadcrumb\",\"itemListElement\":[{\"@type\":\"ListItem\",\"position\":1,\"name\":\"Accueil\",\"item\":\"https:\/\/www.leclanche.com\/fr\/\"},{\"@type\":\"ListItem\",\"position\":2,\"name\":\"Nos technologies\",\"item\":\"https:\/\/www.leclanche.com\/fr\/our-technologies\/\"},{\"@type\":\"ListItem\",\"position\":3,\"name\":\"Logiciel de gestion de l&#8217;\u00e9nergie\"}]},{\"@type\":\"WebSite\",\"@id\":\"https:\/\/www.leclanche.com\/fr\/#website\",\"url\":\"https:\/\/www.leclanche.com\/fr\/\",\"name\":\"Leclanch\u00e9\",\"description\":\"Energy Storage Solutions\",\"potentialAction\":[{\"@type\":\"SearchAction\",\"target\":{\"@type\":\"EntryPoint\",\"urlTemplate\":\"https:\/\/www.leclanche.com\/fr\/?s={search_term_string}\"},\"query-input\":{\"@type\":\"PropertyValueSpecification\",\"valueRequired\":true,\"valueName\":\"search_term_string\"}}],\"inLanguage\":\"fr-FR\"}]}<\/script>\n<!-- \/ Yoast SEO plugin. -->","yoast_head_json":{"title":"Logiciel de gestion de l'\u00e9nergie - Leclanch\u00e9","description":"La suite logicielle EMS de Leclanch\u00e9 offre des outils de pointe facilitant la gestion des grands syst\u00e8mes de stockage d'\u00e9nergie sur batteries (BESS) connect\u00e9s au r\u00e9seau.","robots":{"index":"index","follow":"follow","max-snippet":"max-snippet:-1","max-image-preview":"max-image-preview:large","max-video-preview":"max-video-preview:-1"},"canonical":"https:\/\/www.leclanche.com\/fr\/nos-technologies\/logiciel-de-gestion-de-lenergie\/","og_locale":"fr_FR","og_type":"article","og_title":"Logiciel de gestion de l'\u00e9nergie - Leclanch\u00e9","og_description":"La suite logicielle EMS de Leclanch\u00e9 offre des outils de pointe facilitant la gestion des grands syst\u00e8mes de stockage d'\u00e9nergie sur batteries (BESS) connect\u00e9s au r\u00e9seau.","og_url":"https:\/\/www.leclanche.com\/fr\/nos-technologies\/logiciel-de-gestion-de-lenergie\/","og_site_name":"Leclanch\u00e9","twitter_card":"summary_large_image","twitter_misc":{"Dur\u00e9e de lecture estim\u00e9e":"2 minutes"},"schema":{"@context":"https:\/\/schema.org","@graph":[{"@type":"WebPage","@id":"https:\/\/www.leclanche.com\/fr\/nos-technologies\/logiciel-de-gestion-de-lenergie\/","url":"https:\/\/www.leclanche.com\/fr\/nos-technologies\/logiciel-de-gestion-de-lenergie\/","name":"Logiciel de gestion de l'\u00e9nergie - Leclanch\u00e9","isPartOf":{"@id":"https:\/\/www.leclanche.com\/fr\/#website"},"datePublished":"2020-11-16T14:03:20+00:00","description":"La suite logicielle EMS de Leclanch\u00e9 offre des outils de pointe facilitant la gestion des grands syst\u00e8mes de stockage d'\u00e9nergie sur batteries (BESS) connect\u00e9s au r\u00e9seau.","breadcrumb":{"@id":"https:\/\/www.leclanche.com\/fr\/nos-technologies\/logiciel-de-gestion-de-lenergie\/#breadcrumb"},"inLanguage":"fr-FR","potentialAction":[{"@type":"ReadAction","target":["https:\/\/www.leclanche.com\/fr\/nos-technologies\/logiciel-de-gestion-de-lenergie\/"]}]},{"@type":"BreadcrumbList","@id":"https:\/\/www.leclanche.com\/fr\/nos-technologies\/logiciel-de-gestion-de-lenergie\/#breadcrumb","itemListElement":[{"@type":"ListItem","position":1,"name":"Accueil","item":"https:\/\/www.leclanche.com\/fr\/"},{"@type":"ListItem","position":2,"name":"Nos technologies","item":"https:\/\/www.leclanche.com\/fr\/our-technologies\/"},{"@type":"ListItem","position":3,"name":"Logiciel de gestion de l&#8217;\u00e9nergie"}]},{"@type":"WebSite","@id":"https:\/\/www.leclanche.com\/fr\/#website","url":"https:\/\/www.leclanche.com\/fr\/","name":"Leclanch\u00e9","description":"Energy Storage Solutions","potentialAction":[{"@type":"SearchAction","target":{"@type":"EntryPoint","urlTemplate":"https:\/\/www.leclanche.com\/fr\/?s={search_term_string}"},"query-input":{"@type":"PropertyValueSpecification","valueRequired":true,"valueName":"search_term_string"}}],"inLanguage":"fr-FR"}]}},"_links":{"self":[{"href":"https:\/\/www.leclanche.com\/fr\/wp-json\/wp\/v2\/pages\/9998","targetHints":{"allow":["GET"]}}],"collection":[{"href":"https:\/\/www.leclanche.com\/fr\/wp-json\/wp\/v2\/pages"}],"about":[{"href":"https:\/\/www.leclanche.com\/fr\/wp-json\/wp\/v2\/types\/page"}],"author":[{"embeddable":true,"href":"https:\/\/www.leclanche.com\/fr\/wp-json\/wp\/v2\/users\/1"}],"replies":[{"embeddable":true,"href":"https:\/\/www.leclanche.com\/fr\/wp-json\/wp\/v2\/comments?post=9998"}],"version-history":[{"count":0,"href":"https:\/\/www.leclanche.com\/fr\/wp-json\/wp\/v2\/pages\/9998\/revisions"}],"up":[{"embeddable":true,"href":"https:\/\/www.leclanche.com\/fr\/wp-json\/wp\/v2\/pages\/9993"}],"wp:attachment":[{"href":"https:\/\/www.leclanche.com\/fr\/wp-json\/wp\/v2\/media?parent=9998"}],"curies":[{"name":"wp","href":"https:\/\/api.w.org\/{rel}","templated":true}]}}